{"id":28350,"date":"2021-04-21T10:55:59","date_gmt":"2021-04-21T10:55:59","guid":{"rendered":"https:\/\/fertilab.com\/perque-fertilab\/mision-vision-valores\/"},"modified":"2021-04-21T12:20:43","modified_gmt":"2021-04-21T12:20:43","slug":"missio-visio-i-valors","status":"publish","type":"page","link":"https:\/\/fertilab.com\/ca\/perque-fertilab\/missio-visio-i-valors\/","title":{"rendered":"Missi\u00f3, visi\u00f3 i valors"},"content":{"rendered":"<div class=\"wpb-content-wrapper\">[mk_page_section vertical_align=&#8221;center&#8221; bg_image=&#8221;https:\/\/fertilab.com\/wp-content\/uploads\/2021\/04\/top-mision_prov.jpg&#8221; bg_image_portrait=&#8221;https:\/\/fertilab.com\/wp-content\/uploads\/2021\/04\/top-mision_prov.jpg&#8221; bg_position=&#8221;right top&#8221; bg_repeat=&#8221;no-repeat&#8221; bg_stretch=&#8221;true&#8221; bg_gradient=&#8221;vertical&#8221; video_color_mask=&#8221;#145da8&#8243; gr_end=&#8221;rgba(20,93,168,0.25)&#8221; top_shadow=&#8221;true&#8221; min_height=&#8221;530&#8243; full_width=&#8221;true&#8221; padding_top=&#8221;0&#8243; padding_bottom=&#8221;0&#8243; sidebar=&#8221;sidebar-1&#8243;][vc_column][vc_row_inner is_fullwidth_content=&#8221;false&#8221;][vc_column_inner][vc_column_text align=&#8221;center&#8221; el_class=&#8221;lk-back&#8221; css=&#8221;.vc_custom_1619003935211{margin-bottom: 0px !important;}&#8221;]<a href=\"https:\/\/fertilab.com\/ca\/perque-fertilab\/\">Perqu\u00e8 fertilab<\/a>[\/vc_column_text][mk_fancy_title tag_name=&#8221;h1&#8243; color=&#8221;#ffffff&#8221; size=&#8221;42&#8243; force_font_size=&#8221;true&#8221; size_smallscreen=&#8221;38&#8243; size_tablet=&#8221;36&#8243; size_phone=&#8221;32&#8243; font_weight=&#8221;300&#8243; txt_transform=&#8221;none&#8221; margin_bottom=&#8221;0&#8243; font_family=&#8221;none&#8221; align=&#8221;center&#8221; el_class=&#8221;titleWidth&#8221;]Missi\u00f3, visi\u00f3 i valors[\/mk_fancy_title][\/vc_column_inner][\/vc_row_inner][\/vc_column][\/mk_page_section][mk_page_section vertical_align=&#8221;center&#8221; min_height=&#8221;&#8221; js_vertical_centered=&#8221;true&#8221; padding_top=&#8221;0&#8243; padding_bottom=&#8221;0&#8243; sidebar=&#8221;menu_1&#8243;][vc_column][vc_row_inner is_fullwidth_content=&#8221;false&#8221; css=&#8221;.vc_custom_1619000882645{padding-top: 30px !important;}&#8221;][vc_column_inner width=&#8221;1\/2&#8243;][vc_single_image image=&#8221;28288&#8243; img_size=&#8221;&#8221; alignment=&#8221;center&#8221; style=&#8221;vc_box_circle_2&#8243; css_animation=&#8221;fadeIn&#8221; css=&#8221;.vc_custom_1619002353510{padding-right: 7% !important;padding-left: 7% !important;}&#8221;][\/vc_column_inner][vc_column_inner width=&#8221;1\/2&#8243;][mk_divider style=&#8221;padding_space&#8221; margin_top=&#8221;50&#8243; margin_bottom=&#8221;50&#8243; visibility=&#8221;hidden-sm&#8221;][mk_fancy_title size=&#8221;30&#8243; font_weight=&#8221;300&#8243; font_style=&#8221;normal&#8221; txt_transform=&#8221;none&#8221; margin_bottom=&#8221;0&#8243; font_family=&#8221;none&#8221;]Missi\u00f3[\/mk_fancy_title][mk_fancy_title tag_name=&#8221;span&#8221; color=&#8221;#47bbea&#8221; size=&#8221;22&#8243; font_weight=&#8221;bold&#8221; font_style=&#8221;normal&#8221; txt_transform=&#8221;none&#8221; margin_bottom=&#8221;0&#8243; font_family=&#8221;Nunito&#8221; font_type=&#8221;google&#8221;]Oferim serveis m\u00e8dics de reproducci\u00f3 assistida basats en l&#8217;excel\u00b7l\u00e8ncia m\u00e8dica, la personalitzaci\u00f3 real dels tractaments i l&#8217;aplicaci\u00f3 de tecnologies d&#8217;\u00faltima generaci\u00f3 que ens ajuden a obtenir els millors resultats cl\u00ednics en el menor temps possible i a un preu raonable.[\/mk_fancy_title][mk_divider style=&#8221;padding_space&#8221; visibility=&#8221;visible-sm&#8221;][\/vc_column_inner][\/vc_row_inner][\/vc_column][\/mk_page_section][mk_page_section vertical_align=&#8221;center&#8221; bg_color=&#8221;#eff4fa&#8221; min_height=&#8221;&#8221; js_vertical_centered=&#8221;true&#8221; padding_top=&#8221;0&#8243; padding_bottom=&#8221;0&#8243; sidebar=&#8221;menu_1&#8243;][vc_column][vc_row_inner is_fullwidth_content=&#8221;false&#8221; css=&#8221;.vc_custom_1619001933359{padding-top: 30px !important;}&#8221;][vc_column_inner width=&#8221;1\/2&#8243;][vc_single_image image=&#8221;28314&#8243; img_size=&#8221;&#8221; alignment=&#8221;center&#8221; style=&#8221;vc_box_circle_2&#8243; css_animation=&#8221;fadeIn&#8221; css=&#8221;.vc_custom_1619002039965{padding-right: 7% !important;padding-left: 7% !important;}&#8221;][\/vc_column_inner][vc_column_inner width=&#8221;1\/2&#8243;][mk_divider style=&#8221;padding_space&#8221; margin_top=&#8221;50&#8243; margin_bottom=&#8221;50&#8243; visibility=&#8221;hidden-sm&#8221;][mk_fancy_title size=&#8221;30&#8243; font_weight=&#8221;300&#8243; font_style=&#8221;normal&#8221; txt_transform=&#8221;none&#8221; margin_bottom=&#8221;0&#8243; font_family=&#8221;none&#8221;]Visi\u00f3[\/mk_fancy_title][mk_fancy_title tag_name=&#8221;span&#8221; color=&#8221;#47bbea&#8221; size=&#8221;22&#8243; font_weight=&#8221;bold&#8221; font_style=&#8221;normal&#8221; txt_transform=&#8221;none&#8221; margin_bottom=&#8221;0&#8243; font_family=&#8221;Nunito&#8221; font_type=&#8221;google&#8221;]Volem ser una cl\u00ednica de refer\u00e8ncia internacional en qualitat assistencial i personalitzaci\u00f3 real en serveis de reproducci\u00f3 assistida amb el prop\u00f2sit d&#8217;aconseguir la millor taxa de recent nascut viu sa a casa.[\/mk_fancy_title][mk_divider style=&#8221;padding_space&#8221; visibility=&#8221;visible-sm&#8221;][\/vc_column_inner][\/vc_row_inner][\/vc_column][\/mk_page_section][mk_page_section vertical_align=&#8221;center&#8221; min_height=&#8221;&#8221; js_vertical_centered=&#8221;true&#8221; padding_top=&#8221;0&#8243; padding_bottom=&#8221;0&#8243; sidebar=&#8221;menu_1&#8243;][vc_column][vc_row_inner is_fullwidth_content=&#8221;false&#8221; css=&#8221;.vc_custom_1619000897030{padding-top: 30px !important;}&#8221;][vc_column_inner width=&#8221;1\/2&#8243;][vc_single_image image=&#8221;28336&#8243; img_size=&#8221;&#8221; alignment=&#8221;center&#8221; style=&#8221;vc_box_circle_2&#8243; css_animation=&#8221;fadeIn&#8221; css=&#8221;.vc_custom_1619002419121{padding-right: 7% !important;padding-left: 7% !important;}&#8221;][\/vc_column_inner][vc_column_inner width=&#8221;1\/2&#8243;][mk_fancy_title size=&#8221;30&#8243; font_weight=&#8221;300&#8243; font_style=&#8221;normal&#8221; txt_transform=&#8221;none&#8221; margin_bottom=&#8221;0&#8243; font_family=&#8221;none&#8221;]Valors[\/mk_fancy_title][mk_fancy_title tag_name=&#8221;span&#8221; color=&#8221;#47bbea&#8221; size=&#8221;22&#8243; font_weight=&#8221;bold&#8221; font_style=&#8221;normal&#8221; txt_transform=&#8221;none&#8221; margin_bottom=&#8221;0&#8243; font_family=&#8221;Nunito&#8221; font_type=&#8221;google&#8221;]Tractem als pacients com ens agradaria que ens tractessin a nosaltres.[\/mk_fancy_title][mk_custom_list style=&#8221;mk-icon-angle-right&#8221; icon_color=&#8221;#085fa8&#8243; align=&#8221;left&#8221;]\n<ul>\n<li>Il\u00b7lusi\u00f3 per la vida<\/li>\n<li>Comprom\u00eds<\/li>\n<li>Professionalitat<\/li>\n<li>Honestedat<\/li>\n<li>Humanitat<\/li>\n<li>Innovaci\u00f3<\/li>\n<li>Recerca<\/li>\n<li>Millora cont\u00ednua<\/li>\n<li>Flexibilitat<\/li>\n<\/ul>\n[\/mk_custom_list][mk_divider style=&#8221;padding_space&#8221; visibility=&#8221;visible-sm&#8221;][\/vc_column_inner][\/vc_row_inner][\/vc_column][\/mk_page_section][vc_row visibility=&#8221;visible-sm&#8221; el_class=&#8221;rowTelephone&#8221;][vc_column][vc_raw_html]JTNDZGl2JTIwaWQlM0QlMjJwaG9uZWJhckZpeGVkJTIyJTNFJTBBJTIwJTIwUGlkZSUyMGNpdGElMjBhbCUyMHRlbCVDMyVBOWZvbm8lMjBncmF0dWl0byUyMCUzQ2ElMjBocmVmJTNEJTIydGVsJTNBOTMyNDExNDE0JTIyJTNFOTMlMjAyNDElMjAxNCUyMDE0JTNDJTJGYSUzRSUwQSUzQyUyRmRpdiUzRQ==[\/vc_raw_html][\/vc_column][\/vc_row]\n<\/div>","protected":false},"excerpt":{"rendered":"<p>[mk_page_section vertical_align=&#8221;center&#8221; bg_image=&#8221;https:\/\/fertilab.com\/wp-content\/uploads\/2021\/04\/top-mision_prov.jpg&#8221; bg_image_portrait=&#8221;https:\/\/fertilab.com\/wp-content\/uploads\/2021\/04\/top-mision_prov.jpg&#8221; bg_position=&#8221;right top&#8221; bg_repeat=&#8221;no-repeat&#8221; bg_stretch=&#8221;true&#8221; bg_gradient=&#8221;vertical&#8221; video_color_mask=&#8221;#145da8&#8243; gr_end=&#8221;rgba(20,93,168,0.25)&#8221; top_shadow=&#8221;true&#8221; min_height=&#8221;530&#8243; full_width=&#8221;true&#8221; padding_top=&#8221;0&#8243; padding_bottom=&#8221;0&#8243; sidebar=&#8221;sidebar-1&#8243;][vc_column][vc_row_inner is_fullwidth_content=&#8221;false&#8221;][vc_column_inner][vc_column_text align=&#8221;center&#8221; el_class=&#8221;lk-back&#8221; css=&#8221;.vc_custom_1619003935211{margin-bottom: 0px !important;}&#8221;]Perqu\u00e8 fertilab[\/vc_column_text][mk_fancy_title tag_name=&#8221;h1&#8243; color=&#8221;#ffffff&#8221; size=&#8221;42&#8243; force_font_size=&#8221;true&#8221; size_smallscreen=&#8221;38&#8243; size_tablet=&#8221;36&#8243; size_phone=&#8221;32&#8243; font_weight=&#8221;300&#8243; txt_transform=&#8221;none&#8221; margin_bottom=&#8221;0&#8243; font_family=&#8221;none&#8221; align=&#8221;center&#8221; el_class=&#8221;titleWidth&#8221;]Missi\u00f3, visi\u00f3 i valors[\/mk_fancy_title][\/vc_column_inner][\/vc_row_inner][\/vc_column][\/mk_page_section][mk_page_section vertical_align=&#8221;center&#8221; min_height=&#8221;&#8221; js_vertical_centered=&#8221;true&#8221; padding_top=&#8221;0&#8243; padding_bottom=&#8221;0&#8243; sidebar=&#8221;menu_1&#8243;][vc_column][vc_row_inner is_fullwidth_content=&#8221;false&#8221; css=&#8221;.vc_custom_1619000882645{padding-top: 30px !important;}&#8221;][vc_column_inner width=&#8221;1\/2&#8243;][vc_single_image image=&#8221;28288&#8243; img_size=&#8221;&#8221; alignment=&#8221;center&#8221; style=&#8221;vc_box_circle_2&#8243; [&hellip;]<\/p>\n","protected":false},"author":1,"featured_media":0,"parent":3161,"menu_order":0,"comment_status":"closed","ping_status":"closed","template":"","meta":{"footnotes":""},"class_list":["post-28350","page","type-page","status-publish","hentry"],"yoast_head":"<!-- This site is optimized with the Yoast SEO plugin v27.4 - https:\/\/yoast.com\/product\/yoast-seo-wordpress\/ -->\n<title>Missi\u00f3, visi\u00f3 i valors - Fertilab Barcelona<\/title>\n<meta name=\"robots\" content=\"index, follow, max-snippet:-1, max-image-preview:large, max-video-preview:-1\" \/>\n<link rel=\"canonical\" href=\"https:\/\/fertilab.com\/ca\/perque-fertilab\/missio-visio-i-valors\/\" \/>\n<meta property=\"og:locale\" content=\"ca_ES\" \/>\n<meta property=\"og:type\" content=\"article\" \/>\n<meta property=\"og:title\" content=\"Missi\u00f3, visi\u00f3 i valors - Fertilab Barcelona\" \/>\n<meta property=\"og:description\" content=\"[mk_page_section vertical_align=&#8221;center&#8221; bg_image=&#8221;https:\/\/fertilab.com\/wp-content\/uploads\/2021\/04\/top-mision_prov.jpg&#8221; bg_image_portrait=&#8221;https:\/\/fertilab.com\/wp-content\/uploads\/2021\/04\/top-mision_prov.jpg&#8221; bg_position=&#8221;right top&#8221; bg_repeat=&#8221;no-repeat&#8221; bg_stretch=&#8221;true&#8221; bg_gradient=&#8221;vertical&#8221; video_color_mask=&#8221;#145da8&#8243; gr_end=&#8221;rgba(20,93,168,0.25)&#8221; top_shadow=&#8221;true&#8221; min_height=&#8221;530&#8243; full_width=&#8221;true&#8221; padding_top=&#8221;0&#8243; padding_bottom=&#8221;0&#8243; sidebar=&#8221;sidebar-1&#8243;][vc_column][vc_row_inner is_fullwidth_content=&#8221;false&#8221;][vc_column_inner][vc_column_text align=&#8221;center&#8221; el_class=&#8221;lk-back&#8221; css=&#8221;.vc_custom_1619003935211{margin-bottom: 0px !important;}&#8221;]Perqu\u00e8 fertilab[\/vc_column_text][mk_fancy_title tag_name=&#8221;h1&#8243; color=&#8221;#ffffff&#8221; size=&#8221;42&#8243; force_font_size=&#8221;true&#8221; size_smallscreen=&#8221;38&#8243; size_tablet=&#8221;36&#8243; size_phone=&#8221;32&#8243; font_weight=&#8221;300&#8243; txt_transform=&#8221;none&#8221; margin_bottom=&#8221;0&#8243; font_family=&#8221;none&#8221; align=&#8221;center&#8221; el_class=&#8221;titleWidth&#8221;]Missi\u00f3, visi\u00f3 i valors[\/mk_fancy_title][\/vc_column_inner][\/vc_row_inner][\/vc_column][\/mk_page_section][mk_page_section vertical_align=&#8221;center&#8221; min_height=&#8221;&#8221; js_vertical_centered=&#8221;true&#8221; padding_top=&#8221;0&#8243; padding_bottom=&#8221;0&#8243; sidebar=&#8221;menu_1&#8243;][vc_column][vc_row_inner is_fullwidth_content=&#8221;false&#8221; css=&#8221;.vc_custom_1619000882645{padding-top: 30px !important;}&#8221;][vc_column_inner width=&#8221;1\/2&#8243;][vc_single_image image=&#8221;28288&#8243; img_size=&#8221;&#8221; alignment=&#8221;center&#8221; style=&#8221;vc_box_circle_2&#8243; [&hellip;]\" \/>\n<meta property=\"og:url\" content=\"https:\/\/fertilab.com\/ca\/perque-fertilab\/missio-visio-i-valors\/\" \/>\n<meta property=\"og:site_name\" content=\"Fertilab Barcelona\" \/>\n<meta property=\"article:publisher\" content=\"https:\/\/www.facebook.com\/fertilabbarcelona\" \/>\n<meta property=\"article:modified_time\" content=\"2021-04-21T12:20:43+00:00\" \/>\n<meta name=\"twitter:card\" content=\"summary_large_image\" \/>\n<meta name=\"twitter:label1\" content=\"Temps estimat de lectura\" \/>\n\t<meta name=\"twitter:data1\" content=\"2 minuts\" \/>\n<script type=\"application\/ld+json\" class=\"yoast-schema-graph\">{\"@context\":\"https:\\\/\\\/schema.org\",\"@graph\":[{\"@type\":\"WebPage\",\"@id\":\"https:\\\/\\\/fertilab.com\\\/ca\\\/perque-fertilab\\\/missio-visio-i-valors\\\/\",\"url\":\"https:\\\/\\\/fertilab.com\\\/ca\\\/perque-fertilab\\\/missio-visio-i-valors\\\/\",\"name\":\"Missi\u00f3, visi\u00f3 i valors - Fertilab Barcelona\",\"isPartOf\":{\"@id\":\"https:\\\/\\\/fertilab.com\\\/#website\"},\"datePublished\":\"2021-04-21T10:55:59+00:00\",\"dateModified\":\"2021-04-21T12:20:43+00:00\",\"breadcrumb\":{\"@id\":\"https:\\\/\\\/fertilab.com\\\/ca\\\/perque-fertilab\\\/missio-visio-i-valors\\\/#breadcrumb\"},\"inLanguage\":\"ca\",\"potentialAction\":[{\"@type\":\"ReadAction\",\"target\":[\"https:\\\/\\\/fertilab.com\\\/ca\\\/perque-fertilab\\\/missio-visio-i-valors\\\/\"]}]},{\"@type\":\"BreadcrumbList\",\"@id\":\"https:\\\/\\\/fertilab.com\\\/ca\\\/perque-fertilab\\\/missio-visio-i-valors\\\/#breadcrumb\",\"itemListElement\":[{\"@type\":\"ListItem\",\"position\":1,\"name\":\"Home\",\"item\":\"https:\\\/\\\/fertilab.com\\\/ca\\\/\"},{\"@type\":\"ListItem\",\"position\":2,\"name\":\"Perqu\u00e8 Fertilab?\",\"item\":\"https:\\\/\\\/fertilab.com\\\/ca\\\/perque-fertilab\\\/\"},{\"@type\":\"ListItem\",\"position\":3,\"name\":\"Missi\u00f3, visi\u00f3 i valors\"}]},{\"@type\":\"WebSite\",\"@id\":\"https:\\\/\\\/fertilab.com\\\/#website\",\"url\":\"https:\\\/\\\/fertilab.com\\\/\",\"name\":\"Fertilab Barcelona\",\"description\":\"Trabajamos para que pod\u00e1is sentir la emoci\u00f3n de ser padres\",\"publisher\":{\"@id\":\"https:\\\/\\\/fertilab.com\\\/#organization\"},\"potentialAction\":[{\"@type\":\"SearchAction\",\"target\":{\"@type\":\"EntryPoint\",\"urlTemplate\":\"https:\\\/\\\/fertilab.com\\\/?s={search_term_string}\"},\"query-input\":{\"@type\":\"PropertyValueSpecification\",\"valueRequired\":true,\"valueName\":\"search_term_string\"}}],\"inLanguage\":\"ca\"},{\"@type\":\"Organization\",\"@id\":\"https:\\\/\\\/fertilab.com\\\/#organization\",\"name\":\"Fertilab Barcelona\",\"url\":\"https:\\\/\\\/fertilab.com\\\/\",\"logo\":{\"@type\":\"ImageObject\",\"inLanguage\":\"ca\",\"@id\":\"https:\\\/\\\/fertilab.com\\\/#\\\/schema\\\/logo\\\/image\\\/\",\"url\":\"https:\\\/\\\/fertilab.com\\\/wp-content\\\/uploads\\\/2023\\\/10\\\/cropped-fertilab-logo-fav.png\",\"contentUrl\":\"https:\\\/\\\/fertilab.com\\\/wp-content\\\/uploads\\\/2023\\\/10\\\/cropped-fertilab-logo-fav.png\",\"width\":512,\"height\":512,\"caption\":\"Fertilab Barcelona\"},\"image\":{\"@id\":\"https:\\\/\\\/fertilab.com\\\/#\\\/schema\\\/logo\\\/image\\\/\"},\"sameAs\":[\"https:\\\/\\\/www.facebook.com\\\/fertilabbarcelona\",\"https:\\\/\\\/www.youtube.com\\\/user\\\/FertilabTV\"]}]}<\/script>\n<!-- \/ Yoast SEO plugin. -->","yoast_head_json":{"title":"Missi\u00f3, visi\u00f3 i valors - Fertilab Barcelona","robots":{"index":"index","follow":"follow","max-snippet":"max-snippet:-1","max-image-preview":"max-image-preview:large","max-video-preview":"max-video-preview:-1"},"canonical":"https:\/\/fertilab.com\/ca\/perque-fertilab\/missio-visio-i-valors\/","og_locale":"ca_ES","og_type":"article","og_title":"Missi\u00f3, visi\u00f3 i valors - Fertilab Barcelona","og_description":"[mk_page_section vertical_align=&#8221;center&#8221; bg_image=&#8221;https:\/\/fertilab.com\/wp-content\/uploads\/2021\/04\/top-mision_prov.jpg&#8221; bg_image_portrait=&#8221;https:\/\/fertilab.com\/wp-content\/uploads\/2021\/04\/top-mision_prov.jpg&#8221; bg_position=&#8221;right top&#8221; bg_repeat=&#8221;no-repeat&#8221; bg_stretch=&#8221;true&#8221; bg_gradient=&#8221;vertical&#8221; video_color_mask=&#8221;#145da8&#8243; gr_end=&#8221;rgba(20,93,168,0.25)&#8221; top_shadow=&#8221;true&#8221; min_height=&#8221;530&#8243; full_width=&#8221;true&#8221; padding_top=&#8221;0&#8243; padding_bottom=&#8221;0&#8243; sidebar=&#8221;sidebar-1&#8243;][vc_column][vc_row_inner is_fullwidth_content=&#8221;false&#8221;][vc_column_inner][vc_column_text align=&#8221;center&#8221; el_class=&#8221;lk-back&#8221; css=&#8221;.vc_custom_1619003935211{margin-bottom: 0px !important;}&#8221;]Perqu\u00e8 fertilab[\/vc_column_text][mk_fancy_title tag_name=&#8221;h1&#8243; color=&#8221;#ffffff&#8221; size=&#8221;42&#8243; force_font_size=&#8221;true&#8221; size_smallscreen=&#8221;38&#8243; size_tablet=&#8221;36&#8243; size_phone=&#8221;32&#8243; font_weight=&#8221;300&#8243; txt_transform=&#8221;none&#8221; margin_bottom=&#8221;0&#8243; font_family=&#8221;none&#8221; align=&#8221;center&#8221; el_class=&#8221;titleWidth&#8221;]Missi\u00f3, visi\u00f3 i valors[\/mk_fancy_title][\/vc_column_inner][\/vc_row_inner][\/vc_column][\/mk_page_section][mk_page_section vertical_align=&#8221;center&#8221; min_height=&#8221;&#8221; js_vertical_centered=&#8221;true&#8221; padding_top=&#8221;0&#8243; padding_bottom=&#8221;0&#8243; sidebar=&#8221;menu_1&#8243;][vc_column][vc_row_inner is_fullwidth_content=&#8221;false&#8221; css=&#8221;.vc_custom_1619000882645{padding-top: 30px !important;}&#8221;][vc_column_inner width=&#8221;1\/2&#8243;][vc_single_image image=&#8221;28288&#8243; img_size=&#8221;&#8221; alignment=&#8221;center&#8221; style=&#8221;vc_box_circle_2&#8243; [&hellip;]","og_url":"https:\/\/fertilab.com\/ca\/perque-fertilab\/missio-visio-i-valors\/","og_site_name":"Fertilab Barcelona","article_publisher":"https:\/\/www.facebook.com\/fertilabbarcelona","article_modified_time":"2021-04-21T12:20:43+00:00","twitter_card":"summary_large_image","twitter_misc":{"Temps estimat de lectura":"2 minuts"},"schema":{"@context":"https:\/\/schema.org","@graph":[{"@type":"WebPage","@id":"https:\/\/fertilab.com\/ca\/perque-fertilab\/missio-visio-i-valors\/","url":"https:\/\/fertilab.com\/ca\/perque-fertilab\/missio-visio-i-valors\/","name":"Missi\u00f3, visi\u00f3 i valors - Fertilab Barcelona","isPartOf":{"@id":"https:\/\/fertilab.com\/#website"},"datePublished":"2021-04-21T10:55:59+00:00","dateModified":"2021-04-21T12:20:43+00:00","breadcrumb":{"@id":"https:\/\/fertilab.com\/ca\/perque-fertilab\/missio-visio-i-valors\/#breadcrumb"},"inLanguage":"ca","potentialAction":[{"@type":"ReadAction","target":["https:\/\/fertilab.com\/ca\/perque-fertilab\/missio-visio-i-valors\/"]}]},{"@type":"BreadcrumbList","@id":"https:\/\/fertilab.com\/ca\/perque-fertilab\/missio-visio-i-valors\/#breadcrumb","itemListElement":[{"@type":"ListItem","position":1,"name":"Home","item":"https:\/\/fertilab.com\/ca\/"},{"@type":"ListItem","position":2,"name":"Perqu\u00e8 Fertilab?","item":"https:\/\/fertilab.com\/ca\/perque-fertilab\/"},{"@type":"ListItem","position":3,"name":"Missi\u00f3, visi\u00f3 i valors"}]},{"@type":"WebSite","@id":"https:\/\/fertilab.com\/#website","url":"https:\/\/fertilab.com\/","name":"Fertilab Barcelona","description":"Trabajamos para que pod\u00e1is sentir la emoci\u00f3n de ser padres","publisher":{"@id":"https:\/\/fertilab.com\/#organization"},"potentialAction":[{"@type":"SearchAction","target":{"@type":"EntryPoint","urlTemplate":"https:\/\/fertilab.com\/?s={search_term_string}"},"query-input":{"@type":"PropertyValueSpecification","valueRequired":true,"valueName":"search_term_string"}}],"inLanguage":"ca"},{"@type":"Organization","@id":"https:\/\/fertilab.com\/#organization","name":"Fertilab Barcelona","url":"https:\/\/fertilab.com\/","logo":{"@type":"ImageObject","inLanguage":"ca","@id":"https:\/\/fertilab.com\/#\/schema\/logo\/image\/","url":"https:\/\/fertilab.com\/wp-content\/uploads\/2023\/10\/cropped-fertilab-logo-fav.png","contentUrl":"https:\/\/fertilab.com\/wp-content\/uploads\/2023\/10\/cropped-fertilab-logo-fav.png","width":512,"height":512,"caption":"Fertilab Barcelona"},"image":{"@id":"https:\/\/fertilab.com\/#\/schema\/logo\/image\/"},"sameAs":["https:\/\/www.facebook.com\/fertilabbarcelona","https:\/\/www.youtube.com\/user\/FertilabTV"]}]}},"_links":{"self":[{"href":"https:\/\/fertilab.com\/ca\/wp-json\/wp\/v2\/pages\/28350","targetHints":{"allow":["GET"]}}],"collection":[{"href":"https:\/\/fertilab.com\/ca\/wp-json\/wp\/v2\/pages"}],"about":[{"href":"https:\/\/fertilab.com\/ca\/wp-json\/wp\/v2\/types\/page"}],"author":[{"embeddable":true,"href":"https:\/\/fertilab.com\/ca\/wp-json\/wp\/v2\/users\/1"}],"replies":[{"embeddable":true,"href":"https:\/\/fertilab.com\/ca\/wp-json\/wp\/v2\/comments?post=28350"}],"version-history":[{"count":0,"href":"https:\/\/fertilab.com\/ca\/wp-json\/wp\/v2\/pages\/28350\/revisions"}],"up":[{"embeddable":true,"href":"https:\/\/fertilab.com\/ca\/wp-json\/wp\/v2\/pages\/3161"}],"wp:attachment":[{"href":"https:\/\/fertilab.com\/ca\/wp-json\/wp\/v2\/media?parent=28350"}],"curies":[{"name":"wp","href":"https:\/\/api.w.org\/{rel}","templated":true}]}}