{"id":3148,"date":"2018-06-28T15:57:08","date_gmt":"2018-06-28T15:57:08","guid":{"rendered":"https:\/\/fertilab.com\/diagnostico-genetico-preimplantacional\/"},"modified":"2019-04-24T08:25:30","modified_gmt":"2019-04-24T08:25:30","slug":"diagnostic-genetic-preimplantacional-dgp","status":"publish","type":"page","link":"https:\/\/fertilab.com\/ca\/diagnostic-genetic-preimplantacional-dgp\/","title":{"rendered":"Diagn\u00f2stic gen\u00e8tic preimplantacional (DGP)"},"content":{"rendered":"<div class=\"wpb-content-wrapper\">[mk_page_section vertical_align=&#8221;center&#8221; bg_image=&#8221;https:\/\/fertilab.com\/wp-content\/uploads\/2018\/06\/et-2.jpg&#8221; bg_position=&#8221;center center&#8221; bg_repeat=&#8221;no-repeat&#8221; bg_stretch=&#8221;true&#8221; bg_gradient=&#8221;vertical&#8221; video_color_mask=&#8221;#145da8&#8243; gr_end=&#8221;rgba(20,93,168,0.25)&#8221; top_shadow=&#8221;true&#8221; min_height=&#8221;530&#8243; full_width=&#8221;true&#8221; padding_top=&#8221;0&#8243; padding_bottom=&#8221;0&#8243; sidebar=&#8221;sidebar-1&#8243;][vc_column][vc_row_inner is_fullwidth_content=&#8221;false&#8221;][vc_column_inner][mk_fancy_title tag_name=&#8221;h1&#8243; color=&#8221;#ffffff&#8221; size=&#8221;42&#8243; force_font_size=&#8221;true&#8221; size_smallscreen=&#8221;38&#8243; size_tablet=&#8221;36&#8243; size_phone=&#8221;32&#8243; font_weight=&#8221;300&#8243; txt_transform=&#8221;none&#8221; margin_bottom=&#8221;0&#8243; font_family=&#8221;none&#8221; align=&#8221;center&#8221; el_class=&#8221;titleWidth&#8221;]Diagn\u00f2stic gen\u00e8tic preimplantacional (DGP)[\/mk_fancy_title][mk_fancy_title tag_name=&#8221;span&#8221; color=&#8221;#ffffff&#8221; size=&#8221;18&#8243; font_weight=&#8221;400&#8243; txt_transform=&#8221;none&#8221; margin_bottom=&#8221;0&#8243; font_family=&#8221;none&#8221; align=&#8221;center&#8221; el_class=&#8221;titleWidth&#8221;]Determinar l&#8217;an\u00e0lisi gen\u00e8tica de l&#8217;embri\u00f3 ens permet assegurar el seu futur[\/mk_fancy_title][\/vc_column_inner][\/vc_row_inner][\/vc_column][\/mk_page_section][vc_row][vc_column][\/vc_column][\/vc_row][mk_page_section bg_color=&#8221;#ffffff&#8221; padding_top=&#8221;80&#8243; padding_bottom=&#8221;80&#8243; sidebar=&#8221;sidebar-1&#8243;][vc_column][vc_row_inner css=&#8221;.vc_custom_1529330850334{padding-bottom: 50px !important;}&#8221;][vc_column_inner width=&#8221;1\/2&#8243;][mk_image src=&#8221;https:\/\/fertilab.com\/wp-content\/uploads\/2018\/07\/ilu_embryoscope.png&#8221; image_size=&#8221;full&#8221; align=&#8221;center&#8221;][\/vc_column_inner][vc_column_inner width=&#8221;1\/2&#8243;][mk_fancy_title color=&#8221;#4a76c9&#8243; size=&#8221;21&#8243; font_weight=&#8221;bold&#8221; font_style=&#8221;normal&#8221; txt_transform=&#8221;uppercase&#8221; margin_top=&#8221;62&#8243; margin_bottom=&#8221;22&#8243; font_family=&#8221;none&#8221;]Diagn\u00f2stic Gen\u00e8tic Preimplantacional[\/mk_fancy_title][mk_fancy_title color=&#8221;#4a76c9&#8243; size=&#8221;21&#8243; font_weight=&#8221;300&#8243; font_style=&#8221;italic&#8221; margin_bottom=&#8221;0&#8243; font_family=&#8221;none&#8221;]Qu\u00e8 \u00e9s el DGP?[\/mk_fancy_title][vc_column_text css=&#8221;.vc_custom_1542186030113{margin-bottom: 0px !important;}&#8221;]Diagn\u00f2stic gen\u00e8tic preimplantacional (DGP) \u00e9s un diagn\u00f2stic que s&#8217;utilitza com a complement a la Fecundaci\u00f3 in vitro, que permet analitzar gen\u00e8ticament els embrions catalogats (sense alteracions gen\u00e8tiques) com a aptes en la fase pr\u00e8via de desenvolupament i transfer\u00e8ncia dels embrions a l&#8217;\u00fater. L&#8217;objectiu \u00e9s garantir una descend\u00e8ncia saludable i acabar amb la transmissi\u00f3 d&#8217;una determinada patologia, anomalia cromos\u00f2mica o mutaci\u00f3 gen\u00e8tica.<\/p>\n<p>El DGP requereix un estudi exhaustiu per part del nostre equip de metges, bi\u00f2legs i genetistes, aix\u00ed com l&#8217;establiment d&#8217;una estrat\u00e8gia de diagn\u00f2stic i terap\u00e8utica individualitzada. A continuaci\u00f3, la parella ha d&#8217;experimentar un tractament de fecundaci\u00f3 in vitro per poder cr\u00e9ixer els embrions fins a l&#8217;etapa de blastocist, que \u00e9s quan realitzarem la bi\u00f2psia embrion\u00e0ria.[\/vc_column_text][mk_fancy_title color=&#8221;#4a76c9&#8243; size=&#8221;21&#8243; font_weight=&#8221;300&#8243; font_style=&#8221;italic&#8221; margin_bottom=&#8221;0&#8243; font_family=&#8221;none&#8221;]Bi\u00f2psia embrion\u00e0ria:[\/mk_fancy_title][vc_column_text css=&#8221;.vc_custom_1542186050184{margin-bottom: 0px !important;}&#8221;]S&#8217;extreu una c\u00e8l\u00b7lula de cada embri\u00f3 per estudiar els seus cromosomes. Els embrions diagnosticats com sans (sense alteracions cromos\u00f2miques) es poden transferir a l&#8217;\u00fater per obtenir una gestaci\u00f3 evolutiva i normal.[\/vc_column_text][mk_fancy_title color=&#8221;#4a76c9&#8243; size=&#8221;21&#8243; font_weight=&#8221;300&#8243; font_style=&#8221;italic&#8221; margin_bottom=&#8221;0&#8243; font_family=&#8221;none&#8221;]DGP permet assegurar una descend\u00e8ncia saludable[\/mk_fancy_title][vc_column_text css=&#8221;.vc_custom_1542186076406{margin-bottom: 0px !important;}&#8221;]Cada dia hi ha m\u00e9s malalties heredit\u00e0ries de les quals coneixem l&#8217;alteraci\u00f3 cromos\u00f2mica que els origina. Aquestes alteracions ja es poden detectar a l&#8217;embri\u00f3. A la llista d&#8217;indicacions de malalties subsidi\u00e0ries del diagn\u00f2stic gen\u00e8tic preimplantacional es reflecteixen totes les malalties que podem diagnosticar. Si esteu interessats a obtenir informaci\u00f3 sobre una malaltia que no apareix a la llista seg\u00fcent, contacteu amb nosaltres. Els nostres genetistes estan constantment innovant i investigant.<\/p>\n<p>El DPG s&#8217;indica quan el diagn\u00f2stic gen\u00e8tic \u00e9s t\u00e8cnicament possible, la seva fiabilitat \u00e9s alta, les possibilitats d&#8217;\u00e8xit s\u00f3n acceptables i les t\u00e8cniques de reproducci\u00f3 assistida s\u00f3n factibles.[\/vc_column_text][mk_fancy_title color=&#8221;#4a76c9&#8243; size=&#8221;21&#8243; font_weight=&#8221;300&#8243; font_style=&#8221;italic&#8221; margin_bottom=&#8221;0&#8243; font_family=&#8221;none&#8221;]Indicacions de malalties subsidi\u00e0ries del DGP[\/mk_fancy_title][vc_column_text css=&#8221;.vc_custom_1542186149718{margin-bottom: 0px !important;}&#8221;]\u00c9s possible realitzar un DGP per qualsevol malaltia gen\u00e8tica en qu\u00e8 s&#8217;hagi caracteritzat el gen, independentment del seu patr\u00f3 d&#8217;her\u00e8ncia autos\u00f2mic dominant, autos\u00f2mic recessiu o X. Idealment, \u00e9s convenient que s&#8217;hagi identificat la mutaci\u00f3 responsable i que tamb\u00e9 s&#8217;hagin estudiat els familiars de la parella.<\/p>\n<p>Fins ara, s&#8217;ha aplicat DGP per a l&#8217;an\u00e0lisi de m\u00e9s de 160 malalties monog\u00e8niques diferents. El DGP nom\u00e9s s&#8217;indica quan el diagn\u00f2stic gen\u00e8tic \u00e9s t\u00e8cnicament possible, la seva fiabilitat \u00e9s alta, les possibilitats d&#8217;\u00e8xit s\u00f3n acceptables i les t\u00e8cniques de reproducci\u00f3 assistida s\u00f3n factibles.<\/p>\n<p>Les parelles indicades per a la realitzaci\u00f3 d&#8217;un DGP s\u00f3n aquelles amb un alt risc gen\u00e8tic de patir malalties monog\u00e8niques i anomalies cromos\u00f2miques estructurals o num\u00e8riques. Tamb\u00e9 s&#8217;indica per a parelles procedents de programes de fecundaci\u00f3 in vitro en qu\u00e8 es detecta l&#8217;exist\u00e8ncia d&#8217;avortaments de repetici\u00f3 i fallides repetides en la implantaci\u00f3. Tamb\u00e9 es pot indicar quan l&#8217;edat de la dona t\u00e9 m\u00e9s de 37 anys i quan l&#8217;estudi de la meiosi de l&#8217;home revela alteracions.<\/p>\n<p>Consulta la llista de malalties monog\u00e8niques detectades pel DPG.[\/vc_column_text][mk_fancy_title color=&#8221;#4a76c9&#8243; size=&#8221;21&#8243; font_weight=&#8221;300&#8243; font_style=&#8221;italic&#8221; margin_bottom=&#8221;0&#8243; font_family=&#8221;none&#8221;]Indicacions especials de DGP[\/mk_fancy_title][vc_column_text css=&#8221;.vc_custom_1542186447361{margin-bottom: 0px !important;}&#8221;]<span class=\"destacado\">Predisposici\u00f3 a certes malalties<\/span><\/p>\n<p>Hi ha mutacions en certs gens que predisposen a l&#8217;aparici\u00f3 de malalties en el curs de la vida. Quan es confirma aquest comportament hereditari, la possibilitat de realitzar un DGP evitar\u00e0 l&#8217;aparici\u00f3 de la malaltia en la descend\u00e8ncia.<\/p>\n<p>Un exemple d&#8217;aquestes malalties que es poden evitar s\u00f3n la poliposi adenomatosa familiar, la neurofibromatosi i el c\u00e0ncer de mama d&#8217;origen gen\u00e8tic. En aquests casos, dur a terme un DGP requereix l&#8217;autoritzaci\u00f3 expressa de l&#8217;autoritat sanit\u00e0ria, amb un informe favorable de la Comissi\u00f3 Nacional de Reproducci\u00f3 Humana Assistida.<\/p>\n<p><span class=\"destacado\">Preimplantaci\u00f3 Diagn\u00f2stic gen\u00e8tic i histocompatibilitat (HLA)<\/span><\/p>\n<p>La legislaci\u00f3 vigent sobre t\u00e8cniques de reproducci\u00f3 assistida inclou la possibilitat de realitzar un cicle de DGP per a la determinaci\u00f3 d&#8217;ant\u00edgens d&#8217;histocompatibilitat (antigen de leuc\u00f2cits HLA-humans) amb finalitats terap\u00e8utiques per a tercers.<\/p>\n<p>Aquesta soluci\u00f3 s&#8217;aplica quan un familiar de primer grau, generalment un nen, pateix d&#8217;una malaltia de hematopoesis que requereix un trasplantament de medul\u00b7la \u00f2ssia o de cord\u00f3 umbilical. En aquests casos, per dur a terme el DGP es requereix l&#8217;autoritzaci\u00f3 expressa de l&#8217;autoritat sanit\u00e0ria, amb un informe previ favorable de la Comissi\u00f3 Nacional de Reproducci\u00f3 Humana Assistida.[\/vc_column_text][\/vc_column_inner][\/vc_row_inner][\/vc_column][\/mk_page_section][mk_page_section vertical_align=&#8221;center&#8221; bg_image=&#8221;https:\/\/fertilab.com\/wp-content\/uploads\/2018\/06\/img_imagenembryo_backgroundblur.jpg&#8221; bg_position=&#8221;center center&#8221; bg_repeat=&#8221;no-repeat&#8221; bg_stretch=&#8221;true&#8221; top_shadow=&#8221;true&#8221; adaptive_height=&#8221;true&#8221; min_height=&#8221;600&#8243; padding_top=&#8221;0&#8243; padding_bottom=&#8221;0&#8243; el_class=&#8221;barcelona video&#8221; sidebar=&#8221;sidebar-1&#8243;][vc_column][vc_row_inner][vc_column_inner][mk_fancy_title color=&#8221;#ffffff&#8221; size=&#8221;21&#8243; font_weight=&#8221;300&#8243; font_style=&#8221;italic&#8221; margin_top=&#8221;40&#8243; margin_bottom=&#8221;40&#8243; font_family=&#8221;none&#8221; align=&#8221;center&#8221;]Cada pacient pot veure l\u2019evoluci\u00f3 dels seus propis embrions en un v\u00eddeo time-lapse.[\/mk_fancy_title][vc_raw_html]JTVCcnl2LXBvcHVwJTIwdmlkZW8lM0QlMjJodHRwcyUzQSUyRiUyRnd3dy55b3V0dWJlLmNvbSUyRmVtYmVkJTJGZVIxQ05kMnVDc00lM0ZhdXRvcGxheSUzRDElMjIlNUQlMEElM0NkaXYlMjBjbGFzcyUzRCUyMndwYl9zaW5nbGVfaW1hZ2UlMjB3cGJfY29udGVudF9lbGVtZW50JTIwdmNfYWxpZ25fY2VudGVyJTIyJTNFJTBBJTA5JTA5JTBBJTA5JTA5JTNDZmlndXJlJTIwY2xhc3MlM0QlMjJ3cGJfd3JhcHBlciUyMHZjX2ZpZ3VyZSUyMiUzRSUwQSUwOSUwOSUwOSUzQ2RpdiUyMGNsYXNzJTNEJTIydmNfc2luZ2xlX2ltYWdlLXdyYXBwZXIlMjAlMjAlMjB2Y19ib3hfYm9yZGVyX2dyZXklMjIlM0UlM0NpbWclMjBzcmMlM0QlMjJodHRwJTNBJTJGJTJGZmVydGlsYWIuY29tJTJGd3AtY29udGVudCUyRnVwbG9hZHMlMkYyMDE4JTJGMDYlMkZ2aWRlby5wbmclMjIlMjBjbGFzcyUzRCUyMnZjX3NpbmdsZV9pbWFnZS1pbWclMjBhdHRhY2htZW50LWZ1bGwlMjByeXYtcG9wdXAlMjIlMjBhbHQlM0QlMjIlMjIlMjBzcmNzZXQlM0QlMjJodHRwJTNBJTJGJTJGZmVydGlsYWIuY29tJTJGd3AtY29udGVudCUyRnVwbG9hZHMlMkYyMDE4JTJGMDYlMkZ2aWRlby5wbmclMjA2MjJ3JTJDJTIwaHR0cCUzQSUyRiUyRmZlcnRpbGFiLmNvbSUyRndwLWNvbnRlbnQlMkZ1cGxvYWRzJTJGMjAxOCUyRjA2JTJGdmlkZW8tMzAweDIwMC5wbmclMjAzMDB3JTIyJTIwc2l6ZXMlM0QlMjIlMjhtYXgtd2lkdGglM0ElMjA2MjJweCUyOSUyMDEwMHZ3JTJDJTIwNjIycHglMjIlMjBpdGVtcHJvcCUzRCUyMmltYWdlJTIyJTIwd2lkdGglM0QlMjI2MjIlMjIlMjBoZWlnaHQlM0QlMjI0MTQlMjIlM0UlM0MlMkZkaXYlM0UlMEElMDklMDklM0MlMkZmaWd1cmUlM0UlMEElMDklM0MlMkZkaXYlM0U=[\/vc_raw_html][\/vc_column_inner][\/vc_row_inner][\/vc_column][\/mk_page_section][mk_page_section bg_position=&#8221;center center&#8221; bg_repeat=&#8221;no-repeat&#8221; bg_stretch=&#8221;true&#8221; min_height=&#8221;0&#8243; full_width=&#8221;true&#8221; padding_top=&#8221;65&#8243; padding_bottom=&#8221;65&#8243; el_class=&#8221;contact-bottom responsive-contact&#8221; sidebar=&#8221;sidebar-1&#8243;][vc_column][mk_fancy_title color=&#8221;#7d7d7e&#8221; size=&#8221;28&#8243; force_font_size=&#8221;true&#8221; size_smallscreen=&#8221;38&#8243; size_tablet=&#8221;36&#8243; size_phone=&#8221;32&#8243; font_weight=&#8221;300&#8243; margin_bottom=&#8221;40&#8243; font_family=&#8221;none&#8221; align=&#8221;center&#8221;]T\u2019interessa aquest tractament?[\/mk_fancy_title][vc_column_text align=&#8221;center&#8221; el_class=&#8221;btnContact&#8221; css=&#8221;.vc_custom_1542186255068{margin-bottom: 0px !important;}&#8221;]<a href=\"https:\/\/fertilab.com\/en\/contact\/\">POSA\u2019T EN CONTACTE<\/a>[\/vc_column_text][\/vc_column][\/mk_page_section][vc_row visibility=&#8221;visible-sm&#8221; el_class=&#8221;rowTelephone&#8221;][vc_column][vc_raw_html]JTNDZGl2JTIwaWQlM0QlMjJwaG9uZWJhckZpeGVkJTIyJTNFJTBBJTIwJTIwRGVtYW5hJTIwY2l0YSUyMGFsJTIwdGVsJUMzJUE4Zm9uJTIwZ3JhdHUlQzMlQUZ0JTIwJTNDYSUyMGhyZWYlM0QlMjJ0ZWwlM0E5MzI0MTE0MTQlMjIlM0U5MyUyMDI0MSUyMDE0JTIwMTQlM0MlMkZhJTNFJTBBJTNDJTJGZGl2JTNF[\/vc_raw_html][\/vc_column][\/vc_row]\n<\/div>","protected":false},"excerpt":{"rendered":"<p>[mk_page_section vertical_align=&#8221;center&#8221; bg_image=&#8221;https:\/\/fertilab.com\/wp-content\/uploads\/2018\/06\/et-2.jpg&#8221; bg_position=&#8221;center center&#8221; bg_repeat=&#8221;no-repeat&#8221; bg_stretch=&#8221;true&#8221; bg_gradient=&#8221;vertical&#8221; video_color_mask=&#8221;#145da8&#8243; gr_end=&#8221;rgba(20,93,168,0.25)&#8221; top_shadow=&#8221;true&#8221; min_height=&#8221;530&#8243; full_width=&#8221;true&#8221; padding_top=&#8221;0&#8243; padding_bottom=&#8221;0&#8243; sidebar=&#8221;sidebar-1&#8243;][vc_column][vc_row_inner is_fullwidth_content=&#8221;false&#8221;][vc_column_inner][mk_fancy_title tag_name=&#8221;h1&#8243; color=&#8221;#ffffff&#8221; size=&#8221;42&#8243; force_font_size=&#8221;true&#8221; size_smallscreen=&#8221;38&#8243; size_tablet=&#8221;36&#8243; size_phone=&#8221;32&#8243; font_weight=&#8221;300&#8243; txt_transform=&#8221;none&#8221; margin_bottom=&#8221;0&#8243; font_family=&#8221;none&#8221; align=&#8221;center&#8221; el_class=&#8221;titleWidth&#8221;]Diagn\u00f2stic gen\u00e8tic preimplantacional (DGP)[\/mk_fancy_title][mk_fancy_title tag_name=&#8221;span&#8221; color=&#8221;#ffffff&#8221; size=&#8221;18&#8243; font_weight=&#8221;400&#8243; txt_transform=&#8221;none&#8221; margin_bottom=&#8221;0&#8243; font_family=&#8221;none&#8221; align=&#8221;center&#8221; el_class=&#8221;titleWidth&#8221;]Determinar l&#8217;an\u00e0lisi gen\u00e8tica de l&#8217;embri\u00f3 ens permet assegurar el seu futur[\/mk_fancy_title][\/vc_column_inner][\/vc_row_inner][\/vc_column][\/mk_page_section][vc_row][vc_column][\/vc_column][\/vc_row][mk_page_section bg_color=&#8221;#ffffff&#8221; padding_top=&#8221;80&#8243; padding_bottom=&#8221;80&#8243; [&hellip;]<\/p>\n","protected":false},"author":1,"featured_media":0,"parent":0,"menu_order":0,"comment_status":"closed","ping_status":"closed","template":"","meta":{"footnotes":""},"class_list":["post-3148","page","type-page","status-publish","hentry"],"yoast_head":"<!-- This site is optimized with the Yoast SEO plugin v27.4 - https:\/\/yoast.com\/product\/yoast-seo-wordpress\/ -->\n<title>Diagn\u00f2stic gen\u00e8tic preimplantacional (DGP) - Fertilab Barcelona<\/title>\n<meta name=\"robots\" content=\"index, follow, max-snippet:-1, max-image-preview:large, max-video-preview:-1\" \/>\n<link rel=\"canonical\" href=\"https:\/\/fertilab.com\/ca\/diagnostic-genetic-preimplantacional-dgp\/\" \/>\n<meta property=\"og:locale\" content=\"ca_ES\" \/>\n<meta property=\"og:type\" content=\"article\" \/>\n<meta property=\"og:title\" content=\"Diagn\u00f2stic gen\u00e8tic preimplantacional (DGP) - Fertilab Barcelona\" \/>\n<meta property=\"og:description\" content=\"[mk_page_section vertical_align=&#8221;center&#8221; bg_image=&#8221;https:\/\/fertilab.com\/wp-content\/uploads\/2018\/06\/et-2.jpg&#8221; bg_position=&#8221;center center&#8221; bg_repeat=&#8221;no-repeat&#8221; bg_stretch=&#8221;true&#8221; bg_gradient=&#8221;vertical&#8221; video_color_mask=&#8221;#145da8&#8243; gr_end=&#8221;rgba(20,93,168,0.25)&#8221; top_shadow=&#8221;true&#8221; min_height=&#8221;530&#8243; full_width=&#8221;true&#8221; padding_top=&#8221;0&#8243; padding_bottom=&#8221;0&#8243; sidebar=&#8221;sidebar-1&#8243;][vc_column][vc_row_inner is_fullwidth_content=&#8221;false&#8221;][vc_column_inner][mk_fancy_title tag_name=&#8221;h1&#8243; color=&#8221;#ffffff&#8221; size=&#8221;42&#8243; force_font_size=&#8221;true&#8221; size_smallscreen=&#8221;38&#8243; size_tablet=&#8221;36&#8243; size_phone=&#8221;32&#8243; font_weight=&#8221;300&#8243; txt_transform=&#8221;none&#8221; margin_bottom=&#8221;0&#8243; font_family=&#8221;none&#8221; align=&#8221;center&#8221; el_class=&#8221;titleWidth&#8221;]Diagn\u00f2stic gen\u00e8tic preimplantacional (DGP)[\/mk_fancy_title][mk_fancy_title tag_name=&#8221;span&#8221; color=&#8221;#ffffff&#8221; size=&#8221;18&#8243; font_weight=&#8221;400&#8243; txt_transform=&#8221;none&#8221; margin_bottom=&#8221;0&#8243; font_family=&#8221;none&#8221; align=&#8221;center&#8221; el_class=&#8221;titleWidth&#8221;]Determinar l&#8217;an\u00e0lisi gen\u00e8tica de l&#8217;embri\u00f3 ens permet assegurar el seu futur[\/mk_fancy_title][\/vc_column_inner][\/vc_row_inner][\/vc_column][\/mk_page_section][vc_row][vc_column][\/vc_column][\/vc_row][mk_page_section bg_color=&#8221;#ffffff&#8221; padding_top=&#8221;80&#8243; padding_bottom=&#8221;80&#8243; [&hellip;]\" \/>\n<meta property=\"og:url\" content=\"https:\/\/fertilab.com\/ca\/diagnostic-genetic-preimplantacional-dgp\/\" \/>\n<meta property=\"og:site_name\" content=\"Fertilab Barcelona\" \/>\n<meta property=\"article:publisher\" content=\"https:\/\/www.facebook.com\/fertilabbarcelona\" \/>\n<meta property=\"article:modified_time\" content=\"2019-04-24T08:25:30+00:00\" \/>\n<meta name=\"twitter:card\" content=\"summary_large_image\" \/>\n<meta name=\"twitter:label1\" content=\"Temps estimat de lectura\" \/>\n\t<meta name=\"twitter:data1\" content=\"7 minuts\" \/>\n<script type=\"application\/ld+json\" class=\"yoast-schema-graph\">{\"@context\":\"https:\\\/\\\/schema.org\",\"@graph\":[{\"@type\":\"WebPage\",\"@id\":\"https:\\\/\\\/fertilab.com\\\/ca\\\/diagnostic-genetic-preimplantacional-dgp\\\/\",\"url\":\"https:\\\/\\\/fertilab.com\\\/ca\\\/diagnostic-genetic-preimplantacional-dgp\\\/\",\"name\":\"Diagn\u00f2stic gen\u00e8tic preimplantacional (DGP) - Fertilab Barcelona\",\"isPartOf\":{\"@id\":\"https:\\\/\\\/fertilab.com\\\/#website\"},\"datePublished\":\"2018-06-28T15:57:08+00:00\",\"dateModified\":\"2019-04-24T08:25:30+00:00\",\"breadcrumb\":{\"@id\":\"https:\\\/\\\/fertilab.com\\\/ca\\\/diagnostic-genetic-preimplantacional-dgp\\\/#breadcrumb\"},\"inLanguage\":\"ca\",\"potentialAction\":[{\"@type\":\"ReadAction\",\"target\":[\"https:\\\/\\\/fertilab.com\\\/ca\\\/diagnostic-genetic-preimplantacional-dgp\\\/\"]}]},{\"@type\":\"BreadcrumbList\",\"@id\":\"https:\\\/\\\/fertilab.com\\\/ca\\\/diagnostic-genetic-preimplantacional-dgp\\\/#breadcrumb\",\"itemListElement\":[{\"@type\":\"ListItem\",\"position\":1,\"name\":\"Home\",\"item\":\"https:\\\/\\\/fertilab.com\\\/ca\\\/\"},{\"@type\":\"ListItem\",\"position\":2,\"name\":\"Diagn\u00f2stic gen\u00e8tic preimplantacional (DGP)\"}]},{\"@type\":\"WebSite\",\"@id\":\"https:\\\/\\\/fertilab.com\\\/#website\",\"url\":\"https:\\\/\\\/fertilab.com\\\/\",\"name\":\"Fertilab Barcelona\",\"description\":\"Trabajamos para que pod\u00e1is sentir la emoci\u00f3n de ser padres\",\"publisher\":{\"@id\":\"https:\\\/\\\/fertilab.com\\\/#organization\"},\"potentialAction\":[{\"@type\":\"SearchAction\",\"target\":{\"@type\":\"EntryPoint\",\"urlTemplate\":\"https:\\\/\\\/fertilab.com\\\/?s={search_term_string}\"},\"query-input\":{\"@type\":\"PropertyValueSpecification\",\"valueRequired\":true,\"valueName\":\"search_term_string\"}}],\"inLanguage\":\"ca\"},{\"@type\":\"Organization\",\"@id\":\"https:\\\/\\\/fertilab.com\\\/#organization\",\"name\":\"Fertilab Barcelona\",\"url\":\"https:\\\/\\\/fertilab.com\\\/\",\"logo\":{\"@type\":\"ImageObject\",\"inLanguage\":\"ca\",\"@id\":\"https:\\\/\\\/fertilab.com\\\/#\\\/schema\\\/logo\\\/image\\\/\",\"url\":\"https:\\\/\\\/fertilab.com\\\/wp-content\\\/uploads\\\/2023\\\/10\\\/cropped-fertilab-logo-fav.png\",\"contentUrl\":\"https:\\\/\\\/fertilab.com\\\/wp-content\\\/uploads\\\/2023\\\/10\\\/cropped-fertilab-logo-fav.png\",\"width\":512,\"height\":512,\"caption\":\"Fertilab Barcelona\"},\"image\":{\"@id\":\"https:\\\/\\\/fertilab.com\\\/#\\\/schema\\\/logo\\\/image\\\/\"},\"sameAs\":[\"https:\\\/\\\/www.facebook.com\\\/fertilabbarcelona\",\"https:\\\/\\\/www.youtube.com\\\/user\\\/FertilabTV\"]}]}<\/script>\n<!-- \/ Yoast SEO plugin. -->","yoast_head_json":{"title":"Diagn\u00f2stic gen\u00e8tic preimplantacional (DGP) - Fertilab Barcelona","robots":{"index":"index","follow":"follow","max-snippet":"max-snippet:-1","max-image-preview":"max-image-preview:large","max-video-preview":"max-video-preview:-1"},"canonical":"https:\/\/fertilab.com\/ca\/diagnostic-genetic-preimplantacional-dgp\/","og_locale":"ca_ES","og_type":"article","og_title":"Diagn\u00f2stic gen\u00e8tic preimplantacional (DGP) - Fertilab Barcelona","og_description":"[mk_page_section vertical_align=&#8221;center&#8221; bg_image=&#8221;https:\/\/fertilab.com\/wp-content\/uploads\/2018\/06\/et-2.jpg&#8221; bg_position=&#8221;center center&#8221; bg_repeat=&#8221;no-repeat&#8221; bg_stretch=&#8221;true&#8221; bg_gradient=&#8221;vertical&#8221; video_color_mask=&#8221;#145da8&#8243; gr_end=&#8221;rgba(20,93,168,0.25)&#8221; top_shadow=&#8221;true&#8221; min_height=&#8221;530&#8243; full_width=&#8221;true&#8221; padding_top=&#8221;0&#8243; padding_bottom=&#8221;0&#8243; sidebar=&#8221;sidebar-1&#8243;][vc_column][vc_row_inner is_fullwidth_content=&#8221;false&#8221;][vc_column_inner][mk_fancy_title tag_name=&#8221;h1&#8243; color=&#8221;#ffffff&#8221; size=&#8221;42&#8243; force_font_size=&#8221;true&#8221; size_smallscreen=&#8221;38&#8243; size_tablet=&#8221;36&#8243; size_phone=&#8221;32&#8243; font_weight=&#8221;300&#8243; txt_transform=&#8221;none&#8221; margin_bottom=&#8221;0&#8243; font_family=&#8221;none&#8221; align=&#8221;center&#8221; el_class=&#8221;titleWidth&#8221;]Diagn\u00f2stic gen\u00e8tic preimplantacional (DGP)[\/mk_fancy_title][mk_fancy_title tag_name=&#8221;span&#8221; color=&#8221;#ffffff&#8221; size=&#8221;18&#8243; font_weight=&#8221;400&#8243; txt_transform=&#8221;none&#8221; margin_bottom=&#8221;0&#8243; font_family=&#8221;none&#8221; align=&#8221;center&#8221; el_class=&#8221;titleWidth&#8221;]Determinar l&#8217;an\u00e0lisi gen\u00e8tica de l&#8217;embri\u00f3 ens permet assegurar el seu futur[\/mk_fancy_title][\/vc_column_inner][\/vc_row_inner][\/vc_column][\/mk_page_section][vc_row][vc_column][\/vc_column][\/vc_row][mk_page_section bg_color=&#8221;#ffffff&#8221; padding_top=&#8221;80&#8243; padding_bottom=&#8221;80&#8243; [&hellip;]","og_url":"https:\/\/fertilab.com\/ca\/diagnostic-genetic-preimplantacional-dgp\/","og_site_name":"Fertilab Barcelona","article_publisher":"https:\/\/www.facebook.com\/fertilabbarcelona","article_modified_time":"2019-04-24T08:25:30+00:00","twitter_card":"summary_large_image","twitter_misc":{"Temps estimat de lectura":"7 minuts"},"schema":{"@context":"https:\/\/schema.org","@graph":[{"@type":"WebPage","@id":"https:\/\/fertilab.com\/ca\/diagnostic-genetic-preimplantacional-dgp\/","url":"https:\/\/fertilab.com\/ca\/diagnostic-genetic-preimplantacional-dgp\/","name":"Diagn\u00f2stic gen\u00e8tic preimplantacional (DGP) - Fertilab Barcelona","isPartOf":{"@id":"https:\/\/fertilab.com\/#website"},"datePublished":"2018-06-28T15:57:08+00:00","dateModified":"2019-04-24T08:25:30+00:00","breadcrumb":{"@id":"https:\/\/fertilab.com\/ca\/diagnostic-genetic-preimplantacional-dgp\/#breadcrumb"},"inLanguage":"ca","potentialAction":[{"@type":"ReadAction","target":["https:\/\/fertilab.com\/ca\/diagnostic-genetic-preimplantacional-dgp\/"]}]},{"@type":"BreadcrumbList","@id":"https:\/\/fertilab.com\/ca\/diagnostic-genetic-preimplantacional-dgp\/#breadcrumb","itemListElement":[{"@type":"ListItem","position":1,"name":"Home","item":"https:\/\/fertilab.com\/ca\/"},{"@type":"ListItem","position":2,"name":"Diagn\u00f2stic gen\u00e8tic preimplantacional (DGP)"}]},{"@type":"WebSite","@id":"https:\/\/fertilab.com\/#website","url":"https:\/\/fertilab.com\/","name":"Fertilab Barcelona","description":"Trabajamos para que pod\u00e1is sentir la emoci\u00f3n de ser padres","publisher":{"@id":"https:\/\/fertilab.com\/#organization"},"potentialAction":[{"@type":"SearchAction","target":{"@type":"EntryPoint","urlTemplate":"https:\/\/fertilab.com\/?s={search_term_string}"},"query-input":{"@type":"PropertyValueSpecification","valueRequired":true,"valueName":"search_term_string"}}],"inLanguage":"ca"},{"@type":"Organization","@id":"https:\/\/fertilab.com\/#organization","name":"Fertilab Barcelona","url":"https:\/\/fertilab.com\/","logo":{"@type":"ImageObject","inLanguage":"ca","@id":"https:\/\/fertilab.com\/#\/schema\/logo\/image\/","url":"https:\/\/fertilab.com\/wp-content\/uploads\/2023\/10\/cropped-fertilab-logo-fav.png","contentUrl":"https:\/\/fertilab.com\/wp-content\/uploads\/2023\/10\/cropped-fertilab-logo-fav.png","width":512,"height":512,"caption":"Fertilab Barcelona"},"image":{"@id":"https:\/\/fertilab.com\/#\/schema\/logo\/image\/"},"sameAs":["https:\/\/www.facebook.com\/fertilabbarcelona","https:\/\/www.youtube.com\/user\/FertilabTV"]}]}},"_links":{"self":[{"href":"https:\/\/fertilab.com\/ca\/wp-json\/wp\/v2\/pages\/3148","targetHints":{"allow":["GET"]}}],"collection":[{"href":"https:\/\/fertilab.com\/ca\/wp-json\/wp\/v2\/pages"}],"about":[{"href":"https:\/\/fertilab.com\/ca\/wp-json\/wp\/v2\/types\/page"}],"author":[{"embeddable":true,"href":"https:\/\/fertilab.com\/ca\/wp-json\/wp\/v2\/users\/1"}],"replies":[{"embeddable":true,"href":"https:\/\/fertilab.com\/ca\/wp-json\/wp\/v2\/comments?post=3148"}],"version-history":[{"count":0,"href":"https:\/\/fertilab.com\/ca\/wp-json\/wp\/v2\/pages\/3148\/revisions"}],"wp:attachment":[{"href":"https:\/\/fertilab.com\/ca\/wp-json\/wp\/v2\/media?parent=3148"}],"curies":[{"name":"wp","href":"https:\/\/api.w.org\/{rel}","templated":true}]}}