{"id":3179,"date":"2018-06-21T15:22:06","date_gmt":"2018-06-21T15:22:06","guid":{"rendered":"https:\/\/fertilab.com\/contacto\/"},"modified":"2025-03-05T14:38:26","modified_gmt":"2025-03-05T13:38:26","slug":"contacte","status":"publish","type":"page","link":"https:\/\/fertilab.com\/ca\/contacte\/","title":{"rendered":"Contacte"},"content":{"rendered":"<div class=\"wpb-content-wrapper\">[mk_page_section vertical_align=&#8221;center&#8221; bg_image=&#8221;https:\/\/fertilab.com\/wp-content\/uploads\/2018\/06\/img_banner_contacto.jpg&#8221; bg_position=&#8221;center center&#8221; bg_repeat=&#8221;no-repeat&#8221; bg_stretch=&#8221;true&#8221; min_height=&#8221;700&#8243; js_vertical_centered=&#8221;true&#8221; padding_top=&#8221;100&#8243; padding_bottom=&#8221;0&#8243; section_id=&#8221;section-form-contact&#8221; el_class=&#8221;intro-contacto&#8221; sidebar=&#8221;sidebar-1&#8243;][vc_column][vc_row_inner is_fullwidth_content=&#8221;false&#8221;][vc_column_inner width=&#8221;3\/12&#8243;][mk_fancy_title color=&#8221;#4fb6e1&#8243; size=&#8221;18&#8243; font_weight=&#8221;bold&#8221; txt_transform=&#8221;uppercase&#8221; margin_bottom=&#8221;0&#8243; font_family=&#8221;none&#8221;]cl\u00ednica[\/mk_fancy_title][vc_column_text el_class=&#8221;contact-adress&#8221; css=&#8221;.vc_custom_1724057979861{margin-bottom: 0px !important;}&#8221;]Ronda General Mitre, 14<br \/>\n(entrada per C\/Ricardo Villa, 5)<br \/>\n08017 Barcelona[\/vc_column_text][vc_column_text el_class=&#8221;contact-phone&#8221; css=&#8221;.vc_custom_1574419682188{margin-bottom: 0px !important;}&#8221;]<a href=\"tel: (+34) 93 241 14 14\">93 241 14 14<\/a>[\/vc_column_text][\/vc_column_inner][vc_column_inner width=&#8221;3\/12&#8243;][\/vc_column_inner][vc_column_inner el_class=&#8221;contact-form-layer&#8221; width=&#8221;6\/12&#8243;][mk_fancy_title color=&#8221;#ffffff&#8221; size=&#8221;18&#8243; font_weight=&#8221;bold&#8221; txt_transform=&#8221;uppercase&#8221; margin_bottom=&#8221;0&#8243; font_family=&#8221;none&#8221;]DEMANA UNA CITA OMPLINT EL FORMULARI. ET CONTACTAREM EL M\u00c9S AVIAT POSSIBLE.[\/mk_fancy_title]\n<div class=\"wpcf7 no-js\" id=\"wpcf7-f3394-o1\" lang=\"en-US\" dir=\"ltr\" data-wpcf7-id=\"3394\">\n<div class=\"screen-reader-response\"><p role=\"status\" aria-live=\"polite\" aria-atomic=\"true\"><\/p> <ul><\/ul><\/div>\n<form action=\"\/ca\/wp-json\/wp\/v2\/pages\/3179#wpcf7-f3394-o1\" method=\"post\" class=\"wpcf7-form init\" aria-label=\"Contact form\" novalidate=\"novalidate\" data-status=\"init\">\n<fieldset class=\"hidden-fields-container\"><input type=\"hidden\" name=\"_wpcf7\" value=\"3394\" \/><input type=\"hidden\" name=\"_wpcf7_version\" value=\"6.1.5\" \/><input type=\"hidden\" name=\"_wpcf7_locale\" value=\"en_US\" \/><input type=\"hidden\" name=\"_wpcf7_unit_tag\" value=\"wpcf7-f3394-o1\" \/><input type=\"hidden\" name=\"_wpcf7_container_post\" value=\"0\" \/><input type=\"hidden\" name=\"_wpcf7_posted_data_hash\" value=\"\" \/><input type=\"hidden\" name=\"_wpcf7_recaptcha_response\" value=\"\" \/>\n<\/fieldset>\n<div class=\"vc_col-sm-6 contact-field\">\n\t<p><label> Nom*<br \/>\n<span class=\"wpcf7-form-control-wrap\" data-name=\"your-name\"><input size=\"40\" maxlength=\"400\" class=\"wpcf7-form-control wpcf7-text wpcf7-validates-as-required\" aria-required=\"true\" aria-invalid=\"false\" value=\"\" type=\"text\" name=\"your-name\" \/><\/span> <\/label>\n\t<\/p>\n<\/div>\n<div class=\"vc_col-sm-6 contact-field\">\n\t<p><label> Cognoms*<br \/>\n<span class=\"wpcf7-form-control-wrap\" data-name=\"Surnames\"><input size=\"40\" maxlength=\"400\" class=\"wpcf7-form-control wpcf7-text wpcf7-validates-as-required\" aria-required=\"true\" aria-invalid=\"false\" value=\"\" type=\"text\" name=\"Surnames\" \/><\/span> <\/label>\n\t<\/p>\n<\/div>\n<div class=\"vc_col-sm-6 contact-field\">\n\t<p><label> Email*<br \/>\n<span class=\"wpcf7-form-control-wrap\" data-name=\"your-email\"><input size=\"40\" maxlength=\"400\" class=\"wpcf7-form-control wpcf7-email wpcf7-validates-as-required wpcf7-text wpcf7-validates-as-email\" aria-required=\"true\" aria-invalid=\"false\" value=\"\" type=\"email\" name=\"your-email\" \/><\/span> <\/label>\n\t<\/p>\n<\/div>\n<div class=\"vc_col-sm-6 contact-field\">\n\t<p><label> Tel\u00e8fon<br \/>\n<span class=\"wpcf7-form-control-wrap\" data-name=\"Telefono\"><input size=\"40\" maxlength=\"400\" class=\"wpcf7-form-control wpcf7-tel wpcf7-text wpcf7-validates-as-tel\" aria-invalid=\"false\" value=\"\" type=\"tel\" name=\"Telefono\" \/><\/span> <\/label>\n\t<\/p>\n<\/div>\n<div class=\"vc_col-sm-12 contact-field\">\n\t<p><label> Missatge<br \/>\n<span class=\"wpcf7-form-control-wrap\" data-name=\"your-message\"><textarea cols=\"40\" rows=\"10\" maxlength=\"2000\" class=\"wpcf7-form-control wpcf7-textarea\" aria-invalid=\"false\" name=\"your-message\"><\/textarea><\/span> <\/label>\n\t<\/p>\n<\/div>\n<div class=\"vc_col-sm-6 contact-field legal\">\n\t<p><span class=\"wpcf7-form-control-wrap\" data-name=\"acceptance-645\"><span class=\"wpcf7-form-control wpcf7-acceptance\"><span class=\"wpcf7-list-item\"><label><input type=\"checkbox\" name=\"acceptance-645\" value=\"1\" id=\"condiciones\" aria-invalid=\"false\" \/><span class=\"wpcf7-list-item-label\">He llegit i accepto les <a href=\"\/ca\/aviso-legal\">condicions legals<\/a>*<\/span><\/label><\/span><\/span><\/span>\n\t<\/p>\n<\/div>\n<div class=\"vc_col-sm-6 contact-field boton\">\n\t<p><input class=\"wpcf7-form-control wpcf7-submit has-spinner\" type=\"submit\" value=\"Enviar\" \/>\n\t<\/p>\n<\/div><p style=\"display: none !important;\" class=\"akismet-fields-container\" data-prefix=\"_wpcf7_ak_\"><label>&#916;<textarea name=\"_wpcf7_ak_hp_textarea\" cols=\"45\" rows=\"8\" maxlength=\"100\"><\/textarea><\/label><input type=\"hidden\" id=\"ak_js_1\" name=\"_wpcf7_ak_js\" value=\"151\"\/><script>document.getElementById( \"ak_js_1\" ).setAttribute( \"value\", ( new Date() ).getTime() );<\/script><\/p><div class=\"wpcf7-response-output\" aria-hidden=\"true\"><\/div>\n<\/form>\n<\/div>\n[\/vc_column_inner][\/vc_row_inner][\/vc_column][\/mk_page_section][vc_row css=&#8221;.vc_custom_1529487907712{padding-top: 60px !important;padding-bottom: 60px !important;}&#8221;][vc_column][mk_fancy_title color=&#8221;#4a76c9&#8243; size=&#8221;21&#8243; font_weight=&#8221;bold&#8221; font_style=&#8221;normal&#8221; txt_transform=&#8221;uppercase&#8221; margin_top=&#8221;60&#8243; margin_bottom=&#8221;60&#8243; font_family=&#8221;none&#8221; align=&#8221;center&#8221;]TROBA LA NOSTRA CL\u00cdNICA[\/mk_fancy_title][vc_row_inner el_class=&#8221;reset-padding&#8221;][vc_column_inner width=&#8221;1\/2&#8243;][mk_custom_list style=&#8221;&#8221; el_class=&#8221;list-heart big&#8221;]\n<ul>\n<li class=\"autobus\">\n<h3>En autob\u00fas<\/h3>\n<p>L\u00ednia que t\u00e9 parada a Via Augusta: 68<br \/>\nL\u00ednies que tenen parada a Ronda General Mitre: 14, 16, 70, 72, H6<br \/>\nL\u00ednies que tenen parada a Ganduxer: 70,72<\/li>\n<li class=\"ferrocarril\">\n<h3>En Ferrocarrils de la Generalitat<\/h3>\n<p>L6 Reina Elisenda amb parada a: FGC Bonanova i FGC Tres Torres<br \/>\nS5 Sant Cugat amb parada a: FGC Bonanova i FGC Tres Torres<br \/>\nS55 Universitat Aut\u00f2noma amb parada a: FGC Bonanova i FGC Tres Torres<br \/>\nS1 Terrassa, amb parada a: FGC Bonanova i FGC Tres Torres<\/li>\n<li class=\"taxi\">\n<h3>En taxi<\/h3>\n<p>Des de qualsevol punt dels taxis de Barcelona us conduir\u00e0 a Fertilab.<br \/>\nL&#8217;itinerari total del recorregut des del centre de Barcelona (Pla\u00e7a Catalunya) \u00e9s d&#8217;uns 10-15 minuts i costa al voltant de 10 \u20ac.<\/li>\n<li class=\"coche\">\n<h3>En cotxe<\/h3>\n<p>Podeu venir a Fertilab amb cotxe o amb moto. La millor manera d&#8217;arribar \u00e9s prendre el General Mitre o el carrer de la Via Augusta. Si vens amb cotxe, teniu un aparcament privat al carrer Vila Arrufat (Ametller Origen).<\/li>\n<\/ul>\n[\/mk_custom_list][\/vc_column_inner][vc_column_inner width=&#8221;1\/2&#8243;][mk_custom_list style=&#8221;&#8221; el_class=&#8221;list-heart big&#8221;]\n<ul>\n<li class=\"avion\">\n<h3>Barcelona Aeroport del Prat<\/h3>\n<p>Des de qualsevol terminal de l\u2019aeroport es pot agafar l\u2019Aerobus fins a Pla\u00e7a Catalunya (final de la l\u00ednia). All\u00e0 necessitar\u00e0s agafar la l\u00ednia L6 del Ferrocarrils de la Generalitat (FGC) amb destinaci\u00f3 Reina Elisenda on et serviran les parades de Bonanova i Les tres torres.<\/li>\n<li class=\"avion\">\n<h3>Aeroport de Girona<\/h3>\n<p>Des de l&#8217;aeroport de Girona es pot agafar l&#8217;autob\u00fas de l&#8217;empresa Sagal\u00e9s, destinaci\u00f3 de Barcelona que s&#8217;atura a l&#8217;estaci\u00f3 de Nord (final de viatge). Des d&#8217;all\u00e0, cal agafar la L1 del metro l&#8217;Arc de Triomf amb destinaci\u00f3 Hospital Bellvitge que s&#8217;atura a Catalunya, despr\u00e9s agafeu la L6 de la Reina Elisenda de Ferrocarrils de la Generalitat (FGC) que s&#8217;atura a Bonanova o Tres Torres.<\/li>\n<li class=\"avion\">\n<h3>Aeroport de Reus<\/h3>\n<p>Des de l&#8217;aeroport de Reus, la millor manera d&#8217;arribar-hi \u00e9s agafar l&#8217;autob\u00fas de l&#8217;empresa Hispano Igualadina fins a l&#8217;estaci\u00f3 de Sants. Des d&#8217;all\u00e0 cal agafar la L3 del metro amb destinaci\u00f3 Trinitat Nova des de Sants que s&#8217;atura a Catalunya. A continuaci\u00f3, agafeu la l\u00ednia L6 de Ferrocarrils de la Generalitat (FGC) a Reina Elisenda que s&#8217;atura a Bonanova o Tres Torres.<\/li>\n<\/ul>\n[\/mk_custom_list][\/vc_column_inner][\/vc_row_inner][\/vc_column][\/vc_row][vc_row][vc_column][\/vc_column][\/vc_row][mk_page_section min_height=&#8221;900&#8243; full_width=&#8221;true&#8221; padding_top=&#8221;0&#8243; padding_bottom=&#8221;0&#8243; sidebar=&#8221;sidebar-1&#8243;][vc_column][vc_gmaps link=&#8221;#E-8_JTNDaWZyYW1lJTIwc3JjJTNEJTIyaHR0cHMlM0ElMkYlMkZ3d3cuZ29vZ2xlLmNvbSUyRm1hcHMlMkZlbWJlZCUzRnBiJTNEJTIxMW0xOCUyMTFtMTIlMjExbTMlMjExZDMyOTMuMjMxOTk0MjIxNTY3NyUyMTJkMi4xMzIwNjEyJTIxM2Q0MS4zOTI3OTQ5JTIxMm0zJTIxMWYwJTIxMmYwJTIxM2YwJTIxM20yJTIxMWkxMDI0JTIxMmk3NjglMjE0ZjEzLjElMjEzbTMlMjExbTIlMjExczB4MTJhNDk4NmRiNGI5ZWYzNSUyNTNBMHg5NDNjODM3NjQxMGVkM2ExJTIxMnNGZXJ0aWxhYiUyNTIwQmFyY2Vsb25hJTIxNWUxJTIxM20yJTIxMXNlcyUyMTJzYXIlMjE0djE3MzQ1Mjc4NTYyMDIlMjE1bTIlMjExc2VzJTIxMnNhciUyMiUyMHdpZHRoJTNEJTIyODAwJTIyJTIwaGVpZ2h0JTNEJTIyOTAwJTIyJTIwc3R5bGUlM0QlMjJib3JkZXIlM0EwJTNCJTIyJTIwYWxsb3dmdWxsc2NyZWVuJTNEJTIyJTIyJTIwbG9hZGluZyUzRCUyMmxhenklMjIlMjByZWZlcnJlcnBvbGljeSUzRCUyMm5vLXJlZmVycmVyLXdoZW4tZG93bmdyYWRlJTIyJTNFJTNDJTJGaWZyYW1lJTNF&#8221; css=&#8221;&#8221; el_class=&#8221;reset-margin reset-padding&#8221;][\/vc_column][\/mk_page_section][vc_row visibility=&#8221;visible-sm&#8221; el_class=&#8221;rowTelephone&#8221;][vc_column][vc_raw_html]JTNDZGl2JTIwaWQlM0QlMjJwaG9uZWJhckZpeGVkJTIyJTNFJTBBJTIwJTIwRGVtYW5hJTIwY2l0YSUyMGFsJTIwdGVsJUMzJUE4Zm9uJTIwZ3JhdHUlQzMlQUZ0JTIwJTNDYSUyMGhyZWYlM0QlMjJ0ZWwlM0E5MzI0MTE0MTQlMjIlM0U5MyUyMDI0MSUyMDE0JTIwMTQlM0MlMkZhJTNFJTBBJTNDJTJGZGl2JTNF[\/vc_raw_html][\/vc_column][\/vc_row][mk_page_section bg_position=&#8221;center center&#8221; bg_repeat=&#8221;no-repeat&#8221; bg_stretch=&#8221;true&#8221; min_height=&#8221;0&#8243; full_width=&#8221;true&#8221; padding_top=&#8221;65&#8243; padding_bottom=&#8221;65&#8243; visibility=&#8221;visible-sm&#8221; el_class=&#8221;contact-bottom responsive-contact&#8221; sidebar=&#8221;sidebar-1&#8243;][vc_column][vc_column_text align=&#8221;center&#8221; el_class=&#8221;btnContact&#8221; css=&#8221;.vc_custom_1542195442100{margin-bottom: 0px !important;}&#8221;]<a href=\"#section-form-contact\">POSA\u2019T EN CONTACTE<\/a>[\/vc_column_text][\/vc_column][\/mk_page_section]\n<\/div>","protected":false},"excerpt":{"rendered":"<p>[mk_page_section vertical_align=&#8221;center&#8221; bg_image=&#8221;https:\/\/fertilab.com\/wp-content\/uploads\/2018\/06\/img_banner_contacto.jpg&#8221; bg_position=&#8221;center center&#8221; bg_repeat=&#8221;no-repeat&#8221; bg_stretch=&#8221;true&#8221; min_height=&#8221;700&#8243; js_vertical_centered=&#8221;true&#8221; padding_top=&#8221;100&#8243; padding_bottom=&#8221;0&#8243; section_id=&#8221;section-form-contact&#8221; el_class=&#8221;intro-contacto&#8221; sidebar=&#8221;sidebar-1&#8243;][vc_column][vc_row_inner is_fullwidth_content=&#8221;false&#8221;][vc_column_inner width=&#8221;3\/12&#8243;][mk_fancy_title color=&#8221;#4fb6e1&#8243; size=&#8221;18&#8243; font_weight=&#8221;bold&#8221; txt_transform=&#8221;uppercase&#8221; margin_bottom=&#8221;0&#8243; font_family=&#8221;none&#8221;]cl\u00ednica[\/mk_fancy_title][vc_column_text el_class=&#8221;contact-adress&#8221; css=&#8221;.vc_custom_1724057979861{margin-bottom: 0px !important;}&#8221;]Ronda General Mitre, 14 (entrada per C\/Ricardo Villa, 5) 08017 Barcelona[\/vc_column_text][vc_column_text el_class=&#8221;contact-phone&#8221; css=&#8221;.vc_custom_1574419682188{margin-bottom: 0px !important;}&#8221;]93 241 14 14[\/vc_column_text][\/vc_column_inner][vc_column_inner width=&#8221;3\/12&#8243;][\/vc_column_inner][vc_column_inner el_class=&#8221;contact-form-layer&#8221; width=&#8221;6\/12&#8243;][mk_fancy_title color=&#8221;#ffffff&#8221; size=&#8221;18&#8243; font_weight=&#8221;bold&#8221; txt_transform=&#8221;uppercase&#8221; margin_bottom=&#8221;0&#8243; font_family=&#8221;none&#8221;]DEMANA UNA CITA OMPLINT [&hellip;]<\/p>\n","protected":false},"author":1,"featured_media":0,"parent":0,"menu_order":0,"comment_status":"closed","ping_status":"closed","template":"","meta":{"footnotes":""},"class_list":["post-3179","page","type-page","status-publish","hentry"],"yoast_head":"<!-- This site is optimized with the Yoast SEO plugin v27.4 - https:\/\/yoast.com\/product\/yoast-seo-wordpress\/ -->\n<title>Troba la Nostra Clinica Laboratori - Barcelona Fertilab<\/title>\n<meta name=\"robots\" content=\"index, follow, max-snippet:-1, max-image-preview:large, max-video-preview:-1\" \/>\n<link rel=\"canonical\" href=\"https:\/\/fertilab.com\/ca\/contacte\/\" \/>\n<meta property=\"og:locale\" content=\"ca_ES\" \/>\n<meta property=\"og:type\" content=\"article\" \/>\n<meta property=\"og:title\" content=\"Troba la Nostra Clinica Laboratori - Barcelona Fertilab\" \/>\n<meta property=\"og:description\" content=\"[mk_page_section vertical_align=&#8221;center&#8221; bg_image=&#8221;https:\/\/fertilab.com\/wp-content\/uploads\/2018\/06\/img_banner_contacto.jpg&#8221; bg_position=&#8221;center center&#8221; bg_repeat=&#8221;no-repeat&#8221; bg_stretch=&#8221;true&#8221; min_height=&#8221;700&#8243; js_vertical_centered=&#8221;true&#8221; padding_top=&#8221;100&#8243; padding_bottom=&#8221;0&#8243; section_id=&#8221;section-form-contact&#8221; el_class=&#8221;intro-contacto&#8221; sidebar=&#8221;sidebar-1&#8243;][vc_column][vc_row_inner is_fullwidth_content=&#8221;false&#8221;][vc_column_inner width=&#8221;3\/12&#8243;][mk_fancy_title color=&#8221;#4fb6e1&#8243; size=&#8221;18&#8243; font_weight=&#8221;bold&#8221; txt_transform=&#8221;uppercase&#8221; margin_bottom=&#8221;0&#8243; font_family=&#8221;none&#8221;]cl\u00ednica[\/mk_fancy_title][vc_column_text el_class=&#8221;contact-adress&#8221; css=&#8221;.vc_custom_1724057979861{margin-bottom: 0px !important;}&#8221;]Ronda General Mitre, 14 (entrada per C\/Ricardo Villa, 5) 08017 Barcelona[\/vc_column_text][vc_column_text el_class=&#8221;contact-phone&#8221; css=&#8221;.vc_custom_1574419682188{margin-bottom: 0px !important;}&#8221;]93 241 14 14[\/vc_column_text][\/vc_column_inner][vc_column_inner width=&#8221;3\/12&#8243;][\/vc_column_inner][vc_column_inner el_class=&#8221;contact-form-layer&#8221; width=&#8221;6\/12&#8243;][mk_fancy_title color=&#8221;#ffffff&#8221; size=&#8221;18&#8243; font_weight=&#8221;bold&#8221; txt_transform=&#8221;uppercase&#8221; margin_bottom=&#8221;0&#8243; font_family=&#8221;none&#8221;]DEMANA UNA CITA OMPLINT [&hellip;]\" \/>\n<meta property=\"og:url\" content=\"https:\/\/fertilab.com\/ca\/contacte\/\" \/>\n<meta property=\"og:site_name\" content=\"Fertilab Barcelona\" \/>\n<meta property=\"article:publisher\" content=\"https:\/\/www.facebook.com\/fertilabbarcelona\" \/>\n<meta property=\"article:modified_time\" content=\"2025-03-05T13:38:26+00:00\" \/>\n<meta name=\"twitter:card\" content=\"summary_large_image\" \/>\n<meta name=\"twitter:label1\" content=\"Temps estimat de lectura\" \/>\n\t<meta name=\"twitter:data1\" content=\"3 minuts\" \/>\n<script type=\"application\/ld+json\" class=\"yoast-schema-graph\">{\"@context\":\"https:\\\/\\\/schema.org\",\"@graph\":[{\"@type\":\"WebPage\",\"@id\":\"https:\\\/\\\/fertilab.com\\\/ca\\\/contacte\\\/\",\"url\":\"https:\\\/\\\/fertilab.com\\\/ca\\\/contacte\\\/\",\"name\":\"Troba la Nostra Clinica Laboratori - Barcelona Fertilab\",\"isPartOf\":{\"@id\":\"https:\\\/\\\/fertilab.com\\\/#website\"},\"datePublished\":\"2018-06-21T15:22:06+00:00\",\"dateModified\":\"2025-03-05T13:38:26+00:00\",\"breadcrumb\":{\"@id\":\"https:\\\/\\\/fertilab.com\\\/ca\\\/contacte\\\/#breadcrumb\"},\"inLanguage\":\"ca\",\"potentialAction\":[{\"@type\":\"ReadAction\",\"target\":[\"https:\\\/\\\/fertilab.com\\\/ca\\\/contacte\\\/\"]}]},{\"@type\":\"BreadcrumbList\",\"@id\":\"https:\\\/\\\/fertilab.com\\\/ca\\\/contacte\\\/#breadcrumb\",\"itemListElement\":[{\"@type\":\"ListItem\",\"position\":1,\"name\":\"Home\",\"item\":\"https:\\\/\\\/fertilab.com\\\/ca\\\/\"},{\"@type\":\"ListItem\",\"position\":2,\"name\":\"Contacte\"}]},{\"@type\":\"WebSite\",\"@id\":\"https:\\\/\\\/fertilab.com\\\/#website\",\"url\":\"https:\\\/\\\/fertilab.com\\\/\",\"name\":\"Fertilab Barcelona\",\"description\":\"Trabajamos para que pod\u00e1is sentir la emoci\u00f3n de ser padres\",\"publisher\":{\"@id\":\"https:\\\/\\\/fertilab.com\\\/#organization\"},\"potentialAction\":[{\"@type\":\"SearchAction\",\"target\":{\"@type\":\"EntryPoint\",\"urlTemplate\":\"https:\\\/\\\/fertilab.com\\\/?s={search_term_string}\"},\"query-input\":{\"@type\":\"PropertyValueSpecification\",\"valueRequired\":true,\"valueName\":\"search_term_string\"}}],\"inLanguage\":\"ca\"},{\"@type\":\"Organization\",\"@id\":\"https:\\\/\\\/fertilab.com\\\/#organization\",\"name\":\"Fertilab Barcelona\",\"url\":\"https:\\\/\\\/fertilab.com\\\/\",\"logo\":{\"@type\":\"ImageObject\",\"inLanguage\":\"ca\",\"@id\":\"https:\\\/\\\/fertilab.com\\\/#\\\/schema\\\/logo\\\/image\\\/\",\"url\":\"https:\\\/\\\/fertilab.com\\\/wp-content\\\/uploads\\\/2023\\\/10\\\/cropped-fertilab-logo-fav.png\",\"contentUrl\":\"https:\\\/\\\/fertilab.com\\\/wp-content\\\/uploads\\\/2023\\\/10\\\/cropped-fertilab-logo-fav.png\",\"width\":512,\"height\":512,\"caption\":\"Fertilab Barcelona\"},\"image\":{\"@id\":\"https:\\\/\\\/fertilab.com\\\/#\\\/schema\\\/logo\\\/image\\\/\"},\"sameAs\":[\"https:\\\/\\\/www.facebook.com\\\/fertilabbarcelona\",\"https:\\\/\\\/www.youtube.com\\\/user\\\/FertilabTV\"]}]}<\/script>\n<!-- \/ Yoast SEO plugin. -->","yoast_head_json":{"title":"Troba la Nostra Clinica Laboratori - Barcelona Fertilab","robots":{"index":"index","follow":"follow","max-snippet":"max-snippet:-1","max-image-preview":"max-image-preview:large","max-video-preview":"max-video-preview:-1"},"canonical":"https:\/\/fertilab.com\/ca\/contacte\/","og_locale":"ca_ES","og_type":"article","og_title":"Troba la Nostra Clinica Laboratori - Barcelona Fertilab","og_description":"[mk_page_section vertical_align=&#8221;center&#8221; bg_image=&#8221;https:\/\/fertilab.com\/wp-content\/uploads\/2018\/06\/img_banner_contacto.jpg&#8221; bg_position=&#8221;center center&#8221; bg_repeat=&#8221;no-repeat&#8221; bg_stretch=&#8221;true&#8221; min_height=&#8221;700&#8243; js_vertical_centered=&#8221;true&#8221; padding_top=&#8221;100&#8243; padding_bottom=&#8221;0&#8243; section_id=&#8221;section-form-contact&#8221; el_class=&#8221;intro-contacto&#8221; sidebar=&#8221;sidebar-1&#8243;][vc_column][vc_row_inner is_fullwidth_content=&#8221;false&#8221;][vc_column_inner width=&#8221;3\/12&#8243;][mk_fancy_title color=&#8221;#4fb6e1&#8243; size=&#8221;18&#8243; font_weight=&#8221;bold&#8221; txt_transform=&#8221;uppercase&#8221; margin_bottom=&#8221;0&#8243; font_family=&#8221;none&#8221;]cl\u00ednica[\/mk_fancy_title][vc_column_text el_class=&#8221;contact-adress&#8221; css=&#8221;.vc_custom_1724057979861{margin-bottom: 0px !important;}&#8221;]Ronda General Mitre, 14 (entrada per C\/Ricardo Villa, 5) 08017 Barcelona[\/vc_column_text][vc_column_text el_class=&#8221;contact-phone&#8221; css=&#8221;.vc_custom_1574419682188{margin-bottom: 0px !important;}&#8221;]93 241 14 14[\/vc_column_text][\/vc_column_inner][vc_column_inner width=&#8221;3\/12&#8243;][\/vc_column_inner][vc_column_inner el_class=&#8221;contact-form-layer&#8221; width=&#8221;6\/12&#8243;][mk_fancy_title color=&#8221;#ffffff&#8221; size=&#8221;18&#8243; font_weight=&#8221;bold&#8221; txt_transform=&#8221;uppercase&#8221; margin_bottom=&#8221;0&#8243; font_family=&#8221;none&#8221;]DEMANA UNA CITA OMPLINT [&hellip;]","og_url":"https:\/\/fertilab.com\/ca\/contacte\/","og_site_name":"Fertilab Barcelona","article_publisher":"https:\/\/www.facebook.com\/fertilabbarcelona","article_modified_time":"2025-03-05T13:38:26+00:00","twitter_card":"summary_large_image","twitter_misc":{"Temps estimat de lectura":"3 minuts"},"schema":{"@context":"https:\/\/schema.org","@graph":[{"@type":"WebPage","@id":"https:\/\/fertilab.com\/ca\/contacte\/","url":"https:\/\/fertilab.com\/ca\/contacte\/","name":"Troba la Nostra Clinica Laboratori - Barcelona Fertilab","isPartOf":{"@id":"https:\/\/fertilab.com\/#website"},"datePublished":"2018-06-21T15:22:06+00:00","dateModified":"2025-03-05T13:38:26+00:00","breadcrumb":{"@id":"https:\/\/fertilab.com\/ca\/contacte\/#breadcrumb"},"inLanguage":"ca","potentialAction":[{"@type":"ReadAction","target":["https:\/\/fertilab.com\/ca\/contacte\/"]}]},{"@type":"BreadcrumbList","@id":"https:\/\/fertilab.com\/ca\/contacte\/#breadcrumb","itemListElement":[{"@type":"ListItem","position":1,"name":"Home","item":"https:\/\/fertilab.com\/ca\/"},{"@type":"ListItem","position":2,"name":"Contacte"}]},{"@type":"WebSite","@id":"https:\/\/fertilab.com\/#website","url":"https:\/\/fertilab.com\/","name":"Fertilab Barcelona","description":"Trabajamos para que pod\u00e1is sentir la emoci\u00f3n de ser padres","publisher":{"@id":"https:\/\/fertilab.com\/#organization"},"potentialAction":[{"@type":"SearchAction","target":{"@type":"EntryPoint","urlTemplate":"https:\/\/fertilab.com\/?s={search_term_string}"},"query-input":{"@type":"PropertyValueSpecification","valueRequired":true,"valueName":"search_term_string"}}],"inLanguage":"ca"},{"@type":"Organization","@id":"https:\/\/fertilab.com\/#organization","name":"Fertilab Barcelona","url":"https:\/\/fertilab.com\/","logo":{"@type":"ImageObject","inLanguage":"ca","@id":"https:\/\/fertilab.com\/#\/schema\/logo\/image\/","url":"https:\/\/fertilab.com\/wp-content\/uploads\/2023\/10\/cropped-fertilab-logo-fav.png","contentUrl":"https:\/\/fertilab.com\/wp-content\/uploads\/2023\/10\/cropped-fertilab-logo-fav.png","width":512,"height":512,"caption":"Fertilab Barcelona"},"image":{"@id":"https:\/\/fertilab.com\/#\/schema\/logo\/image\/"},"sameAs":["https:\/\/www.facebook.com\/fertilabbarcelona","https:\/\/www.youtube.com\/user\/FertilabTV"]}]}},"_links":{"self":[{"href":"https:\/\/fertilab.com\/ca\/wp-json\/wp\/v2\/pages\/3179","targetHints":{"allow":["GET"]}}],"collection":[{"href":"https:\/\/fertilab.com\/ca\/wp-json\/wp\/v2\/pages"}],"about":[{"href":"https:\/\/fertilab.com\/ca\/wp-json\/wp\/v2\/types\/page"}],"author":[{"embeddable":true,"href":"https:\/\/fertilab.com\/ca\/wp-json\/wp\/v2\/users\/1"}],"replies":[{"embeddable":true,"href":"https:\/\/fertilab.com\/ca\/wp-json\/wp\/v2\/comments?post=3179"}],"version-history":[{"count":0,"href":"https:\/\/fertilab.com\/ca\/wp-json\/wp\/v2\/pages\/3179\/revisions"}],"wp:attachment":[{"href":"https:\/\/fertilab.com\/ca\/wp-json\/wp\/v2\/media?parent=3179"}],"curies":[{"name":"wp","href":"https:\/\/api.w.org\/{rel}","templated":true}]}}