{"id":3189,"date":"2018-06-20T09:33:20","date_gmt":"2018-06-20T09:33:20","guid":{"rendered":"https:\/\/fertilab.com\/planifica-tu-viaje\/"},"modified":"2019-04-24T08:27:15","modified_gmt":"2019-04-24T08:27:15","slug":"planifica-el-teu-viatge","status":"publish","type":"page","link":"https:\/\/fertilab.com\/ca\/planifica-el-teu-viatge\/","title":{"rendered":"Planifica el teu viatge"},"content":{"rendered":"<div class=\"wpb-content-wrapper\">[mk_page_section vertical_align=&#8221;center&#8221; bg_image=&#8221;https:\/\/fertilab.com\/wp-content\/uploads\/2018\/06\/adobestock_92118305-1.jpg&#8221; bg_position=&#8221;center center&#8221; bg_repeat=&#8221;no-repeat&#8221; bg_stretch=&#8221;true&#8221; bg_gradient=&#8221;vertical&#8221; video_color_mask=&#8221;#145da8&#8243; gr_end=&#8221;rgba(20,93,168,0.25)&#8221; top_shadow=&#8221;true&#8221; min_height=&#8221;530&#8243; full_width=&#8221;true&#8221; padding_top=&#8221;0&#8243; padding_bottom=&#8221;0&#8243; el_class=&#8221;headerPlanifica&#8221; sidebar=&#8221;sidebar-1&#8243;][vc_column][vc_row_inner is_fullwidth_content=&#8221;false&#8221;][vc_column_inner][mk_fancy_title color=&#8221;#ffffff&#8221; size=&#8221;42&#8243; force_font_size=&#8221;true&#8221; size_smallscreen=&#8221;38&#8243; size_tablet=&#8221;36&#8243; size_phone=&#8221;32&#8243; font_weight=&#8221;300&#8243; margin_bottom=&#8221;0&#8243; font_family=&#8221;none&#8221; align=&#8221;center&#8221; el_class=&#8221;titleWidth&#8221;]Planifica el teu viatge[\/mk_fancy_title][mk_fancy_title tag_name=&#8221;span&#8221; color=&#8221;#ffffff&#8221; size=&#8221;18&#8243; font_weight=&#8221;400&#8243; margin_bottom=&#8221;050&#8243; font_family=&#8221;none&#8221; align=&#8221;center&#8221; el_class=&#8221;titleWidth&#8221;]Si no vius a Espanya, no et preocupis. Podem portar el teu cas amb un proc\u00e9s senzill en cinc passos.[\/mk_fancy_title][vc_column_text align=&#8221;center&#8221; el_class=&#8221;btn-degraded&#8221; css=&#8221;.vc_custom_1542196125319{margin-bottom: 0px !important;}&#8221;]<a href=\"https:\/\/fertilab.com\/ca\/contacte\/\">DEMANA LA TEVA CITA<\/a>[\/vc_column_text][\/vc_column_inner][\/vc_row_inner][\/vc_column][\/mk_page_section][mk_page_section bg_color=&#8221;#f1f6fb&#8221; bg_position=&#8221;center center&#8221; bg_repeat=&#8221;no-repeat&#8221; bg_stretch=&#8221;true&#8221; min_height=&#8221;0&#8243; full_width=&#8221;true&#8221; padding_top=&#8221;65&#8243; padding_bottom=&#8221;65&#8243; sidebar=&#8221;sidebar-1&#8243;][vc_column][mk_fancy_title color=&#8221;#4a76c9&#8243; size=&#8221;21&#8243; font_weight=&#8221;bold&#8221; font_style=&#8221;normal&#8221; txt_transform=&#8221;uppercase&#8221; margin_bottom=&#8221;0&#8243; font_family=&#8221;none&#8221; align=&#8221;center&#8221;]COM FUNCIONA?[\/mk_fancy_title][vc_row_inner is_fullwidth_content=&#8221;false&#8221;][vc_column_inner][mk_steps step=&#8221;5&#8243; hover_color=&#8221;#dd9933&#8243; icon_1=&#8221;mk-icon-arrow-circle-down&#8221; src_1=&#8221;https:\/\/fertilab.com\/wp-content\/uploads\/2018\/06\/ic_pasos_01.png&#8221; title_1=&#8221;Demaneu la vostra cita&#8221; desc_1=&#8221;Si voleu iniciar el vostre viatge amb nosaltres, no ho dubteu i sol\u00b7liciteu la vostra cita.&#8221; icon_2=&#8221;mk-icon-bookmark&#8221; src_2=&#8221;https:\/\/fertilab.com\/wp-content\/uploads\/2018\/06\/ic_pasos02.png&#8221; title_2=&#8221;Primera visita&#8221; desc_2=&#8221;Expliquem com ser\u00e0 tot el proc\u00e9s i durem a terme l&#8217;estudi de fertilitat i revisi\u00f3 del vostre historial cl\u00ednic.&#8221; icon_3=&#8221;mk-icon-arrows-v&#8221; src_3=&#8221;https:\/\/fertilab.com\/wp-content\/uploads\/2018\/06\/ic_pasos03.png&#8221; title_3=&#8221;Preparaci\u00f3 i seguiment&#8221; desc_3=&#8221;Coordinem el tractament de reproducci\u00f3 assistida amb el vostre ginec\u00f2leg de refer\u00e8ncia i amb visites de control a la cl\u00ednica (si s\u2019escau).&#8221; icon_4=&#8221;mk-icon-bug&#8221; src_4=&#8221;https:\/\/fertilab.com\/wp-content\/uploads\/2018\/06\/ic_pasos04.png&#8221; title_4=&#8221;Segona visita&#8221; desc_4=&#8221;Realitzem el tractament i esperem resultats.&#8221; icon_5=&#8221;mk-icon-behance&#8221; src_5=&#8221;https:\/\/fertilab.com\/wp-content\/uploads\/2018\/06\/ic_pasos05.png&#8221; title_5=&#8221;Test d&#8217;embar\u00e0s&#8221; desc_5=&#8221;Despr\u00e9s del proc\u00e9s, realitzem una prova per verificar el seu \u00e8xit.&#8221; el_class=&#8221;comoFunciona&#8221; src=&#8221;https:\/\/fertilab.com\/wp-content\/uploads\/2018\/06\/ic_pasos_01.png&#8221;][\/vc_column_inner][\/vc_row_inner][\/vc_column][\/mk_page_section][vc_row css=&#8221;.vc_custom_1529487907712{padding-top: 60px !important;padding-bottom: 60px !important;}&#8221;][vc_column][mk_fancy_title color=&#8221;#4a76c9&#8243; size=&#8221;21&#8243; font_weight=&#8221;bold&#8221; font_style=&#8221;normal&#8221; txt_transform=&#8221;uppercase&#8221; margin_top=&#8221;60&#8243; margin_bottom=&#8221;60&#8243; font_family=&#8221;none&#8221; align=&#8221;center&#8221;]BENEFICIS DE FERTILAB[\/mk_fancy_title][vc_row_inner el_id=&#8221;style-benefits-row&#8221;][vc_column_inner width=&#8221;1\/2&#8243;][mk_custom_list style=&#8221;&#8221; el_class=&#8221;list-heart big&#8221;]\n<ul>\n<li class=\"excelencia\">\n<h3>Som pioners<\/h3>\n<p><strong>M\u00e9s de 20 anys d\u2019experi\u00e8ncia<\/strong> en Reproducci\u00f3 Assistida. Professionals de reconegut prestigi que treballen amb passi\u00f3 cada cas.<\/li>\n<li class=\"asistente\">\n<h3>El mateix ginec\u00f2leg sempre<\/h3>\n<p>A difer\u00e8ncia d\u2019altres cl\u00edniques, a Fertilab assignem sempre el mateix ginec\u00f2leg i infermera durant tot el tractament. Aquesta \u00e9s, sota el nostre punt de vista, l\u2019\u00fanica forma d\u2019establir una relaci\u00f3 de confian\u00e7a amb els pacients, dif\u00edcil d\u2019aconseguir a macro-cl\u00edniques.<\/li>\n<li class=\"artisan\">\n<h3>Som artesans<\/h3>\n<p>Cada cas, i cada pacient, \u00e9s \u00fanic. A Fertilab treballem amb protocols flexibles que s\u2019adapten particularment a les necessitats m\u00e8diques i a les prefer\u00e8ncies de cada persona.<\/li>\n<li class=\"ginecologa\">\n<h3>Unitat d\u2019Andrologia pr\u00f2pia<\/h3>\n<p>Experts en l\u2019estudi de l\u2019home. La meitat dels casos d\u2019infertilitat tenen l\u2019origen en el factor mascul\u00ed. L\u2019andr\u00f2leg \u00e9s una figura fonamental ja que millora les taxes de gestaci\u00f3 espont\u00e0nia i tamb\u00e9 el rendiment de les t\u00e8cniques de Reproducci\u00f3 Assistida.<\/li>\n<li class=\"laboratorio\">\n<h3>Fertilab Barcelona \u00e9s independent<\/h3>\n<p>No som una macro-cl\u00ednica ni una franqu\u00edcia en mans de grups inversors. Aquest fet \u00e9s molt important per tal de mantenir el criteri m\u00e8dic per sobre d\u2019altres criteris que no s\u2019ajusten a la ci\u00e8ncia, la medicina i a l\u2019inter\u00e8s dels nostres pacients.<\/li>\n<\/ul>\n[\/mk_custom_list][\/vc_column_inner][vc_column_inner width=&#8221;1\/2&#8243;][mk_custom_list style=&#8221;&#8221; el_class=&#8221;list-heart big&#8221;]\n<ul>\n<li class=\"ovulos\">\n<h3>Tecnologia i t\u00e8cniques avan\u00e7ades<\/h3>\n<p>Apliquem la tecnologia m\u00e9s avan\u00e7ada al servei dels nostres pacients. Actualment, som pioners en la implantaci\u00f3 d\u2019Embryoscope+, la millor incubadora del m\u00f3n.<\/li>\n<li class=\"embryoscope\">\n<h3>Fertilab disposa de Banc de Semen y \u00d2vuls propi (Fertibank)<\/h3>\n<p>Aquest fet ens permet treballar amb les mostres biol\u00f2giques de m\u00e9s alta qualitat, controlant tot el proc\u00e9s sota estrictes criteris acreditats amb la ISO9001:2015. A m\u00e9s, Fertibank \u00e9s prove\u00efdor de les millors cl\u00edniques i hospitals p\u00fablics i privats d\u2019Espanya i Europa.<\/li>\n<li class=\"visita-previa\">\n<h3>Comen\u00e7a quan vulguis<\/h3>\n<p>Sense llista d\u2019espera<\/li>\n<li class=\"seguimiento\">\n<h3>Financem el teu tractament sense interessos<\/h3>\n<p>Per a m\u00e9s informaci\u00f3, <a href=\"https:\/\/fertilab.com\/en\/contact\/\">contacta amb nosaltres.<\/a><\/li>\n<\/ul>\n[\/mk_custom_list][\/vc_column_inner][\/vc_row_inner][\/vc_column][\/vc_row][vc_row visibility=&#8221;hidden-sm&#8221;][vc_column][mk_revslider id=&#8221;por-que-barcelona-ca&#8221;][\/vc_column][\/vc_row][mk_page_section vertical_align=&#8221;center&#8221; bg_image=&#8221;https:\/\/fertilab.com\/wp-content\/uploads\/2018\/06\/fertilab_lab-30.jpg&#8221; bg_position=&#8221;center center&#8221; bg_repeat=&#8221;no-repeat&#8221; bg_stretch=&#8221;true&#8221; bg_gradient=&#8221;vertical&#8221; video_color_mask=&#8221;#145da8&#8243; gr_end=&#8221;rgba(20,93,168,0.25)&#8221; top_shadow=&#8221;true&#8221; adaptive_height=&#8221;true&#8221; min_height=&#8221;450&#8243; full_width=&#8221;true&#8221; padding_top=&#8221;0&#8243; padding_bottom=&#8221;0&#8243; visibility=&#8221;visible-sm&#8221; el_class=&#8221;xQBarcelona&#8221; sidebar=&#8221;sidebar-1&#8243;][vc_column][vc_row_inner is_fullwidth_content=&#8221;false&#8221;][vc_column_inner][mk_fancy_title tag_name=&#8221;h3&#8243; color=&#8221;#ffffff&#8221; size=&#8221;42&#8243; force_font_size=&#8221;true&#8221; size_smallscreen=&#8221;38&#8243; size_tablet=&#8221;36&#8243; size_phone=&#8221;16&#8243; font_weight=&#8221;400&#8243; txt_transform=&#8221;uppercase&#8221; margin_bottom=&#8221;0&#8243; font_family=&#8221;none&#8221; align=&#8221;center&#8221; el_class=&#8221;titleWidth&#8221;]Per qu\u00e8 Barcelona[\/mk_fancy_title][mk_fancy_title tag_name=&#8221;h5&#8243; color=&#8221;#ffffff&#8221; size=&#8221;24&#8243; font_weight=&#8221;300&#8243; margin_bottom=&#8221;0&#8243; font_family=&#8221;none&#8221; align=&#8221;center&#8221; el_class=&#8221;titleWidth&#8221;]Capital de la Medicina Reproductiva[\/mk_fancy_title][mk_fancy_title tag_name=&#8221;span&#8221; color=&#8221;#ffffff&#8221; size=&#8221;16&#8243; font_weight=&#8221;300&#8243; margin_bottom=&#8221;050&#8243; font_family=&#8221;none&#8221; align=&#8221;center&#8221; el_class=&#8221;titleWidth&#8221;]Vine a la ciutat pionera en Reproducci\u00f3 Assistida i fes realitat el teu somni[\/mk_fancy_title][\/vc_column_inner][\/vc_row_inner][\/vc_column][\/mk_page_section][vc_row visibility=&#8221;visible-sm&#8221; el_class=&#8221;rowTelephone&#8221;][vc_column][vc_raw_html]JTNDZGl2JTIwaWQlM0QlMjJwaG9uZWJhckZpeGVkJTIyJTNFJTBBJTIwJTIwRGVtYW5hJTIwY2l0YSUyMGFsJTIwdGVsJUMzJUE4Zm9uJTIwZ3JhdHUlQzMlQUZ0JTIwJTNDYSUyMGhyZWYlM0QlMjJ0ZWwlM0E5MzI0MTE0MTQlMjIlM0U5MyUyMDI0MSUyMDE0JTIwMTQlM0MlMkZhJTNFJTBBJTNDJTJGZGl2JTNF[\/vc_raw_html][\/vc_column][\/vc_row][mk_page_section bg_position=&#8221;center center&#8221; bg_repeat=&#8221;no-repeat&#8221; bg_stretch=&#8221;true&#8221; min_height=&#8221;0&#8243; full_width=&#8221;true&#8221; padding_top=&#8221;65&#8243; padding_bottom=&#8221;65&#8243; el_class=&#8221;contact-bottom responsive-contact&#8221; sidebar=&#8221;sidebar-1&#8243;][vc_column][mk_fancy_title color=&#8221;#7d7d7e&#8221; size=&#8221;28&#8243; force_font_size=&#8221;true&#8221; size_smallscreen=&#8221;38&#8243; size_tablet=&#8221;36&#8243; size_phone=&#8221;32&#8243; font_weight=&#8221;300&#8243; margin_bottom=&#8221;40&#8243; font_family=&#8221;none&#8221; align=&#8221;center&#8221;]Necessites m\u00e9s informaci\u00f3?[\/mk_fancy_title][vc_column_text align=&#8221;center&#8221; el_class=&#8221;btnContact&#8221; css=&#8221;.vc_custom_1542196616941{margin-bottom: 0px !important;}&#8221;]<a href=\"https:\/\/fertilab.com\/ca\/contacte\/\">POSA\u2019T EN CONTACTE<\/a>[\/vc_column_text][\/vc_column][\/mk_page_section]\n<\/div>","protected":false},"excerpt":{"rendered":"<p>[mk_page_section vertical_align=&#8221;center&#8221; bg_image=&#8221;https:\/\/fertilab.com\/wp-content\/uploads\/2018\/06\/adobestock_92118305-1.jpg&#8221; bg_position=&#8221;center center&#8221; bg_repeat=&#8221;no-repeat&#8221; bg_stretch=&#8221;true&#8221; bg_gradient=&#8221;vertical&#8221; video_color_mask=&#8221;#145da8&#8243; gr_end=&#8221;rgba(20,93,168,0.25)&#8221; top_shadow=&#8221;true&#8221; min_height=&#8221;530&#8243; full_width=&#8221;true&#8221; padding_top=&#8221;0&#8243; padding_bottom=&#8221;0&#8243; el_class=&#8221;headerPlanifica&#8221; sidebar=&#8221;sidebar-1&#8243;][vc_column][vc_row_inner is_fullwidth_content=&#8221;false&#8221;][vc_column_inner][mk_fancy_title color=&#8221;#ffffff&#8221; size=&#8221;42&#8243; force_font_size=&#8221;true&#8221; size_smallscreen=&#8221;38&#8243; size_tablet=&#8221;36&#8243; size_phone=&#8221;32&#8243; font_weight=&#8221;300&#8243; margin_bottom=&#8221;0&#8243; font_family=&#8221;none&#8221; align=&#8221;center&#8221; el_class=&#8221;titleWidth&#8221;]Planifica el teu viatge[\/mk_fancy_title][mk_fancy_title tag_name=&#8221;span&#8221; color=&#8221;#ffffff&#8221; size=&#8221;18&#8243; font_weight=&#8221;400&#8243; margin_bottom=&#8221;050&#8243; font_family=&#8221;none&#8221; align=&#8221;center&#8221; el_class=&#8221;titleWidth&#8221;]Si no vius a Espanya, no et preocupis. Podem portar el teu cas amb un proc\u00e9s [&hellip;]<\/p>\n","protected":false},"author":1,"featured_media":0,"parent":0,"menu_order":0,"comment_status":"closed","ping_status":"closed","template":"","meta":{"footnotes":""},"class_list":["post-3189","page","type-page","status-publish","hentry"],"yoast_head":"<!-- This site is optimized with the Yoast SEO plugin v27.4 - https:\/\/yoast.com\/product\/yoast-seo-wordpress\/ -->\n<title>Planifica el teu viatge - Fertilab Barcelona<\/title>\n<meta name=\"robots\" content=\"index, follow, max-snippet:-1, max-image-preview:large, max-video-preview:-1\" \/>\n<link rel=\"canonical\" href=\"https:\/\/fertilab.com\/ca\/planifica-el-teu-viatge\/\" \/>\n<meta property=\"og:locale\" content=\"ca_ES\" \/>\n<meta property=\"og:type\" content=\"article\" \/>\n<meta property=\"og:title\" content=\"Planifica el teu viatge - Fertilab Barcelona\" \/>\n<meta property=\"og:description\" content=\"[mk_page_section vertical_align=&#8221;center&#8221; bg_image=&#8221;https:\/\/fertilab.com\/wp-content\/uploads\/2018\/06\/adobestock_92118305-1.jpg&#8221; bg_position=&#8221;center center&#8221; bg_repeat=&#8221;no-repeat&#8221; bg_stretch=&#8221;true&#8221; bg_gradient=&#8221;vertical&#8221; video_color_mask=&#8221;#145da8&#8243; gr_end=&#8221;rgba(20,93,168,0.25)&#8221; top_shadow=&#8221;true&#8221; min_height=&#8221;530&#8243; full_width=&#8221;true&#8221; padding_top=&#8221;0&#8243; padding_bottom=&#8221;0&#8243; el_class=&#8221;headerPlanifica&#8221; sidebar=&#8221;sidebar-1&#8243;][vc_column][vc_row_inner is_fullwidth_content=&#8221;false&#8221;][vc_column_inner][mk_fancy_title color=&#8221;#ffffff&#8221; size=&#8221;42&#8243; force_font_size=&#8221;true&#8221; size_smallscreen=&#8221;38&#8243; size_tablet=&#8221;36&#8243; size_phone=&#8221;32&#8243; font_weight=&#8221;300&#8243; margin_bottom=&#8221;0&#8243; font_family=&#8221;none&#8221; align=&#8221;center&#8221; el_class=&#8221;titleWidth&#8221;]Planifica el teu viatge[\/mk_fancy_title][mk_fancy_title tag_name=&#8221;span&#8221; color=&#8221;#ffffff&#8221; size=&#8221;18&#8243; font_weight=&#8221;400&#8243; margin_bottom=&#8221;050&#8243; font_family=&#8221;none&#8221; align=&#8221;center&#8221; el_class=&#8221;titleWidth&#8221;]Si no vius a Espanya, no et preocupis. Podem portar el teu cas amb un proc\u00e9s [&hellip;]\" \/>\n<meta property=\"og:url\" content=\"https:\/\/fertilab.com\/ca\/planifica-el-teu-viatge\/\" \/>\n<meta property=\"og:site_name\" content=\"Fertilab Barcelona\" \/>\n<meta property=\"article:publisher\" content=\"https:\/\/www.facebook.com\/fertilabbarcelona\" \/>\n<meta property=\"article:modified_time\" content=\"2019-04-24T08:27:15+00:00\" \/>\n<meta name=\"twitter:card\" content=\"summary_large_image\" \/>\n<meta name=\"twitter:label1\" content=\"Temps estimat de lectura\" \/>\n\t<meta name=\"twitter:data1\" content=\"6 minuts\" \/>\n<script type=\"application\/ld+json\" class=\"yoast-schema-graph\">{\"@context\":\"https:\\\/\\\/schema.org\",\"@graph\":[{\"@type\":\"WebPage\",\"@id\":\"https:\\\/\\\/fertilab.com\\\/ca\\\/planifica-el-teu-viatge\\\/\",\"url\":\"https:\\\/\\\/fertilab.com\\\/ca\\\/planifica-el-teu-viatge\\\/\",\"name\":\"Planifica el teu viatge - Fertilab Barcelona\",\"isPartOf\":{\"@id\":\"https:\\\/\\\/fertilab.com\\\/#website\"},\"datePublished\":\"2018-06-20T09:33:20+00:00\",\"dateModified\":\"2019-04-24T08:27:15+00:00\",\"breadcrumb\":{\"@id\":\"https:\\\/\\\/fertilab.com\\\/ca\\\/planifica-el-teu-viatge\\\/#breadcrumb\"},\"inLanguage\":\"ca\",\"potentialAction\":[{\"@type\":\"ReadAction\",\"target\":[\"https:\\\/\\\/fertilab.com\\\/ca\\\/planifica-el-teu-viatge\\\/\"]}]},{\"@type\":\"BreadcrumbList\",\"@id\":\"https:\\\/\\\/fertilab.com\\\/ca\\\/planifica-el-teu-viatge\\\/#breadcrumb\",\"itemListElement\":[{\"@type\":\"ListItem\",\"position\":1,\"name\":\"Home\",\"item\":\"https:\\\/\\\/fertilab.com\\\/ca\\\/\"},{\"@type\":\"ListItem\",\"position\":2,\"name\":\"Planifica el teu viatge\"}]},{\"@type\":\"WebSite\",\"@id\":\"https:\\\/\\\/fertilab.com\\\/#website\",\"url\":\"https:\\\/\\\/fertilab.com\\\/\",\"name\":\"Fertilab Barcelona\",\"description\":\"Trabajamos para que pod\u00e1is sentir la emoci\u00f3n de ser padres\",\"publisher\":{\"@id\":\"https:\\\/\\\/fertilab.com\\\/#organization\"},\"potentialAction\":[{\"@type\":\"SearchAction\",\"target\":{\"@type\":\"EntryPoint\",\"urlTemplate\":\"https:\\\/\\\/fertilab.com\\\/?s={search_term_string}\"},\"query-input\":{\"@type\":\"PropertyValueSpecification\",\"valueRequired\":true,\"valueName\":\"search_term_string\"}}],\"inLanguage\":\"ca\"},{\"@type\":\"Organization\",\"@id\":\"https:\\\/\\\/fertilab.com\\\/#organization\",\"name\":\"Fertilab Barcelona\",\"url\":\"https:\\\/\\\/fertilab.com\\\/\",\"logo\":{\"@type\":\"ImageObject\",\"inLanguage\":\"ca\",\"@id\":\"https:\\\/\\\/fertilab.com\\\/#\\\/schema\\\/logo\\\/image\\\/\",\"url\":\"https:\\\/\\\/fertilab.com\\\/wp-content\\\/uploads\\\/2023\\\/10\\\/cropped-fertilab-logo-fav.png\",\"contentUrl\":\"https:\\\/\\\/fertilab.com\\\/wp-content\\\/uploads\\\/2023\\\/10\\\/cropped-fertilab-logo-fav.png\",\"width\":512,\"height\":512,\"caption\":\"Fertilab Barcelona\"},\"image\":{\"@id\":\"https:\\\/\\\/fertilab.com\\\/#\\\/schema\\\/logo\\\/image\\\/\"},\"sameAs\":[\"https:\\\/\\\/www.facebook.com\\\/fertilabbarcelona\",\"https:\\\/\\\/www.youtube.com\\\/user\\\/FertilabTV\"]}]}<\/script>\n<!-- \/ Yoast SEO plugin. -->","yoast_head_json":{"title":"Planifica el teu viatge - Fertilab Barcelona","robots":{"index":"index","follow":"follow","max-snippet":"max-snippet:-1","max-image-preview":"max-image-preview:large","max-video-preview":"max-video-preview:-1"},"canonical":"https:\/\/fertilab.com\/ca\/planifica-el-teu-viatge\/","og_locale":"ca_ES","og_type":"article","og_title":"Planifica el teu viatge - Fertilab Barcelona","og_description":"[mk_page_section vertical_align=&#8221;center&#8221; bg_image=&#8221;https:\/\/fertilab.com\/wp-content\/uploads\/2018\/06\/adobestock_92118305-1.jpg&#8221; bg_position=&#8221;center center&#8221; bg_repeat=&#8221;no-repeat&#8221; bg_stretch=&#8221;true&#8221; bg_gradient=&#8221;vertical&#8221; video_color_mask=&#8221;#145da8&#8243; gr_end=&#8221;rgba(20,93,168,0.25)&#8221; top_shadow=&#8221;true&#8221; min_height=&#8221;530&#8243; full_width=&#8221;true&#8221; padding_top=&#8221;0&#8243; padding_bottom=&#8221;0&#8243; el_class=&#8221;headerPlanifica&#8221; sidebar=&#8221;sidebar-1&#8243;][vc_column][vc_row_inner is_fullwidth_content=&#8221;false&#8221;][vc_column_inner][mk_fancy_title color=&#8221;#ffffff&#8221; size=&#8221;42&#8243; force_font_size=&#8221;true&#8221; size_smallscreen=&#8221;38&#8243; size_tablet=&#8221;36&#8243; size_phone=&#8221;32&#8243; font_weight=&#8221;300&#8243; margin_bottom=&#8221;0&#8243; font_family=&#8221;none&#8221; align=&#8221;center&#8221; el_class=&#8221;titleWidth&#8221;]Planifica el teu viatge[\/mk_fancy_title][mk_fancy_title tag_name=&#8221;span&#8221; color=&#8221;#ffffff&#8221; size=&#8221;18&#8243; font_weight=&#8221;400&#8243; margin_bottom=&#8221;050&#8243; font_family=&#8221;none&#8221; align=&#8221;center&#8221; el_class=&#8221;titleWidth&#8221;]Si no vius a Espanya, no et preocupis. Podem portar el teu cas amb un proc\u00e9s [&hellip;]","og_url":"https:\/\/fertilab.com\/ca\/planifica-el-teu-viatge\/","og_site_name":"Fertilab Barcelona","article_publisher":"https:\/\/www.facebook.com\/fertilabbarcelona","article_modified_time":"2019-04-24T08:27:15+00:00","twitter_card":"summary_large_image","twitter_misc":{"Temps estimat de lectura":"6 minuts"},"schema":{"@context":"https:\/\/schema.org","@graph":[{"@type":"WebPage","@id":"https:\/\/fertilab.com\/ca\/planifica-el-teu-viatge\/","url":"https:\/\/fertilab.com\/ca\/planifica-el-teu-viatge\/","name":"Planifica el teu viatge - Fertilab Barcelona","isPartOf":{"@id":"https:\/\/fertilab.com\/#website"},"datePublished":"2018-06-20T09:33:20+00:00","dateModified":"2019-04-24T08:27:15+00:00","breadcrumb":{"@id":"https:\/\/fertilab.com\/ca\/planifica-el-teu-viatge\/#breadcrumb"},"inLanguage":"ca","potentialAction":[{"@type":"ReadAction","target":["https:\/\/fertilab.com\/ca\/planifica-el-teu-viatge\/"]}]},{"@type":"BreadcrumbList","@id":"https:\/\/fertilab.com\/ca\/planifica-el-teu-viatge\/#breadcrumb","itemListElement":[{"@type":"ListItem","position":1,"name":"Home","item":"https:\/\/fertilab.com\/ca\/"},{"@type":"ListItem","position":2,"name":"Planifica el teu viatge"}]},{"@type":"WebSite","@id":"https:\/\/fertilab.com\/#website","url":"https:\/\/fertilab.com\/","name":"Fertilab Barcelona","description":"Trabajamos para que pod\u00e1is sentir la emoci\u00f3n de ser padres","publisher":{"@id":"https:\/\/fertilab.com\/#organization"},"potentialAction":[{"@type":"SearchAction","target":{"@type":"EntryPoint","urlTemplate":"https:\/\/fertilab.com\/?s={search_term_string}"},"query-input":{"@type":"PropertyValueSpecification","valueRequired":true,"valueName":"search_term_string"}}],"inLanguage":"ca"},{"@type":"Organization","@id":"https:\/\/fertilab.com\/#organization","name":"Fertilab Barcelona","url":"https:\/\/fertilab.com\/","logo":{"@type":"ImageObject","inLanguage":"ca","@id":"https:\/\/fertilab.com\/#\/schema\/logo\/image\/","url":"https:\/\/fertilab.com\/wp-content\/uploads\/2023\/10\/cropped-fertilab-logo-fav.png","contentUrl":"https:\/\/fertilab.com\/wp-content\/uploads\/2023\/10\/cropped-fertilab-logo-fav.png","width":512,"height":512,"caption":"Fertilab Barcelona"},"image":{"@id":"https:\/\/fertilab.com\/#\/schema\/logo\/image\/"},"sameAs":["https:\/\/www.facebook.com\/fertilabbarcelona","https:\/\/www.youtube.com\/user\/FertilabTV"]}]}},"_links":{"self":[{"href":"https:\/\/fertilab.com\/ca\/wp-json\/wp\/v2\/pages\/3189","targetHints":{"allow":["GET"]}}],"collection":[{"href":"https:\/\/fertilab.com\/ca\/wp-json\/wp\/v2\/pages"}],"about":[{"href":"https:\/\/fertilab.com\/ca\/wp-json\/wp\/v2\/types\/page"}],"author":[{"embeddable":true,"href":"https:\/\/fertilab.com\/ca\/wp-json\/wp\/v2\/users\/1"}],"replies":[{"embeddable":true,"href":"https:\/\/fertilab.com\/ca\/wp-json\/wp\/v2\/comments?post=3189"}],"version-history":[{"count":0,"href":"https:\/\/fertilab.com\/ca\/wp-json\/wp\/v2\/pages\/3189\/revisions"}],"wp:attachment":[{"href":"https:\/\/fertilab.com\/ca\/wp-json\/wp\/v2\/media?parent=3189"}],"curies":[{"name":"wp","href":"https:\/\/api.w.org\/{rel}","templated":true}]}}