{"id":50567,"date":"2022-05-06T12:30:11","date_gmt":"2022-05-06T10:30:11","guid":{"rendered":"https:\/\/fertilab.com\/?page_id=50567"},"modified":"2022-05-06T12:32:33","modified_gmt":"2022-05-06T10:32:33","slug":"treballa-amb-nosaltres","status":"publish","type":"page","link":"https:\/\/fertilab.com\/ca\/treballa-amb-nosaltres\/","title":{"rendered":"Treballa amb nosaltres"},"content":{"rendered":"<div class=\"wpb-content-wrapper\">[mk_page_section vertical_align=&#8221;center&#8221; bg_image=&#8221;https:\/\/fertilab.com\/wp-content\/uploads\/2022\/05\/web-fertilab_ambient-44.jpg&#8221; bg_image_portrait=&#8221;https:\/\/fertilab.com\/wp-content\/uploads\/2022\/05\/web-fertilab_ambient-44.jpg&#8221; attachment=&#8221;fixed&#8221; bg_position=&#8221;left center&#8221; bg_repeat=&#8221;no-repeat&#8221; bg_stretch=&#8221;true&#8221; enable_3d=&#8221;true&#8221; bg_gradient=&#8221;vertical&#8221; video_color_mask=&#8221;#145da8&#8243; gr_end=&#8221;rgba(20,93,168,0.25)&#8221; video_opacity=&#8221;0.8&#8243; top_shadow=&#8221;true&#8221; min_height=&#8221;450&#8243; full_width=&#8221;true&#8221; js_vertical_centered=&#8221;true&#8221; padding_top=&#8221;0&#8243; padding_bottom=&#8221;0&#8243; sidebar=&#8221;sidebar-1&#8243;][vc_column][mk_divider style=&#8221;padding_space&#8221; margin_top=&#8221;69&#8243; visibility=&#8221;hidden-sm&#8221;][mk_fancy_title tag_name=&#8221;h1&#8243; color=&#8221;#ffffff&#8221; size=&#8221;42&#8243; force_font_size=&#8221;true&#8221; size_smallscreen=&#8221;38&#8243; size_tablet=&#8221;36&#8243; size_phone=&#8221;32&#8243; font_weight=&#8221;300&#8243; txt_transform=&#8221;none&#8221; margin_bottom=&#8221;0&#8243; font_family=&#8221;none&#8221; align=&#8221;center&#8221; el_class=&#8221;titleWidth&#8221;]Treballa amb nosaltres[\/mk_fancy_title][\/vc_column][\/mk_page_section][mk_page_section vertical_align=&#8221;center&#8221; bg_color=&#8221;#eff4fa&#8221; min_height=&#8221;&#8221; js_vertical_centered=&#8221;true&#8221; padding_top=&#8221;0&#8243; padding_bottom=&#8221;0&#8243; sidebar=&#8221;menu_1&#8243;][vc_column css=&#8221;.vc_custom_1651769736261{padding-top: 20px !important;padding-bottom: 60px !important;}&#8221;][vc_row_inner is_fullwidth_content=&#8221;false&#8221;][vc_column_inner width=&#8221;1\/2&#8243;][mk_divider style=&#8221;padding_space&#8221; visibility=&#8221;visible-sm&#8221;][vc_single_image image=&#8221;50645&#8243; img_size=&#8221;&#8221; alignment=&#8221;center&#8221; style=&#8221;vc_box_circle_2&#8243; css_animation=&#8221;fadeIn&#8221; css=&#8221;.vc_custom_1651829411143{padding-right: 7% !important;padding-left: 7% !important;}&#8221;][\/vc_column_inner][vc_column_inner width=&#8221;1\/2&#8243;][mk_divider style=&#8221;padding_space&#8221; visibility=&#8221;visible-sm&#8221;][mk_fancy_title size=&#8221;30&#8243; font_weight=&#8221;300&#8243; font_style=&#8221;normal&#8221; txt_transform=&#8221;none&#8221; margin_bottom=&#8221;0&#8243; font_family=&#8221;none&#8221;]Un equip de futur que treballa amb passi\u00f3 i honestedat per fer possible la reproducci\u00f3 asistida personalitzada, \u00e9tica i responsable i fer realitat el somni de les nostres pacients.[\/mk_fancy_title][mk_divider style=&#8221;padding_space&#8221; margin_top=&#8221;10&#8243; margin_bottom=&#8221;10&#8243; visibility=&#8221;visible-sm&#8221;][mk_custom_list style=&#8221;mk-icon-angle-right&#8221; icon_color=&#8221;#085fa8&#8243; margin_bottom=&#8221;0&#8243; align=&#8221;left&#8221;]<strong>A Fertilab Barcelona (Institut Catal\u00e0 de Fertilitat) comptem amb un projecte de futur pl\u00e8 d\u2019oportunitats amb un equip comprom\u00e8s amb la salud reproductiva de les pacients, amb l\u2019excel\u00e8ncia m\u00e9dica i assistencial i la investigaci\u00f3 cient\u00edfica.<\/strong>[\/mk_custom_list][mk_divider style=&#8221;padding_space&#8221; margin_top=&#8221;10&#8243; margin_bottom=&#8221;10&#8243; visibility=&#8221;visible-sm&#8221;][mk_fancy_title tag_name=&#8221;span&#8221; color=&#8221;#47bbea&#8221; size=&#8221;22&#8243; font_weight=&#8221;bold&#8221; font_style=&#8221;normal&#8221; txt_transform=&#8221;none&#8221; margin_bottom=&#8221;0&#8243; font_family=&#8221;Nunito&#8221; font_type=&#8221;google&#8221;]Si vols sumar-te al projecte i desenvolupar la teva carrera professional treballant amb nosaltres, si us plau, fes-nos arribar el teu CV i una carta de presentaci\u00f3 a: <a href=\"mailto:rrhh@fertilab.org\">rrhh@fertilab.org<\/a>[\/mk_fancy_title][mk_divider style=&#8221;padding_space&#8221; margin_top=&#8221;40&#8243; margin_bottom=&#8221;40&#8243; visibility=&#8221;visible-sm&#8221;][\/vc_column_inner][\/vc_row_inner][\/vc_column][\/mk_page_section][mk_page_section vertical_align=&#8221;center&#8221; min_height=&#8221;&#8221; js_vertical_centered=&#8221;true&#8221; padding_top=&#8221;0&#8243; padding_bottom=&#8221;0&#8243; sidebar=&#8221;menu_1&#8243;][vc_column][vc_row_inner is_fullwidth_content=&#8221;false&#8221;][vc_column_inner][mk_divider style=&#8221;padding_space&#8221; margin_top=&#8221;30&#8243; margin_bottom=&#8221;30&#8243; visibility=&#8221;visible-sm&#8221;][mk_fancy_title size=&#8221;30&#8243; font_weight=&#8221;300&#8243; font_style=&#8221;normal&#8221; txt_transform=&#8221;none&#8221; margin_bottom=&#8221;0&#8243; font_family=&#8221;none&#8221; align=&#8221;center&#8221;]\n<p style=\"text-align: center;\">Podr\u00e0s formar part d\u2019un projecte de futur centrat en oferir serveis m\u00e8dics de qualitat personalitzats, aix\u00ed com plans de formaci\u00f3 i promoci\u00f3 interna.<\/p>\n[\/mk_fancy_title][mk_divider style=&#8221;padding_space&#8221; margin_top=&#8221;10&#8243; margin_bottom=&#8221;10&#8243; visibility=&#8221;visible-sm&#8221;][mk_fancy_title tag_name=&#8221;span&#8221; color=&#8221;#47bbea&#8221; size=&#8221;22&#8243; font_weight=&#8221;bold&#8221; font_style=&#8221;normal&#8221; txt_transform=&#8221;none&#8221; margin_bottom=&#8221;0&#8243; font_family=&#8221;Nunito&#8221; font_type=&#8221;google&#8221; align=&#8221;center&#8221;]\n<p style=\"text-align: center;\">Moltes gr\u00e0cies per confiar en Fertilab Barcelona.<\/p>\n[\/mk_fancy_title][mk_divider style=&#8221;padding_space&#8221; margin_top=&#8221;40&#8243; margin_bottom=&#8221;40&#8243; visibility=&#8221;visible-sm&#8221;][\/vc_column_inner][\/vc_row_inner][\/vc_column][\/mk_page_section][vc_row visibility=&#8221;visible-sm&#8221; el_class=&#8221;rowTelephone&#8221;][vc_column][vc_raw_html]JTNDZGl2JTIwaWQlM0QlMjJwaG9uZWJhckZpeGVkJTIyJTNFJTBBJTIwJTIwUGlkZSUyMGNpdGElMjBhbCUyMHRlbCVDMyVBOWZvbm8lMjBncmF0dWl0byUyMCUzQ2ElMjBocmVmJTNEJTIydGVsJTNBOTMyNDExNDE0JTIyJTNFOTMlMjAyNDElMjAxNCUyMDE0JTNDJTJGYSUzRSUwQSUzQyUyRmRpdiUzRQ==[\/vc_raw_html][\/vc_column][\/vc_row][mk_page_section bg_position=&#8221;center center&#8221; bg_repeat=&#8221;no-repeat&#8221; bg_stretch=&#8221;true&#8221; min_height=&#8221;0&#8243; full_width=&#8221;true&#8221; padding_top=&#8221;65&#8243; padding_bottom=&#8221;65&#8243; visibility=&#8221;visible-sm&#8221; el_class=&#8221;contact-bottom responsive-contact&#8221; sidebar=&#8221;sidebar-1&#8243;][vc_column][mk_fancy_title color=&#8221;#7d7d7e&#8221; size=&#8221;28&#8243; force_font_size=&#8221;true&#8221; size_smallscreen=&#8221;38&#8243; size_tablet=&#8221;36&#8243; size_phone=&#8221;32&#8243; font_weight=&#8221;300&#8243; margin_bottom=&#8221;40&#8243; font_family=&#8221;none&#8221; align=&#8221;center&#8221;]\u00bfA\u00fan no est\u00e1s seguro de lo que necesitas?[\/mk_fancy_title][vc_column_text align=&#8221;center&#8221; el_class=&#8221;btnContact&#8221; css=&#8221;.vc_custom_1532514544525{margin-bottom: 0px !important;}&#8221;]<a href=\"https:\/\/fertilab.com\/ca\/contacte\/\">Ponte en contacto<\/a>[\/vc_column_text][\/vc_column][\/mk_page_section]\n<\/div>","protected":false},"excerpt":{"rendered":"<p>[mk_page_section vertical_align=&#8221;center&#8221; bg_image=&#8221;https:\/\/fertilab.com\/wp-content\/uploads\/2022\/05\/web-fertilab_ambient-44.jpg&#8221; bg_image_portrait=&#8221;https:\/\/fertilab.com\/wp-content\/uploads\/2022\/05\/web-fertilab_ambient-44.jpg&#8221; attachment=&#8221;fixed&#8221; bg_position=&#8221;left center&#8221; bg_repeat=&#8221;no-repeat&#8221; bg_stretch=&#8221;true&#8221; enable_3d=&#8221;true&#8221; bg_gradient=&#8221;vertical&#8221; video_color_mask=&#8221;#145da8&#8243; gr_end=&#8221;rgba(20,93,168,0.25)&#8221; video_opacity=&#8221;0.8&#8243; top_shadow=&#8221;true&#8221; min_height=&#8221;450&#8243; full_width=&#8221;true&#8221; js_vertical_centered=&#8221;true&#8221; padding_top=&#8221;0&#8243; padding_bottom=&#8221;0&#8243; sidebar=&#8221;sidebar-1&#8243;][vc_column][mk_divider style=&#8221;padding_space&#8221; margin_top=&#8221;69&#8243; visibility=&#8221;hidden-sm&#8221;][mk_fancy_title tag_name=&#8221;h1&#8243; color=&#8221;#ffffff&#8221; size=&#8221;42&#8243; force_font_size=&#8221;true&#8221; size_smallscreen=&#8221;38&#8243; size_tablet=&#8221;36&#8243; size_phone=&#8221;32&#8243; font_weight=&#8221;300&#8243; txt_transform=&#8221;none&#8221; margin_bottom=&#8221;0&#8243; font_family=&#8221;none&#8221; align=&#8221;center&#8221; el_class=&#8221;titleWidth&#8221;]Treballa amb nosaltres[\/mk_fancy_title][\/vc_column][\/mk_page_section][mk_page_section vertical_align=&#8221;center&#8221; bg_color=&#8221;#eff4fa&#8221; min_height=&#8221;&#8221; js_vertical_centered=&#8221;true&#8221; padding_top=&#8221;0&#8243; padding_bottom=&#8221;0&#8243; sidebar=&#8221;menu_1&#8243;][vc_column css=&#8221;.vc_custom_1651769736261{padding-top: 20px !important;padding-bottom: 60px !important;}&#8221;][vc_row_inner is_fullwidth_content=&#8221;false&#8221;][vc_column_inner width=&#8221;1\/2&#8243;][mk_divider style=&#8221;padding_space&#8221; visibility=&#8221;visible-sm&#8221;][vc_single_image [&hellip;]<\/p>\n","protected":false},"author":1,"featured_media":0,"parent":0,"menu_order":0,"comment_status":"closed","ping_status":"closed","template":"","meta":{"footnotes":""},"class_list":["post-50567","page","type-page","status-publish","hentry"],"yoast_head":"<!-- This site is optimized with the Yoast SEO plugin v27.4 - https:\/\/yoast.com\/product\/yoast-seo-wordpress\/ -->\n<title>Treballa amb nosaltres - Fertilab Barcelona<\/title>\n<meta name=\"robots\" content=\"index, follow, max-snippet:-1, max-image-preview:large, max-video-preview:-1\" \/>\n<link rel=\"canonical\" href=\"https:\/\/fertilab.com\/ca\/treballa-amb-nosaltres\/\" \/>\n<meta property=\"og:locale\" content=\"ca_ES\" \/>\n<meta property=\"og:type\" content=\"article\" \/>\n<meta property=\"og:title\" content=\"Treballa amb nosaltres - Fertilab Barcelona\" \/>\n<meta property=\"og:description\" content=\"[mk_page_section vertical_align=&#8221;center&#8221; bg_image=&#8221;https:\/\/fertilab.com\/wp-content\/uploads\/2022\/05\/web-fertilab_ambient-44.jpg&#8221; bg_image_portrait=&#8221;https:\/\/fertilab.com\/wp-content\/uploads\/2022\/05\/web-fertilab_ambient-44.jpg&#8221; attachment=&#8221;fixed&#8221; bg_position=&#8221;left center&#8221; bg_repeat=&#8221;no-repeat&#8221; bg_stretch=&#8221;true&#8221; enable_3d=&#8221;true&#8221; bg_gradient=&#8221;vertical&#8221; video_color_mask=&#8221;#145da8&#8243; gr_end=&#8221;rgba(20,93,168,0.25)&#8221; video_opacity=&#8221;0.8&#8243; top_shadow=&#8221;true&#8221; min_height=&#8221;450&#8243; full_width=&#8221;true&#8221; js_vertical_centered=&#8221;true&#8221; padding_top=&#8221;0&#8243; padding_bottom=&#8221;0&#8243; sidebar=&#8221;sidebar-1&#8243;][vc_column][mk_divider style=&#8221;padding_space&#8221; margin_top=&#8221;69&#8243; visibility=&#8221;hidden-sm&#8221;][mk_fancy_title tag_name=&#8221;h1&#8243; color=&#8221;#ffffff&#8221; size=&#8221;42&#8243; force_font_size=&#8221;true&#8221; size_smallscreen=&#8221;38&#8243; size_tablet=&#8221;36&#8243; size_phone=&#8221;32&#8243; font_weight=&#8221;300&#8243; txt_transform=&#8221;none&#8221; margin_bottom=&#8221;0&#8243; font_family=&#8221;none&#8221; align=&#8221;center&#8221; el_class=&#8221;titleWidth&#8221;]Treballa amb nosaltres[\/mk_fancy_title][\/vc_column][\/mk_page_section][mk_page_section vertical_align=&#8221;center&#8221; bg_color=&#8221;#eff4fa&#8221; min_height=&#8221;&#8221; js_vertical_centered=&#8221;true&#8221; padding_top=&#8221;0&#8243; padding_bottom=&#8221;0&#8243; sidebar=&#8221;menu_1&#8243;][vc_column css=&#8221;.vc_custom_1651769736261{padding-top: 20px !important;padding-bottom: 60px !important;}&#8221;][vc_row_inner is_fullwidth_content=&#8221;false&#8221;][vc_column_inner width=&#8221;1\/2&#8243;][mk_divider style=&#8221;padding_space&#8221; visibility=&#8221;visible-sm&#8221;][vc_single_image [&hellip;]\" \/>\n<meta property=\"og:url\" content=\"https:\/\/fertilab.com\/ca\/treballa-amb-nosaltres\/\" \/>\n<meta property=\"og:site_name\" content=\"Fertilab Barcelona\" \/>\n<meta property=\"article:publisher\" content=\"https:\/\/www.facebook.com\/fertilabbarcelona\" \/>\n<meta property=\"article:modified_time\" content=\"2022-05-06T10:32:33+00:00\" \/>\n<meta name=\"twitter:card\" content=\"summary_large_image\" \/>\n<meta name=\"twitter:label1\" content=\"Temps estimat de lectura\" \/>\n\t<meta name=\"twitter:data1\" content=\"2 minuts\" \/>\n<script type=\"application\/ld+json\" class=\"yoast-schema-graph\">{\"@context\":\"https:\\\/\\\/schema.org\",\"@graph\":[{\"@type\":\"WebPage\",\"@id\":\"https:\\\/\\\/fertilab.com\\\/ca\\\/treballa-amb-nosaltres\\\/\",\"url\":\"https:\\\/\\\/fertilab.com\\\/ca\\\/treballa-amb-nosaltres\\\/\",\"name\":\"Treballa amb nosaltres - Fertilab Barcelona\",\"isPartOf\":{\"@id\":\"https:\\\/\\\/fertilab.com\\\/#website\"},\"datePublished\":\"2022-05-06T10:30:11+00:00\",\"dateModified\":\"2022-05-06T10:32:33+00:00\",\"breadcrumb\":{\"@id\":\"https:\\\/\\\/fertilab.com\\\/ca\\\/treballa-amb-nosaltres\\\/#breadcrumb\"},\"inLanguage\":\"ca\",\"potentialAction\":[{\"@type\":\"ReadAction\",\"target\":[\"https:\\\/\\\/fertilab.com\\\/ca\\\/treballa-amb-nosaltres\\\/\"]}]},{\"@type\":\"BreadcrumbList\",\"@id\":\"https:\\\/\\\/fertilab.com\\\/ca\\\/treballa-amb-nosaltres\\\/#breadcrumb\",\"itemListElement\":[{\"@type\":\"ListItem\",\"position\":1,\"name\":\"Home\",\"item\":\"https:\\\/\\\/fertilab.com\\\/ca\\\/\"},{\"@type\":\"ListItem\",\"position\":2,\"name\":\"Treballa amb nosaltres\"}]},{\"@type\":\"WebSite\",\"@id\":\"https:\\\/\\\/fertilab.com\\\/#website\",\"url\":\"https:\\\/\\\/fertilab.com\\\/\",\"name\":\"Fertilab Barcelona\",\"description\":\"Trabajamos para que pod\u00e1is sentir la emoci\u00f3n de ser padres\",\"publisher\":{\"@id\":\"https:\\\/\\\/fertilab.com\\\/#organization\"},\"potentialAction\":[{\"@type\":\"SearchAction\",\"target\":{\"@type\":\"EntryPoint\",\"urlTemplate\":\"https:\\\/\\\/fertilab.com\\\/?s={search_term_string}\"},\"query-input\":{\"@type\":\"PropertyValueSpecification\",\"valueRequired\":true,\"valueName\":\"search_term_string\"}}],\"inLanguage\":\"ca\"},{\"@type\":\"Organization\",\"@id\":\"https:\\\/\\\/fertilab.com\\\/#organization\",\"name\":\"Fertilab Barcelona\",\"url\":\"https:\\\/\\\/fertilab.com\\\/\",\"logo\":{\"@type\":\"ImageObject\",\"inLanguage\":\"ca\",\"@id\":\"https:\\\/\\\/fertilab.com\\\/#\\\/schema\\\/logo\\\/image\\\/\",\"url\":\"https:\\\/\\\/fertilab.com\\\/wp-content\\\/uploads\\\/2023\\\/10\\\/cropped-fertilab-logo-fav.png\",\"contentUrl\":\"https:\\\/\\\/fertilab.com\\\/wp-content\\\/uploads\\\/2023\\\/10\\\/cropped-fertilab-logo-fav.png\",\"width\":512,\"height\":512,\"caption\":\"Fertilab Barcelona\"},\"image\":{\"@id\":\"https:\\\/\\\/fertilab.com\\\/#\\\/schema\\\/logo\\\/image\\\/\"},\"sameAs\":[\"https:\\\/\\\/www.facebook.com\\\/fertilabbarcelona\",\"https:\\\/\\\/www.youtube.com\\\/user\\\/FertilabTV\"]}]}<\/script>\n<!-- \/ Yoast SEO plugin. -->","yoast_head_json":{"title":"Treballa amb nosaltres - Fertilab Barcelona","robots":{"index":"index","follow":"follow","max-snippet":"max-snippet:-1","max-image-preview":"max-image-preview:large","max-video-preview":"max-video-preview:-1"},"canonical":"https:\/\/fertilab.com\/ca\/treballa-amb-nosaltres\/","og_locale":"ca_ES","og_type":"article","og_title":"Treballa amb nosaltres - Fertilab Barcelona","og_description":"[mk_page_section vertical_align=&#8221;center&#8221; bg_image=&#8221;https:\/\/fertilab.com\/wp-content\/uploads\/2022\/05\/web-fertilab_ambient-44.jpg&#8221; bg_image_portrait=&#8221;https:\/\/fertilab.com\/wp-content\/uploads\/2022\/05\/web-fertilab_ambient-44.jpg&#8221; attachment=&#8221;fixed&#8221; bg_position=&#8221;left center&#8221; bg_repeat=&#8221;no-repeat&#8221; bg_stretch=&#8221;true&#8221; enable_3d=&#8221;true&#8221; bg_gradient=&#8221;vertical&#8221; video_color_mask=&#8221;#145da8&#8243; gr_end=&#8221;rgba(20,93,168,0.25)&#8221; video_opacity=&#8221;0.8&#8243; top_shadow=&#8221;true&#8221; min_height=&#8221;450&#8243; full_width=&#8221;true&#8221; js_vertical_centered=&#8221;true&#8221; padding_top=&#8221;0&#8243; padding_bottom=&#8221;0&#8243; sidebar=&#8221;sidebar-1&#8243;][vc_column][mk_divider style=&#8221;padding_space&#8221; margin_top=&#8221;69&#8243; visibility=&#8221;hidden-sm&#8221;][mk_fancy_title tag_name=&#8221;h1&#8243; color=&#8221;#ffffff&#8221; size=&#8221;42&#8243; force_font_size=&#8221;true&#8221; size_smallscreen=&#8221;38&#8243; size_tablet=&#8221;36&#8243; size_phone=&#8221;32&#8243; font_weight=&#8221;300&#8243; txt_transform=&#8221;none&#8221; margin_bottom=&#8221;0&#8243; font_family=&#8221;none&#8221; align=&#8221;center&#8221; el_class=&#8221;titleWidth&#8221;]Treballa amb nosaltres[\/mk_fancy_title][\/vc_column][\/mk_page_section][mk_page_section vertical_align=&#8221;center&#8221; bg_color=&#8221;#eff4fa&#8221; min_height=&#8221;&#8221; js_vertical_centered=&#8221;true&#8221; padding_top=&#8221;0&#8243; padding_bottom=&#8221;0&#8243; sidebar=&#8221;menu_1&#8243;][vc_column css=&#8221;.vc_custom_1651769736261{padding-top: 20px !important;padding-bottom: 60px !important;}&#8221;][vc_row_inner is_fullwidth_content=&#8221;false&#8221;][vc_column_inner width=&#8221;1\/2&#8243;][mk_divider style=&#8221;padding_space&#8221; visibility=&#8221;visible-sm&#8221;][vc_single_image [&hellip;]","og_url":"https:\/\/fertilab.com\/ca\/treballa-amb-nosaltres\/","og_site_name":"Fertilab Barcelona","article_publisher":"https:\/\/www.facebook.com\/fertilabbarcelona","article_modified_time":"2022-05-06T10:32:33+00:00","twitter_card":"summary_large_image","twitter_misc":{"Temps estimat de lectura":"2 minuts"},"schema":{"@context":"https:\/\/schema.org","@graph":[{"@type":"WebPage","@id":"https:\/\/fertilab.com\/ca\/treballa-amb-nosaltres\/","url":"https:\/\/fertilab.com\/ca\/treballa-amb-nosaltres\/","name":"Treballa amb nosaltres - Fertilab Barcelona","isPartOf":{"@id":"https:\/\/fertilab.com\/#website"},"datePublished":"2022-05-06T10:30:11+00:00","dateModified":"2022-05-06T10:32:33+00:00","breadcrumb":{"@id":"https:\/\/fertilab.com\/ca\/treballa-amb-nosaltres\/#breadcrumb"},"inLanguage":"ca","potentialAction":[{"@type":"ReadAction","target":["https:\/\/fertilab.com\/ca\/treballa-amb-nosaltres\/"]}]},{"@type":"BreadcrumbList","@id":"https:\/\/fertilab.com\/ca\/treballa-amb-nosaltres\/#breadcrumb","itemListElement":[{"@type":"ListItem","position":1,"name":"Home","item":"https:\/\/fertilab.com\/ca\/"},{"@type":"ListItem","position":2,"name":"Treballa amb nosaltres"}]},{"@type":"WebSite","@id":"https:\/\/fertilab.com\/#website","url":"https:\/\/fertilab.com\/","name":"Fertilab Barcelona","description":"Trabajamos para que pod\u00e1is sentir la emoci\u00f3n de ser padres","publisher":{"@id":"https:\/\/fertilab.com\/#organization"},"potentialAction":[{"@type":"SearchAction","target":{"@type":"EntryPoint","urlTemplate":"https:\/\/fertilab.com\/?s={search_term_string}"},"query-input":{"@type":"PropertyValueSpecification","valueRequired":true,"valueName":"search_term_string"}}],"inLanguage":"ca"},{"@type":"Organization","@id":"https:\/\/fertilab.com\/#organization","name":"Fertilab Barcelona","url":"https:\/\/fertilab.com\/","logo":{"@type":"ImageObject","inLanguage":"ca","@id":"https:\/\/fertilab.com\/#\/schema\/logo\/image\/","url":"https:\/\/fertilab.com\/wp-content\/uploads\/2023\/10\/cropped-fertilab-logo-fav.png","contentUrl":"https:\/\/fertilab.com\/wp-content\/uploads\/2023\/10\/cropped-fertilab-logo-fav.png","width":512,"height":512,"caption":"Fertilab Barcelona"},"image":{"@id":"https:\/\/fertilab.com\/#\/schema\/logo\/image\/"},"sameAs":["https:\/\/www.facebook.com\/fertilabbarcelona","https:\/\/www.youtube.com\/user\/FertilabTV"]}]}},"_links":{"self":[{"href":"https:\/\/fertilab.com\/ca\/wp-json\/wp\/v2\/pages\/50567","targetHints":{"allow":["GET"]}}],"collection":[{"href":"https:\/\/fertilab.com\/ca\/wp-json\/wp\/v2\/pages"}],"about":[{"href":"https:\/\/fertilab.com\/ca\/wp-json\/wp\/v2\/types\/page"}],"author":[{"embeddable":true,"href":"https:\/\/fertilab.com\/ca\/wp-json\/wp\/v2\/users\/1"}],"replies":[{"embeddable":true,"href":"https:\/\/fertilab.com\/ca\/wp-json\/wp\/v2\/comments?post=50567"}],"version-history":[{"count":0,"href":"https:\/\/fertilab.com\/ca\/wp-json\/wp\/v2\/pages\/50567\/revisions"}],"wp:attachment":[{"href":"https:\/\/fertilab.com\/ca\/wp-json\/wp\/v2\/media?parent=50567"}],"curies":[{"name":"wp","href":"https:\/\/api.w.org\/{rel}","templated":true}]}}