{"id":28370,"date":"2021-04-21T11:41:29","date_gmt":"2021-04-21T11:41:29","guid":{"rendered":"https:\/\/fertilab.com\/warum-fertilab\/mission-vision-and-values\/"},"modified":"2021-04-21T12:05:42","modified_gmt":"2021-04-21T12:05:42","slug":"mission-vision-and-values","status":"publish","type":"page","link":"https:\/\/fertilab.com\/de\/warum-fertilab\/mission-vision-and-values\/","title":{"rendered":"Mission, Vision und Werte"},"content":{"rendered":"<div class=\"wpb-content-wrapper\">[mk_page_section vertical_align=&#8220;center&#8220; bg_image=&#8220;https:\/\/fertilab.com\/wp-content\/uploads\/2021\/04\/top-mision_prov.jpg&#8220; bg_image_portrait=&#8220;https:\/\/fertilab.com\/wp-content\/uploads\/2021\/04\/top-mision_prov.jpg&#8220; bg_position=&#8220;right top&#8220; bg_repeat=&#8220;no-repeat&#8220; bg_stretch=&#8220;true&#8220; bg_gradient=&#8220;vertical&#8220; video_color_mask=&#8220;#145da8&#8243; gr_end=&#8220;rgba(20,93,168,0.25)&#8220; top_shadow=&#8220;true&#8220; min_height=&#8220;530&#8243; full_width=&#8220;true&#8220; padding_top=&#8220;0&#8243; padding_bottom=&#8220;0&#8243; sidebar=&#8220;sidebar-1&#8243;][vc_column][vc_row_inner is_fullwidth_content=&#8220;false&#8220;][vc_column_inner][vc_column_text align=&#8220;center&#8220; el_class=&#8220;lk-back&#8220; css=&#8220;.vc_custom_1619006210765{margin-bottom: 0px !important;}&#8220;]<a href=\"https:\/\/fertilab.com\/de\/warum-fertilab\/\">Warum Fertilab?<\/a>[\/vc_column_text][mk_fancy_title tag_name=&#8220;h1&#8243; color=&#8220;#ffffff&#8220; size=&#8220;42&#8243; force_font_size=&#8220;true&#8220; size_smallscreen=&#8220;38&#8243; size_tablet=&#8220;36&#8243; size_phone=&#8220;32&#8243; font_weight=&#8220;300&#8243; txt_transform=&#8220;none&#8220; margin_bottom=&#8220;0&#8243; font_family=&#8220;none&#8220; align=&#8220;center&#8220; el_class=&#8220;titleWidth&#8220;]Mission, Vision und Werte[\/mk_fancy_title][\/vc_column_inner][\/vc_row_inner][\/vc_column][\/mk_page_section][mk_page_section vertical_align=&#8220;center&#8220; min_height=&#8220;&#8220; js_vertical_centered=&#8220;true&#8220; padding_top=&#8220;0&#8243; padding_bottom=&#8220;0&#8243; sidebar=&#8220;menu_1&#8243;][vc_column][vc_row_inner is_fullwidth_content=&#8220;false&#8220; css=&#8220;.vc_custom_1619000882645{padding-top: 30px !important;}&#8220;][vc_column_inner width=&#8220;1\/2&#8243;][vc_single_image image=&#8220;28288&#8243; img_size=&#8220;&#8220; alignment=&#8220;center&#8220; style=&#8220;vc_box_circle_2&#8243; css_animation=&#8220;fadeIn&#8220; css=&#8220;.vc_custom_1619002353510{padding-right: 7% !important;padding-left: 7% !important;}&#8220;][\/vc_column_inner][vc_column_inner width=&#8220;1\/2&#8243;][mk_divider style=&#8220;padding_space&#8220; margin_top=&#8220;50&#8243; margin_bottom=&#8220;50&#8243; visibility=&#8220;hidden-sm&#8220;][mk_fancy_title size=&#8220;30&#8243; font_weight=&#8220;300&#8243; font_style=&#8220;normal&#8220; txt_transform=&#8220;none&#8220; margin_bottom=&#8220;0&#8243; font_family=&#8220;none&#8220;]Mission[\/mk_fancy_title][mk_fancy_title tag_name=&#8220;span&#8220; color=&#8220;#47bbea&#8220; size=&#8220;22&#8243; font_weight=&#8220;bold&#8220; font_style=&#8220;normal&#8220; txt_transform=&#8220;none&#8220; margin_bottom=&#8220;0&#8243; font_family=&#8220;Nunito&#8220; font_type=&#8220;google&#8220;]Wir bieten Ihnen die besten Leistungen der Reproduktionsmedizin. Dank unserer hervorragenden \u00c4rzte, genau auf Sie abgestimmten Behandlungsmethoden und der Anwendung neuester Technologien erreichen wir die besten Behandlungsergebnisse \u2013 in k\u00fcrzester Zeit und zu vertretbaren Preisen.[\/mk_fancy_title][mk_divider style=&#8220;padding_space&#8220; visibility=&#8220;visible-sm&#8220;][\/vc_column_inner][\/vc_row_inner][\/vc_column][\/mk_page_section][mk_page_section vertical_align=&#8220;center&#8220; bg_color=&#8220;#eff4fa&#8220; min_height=&#8220;&#8220; js_vertical_centered=&#8220;true&#8220; padding_top=&#8220;0&#8243; padding_bottom=&#8220;0&#8243; sidebar=&#8220;menu_1&#8243;][vc_column][vc_row_inner is_fullwidth_content=&#8220;false&#8220; css=&#8220;.vc_custom_1619001933359{padding-top: 30px !important;}&#8220;][vc_column_inner width=&#8220;1\/2&#8243;][vc_single_image image=&#8220;28314&#8243; img_size=&#8220;&#8220; alignment=&#8220;center&#8220; style=&#8220;vc_box_circle_2&#8243; css_animation=&#8220;fadeIn&#8220; css=&#8220;.vc_custom_1619002039965{padding-right: 7% !important;padding-left: 7% !important;}&#8220;][\/vc_column_inner][vc_column_inner width=&#8220;1\/2&#8243;][mk_divider style=&#8220;padding_space&#8220; margin_top=&#8220;50&#8243; margin_bottom=&#8220;50&#8243; visibility=&#8220;hidden-sm&#8220;][mk_fancy_title size=&#8220;30&#8243; font_weight=&#8220;300&#8243; font_style=&#8220;normal&#8220; txt_transform=&#8220;none&#8220; margin_bottom=&#8220;0&#8243; font_family=&#8220;none&#8220;]Vision[\/mk_fancy_title][mk_fancy_title tag_name=&#8220;span&#8220; color=&#8220;#47bbea&#8220; size=&#8220;22&#8243; font_weight=&#8220;bold&#8220; font_style=&#8220;normal&#8220; txt_transform=&#8220;none&#8220; margin_bottom=&#8220;0&#8243; font_family=&#8220;Nunito&#8220; font_type=&#8220;google&#8220;]Wir erarbeiten uns einen internationalen Ruf in Bezug auf die Betreuungsqualit\u00e4t und Individualisierung der reproduktionsmedizinischen Behandlungen. Unser Ziel ist es, die gr\u00f6\u00dftm\u00f6gliche Anzahl Kinder lebend zur Welt und gesund nach Hause zu bringen.[\/mk_fancy_title][mk_divider style=&#8220;padding_space&#8220; visibility=&#8220;visible-sm&#8220;][\/vc_column_inner][\/vc_row_inner][\/vc_column][\/mk_page_section][mk_page_section vertical_align=&#8220;center&#8220; min_height=&#8220;&#8220; js_vertical_centered=&#8220;true&#8220; padding_top=&#8220;0&#8243; padding_bottom=&#8220;0&#8243; sidebar=&#8220;menu_1&#8243;][vc_column][vc_row_inner is_fullwidth_content=&#8220;false&#8220; css=&#8220;.vc_custom_1619000897030{padding-top: 30px !important;}&#8220;][vc_column_inner width=&#8220;1\/2&#8243;][vc_single_image image=&#8220;28336&#8243; img_size=&#8220;&#8220; alignment=&#8220;center&#8220; style=&#8220;vc_box_circle_2&#8243; css_animation=&#8220;fadeIn&#8220; css=&#8220;.vc_custom_1619002419121{padding-right: 7% !important;padding-left: 7% !important;}&#8220;][\/vc_column_inner][vc_column_inner width=&#8220;1\/2&#8243;][mk_fancy_title size=&#8220;30&#8243; font_weight=&#8220;300&#8243; font_style=&#8220;normal&#8220; txt_transform=&#8220;none&#8220; margin_bottom=&#8220;0&#8243; font_family=&#8220;none&#8220;]Werte[\/mk_fancy_title][mk_fancy_title tag_name=&#8220;span&#8220; color=&#8220;#47bbea&#8220; size=&#8220;22&#8243; font_weight=&#8220;bold&#8220; font_style=&#8220;normal&#8220; txt_transform=&#8220;none&#8220; margin_bottom=&#8220;0&#8243; font_family=&#8220;Nunito&#8220; font_type=&#8220;google&#8220;]Wir behandeln unsere Patientinnen und Patienten so, wie wir selbst behandelt werden m\u00f6chten.[\/mk_fancy_title][mk_custom_list style=&#8220;mk-icon-angle-right&#8220; icon_color=&#8220;#085fa8&#8243; align=&#8220;left&#8220;]\n<ul>\n<li>Begeisterung f\u00fcr das Leben<\/li>\n<li>Engagement<\/li>\n<li>Professionalit\u00e4t<\/li>\n<li>Ehrlichkeit<\/li>\n<li>Menschlichkeit<\/li>\n<li>Innovation<\/li>\n<li>Forschung<\/li>\n<li>Kontinuierliche Verbesserung<\/li>\n<li>Flexibilit\u00e4t<\/li>\n<\/ul>\n[\/mk_custom_list][mk_divider style=&#8220;padding_space&#8220; visibility=&#8220;visible-sm&#8220;][\/vc_column_inner][\/vc_row_inner][\/vc_column][\/mk_page_section][vc_row visibility=&#8220;visible-sm&#8220; el_class=&#8220;rowTelephone&#8220;][vc_column][vc_raw_html]JTNDZGl2JTIwaWQlM0QlMjJwaG9uZWJhckZpeGVkJTIyJTNFJTBBJTIwJTIwUGlkZSUyMGNpdGElMjBhbCUyMHRlbCVDMyVBOWZvbm8lMjBncmF0dWl0byUyMCUzQ2ElMjBocmVmJTNEJTIydGVsJTNBOTMyNDExNDE0JTIyJTNFOTMlMjAyNDElMjAxNCUyMDE0JTNDJTJGYSUzRSUwQSUzQyUyRmRpdiUzRQ==[\/vc_raw_html][\/vc_column][\/vc_row]\n<\/div>","protected":false},"excerpt":{"rendered":"<p>[mk_page_section vertical_align=&#8220;center&#8220; bg_image=&#8220;https:\/\/fertilab.com\/wp-content\/uploads\/2021\/04\/top-mision_prov.jpg&#8220; bg_image_portrait=&#8220;https:\/\/fertilab.com\/wp-content\/uploads\/2021\/04\/top-mision_prov.jpg&#8220; bg_position=&#8220;right top&#8220; bg_repeat=&#8220;no-repeat&#8220; bg_stretch=&#8220;true&#8220; bg_gradient=&#8220;vertical&#8220; video_color_mask=&#8220;#145da8&#8243; gr_end=&#8220;rgba(20,93,168,0.25)&#8220; top_shadow=&#8220;true&#8220; min_height=&#8220;530&#8243; full_width=&#8220;true&#8220; padding_top=&#8220;0&#8243; padding_bottom=&#8220;0&#8243; sidebar=&#8220;sidebar-1&#8243;][vc_column][vc_row_inner is_fullwidth_content=&#8220;false&#8220;][vc_column_inner][vc_column_text align=&#8220;center&#8220; el_class=&#8220;lk-back&#8220; css=&#8220;.vc_custom_1619006210765{margin-bottom: 0px !important;}&#8220;]Warum Fertilab?[\/vc_column_text][mk_fancy_title tag_name=&#8220;h1&#8243; color=&#8220;#ffffff&#8220; size=&#8220;42&#8243; force_font_size=&#8220;true&#8220; size_smallscreen=&#8220;38&#8243; size_tablet=&#8220;36&#8243; size_phone=&#8220;32&#8243; font_weight=&#8220;300&#8243; txt_transform=&#8220;none&#8220; margin_bottom=&#8220;0&#8243; font_family=&#8220;none&#8220; align=&#8220;center&#8220; el_class=&#8220;titleWidth&#8220;]Mission, Vision und Werte[\/mk_fancy_title][\/vc_column_inner][\/vc_row_inner][\/vc_column][\/mk_page_section][mk_page_section vertical_align=&#8220;center&#8220; min_height=&#8220;&#8220; js_vertical_centered=&#8220;true&#8220; padding_top=&#8220;0&#8243; padding_bottom=&#8220;0&#8243; sidebar=&#8220;menu_1&#8243;][vc_column][vc_row_inner is_fullwidth_content=&#8220;false&#8220; css=&#8220;.vc_custom_1619000882645{padding-top: 30px !important;}&#8220;][vc_column_inner width=&#8220;1\/2&#8243;][vc_single_image image=&#8220;28288&#8243; img_size=&#8220;&#8220; alignment=&#8220;center&#8220; style=&#8220;vc_box_circle_2&#8243; [&hellip;]<\/p>\n","protected":false},"author":1,"featured_media":0,"parent":4589,"menu_order":0,"comment_status":"closed","ping_status":"closed","template":"","meta":{"footnotes":""},"class_list":["post-28370","page","type-page","status-publish","hentry"],"yoast_head":"<!-- This site is optimized with the Yoast SEO plugin v27.5 - https:\/\/yoast.com\/product\/yoast-seo-wordpress\/ -->\n<title>Mission, Vision und Werte - Fertilab Barcelona<\/title>\n<meta name=\"robots\" content=\"index, follow, max-snippet:-1, max-image-preview:large, max-video-preview:-1\" \/>\n<link rel=\"canonical\" href=\"https:\/\/fertilab.com\/de\/warum-fertilab\/mission-vision-and-values\/\" \/>\n<meta property=\"og:locale\" content=\"de_DE\" \/>\n<meta property=\"og:type\" content=\"article\" \/>\n<meta property=\"og:title\" content=\"Mission, Vision und Werte - Fertilab Barcelona\" \/>\n<meta property=\"og:description\" content=\"[mk_page_section vertical_align=&#8220;center&#8220; bg_image=&#8220;https:\/\/fertilab.com\/wp-content\/uploads\/2021\/04\/top-mision_prov.jpg&#8220; bg_image_portrait=&#8220;https:\/\/fertilab.com\/wp-content\/uploads\/2021\/04\/top-mision_prov.jpg&#8220; bg_position=&#8220;right top&#8220; bg_repeat=&#8220;no-repeat&#8220; bg_stretch=&#8220;true&#8220; bg_gradient=&#8220;vertical&#8220; video_color_mask=&#8220;#145da8&#8243; gr_end=&#8220;rgba(20,93,168,0.25)&#8220; top_shadow=&#8220;true&#8220; min_height=&#8220;530&#8243; full_width=&#8220;true&#8220; padding_top=&#8220;0&#8243; padding_bottom=&#8220;0&#8243; sidebar=&#8220;sidebar-1&#8243;][vc_column][vc_row_inner is_fullwidth_content=&#8220;false&#8220;][vc_column_inner][vc_column_text align=&#8220;center&#8220; el_class=&#8220;lk-back&#8220; css=&#8220;.vc_custom_1619006210765{margin-bottom: 0px !important;}&#8220;]Warum Fertilab?[\/vc_column_text][mk_fancy_title tag_name=&#8220;h1&#8243; color=&#8220;#ffffff&#8220; size=&#8220;42&#8243; force_font_size=&#8220;true&#8220; size_smallscreen=&#8220;38&#8243; size_tablet=&#8220;36&#8243; size_phone=&#8220;32&#8243; font_weight=&#8220;300&#8243; txt_transform=&#8220;none&#8220; margin_bottom=&#8220;0&#8243; font_family=&#8220;none&#8220; align=&#8220;center&#8220; el_class=&#8220;titleWidth&#8220;]Mission, Vision und Werte[\/mk_fancy_title][\/vc_column_inner][\/vc_row_inner][\/vc_column][\/mk_page_section][mk_page_section vertical_align=&#8220;center&#8220; min_height=&#8220;&#8220; js_vertical_centered=&#8220;true&#8220; padding_top=&#8220;0&#8243; padding_bottom=&#8220;0&#8243; sidebar=&#8220;menu_1&#8243;][vc_column][vc_row_inner is_fullwidth_content=&#8220;false&#8220; css=&#8220;.vc_custom_1619000882645{padding-top: 30px !important;}&#8220;][vc_column_inner width=&#8220;1\/2&#8243;][vc_single_image image=&#8220;28288&#8243; img_size=&#8220;&#8220; alignment=&#8220;center&#8220; style=&#8220;vc_box_circle_2&#8243; [&hellip;]\" \/>\n<meta property=\"og:url\" content=\"https:\/\/fertilab.com\/de\/warum-fertilab\/mission-vision-and-values\/\" \/>\n<meta property=\"og:site_name\" content=\"Fertilab Barcelona\" \/>\n<meta property=\"article:publisher\" content=\"https:\/\/www.facebook.com\/fertilabbarcelona\" \/>\n<meta property=\"article:modified_time\" content=\"2021-04-21T12:05:42+00:00\" \/>\n<meta name=\"twitter:card\" content=\"summary_large_image\" \/>\n<meta name=\"twitter:label1\" content=\"Gesch\u00e4tzte Lesezeit\" \/>\n\t<meta name=\"twitter:data1\" content=\"2\u00a0Minuten\" \/>\n<script type=\"application\/ld+json\" class=\"yoast-schema-graph\">{\"@context\":\"https:\\\/\\\/schema.org\",\"@graph\":[{\"@type\":\"WebPage\",\"@id\":\"https:\\\/\\\/fertilab.com\\\/de\\\/warum-fertilab\\\/mission-vision-and-values\\\/\",\"url\":\"https:\\\/\\\/fertilab.com\\\/de\\\/warum-fertilab\\\/mission-vision-and-values\\\/\",\"name\":\"Mission, Vision und Werte - Fertilab Barcelona\",\"isPartOf\":{\"@id\":\"https:\\\/\\\/fertilab.com\\\/#website\"},\"datePublished\":\"2021-04-21T11:41:29+00:00\",\"dateModified\":\"2021-04-21T12:05:42+00:00\",\"breadcrumb\":{\"@id\":\"https:\\\/\\\/fertilab.com\\\/de\\\/warum-fertilab\\\/mission-vision-and-values\\\/#breadcrumb\"},\"inLanguage\":\"de\",\"potentialAction\":[{\"@type\":\"ReadAction\",\"target\":[\"https:\\\/\\\/fertilab.com\\\/de\\\/warum-fertilab\\\/mission-vision-and-values\\\/\"]}]},{\"@type\":\"BreadcrumbList\",\"@id\":\"https:\\\/\\\/fertilab.com\\\/de\\\/warum-fertilab\\\/mission-vision-and-values\\\/#breadcrumb\",\"itemListElement\":[{\"@type\":\"ListItem\",\"position\":1,\"name\":\"Home\",\"item\":\"https:\\\/\\\/fertilab.com\\\/de\\\/\"},{\"@type\":\"ListItem\",\"position\":2,\"name\":\"Warum Fertilab?\",\"item\":\"https:\\\/\\\/fertilab.com\\\/de\\\/warum-fertilab\\\/\"},{\"@type\":\"ListItem\",\"position\":3,\"name\":\"Mission, Vision und Werte\"}]},{\"@type\":\"WebSite\",\"@id\":\"https:\\\/\\\/fertilab.com\\\/#website\",\"url\":\"https:\\\/\\\/fertilab.com\\\/\",\"name\":\"Fertilab Barcelona\",\"description\":\"Trabajamos para que pod\u00e1is sentir la emoci\u00f3n de ser padres\",\"publisher\":{\"@id\":\"https:\\\/\\\/fertilab.com\\\/#organization\"},\"potentialAction\":[{\"@type\":\"SearchAction\",\"target\":{\"@type\":\"EntryPoint\",\"urlTemplate\":\"https:\\\/\\\/fertilab.com\\\/?s={search_term_string}\"},\"query-input\":{\"@type\":\"PropertyValueSpecification\",\"valueRequired\":true,\"valueName\":\"search_term_string\"}}],\"inLanguage\":\"de\"},{\"@type\":\"Organization\",\"@id\":\"https:\\\/\\\/fertilab.com\\\/#organization\",\"name\":\"Fertilab Barcelona\",\"url\":\"https:\\\/\\\/fertilab.com\\\/\",\"logo\":{\"@type\":\"ImageObject\",\"inLanguage\":\"de\",\"@id\":\"https:\\\/\\\/fertilab.com\\\/#\\\/schema\\\/logo\\\/image\\\/\",\"url\":\"https:\\\/\\\/fertilab.com\\\/wp-content\\\/uploads\\\/2023\\\/10\\\/cropped-fertilab-logo-fav.png\",\"contentUrl\":\"https:\\\/\\\/fertilab.com\\\/wp-content\\\/uploads\\\/2023\\\/10\\\/cropped-fertilab-logo-fav.png\",\"width\":512,\"height\":512,\"caption\":\"Fertilab Barcelona\"},\"image\":{\"@id\":\"https:\\\/\\\/fertilab.com\\\/#\\\/schema\\\/logo\\\/image\\\/\"},\"sameAs\":[\"https:\\\/\\\/www.facebook.com\\\/fertilabbarcelona\",\"https:\\\/\\\/www.youtube.com\\\/user\\\/FertilabTV\"]}]}<\/script>\n<!-- \/ Yoast SEO plugin. -->","yoast_head_json":{"title":"Mission, Vision und Werte - Fertilab Barcelona","robots":{"index":"index","follow":"follow","max-snippet":"max-snippet:-1","max-image-preview":"max-image-preview:large","max-video-preview":"max-video-preview:-1"},"canonical":"https:\/\/fertilab.com\/de\/warum-fertilab\/mission-vision-and-values\/","og_locale":"de_DE","og_type":"article","og_title":"Mission, Vision und Werte - Fertilab Barcelona","og_description":"[mk_page_section vertical_align=&#8220;center&#8220; bg_image=&#8220;https:\/\/fertilab.com\/wp-content\/uploads\/2021\/04\/top-mision_prov.jpg&#8220; bg_image_portrait=&#8220;https:\/\/fertilab.com\/wp-content\/uploads\/2021\/04\/top-mision_prov.jpg&#8220; bg_position=&#8220;right top&#8220; bg_repeat=&#8220;no-repeat&#8220; bg_stretch=&#8220;true&#8220; bg_gradient=&#8220;vertical&#8220; video_color_mask=&#8220;#145da8&#8243; gr_end=&#8220;rgba(20,93,168,0.25)&#8220; top_shadow=&#8220;true&#8220; min_height=&#8220;530&#8243; full_width=&#8220;true&#8220; padding_top=&#8220;0&#8243; padding_bottom=&#8220;0&#8243; sidebar=&#8220;sidebar-1&#8243;][vc_column][vc_row_inner is_fullwidth_content=&#8220;false&#8220;][vc_column_inner][vc_column_text align=&#8220;center&#8220; el_class=&#8220;lk-back&#8220; css=&#8220;.vc_custom_1619006210765{margin-bottom: 0px !important;}&#8220;]Warum Fertilab?[\/vc_column_text][mk_fancy_title tag_name=&#8220;h1&#8243; color=&#8220;#ffffff&#8220; size=&#8220;42&#8243; force_font_size=&#8220;true&#8220; size_smallscreen=&#8220;38&#8243; size_tablet=&#8220;36&#8243; size_phone=&#8220;32&#8243; font_weight=&#8220;300&#8243; txt_transform=&#8220;none&#8220; margin_bottom=&#8220;0&#8243; font_family=&#8220;none&#8220; align=&#8220;center&#8220; el_class=&#8220;titleWidth&#8220;]Mission, Vision und Werte[\/mk_fancy_title][\/vc_column_inner][\/vc_row_inner][\/vc_column][\/mk_page_section][mk_page_section vertical_align=&#8220;center&#8220; min_height=&#8220;&#8220; js_vertical_centered=&#8220;true&#8220; padding_top=&#8220;0&#8243; padding_bottom=&#8220;0&#8243; sidebar=&#8220;menu_1&#8243;][vc_column][vc_row_inner is_fullwidth_content=&#8220;false&#8220; css=&#8220;.vc_custom_1619000882645{padding-top: 30px !important;}&#8220;][vc_column_inner width=&#8220;1\/2&#8243;][vc_single_image image=&#8220;28288&#8243; img_size=&#8220;&#8220; alignment=&#8220;center&#8220; style=&#8220;vc_box_circle_2&#8243; [&hellip;]","og_url":"https:\/\/fertilab.com\/de\/warum-fertilab\/mission-vision-and-values\/","og_site_name":"Fertilab Barcelona","article_publisher":"https:\/\/www.facebook.com\/fertilabbarcelona","article_modified_time":"2021-04-21T12:05:42+00:00","twitter_card":"summary_large_image","twitter_misc":{"Gesch\u00e4tzte Lesezeit":"2\u00a0Minuten"},"schema":{"@context":"https:\/\/schema.org","@graph":[{"@type":"WebPage","@id":"https:\/\/fertilab.com\/de\/warum-fertilab\/mission-vision-and-values\/","url":"https:\/\/fertilab.com\/de\/warum-fertilab\/mission-vision-and-values\/","name":"Mission, Vision und Werte - Fertilab Barcelona","isPartOf":{"@id":"https:\/\/fertilab.com\/#website"},"datePublished":"2021-04-21T11:41:29+00:00","dateModified":"2021-04-21T12:05:42+00:00","breadcrumb":{"@id":"https:\/\/fertilab.com\/de\/warum-fertilab\/mission-vision-and-values\/#breadcrumb"},"inLanguage":"de","potentialAction":[{"@type":"ReadAction","target":["https:\/\/fertilab.com\/de\/warum-fertilab\/mission-vision-and-values\/"]}]},{"@type":"BreadcrumbList","@id":"https:\/\/fertilab.com\/de\/warum-fertilab\/mission-vision-and-values\/#breadcrumb","itemListElement":[{"@type":"ListItem","position":1,"name":"Home","item":"https:\/\/fertilab.com\/de\/"},{"@type":"ListItem","position":2,"name":"Warum Fertilab?","item":"https:\/\/fertilab.com\/de\/warum-fertilab\/"},{"@type":"ListItem","position":3,"name":"Mission, Vision und Werte"}]},{"@type":"WebSite","@id":"https:\/\/fertilab.com\/#website","url":"https:\/\/fertilab.com\/","name":"Fertilab Barcelona","description":"Trabajamos para que pod\u00e1is sentir la emoci\u00f3n de ser padres","publisher":{"@id":"https:\/\/fertilab.com\/#organization"},"potentialAction":[{"@type":"SearchAction","target":{"@type":"EntryPoint","urlTemplate":"https:\/\/fertilab.com\/?s={search_term_string}"},"query-input":{"@type":"PropertyValueSpecification","valueRequired":true,"valueName":"search_term_string"}}],"inLanguage":"de"},{"@type":"Organization","@id":"https:\/\/fertilab.com\/#organization","name":"Fertilab Barcelona","url":"https:\/\/fertilab.com\/","logo":{"@type":"ImageObject","inLanguage":"de","@id":"https:\/\/fertilab.com\/#\/schema\/logo\/image\/","url":"https:\/\/fertilab.com\/wp-content\/uploads\/2023\/10\/cropped-fertilab-logo-fav.png","contentUrl":"https:\/\/fertilab.com\/wp-content\/uploads\/2023\/10\/cropped-fertilab-logo-fav.png","width":512,"height":512,"caption":"Fertilab Barcelona"},"image":{"@id":"https:\/\/fertilab.com\/#\/schema\/logo\/image\/"},"sameAs":["https:\/\/www.facebook.com\/fertilabbarcelona","https:\/\/www.youtube.com\/user\/FertilabTV"]}]}},"_links":{"self":[{"href":"https:\/\/fertilab.com\/de\/wp-json\/wp\/v2\/pages\/28370","targetHints":{"allow":["GET"]}}],"collection":[{"href":"https:\/\/fertilab.com\/de\/wp-json\/wp\/v2\/pages"}],"about":[{"href":"https:\/\/fertilab.com\/de\/wp-json\/wp\/v2\/types\/page"}],"author":[{"embeddable":true,"href":"https:\/\/fertilab.com\/de\/wp-json\/wp\/v2\/users\/1"}],"replies":[{"embeddable":true,"href":"https:\/\/fertilab.com\/de\/wp-json\/wp\/v2\/comments?post=28370"}],"version-history":[{"count":0,"href":"https:\/\/fertilab.com\/de\/wp-json\/wp\/v2\/pages\/28370\/revisions"}],"up":[{"embeddable":true,"href":"https:\/\/fertilab.com\/de\/wp-json\/wp\/v2\/pages\/4589"}],"wp:attachment":[{"href":"https:\/\/fertilab.com\/de\/wp-json\/wp\/v2\/media?parent=28370"}],"curies":[{"name":"wp","href":"https:\/\/api.w.org\/{rel}","templated":true}]}}