{"id":4559,"date":"2019-03-02T16:26:32","date_gmt":"2019-03-02T16:26:32","guid":{"rendered":"https:\/\/fertilab.com\/?page_id=4559"},"modified":"2019-03-18T10:47:54","modified_gmt":"2019-03-18T10:47:54","slug":"pid-praeimplantationsdiagnostik","status":"publish","type":"page","link":"https:\/\/fertilab.com\/de\/pid-praeimplantationsdiagnostik\/","title":{"rendered":"PID-Pr\u00e4implantationsdiagnostik"},"content":{"rendered":"<div class=\"wpb-content-wrapper\">[mk_page_section vertical_align=&#8220;center&#8220; bg_image=&#8220;https:\/\/fertilab.com\/wp-content\/uploads\/2018\/06\/et-2.jpg&#8220; bg_position=&#8220;center center&#8220; bg_repeat=&#8220;no-repeat&#8220; bg_stretch=&#8220;true&#8220; bg_gradient=&#8220;vertical&#8220; video_color_mask=&#8220;#145da8&#8243; gr_end=&#8220;rgba(20,93,168,0.25)&#8220; top_shadow=&#8220;true&#8220; min_height=&#8220;530&#8243; full_width=&#8220;true&#8220; padding_top=&#8220;0&#8243; padding_bottom=&#8220;0&#8243; sidebar=&#8220;sidebar-1&#8243;][vc_column][vc_row_inner is_fullwidth_content=&#8220;false&#8220;][vc_column_inner][mk_fancy_title tag_name=&#8220;h1&#8243; color=&#8220;#ffffff&#8220; size=&#8220;42&#8243; force_font_size=&#8220;true&#8220; size_smallscreen=&#8220;38&#8243; size_tablet=&#8220;36&#8243; size_phone=&#8220;32&#8243; font_weight=&#8220;300&#8243; txt_transform=&#8220;none&#8220; margin_bottom=&#8220;0&#8243; font_family=&#8220;none&#8220; align=&#8220;center&#8220; el_class=&#8220;titleWidth&#8220;]PID-Pr\u00e4implantationsdiagnostik <em>(monogene Krankheiten)<\/em>[\/mk_fancy_title][mk_fancy_title tag_name=&#8220;span&#8220; color=&#8220;#ffffff&#8220; size=&#8220;18&#8243; font_weight=&#8220;400&#8243; txt_transform=&#8220;none&#8220; margin_bottom=&#8220;0&#8243; font_family=&#8220;none&#8220; align=&#8220;center&#8220; el_class=&#8220;titleWidth&#8220;]Auswahl von Embryonen, die frei von Erbkrankheiten sind, damit Sie ein gesundes Baby bekommen.[\/mk_fancy_title][\/vc_column_inner][\/vc_row_inner][\/vc_column][\/mk_page_section][vc_row][vc_column][\/vc_column][\/vc_row][mk_page_section bg_color=&#8220;#ffffff&#8220; padding_top=&#8220;80&#8243; padding_bottom=&#8220;80&#8243; sidebar=&#8220;sidebar-1&#8243;][vc_column][vc_row_inner css=&#8220;.vc_custom_1529330850334{padding-bottom: 50px !important;}&#8220;][vc_column_inner width=&#8220;1\/2&#8243;][mk_image src=&#8220;https:\/\/fertilab.com\/wp-content\/uploads\/2018\/07\/ilu_embryoscope.png&#8220; image_size=&#8220;full&#8220; align=&#8220;center&#8220;][\/vc_column_inner][vc_column_inner width=&#8220;1\/2&#8243;][mk_fancy_title color=&#8220;#4a76c9&#8243; size=&#8220;21&#8243; font_weight=&#8220;bold&#8220; font_style=&#8220;normal&#8220; txt_transform=&#8220;uppercase&#8220; margin_top=&#8220;62&#8243; margin_bottom=&#8220;22&#8243; font_family=&#8220;none&#8220;]PID-Pr\u00e4implantationsdiagnostik <em>(monogene Krankheiten)<\/em>[\/mk_fancy_title][mk_fancy_title color=&#8220;#4a76c9&#8243; size=&#8220;21&#8243; font_weight=&#8220;300&#8243; font_style=&#8220;italic&#8220; margin_bottom=&#8220;0&#8243; font_family=&#8220;none&#8220;]Was ist eine PID?[\/mk_fancy_title][vc_column_text css=&#8220;.vc_custom_1551543685957{margin-bottom: 0px !important;}&#8220;]Die genetische Pr\u00e4implantationsdiagnostik (PID) ist eine Diagnosetechnik, die als Erg\u00e4nzung zur In-vitro-Fertilisation verwendet wird. Sie erm\u00f6glicht die genetische Analyse von Embryonen in der Anfangsphase der Entwicklung und die \u00dcbertragung von als gesund eingestuften Embryonen (ohne genetische Ver\u00e4nderungen) in den Uterus. Ziel ist es, gesunde Nachkommen sicherzustellen und bestimmte Erkrankungen, Chromosomenanomalien oder genetische Mutationen auszuschlie\u00dfen.<\/p>\n<p>Die PID erfordert eine umfassende Untersuchung durch unser Team aus \u00c4rzten, Biologen und Genetikern sowie die Ausarbeitung eines individuellen Diagnose- und Therapieplans. Als n\u00e4chstes muss das Paar eine In-vitro-Fertilisationsbehandlung durchlaufen, um die Embryonen bis zum Blastozystenstadium kultivieren zu k\u00f6nnen und die Embryonenbiopsie durchzuf\u00fchren.<br \/>\n[\/vc_column_text][mk_fancy_title color=&#8220;#4a76c9&#8243; size=&#8220;21&#8243; font_weight=&#8220;300&#8243; font_style=&#8220;italic&#8220; margin_bottom=&#8220;0&#8243; font_family=&#8220;none&#8220;]Embryonenbiopsie[\/mk_fancy_title][vc_column_text css=&#8220;.vc_custom_1551543710660{margin-bottom: 0px !important;}&#8220;]Von jedem Embryo wird eine Probe entnommen, um seine genetische Belastung zu untersuchen. Embryonen, die als gesund (krankheitsfrei) diagnostiziert wurden, k\u00f6nnen in die Geb\u00e4rmutter \u00fcberf\u00fchrt werden, um eine evolutive und normale Schwangerschaft zu erreichen.<br \/>\n[\/vc_column_text][mk_fancy_title color=&#8220;#4a76c9&#8243; size=&#8220;21&#8243; font_weight=&#8220;300&#8243; font_style=&#8220;italic&#8220; margin_bottom=&#8220;0&#8243; font_family=&#8220;none&#8220;]Die PID erm\u00f6glicht gesunde Nachkommen[\/mk_fancy_title][vc_column_text css=&#8220;.vc_custom_1551543739067{margin-bottom: 0px !important;}&#8220;]In der Liste der Indikationen f\u00fcr Nebenerkrankungen der Pr\u00e4implantationsdiagnostik sind alle Krankheiten aufgef\u00fchrt, die wir diagnostizieren k\u00f6nnen. Wenn Sie n\u00e4here Informationen zu einer Krankheit ben\u00f6tigen, die nicht in der folgenden Liste aufgef\u00fchrt ist, wenden Sie sich bitte an uns. Unsere Genetiker befinden sich in einem st\u00e4ndigen Innovations- und Forschungsprozess.[\/vc_column_text][mk_fancy_title color=&#8220;#4a76c9&#8243; size=&#8220;21&#8243; font_weight=&#8220;300&#8243; font_style=&#8220;italic&#8220; margin_bottom=&#8220;0&#8243; font_family=&#8220;none&#8220;]Hinweise auf Nebenerkrankungen der PID[\/mk_fancy_title][vc_column_text css=&#8220;.vc_custom_1551543798266{margin-bottom: 0px !important;}&#8220;]Es ist m\u00f6glich, die PID einer beliebigen genetischen Erkrankung durchzuf\u00fchren, bei der das Gen unabh\u00e4ngig von seinem autosomal dominanten, autosomal rezessiven oder X-verkn\u00fcpften Vererbungsmuster charakterisiert wurde. Im Idealfall ist es zweckm\u00e4\u00dfig, die verantwortliche Mutation zu identifizieren und die Verwandten des Paares ebenfalls zu untersuchen.<\/p>\n<p>Bislang wurde die PID f\u00fcr die Analyse von mehr als 370 verschiedenen monogenen Erkrankungen angewendet. Die PID ist nur sinnvoll, wenn die genetische Diagnose technisch m\u00f6glich ist, ihre Zuverl\u00e4ssigkeit hoch ist, die Erfolgschancen akzeptabel sind und Techniken der assistierten Reproduktion durchf\u00fchrbar sind.<\/p>\n<p><strong>Paare, die f\u00fcr eine PID in Frage kommen, sind solche mit einem hohen genetischen Risiko f\u00fcr monogene Krankheiten.<\/strong><\/p>\n<p>Pr\u00fcfen Sie die Liste der durch PID nachweisbaren monogenen Krankheiten.<br \/>\n[\/vc_column_text][mk_fancy_title color=&#8220;#4a76c9&#8243; size=&#8220;21&#8243; font_weight=&#8220;300&#8243; font_style=&#8220;italic&#8220; margin_bottom=&#8220;0&#8243; font_family=&#8220;none&#8220;]Besondere Angaben der PID[\/mk_fancy_title][vc_column_text css=&#8220;.vc_custom_1551543904408{margin-bottom: 0px !important;}&#8220;]<strong><span class=\"destacado\">Veranlagung gegen\u00fcber bestimmten Krankheiten <\/span><\/strong><\/p>\n<p>Es gibt Mutationen in bestimmten Genen, die f\u00fcr das Auftreten von Krankheiten im Laufe des Lebens pr\u00e4disponiert sind. Wenn dieses erbliche Verhalten best\u00e4tigt wurde, erm\u00f6glicht die Durchf\u00fchrung einer PID, das Auftreten der Krankheit bei Nachkommen auszuschlie\u00dfen.<\/p>\n<p>Beispiele f\u00fcr solche vermeidbaren Krankheiten sind famili\u00e4re adenomat\u00f6se Polyposis, Neurofibromatose und Brustkrebs genetischen Ursprungs. In diesen F\u00e4llen erfordert die Durchf\u00fchrung einer PID die ausdr\u00fcckliche Genehmigung der Gesundheitsbeh\u00f6rde nach einem positiven Bericht der Nationalkommission f\u00fcr Assistierte Menschliche Reproduktion.<\/p>\n<p><strong><span class=\"destacado\">Pr\u00e4implantationsdiagnostik und Histokompatibilit\u00e4t (HLA)<\/span><\/strong><\/p>\n<p>Das derzeitige Gesetz \u00fcber Techniken der assistierten Reproduktion umfasst die M\u00f6glichkeit, einen PID-Zyklus zur Bestimmung von Histokompatibilit\u00e4tsantigenen (HLA &#8211; humanes Leukozytenantigen) f\u00fcr therapeutische Zwecke f\u00fcr Dritte durchzuf\u00fchren.<\/p>\n<p>Diese L\u00f6sung wird angewendet, wenn ein Verwandter ersten Grades, in der Regel ein Kind, an einer Erkrankung des h\u00e4matopoetischen Systems leidet, die eine Transplantation von Knochenmarks- oder Nabelschnurzellen erfordert. In diesen F\u00e4llen erfordert die Durchf\u00fchrung einer PID die ausdr\u00fcckliche Genehmigung der Gesundheitsbeh\u00f6rde nach einem positiven Bericht der Nationalkommission f\u00fcr Assistierte Menschliche Reproduktion.[\/vc_column_text][\/vc_column_inner][\/vc_row_inner][\/vc_column][\/mk_page_section][mk_page_section vertical_align=&#8220;center&#8220; bg_image=&#8220;https:\/\/fertilab.com\/wp-content\/uploads\/2018\/06\/img_imagenembryo_backgroundblur.jpg&#8220; bg_position=&#8220;center center&#8220; bg_repeat=&#8220;no-repeat&#8220; bg_stretch=&#8220;true&#8220; top_shadow=&#8220;true&#8220; adaptive_height=&#8220;true&#8220; min_height=&#8220;600&#8243; padding_top=&#8220;0&#8243; padding_bottom=&#8220;0&#8243; el_class=&#8220;barcelona video&#8220; sidebar=&#8220;sidebar-1&#8243;][vc_column][vc_row_inner][vc_column_inner][mk_fancy_title color=&#8220;#ffffff&#8220; size=&#8220;21&#8243; font_weight=&#8220;300&#8243; font_style=&#8220;italic&#8220; margin_top=&#8220;40&#8243; margin_bottom=&#8220;40&#8243; font_family=&#8220;none&#8220; align=&#8220;center&#8220;]Worum geht es und wie kann es Ihnen behilflich sein, die Pr\u00e4implantationsdiagnostik durchzuf\u00fcren<em>(monogene Krankheiten)<\/em>?[\/mk_fancy_title][vc_raw_html]JTVCcnl2LXBvcHVwJTIwdmlkZW8lM0QlMjJodHRwcyUzQSUyRiUyRnd3dy55b3V0dWJlLmNvbSUyRmVtYmVkJTJGZVIxQ05kMnVDc00lM0ZhdXRvcGxheSUzRDElMjIlNUQlMEElM0NkaXYlMjBjbGFzcyUzRCUyMndwYl9zaW5nbGVfaW1hZ2UlMjB3cGJfY29udGVudF9lbGVtZW50JTIwdmNfYWxpZ25fY2VudGVyJTIyJTNFJTBBJTA5JTA5JTBBJTNDaWZyYW1lJTIwd2lkdGglM0QlMjI1NjAlMjIlMjBoZWlnaHQlM0QlMjIzMTUlMjIlMjBzcmMlM0QlMjJodHRwcyUzQSUyRiUyRnd3dy55b3V0dWJlLmNvbSUyRmVtYmVkJTJGQXdPMjgyc0l5Y2MlMjIlMjBmcmFtZWJvcmRlciUzRCUyMjAlMjIlMjBhbGxvdyUzRCUyMmFjY2VsZXJvbWV0ZXIlM0IlMjBhdXRvcGxheSUzQiUyMGVuY3J5cHRlZC1tZWRpYSUzQiUyMGd5cm9zY29wZSUzQiUyMHBpY3R1cmUtaW4tcGljdHVyZSUyMiUyMGFsbG93ZnVsbHNjcmVlbiUzRSUzQyUyRmlmcmFtZSUzRSUwOSUwOSUwQSUwQSUwOSUzQyUyRmRpdiUzRQ==[\/vc_raw_html][\/vc_column_inner][\/vc_row_inner][\/vc_column][\/mk_page_section][mk_page_section bg_position=&#8220;center center&#8220; bg_repeat=&#8220;no-repeat&#8220; bg_stretch=&#8220;true&#8220; min_height=&#8220;0&#8243; full_width=&#8220;true&#8220; padding_top=&#8220;65&#8243; padding_bottom=&#8220;65&#8243; el_class=&#8220;contact-bottom responsive-contact&#8220; sidebar=&#8220;sidebar-1&#8243;][vc_column][mk_fancy_title color=&#8220;#7d7d7e&#8220; size=&#8220;28&#8243; force_font_size=&#8220;true&#8220; size_smallscreen=&#8220;38&#8243; size_tablet=&#8220;36&#8243; size_phone=&#8220;32&#8243; font_weight=&#8220;300&#8243; margin_bottom=&#8220;40&#8243; font_family=&#8220;none&#8220; align=&#8220;center&#8220;] Interessieren Sie sich f\u00fcr diese Methode?[\/mk_fancy_title][vc_column_text align=&#8220;center&#8220; el_class=&#8220;btnContact&#8220; css=&#8220;.vc_custom_1551543988688{margin-bottom: 0px !important;}&#8220;]<a href=\"https:\/\/fertilab.com\/en\/contact\/\">KONTAKTAUFNAHME<\/a>[\/vc_column_text][\/vc_column][\/mk_page_section][vc_row visibility=&#8220;visible-sm&#8220; el_class=&#8220;rowTelephone&#8220;][vc_column][vc_raw_html]JTNDZGl2JTIwaWQlM0QlMjJwaG9uZWJhckZpeGVkJTIyJTNFJTBBJTIwJTIwVGVybWluJTIwVmVyZWluYmFyZW4lMjAlM0NhJTIwaHJlZiUzRCUyMnRlbCUzQTM0OTMyNDExNDE0JTIyJTNFJTI4JTJCMzQlMjklMjA5My4yNDEuMTQuMTQlM0MlMkZhJTNFJTBBJTNDJTJGZGl2JTNF[\/vc_raw_html][\/vc_column][\/vc_row]\n<\/div>","protected":false},"excerpt":{"rendered":"<p>[mk_page_section vertical_align=&#8220;center&#8220; bg_image=&#8220;https:\/\/fertilab.com\/wp-content\/uploads\/2018\/06\/et-2.jpg&#8220; bg_position=&#8220;center center&#8220; bg_repeat=&#8220;no-repeat&#8220; bg_stretch=&#8220;true&#8220; bg_gradient=&#8220;vertical&#8220; video_color_mask=&#8220;#145da8&#8243; gr_end=&#8220;rgba(20,93,168,0.25)&#8220; top_shadow=&#8220;true&#8220; min_height=&#8220;530&#8243; full_width=&#8220;true&#8220; padding_top=&#8220;0&#8243; padding_bottom=&#8220;0&#8243; sidebar=&#8220;sidebar-1&#8243;][vc_column][vc_row_inner is_fullwidth_content=&#8220;false&#8220;][vc_column_inner][mk_fancy_title tag_name=&#8220;h1&#8243; color=&#8220;#ffffff&#8220; size=&#8220;42&#8243; force_font_size=&#8220;true&#8220; size_smallscreen=&#8220;38&#8243; size_tablet=&#8220;36&#8243; size_phone=&#8220;32&#8243; font_weight=&#8220;300&#8243; txt_transform=&#8220;none&#8220; margin_bottom=&#8220;0&#8243; font_family=&#8220;none&#8220; align=&#8220;center&#8220; el_class=&#8220;titleWidth&#8220;]PID-Pr\u00e4implantationsdiagnostik (monogene Krankheiten)[\/mk_fancy_title][mk_fancy_title tag_name=&#8220;span&#8220; color=&#8220;#ffffff&#8220; size=&#8220;18&#8243; font_weight=&#8220;400&#8243; txt_transform=&#8220;none&#8220; margin_bottom=&#8220;0&#8243; font_family=&#8220;none&#8220; align=&#8220;center&#8220; el_class=&#8220;titleWidth&#8220;]Auswahl von Embryonen, die frei von Erbkrankheiten sind, damit Sie ein gesundes Baby bekommen.[\/mk_fancy_title][\/vc_column_inner][\/vc_row_inner][\/vc_column][\/mk_page_section][vc_row][vc_column][\/vc_column][\/vc_row][mk_page_section bg_color=&#8220;#ffffff&#8220; [&hellip;]<\/p>\n","protected":false},"author":1,"featured_media":0,"parent":0,"menu_order":0,"comment_status":"closed","ping_status":"closed","template":"","meta":{"footnotes":""},"class_list":["post-4559","page","type-page","status-publish","hentry"],"yoast_head":"<!-- This site is optimized with the Yoast SEO plugin v27.4 - https:\/\/yoast.com\/product\/yoast-seo-wordpress\/ -->\n<title>PID-Pr\u00e4implantationsdiagnostik - Fertilab Barcelona<\/title>\n<meta name=\"robots\" content=\"index, follow, max-snippet:-1, max-image-preview:large, max-video-preview:-1\" \/>\n<link rel=\"canonical\" href=\"https:\/\/fertilab.com\/de\/pid-praeimplantationsdiagnostik\/\" \/>\n<meta property=\"og:locale\" content=\"de_DE\" \/>\n<meta property=\"og:type\" content=\"article\" \/>\n<meta property=\"og:title\" content=\"PID-Pr\u00e4implantationsdiagnostik - Fertilab Barcelona\" \/>\n<meta property=\"og:description\" content=\"[mk_page_section vertical_align=&#8220;center&#8220; bg_image=&#8220;https:\/\/fertilab.com\/wp-content\/uploads\/2018\/06\/et-2.jpg&#8220; bg_position=&#8220;center center&#8220; bg_repeat=&#8220;no-repeat&#8220; bg_stretch=&#8220;true&#8220; bg_gradient=&#8220;vertical&#8220; video_color_mask=&#8220;#145da8&#8243; gr_end=&#8220;rgba(20,93,168,0.25)&#8220; top_shadow=&#8220;true&#8220; min_height=&#8220;530&#8243; full_width=&#8220;true&#8220; padding_top=&#8220;0&#8243; padding_bottom=&#8220;0&#8243; sidebar=&#8220;sidebar-1&#8243;][vc_column][vc_row_inner is_fullwidth_content=&#8220;false&#8220;][vc_column_inner][mk_fancy_title tag_name=&#8220;h1&#8243; color=&#8220;#ffffff&#8220; size=&#8220;42&#8243; force_font_size=&#8220;true&#8220; size_smallscreen=&#8220;38&#8243; size_tablet=&#8220;36&#8243; size_phone=&#8220;32&#8243; font_weight=&#8220;300&#8243; txt_transform=&#8220;none&#8220; margin_bottom=&#8220;0&#8243; font_family=&#8220;none&#8220; align=&#8220;center&#8220; el_class=&#8220;titleWidth&#8220;]PID-Pr\u00e4implantationsdiagnostik (monogene Krankheiten)[\/mk_fancy_title][mk_fancy_title tag_name=&#8220;span&#8220; color=&#8220;#ffffff&#8220; size=&#8220;18&#8243; font_weight=&#8220;400&#8243; txt_transform=&#8220;none&#8220; margin_bottom=&#8220;0&#8243; font_family=&#8220;none&#8220; align=&#8220;center&#8220; el_class=&#8220;titleWidth&#8220;]Auswahl von Embryonen, die frei von Erbkrankheiten sind, damit Sie ein gesundes Baby bekommen.[\/mk_fancy_title][\/vc_column_inner][\/vc_row_inner][\/vc_column][\/mk_page_section][vc_row][vc_column][\/vc_column][\/vc_row][mk_page_section bg_color=&#8220;#ffffff&#8220; [&hellip;]\" \/>\n<meta property=\"og:url\" content=\"https:\/\/fertilab.com\/de\/pid-praeimplantationsdiagnostik\/\" \/>\n<meta property=\"og:site_name\" content=\"Fertilab Barcelona\" \/>\n<meta property=\"article:publisher\" content=\"https:\/\/www.facebook.com\/fertilabbarcelona\" \/>\n<meta property=\"article:modified_time\" content=\"2019-03-18T10:47:54+00:00\" \/>\n<meta name=\"twitter:card\" content=\"summary_large_image\" \/>\n<meta name=\"twitter:label1\" content=\"Gesch\u00e4tzte Lesezeit\" \/>\n\t<meta name=\"twitter:data1\" content=\"6\u00a0Minuten\" \/>\n<script type=\"application\/ld+json\" class=\"yoast-schema-graph\">{\"@context\":\"https:\\\/\\\/schema.org\",\"@graph\":[{\"@type\":\"WebPage\",\"@id\":\"https:\\\/\\\/fertilab.com\\\/de\\\/pid-praeimplantationsdiagnostik\\\/\",\"url\":\"https:\\\/\\\/fertilab.com\\\/de\\\/pid-praeimplantationsdiagnostik\\\/\",\"name\":\"PID-Pr\u00e4implantationsdiagnostik - Fertilab Barcelona\",\"isPartOf\":{\"@id\":\"https:\\\/\\\/fertilab.com\\\/#website\"},\"datePublished\":\"2019-03-02T16:26:32+00:00\",\"dateModified\":\"2019-03-18T10:47:54+00:00\",\"breadcrumb\":{\"@id\":\"https:\\\/\\\/fertilab.com\\\/de\\\/pid-praeimplantationsdiagnostik\\\/#breadcrumb\"},\"inLanguage\":\"de\",\"potentialAction\":[{\"@type\":\"ReadAction\",\"target\":[\"https:\\\/\\\/fertilab.com\\\/de\\\/pid-praeimplantationsdiagnostik\\\/\"]}]},{\"@type\":\"BreadcrumbList\",\"@id\":\"https:\\\/\\\/fertilab.com\\\/de\\\/pid-praeimplantationsdiagnostik\\\/#breadcrumb\",\"itemListElement\":[{\"@type\":\"ListItem\",\"position\":1,\"name\":\"Home\",\"item\":\"https:\\\/\\\/fertilab.com\\\/de\\\/\"},{\"@type\":\"ListItem\",\"position\":2,\"name\":\"PID-Pr\u00e4implantationsdiagnostik\"}]},{\"@type\":\"WebSite\",\"@id\":\"https:\\\/\\\/fertilab.com\\\/#website\",\"url\":\"https:\\\/\\\/fertilab.com\\\/\",\"name\":\"Fertilab Barcelona\",\"description\":\"Trabajamos para que pod\u00e1is sentir la emoci\u00f3n de ser padres\",\"publisher\":{\"@id\":\"https:\\\/\\\/fertilab.com\\\/#organization\"},\"potentialAction\":[{\"@type\":\"SearchAction\",\"target\":{\"@type\":\"EntryPoint\",\"urlTemplate\":\"https:\\\/\\\/fertilab.com\\\/?s={search_term_string}\"},\"query-input\":{\"@type\":\"PropertyValueSpecification\",\"valueRequired\":true,\"valueName\":\"search_term_string\"}}],\"inLanguage\":\"de\"},{\"@type\":\"Organization\",\"@id\":\"https:\\\/\\\/fertilab.com\\\/#organization\",\"name\":\"Fertilab Barcelona\",\"url\":\"https:\\\/\\\/fertilab.com\\\/\",\"logo\":{\"@type\":\"ImageObject\",\"inLanguage\":\"de\",\"@id\":\"https:\\\/\\\/fertilab.com\\\/#\\\/schema\\\/logo\\\/image\\\/\",\"url\":\"https:\\\/\\\/fertilab.com\\\/wp-content\\\/uploads\\\/2023\\\/10\\\/cropped-fertilab-logo-fav.png\",\"contentUrl\":\"https:\\\/\\\/fertilab.com\\\/wp-content\\\/uploads\\\/2023\\\/10\\\/cropped-fertilab-logo-fav.png\",\"width\":512,\"height\":512,\"caption\":\"Fertilab Barcelona\"},\"image\":{\"@id\":\"https:\\\/\\\/fertilab.com\\\/#\\\/schema\\\/logo\\\/image\\\/\"},\"sameAs\":[\"https:\\\/\\\/www.facebook.com\\\/fertilabbarcelona\",\"https:\\\/\\\/www.youtube.com\\\/user\\\/FertilabTV\"]}]}<\/script>\n<!-- \/ Yoast SEO plugin. -->","yoast_head_json":{"title":"PID-Pr\u00e4implantationsdiagnostik - Fertilab Barcelona","robots":{"index":"index","follow":"follow","max-snippet":"max-snippet:-1","max-image-preview":"max-image-preview:large","max-video-preview":"max-video-preview:-1"},"canonical":"https:\/\/fertilab.com\/de\/pid-praeimplantationsdiagnostik\/","og_locale":"de_DE","og_type":"article","og_title":"PID-Pr\u00e4implantationsdiagnostik - Fertilab Barcelona","og_description":"[mk_page_section vertical_align=&#8220;center&#8220; bg_image=&#8220;https:\/\/fertilab.com\/wp-content\/uploads\/2018\/06\/et-2.jpg&#8220; bg_position=&#8220;center center&#8220; bg_repeat=&#8220;no-repeat&#8220; bg_stretch=&#8220;true&#8220; bg_gradient=&#8220;vertical&#8220; video_color_mask=&#8220;#145da8&#8243; gr_end=&#8220;rgba(20,93,168,0.25)&#8220; top_shadow=&#8220;true&#8220; min_height=&#8220;530&#8243; full_width=&#8220;true&#8220; padding_top=&#8220;0&#8243; padding_bottom=&#8220;0&#8243; sidebar=&#8220;sidebar-1&#8243;][vc_column][vc_row_inner is_fullwidth_content=&#8220;false&#8220;][vc_column_inner][mk_fancy_title tag_name=&#8220;h1&#8243; color=&#8220;#ffffff&#8220; size=&#8220;42&#8243; force_font_size=&#8220;true&#8220; size_smallscreen=&#8220;38&#8243; size_tablet=&#8220;36&#8243; size_phone=&#8220;32&#8243; font_weight=&#8220;300&#8243; txt_transform=&#8220;none&#8220; margin_bottom=&#8220;0&#8243; font_family=&#8220;none&#8220; align=&#8220;center&#8220; el_class=&#8220;titleWidth&#8220;]PID-Pr\u00e4implantationsdiagnostik (monogene Krankheiten)[\/mk_fancy_title][mk_fancy_title tag_name=&#8220;span&#8220; color=&#8220;#ffffff&#8220; size=&#8220;18&#8243; font_weight=&#8220;400&#8243; txt_transform=&#8220;none&#8220; margin_bottom=&#8220;0&#8243; font_family=&#8220;none&#8220; align=&#8220;center&#8220; el_class=&#8220;titleWidth&#8220;]Auswahl von Embryonen, die frei von Erbkrankheiten sind, damit Sie ein gesundes Baby bekommen.[\/mk_fancy_title][\/vc_column_inner][\/vc_row_inner][\/vc_column][\/mk_page_section][vc_row][vc_column][\/vc_column][\/vc_row][mk_page_section bg_color=&#8220;#ffffff&#8220; [&hellip;]","og_url":"https:\/\/fertilab.com\/de\/pid-praeimplantationsdiagnostik\/","og_site_name":"Fertilab Barcelona","article_publisher":"https:\/\/www.facebook.com\/fertilabbarcelona","article_modified_time":"2019-03-18T10:47:54+00:00","twitter_card":"summary_large_image","twitter_misc":{"Gesch\u00e4tzte Lesezeit":"6\u00a0Minuten"},"schema":{"@context":"https:\/\/schema.org","@graph":[{"@type":"WebPage","@id":"https:\/\/fertilab.com\/de\/pid-praeimplantationsdiagnostik\/","url":"https:\/\/fertilab.com\/de\/pid-praeimplantationsdiagnostik\/","name":"PID-Pr\u00e4implantationsdiagnostik - Fertilab Barcelona","isPartOf":{"@id":"https:\/\/fertilab.com\/#website"},"datePublished":"2019-03-02T16:26:32+00:00","dateModified":"2019-03-18T10:47:54+00:00","breadcrumb":{"@id":"https:\/\/fertilab.com\/de\/pid-praeimplantationsdiagnostik\/#breadcrumb"},"inLanguage":"de","potentialAction":[{"@type":"ReadAction","target":["https:\/\/fertilab.com\/de\/pid-praeimplantationsdiagnostik\/"]}]},{"@type":"BreadcrumbList","@id":"https:\/\/fertilab.com\/de\/pid-praeimplantationsdiagnostik\/#breadcrumb","itemListElement":[{"@type":"ListItem","position":1,"name":"Home","item":"https:\/\/fertilab.com\/de\/"},{"@type":"ListItem","position":2,"name":"PID-Pr\u00e4implantationsdiagnostik"}]},{"@type":"WebSite","@id":"https:\/\/fertilab.com\/#website","url":"https:\/\/fertilab.com\/","name":"Fertilab Barcelona","description":"Trabajamos para que pod\u00e1is sentir la emoci\u00f3n de ser padres","publisher":{"@id":"https:\/\/fertilab.com\/#organization"},"potentialAction":[{"@type":"SearchAction","target":{"@type":"EntryPoint","urlTemplate":"https:\/\/fertilab.com\/?s={search_term_string}"},"query-input":{"@type":"PropertyValueSpecification","valueRequired":true,"valueName":"search_term_string"}}],"inLanguage":"de"},{"@type":"Organization","@id":"https:\/\/fertilab.com\/#organization","name":"Fertilab Barcelona","url":"https:\/\/fertilab.com\/","logo":{"@type":"ImageObject","inLanguage":"de","@id":"https:\/\/fertilab.com\/#\/schema\/logo\/image\/","url":"https:\/\/fertilab.com\/wp-content\/uploads\/2023\/10\/cropped-fertilab-logo-fav.png","contentUrl":"https:\/\/fertilab.com\/wp-content\/uploads\/2023\/10\/cropped-fertilab-logo-fav.png","width":512,"height":512,"caption":"Fertilab Barcelona"},"image":{"@id":"https:\/\/fertilab.com\/#\/schema\/logo\/image\/"},"sameAs":["https:\/\/www.facebook.com\/fertilabbarcelona","https:\/\/www.youtube.com\/user\/FertilabTV"]}]}},"_links":{"self":[{"href":"https:\/\/fertilab.com\/de\/wp-json\/wp\/v2\/pages\/4559","targetHints":{"allow":["GET"]}}],"collection":[{"href":"https:\/\/fertilab.com\/de\/wp-json\/wp\/v2\/pages"}],"about":[{"href":"https:\/\/fertilab.com\/de\/wp-json\/wp\/v2\/types\/page"}],"author":[{"embeddable":true,"href":"https:\/\/fertilab.com\/de\/wp-json\/wp\/v2\/users\/1"}],"replies":[{"embeddable":true,"href":"https:\/\/fertilab.com\/de\/wp-json\/wp\/v2\/comments?post=4559"}],"version-history":[{"count":0,"href":"https:\/\/fertilab.com\/de\/wp-json\/wp\/v2\/pages\/4559\/revisions"}],"wp:attachment":[{"href":"https:\/\/fertilab.com\/de\/wp-json\/wp\/v2\/media?parent=4559"}],"curies":[{"name":"wp","href":"https:\/\/api.w.org\/{rel}","templated":true}]}}