{"id":4573,"date":"2019-03-02T17:41:50","date_gmt":"2019-03-02T17:41:50","guid":{"rendered":"https:\/\/fertilab.com\/?page_id=4573"},"modified":"2022-08-24T10:44:29","modified_gmt":"2022-08-24T08:44:29","slug":"genetischer-test-von-cgt-traegern","status":"publish","type":"page","link":"https:\/\/fertilab.com\/de\/genetischer-test-von-cgt-traegern\/","title":{"rendered":"Genetischer Test von CGT-Tr\u00e4gern"},"content":{"rendered":"<div class=\"wpb-content-wrapper\">[mk_page_section vertical_align=&#8220;center&#8220; bg_image=&#8220;https:\/\/fertilab.com\/wp-content\/uploads\/2018\/06\/et-2.jpg&#8220; bg_position=&#8220;center center&#8220; bg_repeat=&#8220;no-repeat&#8220; bg_stretch=&#8220;true&#8220; bg_gradient=&#8220;vertical&#8220; video_color_mask=&#8220;#145da8&#8243; gr_end=&#8220;rgba(20,93,168,0.25)&#8220; top_shadow=&#8220;true&#8220; min_height=&#8220;530&#8243; full_width=&#8220;true&#8220; padding_top=&#8220;0&#8243; padding_bottom=&#8220;0&#8243; sidebar=&#8220;sidebar-1&#8243;][vc_column][vc_row_inner is_fullwidth_content=&#8220;false&#8220;][vc_column_inner][mk_fancy_title tag_name=&#8220;h1&#8243; color=&#8220;#ffffff&#8220; size=&#8220;42&#8243; force_font_size=&#8220;true&#8220; size_smallscreen=&#8220;38&#8243; size_tablet=&#8220;36&#8243; size_phone=&#8220;32&#8243; font_weight=&#8220;300&#8243; txt_transform=&#8220;none&#8220; margin_bottom=&#8220;0&#8243; font_family=&#8220;none&#8220; align=&#8220;center&#8220; el_class=&#8220;titleWidth&#8220;]Genetischer Test von CGT-Tr\u00e4gern[\/mk_fancy_title][mk_fancy_title tag_name=&#8220;span&#8220; color=&#8220;#ffffff&#8220; size=&#8220;18&#8243; font_weight=&#8220;400&#8243; txt_transform=&#8220;none&#8220; margin_bottom=&#8220;0&#8243; font_family=&#8220;none&#8220; align=&#8220;center&#8220; el_class=&#8220;titleWidth&#8220;]Der genetische Test von CGT-Tr\u00e4gern hilft, das Risiko eines Kindes mit einer unheilbaren genetischen Krankheit zu bestimmen.[\/mk_fancy_title][\/vc_column_inner][\/vc_row_inner][\/vc_column][\/mk_page_section][vc_row][vc_column][\/vc_column][\/vc_row][mk_page_section bg_color=&#8220;#ffffff&#8220; padding_top=&#8220;80&#8243; padding_bottom=&#8220;80&#8243; sidebar=&#8220;sidebar-1&#8243;][vc_column][vc_row_inner css=&#8220;.vc_custom_1529330850334{padding-bottom: 50px !important;}&#8220;][vc_column_inner width=&#8220;1\/2&#8243;][mk_image src=&#8220;https:\/\/fertilab.com\/wp-content\/uploads\/2018\/07\/ilu_embryoscope.png&#8220; image_size=&#8220;full&#8220; align=&#8220;center&#8220;][\/vc_column_inner][vc_column_inner width=&#8220;1\/2&#8243;][mk_fancy_title color=&#8220;#4a76c9&#8243; size=&#8220;21&#8243; font_weight=&#8220;bold&#8220; font_style=&#8220;normal&#8220; txt_transform=&#8220;uppercase&#8220; margin_top=&#8220;62&#8243; margin_bottom=&#8220;22&#8243; font_family=&#8220;none&#8220;]Genetischer Test von CGT-Tr\u00e4gern von Igenomix[\/mk_fancy_title][mk_fancy_title color=&#8220;#4a76c9&#8243; size=&#8220;21&#8243; font_weight=&#8220;300&#8243; font_style=&#8220;italic&#8220; margin_bottom=&#8220;0&#8243; font_family=&#8220;none&#8220;]Was ist das?[\/mk_fancy_title][vc_column_text css=&#8220;.vc_custom_1551548360035{margin-bottom: 0px !important;}&#8220;]Der CGT-Test ist ein wichtiger Gentest im Rahmen der Familiengr\u00fcndung. Dieser Test hilft bei der Bestimmung des Risikos eines Kindes mit einer genetischen Erkrankung.<\/p>\n<p>Er zeigt an, ob die Eltern Tr\u00e4ger einer oder mehrerer rezessiver genetischer Mutationen sind.<\/p>\n<p>Auch wenn die Tr\u00e4ger gesund sind, kann ihre Nachkommenschaft betroffen sein, wenn bei beiden Elternteilen eine Mutation im gleichen Gen vorliegt.[\/vc_column_text][mk_fancy_title color=&#8220;#4a76c9&#8243; size=&#8220;21&#8243; font_weight=&#8220;300&#8243; font_style=&#8220;italic&#8220; margin_bottom=&#8220;0&#8243; font_family=&#8220;none&#8220;]F\u00fcr wen ist das Programm geeignet?[\/mk_fancy_title][vc_column_text css=&#8220;.vc_custom_1551548403325{margin-bottom: 0px !important;}&#8220;]Es wird empfohlen, den Test durchzuf\u00fchren, bevor Sie eine Schwangerschaft auf nat\u00fcrliche Weise anstreben, vor einer assistierten Reproduktionstherapie oder vor einer Behandlung mit gespendeten Spermien oder Eizellen.[\/vc_column_text][mk_fancy_title color=&#8220;#4a76c9&#8243; size=&#8220;21&#8243; font_weight=&#8220;300&#8243; font_style=&#8220;italic&#8220; margin_bottom=&#8220;0&#8243; font_family=&#8220;none&#8220;]Welche Vorteile hat es f\u00fcr den Patienten?[\/mk_fancy_title][vc_column_text css=&#8220;.vc_custom_1551548439909{margin-bottom: 0px !important;}&#8220;]Bei positivem Ergebnis im Gentest von Tr\u00e4gern einer Mutation im gleichen Gen hat das Paar mehrere M\u00f6glichkeiten, ein gesundes Baby zu bekommen:<\/p>\n<p>\u00b7 Pr\u00e4implantationsdiagnostik: Bei einer assistierten Reproduktionsbehandlung kann der Embryo ausgew\u00e4hlt und \u00fcbertragen werden, der nicht von der Krankheit betroffen ist.<\/p>\n<p>\u00b7 Pr\u00e4natale Untersuchung zur Feststellung, ob das Baby von der Krankheit betroffen ist.<\/p>\n<p>\u00b7 Verwendung einer Samen- oder Eizellspende, um die Krankheit auszuschlie\u00dfen.<br \/>\n[\/vc_column_text][\/vc_column_inner][\/vc_row_inner][\/vc_column][\/mk_page_section][mk_page_section vertical_align=&#8220;center&#8220; bg_image=&#8220;https:\/\/fertilab.com\/wp-content\/uploads\/2018\/06\/img_imagenembryo_backgroundblur.jpg&#8220; bg_position=&#8220;center center&#8220; bg_repeat=&#8220;no-repeat&#8220; bg_stretch=&#8220;true&#8220; top_shadow=&#8220;true&#8220; adaptive_height=&#8220;true&#8220; min_height=&#8220;600&#8243; padding_top=&#8220;0&#8243; padding_bottom=&#8220;0&#8243; el_class=&#8220;barcelona video&#8220; sidebar=&#8220;sidebar-1&#8243;][vc_column][vc_row_inner][vc_column_inner][mk_fancy_title color=&#8220;#ffffff&#8220; size=&#8220;21&#8243; font_weight=&#8220;300&#8243; font_style=&#8220;italic&#8220; margin_top=&#8220;40&#8243; margin_bottom=&#8220;40&#8243; font_family=&#8220;none&#8220; align=&#8220;center&#8220;]Finden Sie heraus, wie der CGT-Gentest funktioniert[\/mk_fancy_title][vc_raw_html]JTVCcnl2LXBvcHVwJTIwdmlkZW8lM0QlMjJodHRwcyUzQSUyRiUyRnd3dy55b3V0dWJlLmNvbSUyRmVtYmVkJTJGZVIxQ05kMnVDc00lM0ZhdXRvcGxheSUzRDElMjIlNUQlMEElM0NkaXYlMjBjbGFzcyUzRCUyMndwYl9zaW5nbGVfaW1hZ2UlMjB3cGJfY29udGVudF9lbGVtZW50JTIwdmNfYWxpZ25fY2VudGVyJTIyJTNFJTBBJTA5JTA5JTBBJTNDaWZyYW1lJTIwd2lkdGglM0QlMjI1NjAlMjIlMjBoZWlnaHQlM0QlMjIzMTUlMjIlMjBzcmMlM0QlMjJodHRwcyUzQSUyRiUyRnd3dy55b3V0dWJlLmNvbSUyRmVtYmVkJTJGR2MySzB6SXF1NTQlMjIlMjB0aXRsZSUzRCUyMllvdVR1YmUlMjB2aWRlbyUyMHBsYXllciUyMiUyMGZyYW1lYm9yZGVyJTNEJTIyMCUyMiUyMGFsbG93JTNEJTIyYWNjZWxlcm9tZXRlciUzQiUyMGF1dG9wbGF5JTNCJTIwY2xpcGJvYXJkLXdyaXRlJTNCJTIwZW5jcnlwdGVkLW1lZGlhJTNCJTIwZ3lyb3Njb3BlJTNCJTIwcGljdHVyZS1pbi1waWN0dXJlJTIyJTIwYWxsb3dmdWxsc2NyZWVuJTNFJTNDJTJGaWZyYW1lJTNFJTA5JTA5JTBBJTBBJTA5JTNDJTJGZGl2JTNF[\/vc_raw_html][\/vc_column_inner][\/vc_row_inner][\/vc_column][\/mk_page_section][mk_page_section bg_position=&#8220;center center&#8220; bg_repeat=&#8220;no-repeat&#8220; bg_stretch=&#8220;true&#8220; min_height=&#8220;0&#8243; full_width=&#8220;true&#8220; padding_top=&#8220;65&#8243; padding_bottom=&#8220;65&#8243; el_class=&#8220;contact-bottom responsive-contact&#8220; sidebar=&#8220;sidebar-1&#8243;][vc_column][mk_fancy_title color=&#8220;#7d7d7e&#8220; size=&#8220;28&#8243; force_font_size=&#8220;true&#8220; size_smallscreen=&#8220;38&#8243; size_tablet=&#8220;36&#8243; size_phone=&#8220;32&#8243; font_weight=&#8220;300&#8243; margin_bottom=&#8220;40&#8243; font_family=&#8220;none&#8220; align=&#8220;center&#8220;]Interessieren Sie sich f\u00fcr diese Methode?[\/mk_fancy_title][vc_column_text align=&#8220;center&#8220; el_class=&#8220;btnContact&#8220; css=&#8220;.vc_custom_1551548492996{margin-bottom: 0px !important;}&#8220;]<a href=\"https:\/\/fertilab.com\/en\/contact\/\">KONTAKTAUFNAHME<\/a>[\/vc_column_text][\/vc_column][\/mk_page_section][vc_row visibility=&#8220;visible-sm&#8220; el_class=&#8220;rowTelephone&#8220;][vc_column][vc_raw_html]JTNDZGl2JTIwaWQlM0QlMjJwaG9uZWJhckZpeGVkJTIyJTNFJTBBJTIwJTIwVGVybWluJTIwVmVyZWluYmFyZW4lMjAlM0NhJTIwaHJlZiUzRCUyMnRlbCUzQTM0OTMyNDExNDE0JTIyJTNFJTI4JTJCMzQlMjklMjA5My4yNDEuMTQuMTQlM0MlMkZhJTNFJTBBJTNDJTJGZGl2JTNF[\/vc_raw_html][\/vc_column][\/vc_row]\n<\/div>","protected":false},"excerpt":{"rendered":"<p>[mk_page_section vertical_align=&#8220;center&#8220; bg_image=&#8220;https:\/\/fertilab.com\/wp-content\/uploads\/2018\/06\/et-2.jpg&#8220; bg_position=&#8220;center center&#8220; bg_repeat=&#8220;no-repeat&#8220; bg_stretch=&#8220;true&#8220; bg_gradient=&#8220;vertical&#8220; video_color_mask=&#8220;#145da8&#8243; gr_end=&#8220;rgba(20,93,168,0.25)&#8220; top_shadow=&#8220;true&#8220; min_height=&#8220;530&#8243; full_width=&#8220;true&#8220; padding_top=&#8220;0&#8243; padding_bottom=&#8220;0&#8243; sidebar=&#8220;sidebar-1&#8243;][vc_column][vc_row_inner is_fullwidth_content=&#8220;false&#8220;][vc_column_inner][mk_fancy_title tag_name=&#8220;h1&#8243; color=&#8220;#ffffff&#8220; size=&#8220;42&#8243; force_font_size=&#8220;true&#8220; size_smallscreen=&#8220;38&#8243; size_tablet=&#8220;36&#8243; size_phone=&#8220;32&#8243; font_weight=&#8220;300&#8243; txt_transform=&#8220;none&#8220; margin_bottom=&#8220;0&#8243; font_family=&#8220;none&#8220; align=&#8220;center&#8220; el_class=&#8220;titleWidth&#8220;]Genetischer Test von CGT-Tr\u00e4gern[\/mk_fancy_title][mk_fancy_title tag_name=&#8220;span&#8220; color=&#8220;#ffffff&#8220; size=&#8220;18&#8243; font_weight=&#8220;400&#8243; txt_transform=&#8220;none&#8220; margin_bottom=&#8220;0&#8243; font_family=&#8220;none&#8220; align=&#8220;center&#8220; el_class=&#8220;titleWidth&#8220;]Der genetische Test von CGT-Tr\u00e4gern hilft, das Risiko eines Kindes mit einer unheilbaren genetischen [&hellip;]<\/p>\n","protected":false},"author":1,"featured_media":0,"parent":0,"menu_order":0,"comment_status":"closed","ping_status":"closed","template":"","meta":{"footnotes":""},"class_list":["post-4573","page","type-page","status-publish","hentry"],"yoast_head":"<!-- This site is optimized with the Yoast SEO plugin v27.4 - https:\/\/yoast.com\/product\/yoast-seo-wordpress\/ -->\n<title>Genetischer Test von CGT-Tr\u00e4gern - Fertilab Barcelona<\/title>\n<meta name=\"robots\" content=\"index, follow, max-snippet:-1, max-image-preview:large, max-video-preview:-1\" \/>\n<link rel=\"canonical\" href=\"https:\/\/fertilab.com\/de\/genetischer-test-von-cgt-traegern\/\" \/>\n<meta property=\"og:locale\" content=\"de_DE\" \/>\n<meta property=\"og:type\" content=\"article\" \/>\n<meta property=\"og:title\" content=\"Genetischer Test von CGT-Tr\u00e4gern - Fertilab Barcelona\" \/>\n<meta property=\"og:description\" content=\"[mk_page_section vertical_align=&#8220;center&#8220; bg_image=&#8220;https:\/\/fertilab.com\/wp-content\/uploads\/2018\/06\/et-2.jpg&#8220; bg_position=&#8220;center center&#8220; bg_repeat=&#8220;no-repeat&#8220; bg_stretch=&#8220;true&#8220; bg_gradient=&#8220;vertical&#8220; video_color_mask=&#8220;#145da8&#8243; gr_end=&#8220;rgba(20,93,168,0.25)&#8220; top_shadow=&#8220;true&#8220; min_height=&#8220;530&#8243; full_width=&#8220;true&#8220; padding_top=&#8220;0&#8243; padding_bottom=&#8220;0&#8243; sidebar=&#8220;sidebar-1&#8243;][vc_column][vc_row_inner is_fullwidth_content=&#8220;false&#8220;][vc_column_inner][mk_fancy_title tag_name=&#8220;h1&#8243; color=&#8220;#ffffff&#8220; size=&#8220;42&#8243; force_font_size=&#8220;true&#8220; size_smallscreen=&#8220;38&#8243; size_tablet=&#8220;36&#8243; size_phone=&#8220;32&#8243; font_weight=&#8220;300&#8243; txt_transform=&#8220;none&#8220; margin_bottom=&#8220;0&#8243; font_family=&#8220;none&#8220; align=&#8220;center&#8220; el_class=&#8220;titleWidth&#8220;]Genetischer Test von CGT-Tr\u00e4gern[\/mk_fancy_title][mk_fancy_title tag_name=&#8220;span&#8220; color=&#8220;#ffffff&#8220; size=&#8220;18&#8243; font_weight=&#8220;400&#8243; txt_transform=&#8220;none&#8220; margin_bottom=&#8220;0&#8243; font_family=&#8220;none&#8220; align=&#8220;center&#8220; el_class=&#8220;titleWidth&#8220;]Der genetische Test von CGT-Tr\u00e4gern hilft, das Risiko eines Kindes mit einer unheilbaren genetischen [&hellip;]\" \/>\n<meta property=\"og:url\" content=\"https:\/\/fertilab.com\/de\/genetischer-test-von-cgt-traegern\/\" \/>\n<meta property=\"og:site_name\" content=\"Fertilab Barcelona\" \/>\n<meta property=\"article:publisher\" content=\"https:\/\/www.facebook.com\/fertilabbarcelona\" \/>\n<meta property=\"article:modified_time\" content=\"2022-08-24T08:44:29+00:00\" \/>\n<meta name=\"twitter:card\" content=\"summary_large_image\" \/>\n<meta name=\"twitter:label1\" content=\"Gesch\u00e4tzte Lesezeit\" \/>\n\t<meta name=\"twitter:data1\" content=\"2\u00a0Minuten\" \/>\n<script type=\"application\/ld+json\" class=\"yoast-schema-graph\">{\"@context\":\"https:\\\/\\\/schema.org\",\"@graph\":[{\"@type\":\"WebPage\",\"@id\":\"https:\\\/\\\/fertilab.com\\\/de\\\/genetischer-test-von-cgt-traegern\\\/\",\"url\":\"https:\\\/\\\/fertilab.com\\\/de\\\/genetischer-test-von-cgt-traegern\\\/\",\"name\":\"Genetischer Test von CGT-Tr\u00e4gern - Fertilab Barcelona\",\"isPartOf\":{\"@id\":\"https:\\\/\\\/fertilab.com\\\/#website\"},\"datePublished\":\"2019-03-02T17:41:50+00:00\",\"dateModified\":\"2022-08-24T08:44:29+00:00\",\"breadcrumb\":{\"@id\":\"https:\\\/\\\/fertilab.com\\\/de\\\/genetischer-test-von-cgt-traegern\\\/#breadcrumb\"},\"inLanguage\":\"de\",\"potentialAction\":[{\"@type\":\"ReadAction\",\"target\":[\"https:\\\/\\\/fertilab.com\\\/de\\\/genetischer-test-von-cgt-traegern\\\/\"]}]},{\"@type\":\"BreadcrumbList\",\"@id\":\"https:\\\/\\\/fertilab.com\\\/de\\\/genetischer-test-von-cgt-traegern\\\/#breadcrumb\",\"itemListElement\":[{\"@type\":\"ListItem\",\"position\":1,\"name\":\"Home\",\"item\":\"https:\\\/\\\/fertilab.com\\\/de\\\/\"},{\"@type\":\"ListItem\",\"position\":2,\"name\":\"Genetischer Test von CGT-Tr\u00e4gern\"}]},{\"@type\":\"WebSite\",\"@id\":\"https:\\\/\\\/fertilab.com\\\/#website\",\"url\":\"https:\\\/\\\/fertilab.com\\\/\",\"name\":\"Fertilab Barcelona\",\"description\":\"Trabajamos para que pod\u00e1is sentir la emoci\u00f3n de ser padres\",\"publisher\":{\"@id\":\"https:\\\/\\\/fertilab.com\\\/#organization\"},\"potentialAction\":[{\"@type\":\"SearchAction\",\"target\":{\"@type\":\"EntryPoint\",\"urlTemplate\":\"https:\\\/\\\/fertilab.com\\\/?s={search_term_string}\"},\"query-input\":{\"@type\":\"PropertyValueSpecification\",\"valueRequired\":true,\"valueName\":\"search_term_string\"}}],\"inLanguage\":\"de\"},{\"@type\":\"Organization\",\"@id\":\"https:\\\/\\\/fertilab.com\\\/#organization\",\"name\":\"Fertilab Barcelona\",\"url\":\"https:\\\/\\\/fertilab.com\\\/\",\"logo\":{\"@type\":\"ImageObject\",\"inLanguage\":\"de\",\"@id\":\"https:\\\/\\\/fertilab.com\\\/#\\\/schema\\\/logo\\\/image\\\/\",\"url\":\"https:\\\/\\\/fertilab.com\\\/wp-content\\\/uploads\\\/2023\\\/10\\\/cropped-fertilab-logo-fav.png\",\"contentUrl\":\"https:\\\/\\\/fertilab.com\\\/wp-content\\\/uploads\\\/2023\\\/10\\\/cropped-fertilab-logo-fav.png\",\"width\":512,\"height\":512,\"caption\":\"Fertilab Barcelona\"},\"image\":{\"@id\":\"https:\\\/\\\/fertilab.com\\\/#\\\/schema\\\/logo\\\/image\\\/\"},\"sameAs\":[\"https:\\\/\\\/www.facebook.com\\\/fertilabbarcelona\",\"https:\\\/\\\/www.youtube.com\\\/user\\\/FertilabTV\"]}]}<\/script>\n<!-- \/ Yoast SEO plugin. -->","yoast_head_json":{"title":"Genetischer Test von CGT-Tr\u00e4gern - Fertilab Barcelona","robots":{"index":"index","follow":"follow","max-snippet":"max-snippet:-1","max-image-preview":"max-image-preview:large","max-video-preview":"max-video-preview:-1"},"canonical":"https:\/\/fertilab.com\/de\/genetischer-test-von-cgt-traegern\/","og_locale":"de_DE","og_type":"article","og_title":"Genetischer Test von CGT-Tr\u00e4gern - Fertilab Barcelona","og_description":"[mk_page_section vertical_align=&#8220;center&#8220; bg_image=&#8220;https:\/\/fertilab.com\/wp-content\/uploads\/2018\/06\/et-2.jpg&#8220; bg_position=&#8220;center center&#8220; bg_repeat=&#8220;no-repeat&#8220; bg_stretch=&#8220;true&#8220; bg_gradient=&#8220;vertical&#8220; video_color_mask=&#8220;#145da8&#8243; gr_end=&#8220;rgba(20,93,168,0.25)&#8220; top_shadow=&#8220;true&#8220; min_height=&#8220;530&#8243; full_width=&#8220;true&#8220; padding_top=&#8220;0&#8243; padding_bottom=&#8220;0&#8243; sidebar=&#8220;sidebar-1&#8243;][vc_column][vc_row_inner is_fullwidth_content=&#8220;false&#8220;][vc_column_inner][mk_fancy_title tag_name=&#8220;h1&#8243; color=&#8220;#ffffff&#8220; size=&#8220;42&#8243; force_font_size=&#8220;true&#8220; size_smallscreen=&#8220;38&#8243; size_tablet=&#8220;36&#8243; size_phone=&#8220;32&#8243; font_weight=&#8220;300&#8243; txt_transform=&#8220;none&#8220; margin_bottom=&#8220;0&#8243; font_family=&#8220;none&#8220; align=&#8220;center&#8220; el_class=&#8220;titleWidth&#8220;]Genetischer Test von CGT-Tr\u00e4gern[\/mk_fancy_title][mk_fancy_title tag_name=&#8220;span&#8220; color=&#8220;#ffffff&#8220; size=&#8220;18&#8243; font_weight=&#8220;400&#8243; txt_transform=&#8220;none&#8220; margin_bottom=&#8220;0&#8243; font_family=&#8220;none&#8220; align=&#8220;center&#8220; el_class=&#8220;titleWidth&#8220;]Der genetische Test von CGT-Tr\u00e4gern hilft, das Risiko eines Kindes mit einer unheilbaren genetischen [&hellip;]","og_url":"https:\/\/fertilab.com\/de\/genetischer-test-von-cgt-traegern\/","og_site_name":"Fertilab Barcelona","article_publisher":"https:\/\/www.facebook.com\/fertilabbarcelona","article_modified_time":"2022-08-24T08:44:29+00:00","twitter_card":"summary_large_image","twitter_misc":{"Gesch\u00e4tzte Lesezeit":"2\u00a0Minuten"},"schema":{"@context":"https:\/\/schema.org","@graph":[{"@type":"WebPage","@id":"https:\/\/fertilab.com\/de\/genetischer-test-von-cgt-traegern\/","url":"https:\/\/fertilab.com\/de\/genetischer-test-von-cgt-traegern\/","name":"Genetischer Test von CGT-Tr\u00e4gern - Fertilab Barcelona","isPartOf":{"@id":"https:\/\/fertilab.com\/#website"},"datePublished":"2019-03-02T17:41:50+00:00","dateModified":"2022-08-24T08:44:29+00:00","breadcrumb":{"@id":"https:\/\/fertilab.com\/de\/genetischer-test-von-cgt-traegern\/#breadcrumb"},"inLanguage":"de","potentialAction":[{"@type":"ReadAction","target":["https:\/\/fertilab.com\/de\/genetischer-test-von-cgt-traegern\/"]}]},{"@type":"BreadcrumbList","@id":"https:\/\/fertilab.com\/de\/genetischer-test-von-cgt-traegern\/#breadcrumb","itemListElement":[{"@type":"ListItem","position":1,"name":"Home","item":"https:\/\/fertilab.com\/de\/"},{"@type":"ListItem","position":2,"name":"Genetischer Test von CGT-Tr\u00e4gern"}]},{"@type":"WebSite","@id":"https:\/\/fertilab.com\/#website","url":"https:\/\/fertilab.com\/","name":"Fertilab Barcelona","description":"Trabajamos para que pod\u00e1is sentir la emoci\u00f3n de ser padres","publisher":{"@id":"https:\/\/fertilab.com\/#organization"},"potentialAction":[{"@type":"SearchAction","target":{"@type":"EntryPoint","urlTemplate":"https:\/\/fertilab.com\/?s={search_term_string}"},"query-input":{"@type":"PropertyValueSpecification","valueRequired":true,"valueName":"search_term_string"}}],"inLanguage":"de"},{"@type":"Organization","@id":"https:\/\/fertilab.com\/#organization","name":"Fertilab Barcelona","url":"https:\/\/fertilab.com\/","logo":{"@type":"ImageObject","inLanguage":"de","@id":"https:\/\/fertilab.com\/#\/schema\/logo\/image\/","url":"https:\/\/fertilab.com\/wp-content\/uploads\/2023\/10\/cropped-fertilab-logo-fav.png","contentUrl":"https:\/\/fertilab.com\/wp-content\/uploads\/2023\/10\/cropped-fertilab-logo-fav.png","width":512,"height":512,"caption":"Fertilab Barcelona"},"image":{"@id":"https:\/\/fertilab.com\/#\/schema\/logo\/image\/"},"sameAs":["https:\/\/www.facebook.com\/fertilabbarcelona","https:\/\/www.youtube.com\/user\/FertilabTV"]}]}},"_links":{"self":[{"href":"https:\/\/fertilab.com\/de\/wp-json\/wp\/v2\/pages\/4573","targetHints":{"allow":["GET"]}}],"collection":[{"href":"https:\/\/fertilab.com\/de\/wp-json\/wp\/v2\/pages"}],"about":[{"href":"https:\/\/fertilab.com\/de\/wp-json\/wp\/v2\/types\/page"}],"author":[{"embeddable":true,"href":"https:\/\/fertilab.com\/de\/wp-json\/wp\/v2\/users\/1"}],"replies":[{"embeddable":true,"href":"https:\/\/fertilab.com\/de\/wp-json\/wp\/v2\/comments?post=4573"}],"version-history":[{"count":0,"href":"https:\/\/fertilab.com\/de\/wp-json\/wp\/v2\/pages\/4573\/revisions"}],"wp:attachment":[{"href":"https:\/\/fertilab.com\/de\/wp-json\/wp\/v2\/media?parent=4573"}],"curies":[{"name":"wp","href":"https:\/\/api.w.org\/{rel}","templated":true}]}}