{"id":4601,"date":"2019-03-02T18:39:40","date_gmt":"2019-03-02T18:39:40","guid":{"rendered":"https:\/\/fertilab.com\/?page_id=4601"},"modified":"2019-03-18T10:50:12","modified_gmt":"2019-03-18T10:50:12","slug":"ueber-uns","status":"publish","type":"page","link":"https:\/\/fertilab.com\/de\/warum-fertilab\/ueber-uns\/","title":{"rendered":"\u00dcber uns"},"content":{"rendered":"<div class=\"wpb-content-wrapper\">[mk_page_section vertical_align=&#8220;center&#8220; bg_image=&#8220;https:\/\/fertilab.com\/wp-content\/uploads\/2018\/06\/fertilab_ambient-32.jpg&#8220; bg_position=&#8220;right center&#8220; bg_repeat=&#8220;no-repeat&#8220; bg_stretch=&#8220;true&#8220; bg_gradient=&#8220;vertical&#8220; video_color_mask=&#8220;#145da8&#8243; gr_end=&#8220;rgba(20,93,168,0.25)&#8220; top_shadow=&#8220;true&#8220; min_height=&#8220;530&#8243; full_width=&#8220;true&#8220; padding_top=&#8220;0&#8243; padding_bottom=&#8220;0&#8243; sidebar=&#8220;sidebar-1&#8243;][vc_column][vc_row_inner is_fullwidth_content=&#8220;false&#8220;][vc_column_inner][vc_column_text align=&#8220;center&#8220; el_class=&#8220;lk-back&#8220; css=&#8220;.vc_custom_1551551846004{margin-bottom: 0px !important;}&#8220;]<a href=\"https:\/\/fertilab.com\/por-que-fertilab\/\">Warum Fertilab?<\/a>[\/vc_column_text][mk_fancy_title tag_name=&#8220;h1&#8243; color=&#8220;#ffffff&#8220; size=&#8220;42&#8243; force_font_size=&#8220;true&#8220; size_smallscreen=&#8220;38&#8243; size_tablet=&#8220;36&#8243; size_phone=&#8220;32&#8243; font_weight=&#8220;300&#8243; txt_transform=&#8220;none&#8220; margin_bottom=&#8220;0&#8243; font_family=&#8220;none&#8220; align=&#8220;center&#8220; el_class=&#8220;titleWidth&#8220;]\u00dcber uns[\/mk_fancy_title][\/vc_column_inner][\/vc_row_inner][\/vc_column][\/mk_page_section][vc_row css=&#8220;.vc_custom_1529487907712{padding-top: 60px !important;padding-bottom: 60px !important;}&#8220;][vc_column][vc_row_inner][vc_column_inner width=&#8220;2\/12&#8243;][\/vc_column_inner][vc_column_inner width=&#8220;8\/12&#8243;][mk_fancy_title tag_name=&#8220;span&#8220; color=&#8220;#7d7d7e&#8220; size=&#8220;21&#8243; font_weight=&#8220;300&#8243; font_style=&#8220;italic&#8220; txt_transform=&#8220;none&#8220; margin_top=&#8220;100&#8243; margin_bottom=&#8220;100&#8243; font_family=&#8220;none&#8220; align=&#8220;center&#8220;]Mit mehr als 20 Jahren Erfahrung ist Fertilab &#8211; Institut Catal\u00e0 de Fertilitat &#8211; eines der international anerkannten Zentren f\u00fcr assistierte Reproduktion in Barcelona, das den Traum vieler Menschen verwirklicht: <strong>Das Gef\u00fchl, Eltern zu sein.<\/strong>[\/mk_fancy_title][\/vc_column_inner][vc_column_inner width=&#8220;2\/12&#8243;][\/vc_column_inner][\/vc_row_inner][\/vc_column][\/vc_row][mk_page_section vertical_align=&#8220;center&#8220; bg_image=&#8220;https:\/\/fertilab.com\/wp-content\/uploads\/2018\/06\/img.jpg&#8220; bg_position=&#8220;left bottom&#8220; bg_repeat=&#8220;no-repeat&#8220; bg_stretch=&#8220;true&#8220; min_height=&#8220;400&#8243; js_vertical_centered=&#8220;true&#8220; padding_top=&#8220;0&#8243; padding_bottom=&#8220;0&#8243; el_class=&#8220;whiteFilter&#8220; sidebar=&#8220;sidebar-1&#8243;][vc_column][vc_row_inner is_fullwidth_content=&#8220;false&#8220;][vc_column_inner width=&#8220;1\/2&#8243;][\/vc_column_inner][vc_column_inner width=&#8220;1\/2&#8243;][vc_column_text css=&#8220;.vc_custom_1551551930541{margin-bottom: 0px !important;}&#8220;]<strong>Fertilab<\/strong> bietet ein multidisziplin\u00e4res Team aus Gyn\u00e4kologen, Andrologen, Psychologen, Embryologen, Physiotherapeuten und Experten f\u00fcr nat\u00fcrliche Therapien. Wir arbeiten daran, die Ursachen der Unfruchtbarkeit zu ermitteln, und bieten eine Diagnose und Behandlung, die an die Bed\u00fcrfnisse jedes Einzelnen und jedes Paares angepasst ist.<\/p>\n<p>Wir bezeichnen uns gerne als <strong>Handwerker der assistierten Reproduktion,<\/strong> da wir unsere Arbeit, unsere Berufung, mit Leidenschaft verrichten. Wir streben Exzellenz bei allen diagnostischen Verfahren und Behandlungen an.<br \/>\n[\/vc_column_text][\/vc_column_inner][\/vc_row_inner][\/vc_column][\/mk_page_section][mk_page_section vertical_align=&#8220;center&#8220; bg_image=&#8220;https:\/\/fertilab.com\/wp-content\/uploads\/2018\/06\/fertilab_ambient-63.jpg&#8220; bg_position=&#8220;center center&#8220; bg_repeat=&#8220;no-repeat&#8220; bg_stretch=&#8220;true&#8220; min_height=&#8220;600&#8243; js_vertical_centered=&#8220;true&#8220; padding_top=&#8220;0&#8243; padding_bottom=&#8220;0&#8243; sidebar=&#8220;sidebar-1&#8243;][vc_column][vc_row_inner is_fullwidth_content=&#8220;false&#8220;][vc_column_inner width=&#8220;2\/12&#8243;][\/vc_column_inner][vc_column_inner width=&#8220;8\/12&#8243;][mk_fancy_title tag_name=&#8220;span&#8220; color=&#8220;#ffffff&#8220; size=&#8220;21&#8243; font_weight=&#8220;300&#8243; font_style=&#8220;normal&#8220; txt_transform=&#8220;none&#8220; margin_top=&#8220;100&#8243; margin_bottom=&#8220;100&#8243; font_family=&#8220;none&#8220; align=&#8220;center&#8220;]Die Philosophie von Fertilab beruht auf dem Aufbau von Qualit\u00e4ts- und Vertrauensbeziehungen, da jeder Patient ein einzigartiger und besonderer Mensch ist. Deshalb bearbeiten wir jeden Fall individuell, mithilfe der Professionalit\u00e4t unseres Teams, aber auch mit der erforderlichen Menschlichkeit und W\u00e4rme. Aus diesem Grund bleibt das Team aus Fachleuten, das Sie \u00fcber den gesamten Prozess hinweg betreuen wird, stets unver\u00e4ndert; von der Gyn\u00e4kologin bis zur Gesundheits- und Krankenpflegerin.<br \/>\n[\/mk_fancy_title][\/vc_column_inner][vc_column_inner width=&#8220;2\/12&#8243;][\/vc_column_inner][\/vc_row_inner][\/vc_column][\/mk_page_section][mk_page_section adaptive_height=&#8220;true&#8220; max_height=&#8220;0&#8243; min_height=&#8220;&#8220; padding_top=&#8220;200&#8243; padding_bottom=&#8220;140&#8243; sidebar=&#8220;sidebar-1&#8243;][vc_column][vc_row_inner][vc_column_inner width=&#8220;2\/12&#8243;][\/vc_column_inner][vc_column_inner width=&#8220;8\/12&#8243;][mk_fancy_title tag_name=&#8220;span&#8220; color=&#8220;#4a76c9&#8243; size=&#8220;21&#8243; font_weight=&#8220;bold&#8220; font_style=&#8220;italic&#8220; txt_transform=&#8220;none&#8220; margin_bottom=&#8220;0&#8243; font_family=&#8220;none&#8220; align=&#8220;center&#8220;]Wir arbeiten daran, dass Sie vom ersten Tag an das Gef\u00fchl entwickeln, Eltern zu sein.<br \/>\n[\/mk_fancy_title][\/vc_column_inner][vc_column_inner width=&#8220;2\/12&#8243;][\/vc_column_inner][\/vc_row_inner][\/vc_column][\/mk_page_section][vc_row visibility=&#8220;visible-sm&#8220; el_class=&#8220;rowTelephone&#8220;][vc_column][vc_raw_html]JTNDZGl2JTIwaWQlM0QlMjJwaG9uZWJhckZpeGVkJTIyJTNFJTBBJTIwJTIwVGVybWluJTIwVmVyZWluYmFyZW4lMjAlM0NhJTIwaHJlZiUzRCUyMnRlbCUzQTM0OTMyNDExNDE0JTIyJTNFJTI4JTJCMzQlMjklMjA5My4yNDEuMTQuMTQlM0MlMkZhJTNFJTBBJTNDJTJGZGl2JTNF[\/vc_raw_html][\/vc_column][\/vc_row][mk_page_section bg_position=&#8220;center center&#8220; bg_repeat=&#8220;no-repeat&#8220; bg_stretch=&#8220;true&#8220; min_height=&#8220;0&#8243; full_width=&#8220;true&#8220; padding_top=&#8220;65&#8243; padding_bottom=&#8220;65&#8243; visibility=&#8220;visible-sm&#8220; el_class=&#8220;contact-bottom responsive-contact&#8220; sidebar=&#8220;sidebar-1&#8243;][vc_column][mk_fancy_title color=&#8220;#7d7d7e&#8220; size=&#8220;28&#8243; force_font_size=&#8220;true&#8220; size_smallscreen=&#8220;38&#8243; size_tablet=&#8220;36&#8243; size_phone=&#8220;32&#8243; font_weight=&#8220;300&#8243; margin_bottom=&#8220;40&#8243; font_family=&#8220;none&#8220; align=&#8220;center&#8220;]Immer noch nicht sicher, was Sie brauchen?[\/mk_fancy_title][vc_column_text align=&#8220;center&#8220; el_class=&#8220;btnContact&#8220; css=&#8220;.vc_custom_1551604571930{margin-bottom: 0px !important;}&#8220;]<a href=\"https:\/\/fertilab.com\/contacto\/\">KONTAKTAUFNAHME<\/a>[\/vc_column_text][\/vc_column][\/mk_page_section]\n<\/div>","protected":false},"excerpt":{"rendered":"<p>[mk_page_section vertical_align=&#8220;center&#8220; bg_image=&#8220;https:\/\/fertilab.com\/wp-content\/uploads\/2018\/06\/fertilab_ambient-32.jpg&#8220; bg_position=&#8220;right center&#8220; bg_repeat=&#8220;no-repeat&#8220; bg_stretch=&#8220;true&#8220; bg_gradient=&#8220;vertical&#8220; video_color_mask=&#8220;#145da8&#8243; gr_end=&#8220;rgba(20,93,168,0.25)&#8220; top_shadow=&#8220;true&#8220; min_height=&#8220;530&#8243; full_width=&#8220;true&#8220; padding_top=&#8220;0&#8243; padding_bottom=&#8220;0&#8243; sidebar=&#8220;sidebar-1&#8243;][vc_column][vc_row_inner is_fullwidth_content=&#8220;false&#8220;][vc_column_inner][vc_column_text align=&#8220;center&#8220; el_class=&#8220;lk-back&#8220; css=&#8220;.vc_custom_1551551846004{margin-bottom: 0px !important;}&#8220;]Warum Fertilab?[\/vc_column_text][mk_fancy_title tag_name=&#8220;h1&#8243; color=&#8220;#ffffff&#8220; size=&#8220;42&#8243; force_font_size=&#8220;true&#8220; size_smallscreen=&#8220;38&#8243; size_tablet=&#8220;36&#8243; size_phone=&#8220;32&#8243; font_weight=&#8220;300&#8243; txt_transform=&#8220;none&#8220; margin_bottom=&#8220;0&#8243; font_family=&#8220;none&#8220; align=&#8220;center&#8220; el_class=&#8220;titleWidth&#8220;]\u00dcber uns[\/mk_fancy_title][\/vc_column_inner][\/vc_row_inner][\/vc_column][\/mk_page_section][vc_row css=&#8220;.vc_custom_1529487907712{padding-top: 60px !important;padding-bottom: 60px !important;}&#8220;][vc_column][vc_row_inner][vc_column_inner width=&#8220;2\/12&#8243;][\/vc_column_inner][vc_column_inner width=&#8220;8\/12&#8243;][mk_fancy_title tag_name=&#8220;span&#8220; color=&#8220;#7d7d7e&#8220; size=&#8220;21&#8243; font_weight=&#8220;300&#8243; font_style=&#8220;italic&#8220; txt_transform=&#8220;none&#8220; margin_top=&#8220;100&#8243; margin_bottom=&#8220;100&#8243; font_family=&#8220;none&#8220; align=&#8220;center&#8220;]Mit mehr [&hellip;]<\/p>\n","protected":false},"author":1,"featured_media":0,"parent":4589,"menu_order":0,"comment_status":"closed","ping_status":"closed","template":"","meta":{"footnotes":""},"class_list":["post-4601","page","type-page","status-publish","hentry"],"yoast_head":"<!-- This site is optimized with the Yoast SEO plugin v27.5 - https:\/\/yoast.com\/product\/yoast-seo-wordpress\/ -->\n<title>\u00dcber uns - Fertilab Barcelona<\/title>\n<meta name=\"robots\" content=\"index, follow, max-snippet:-1, max-image-preview:large, max-video-preview:-1\" \/>\n<link rel=\"canonical\" href=\"https:\/\/fertilab.com\/de\/warum-fertilab\/ueber-uns\/\" \/>\n<meta property=\"og:locale\" content=\"de_DE\" \/>\n<meta property=\"og:type\" content=\"article\" \/>\n<meta property=\"og:title\" content=\"\u00dcber uns - Fertilab Barcelona\" \/>\n<meta property=\"og:description\" content=\"[mk_page_section vertical_align=&#8220;center&#8220; bg_image=&#8220;https:\/\/fertilab.com\/wp-content\/uploads\/2018\/06\/fertilab_ambient-32.jpg&#8220; bg_position=&#8220;right center&#8220; bg_repeat=&#8220;no-repeat&#8220; bg_stretch=&#8220;true&#8220; bg_gradient=&#8220;vertical&#8220; video_color_mask=&#8220;#145da8&#8243; gr_end=&#8220;rgba(20,93,168,0.25)&#8220; top_shadow=&#8220;true&#8220; min_height=&#8220;530&#8243; full_width=&#8220;true&#8220; padding_top=&#8220;0&#8243; padding_bottom=&#8220;0&#8243; sidebar=&#8220;sidebar-1&#8243;][vc_column][vc_row_inner is_fullwidth_content=&#8220;false&#8220;][vc_column_inner][vc_column_text align=&#8220;center&#8220; el_class=&#8220;lk-back&#8220; css=&#8220;.vc_custom_1551551846004{margin-bottom: 0px !important;}&#8220;]Warum Fertilab?[\/vc_column_text][mk_fancy_title tag_name=&#8220;h1&#8243; color=&#8220;#ffffff&#8220; size=&#8220;42&#8243; force_font_size=&#8220;true&#8220; size_smallscreen=&#8220;38&#8243; size_tablet=&#8220;36&#8243; size_phone=&#8220;32&#8243; font_weight=&#8220;300&#8243; txt_transform=&#8220;none&#8220; margin_bottom=&#8220;0&#8243; font_family=&#8220;none&#8220; align=&#8220;center&#8220; el_class=&#8220;titleWidth&#8220;]\u00dcber uns[\/mk_fancy_title][\/vc_column_inner][\/vc_row_inner][\/vc_column][\/mk_page_section][vc_row css=&#8220;.vc_custom_1529487907712{padding-top: 60px !important;padding-bottom: 60px !important;}&#8220;][vc_column][vc_row_inner][vc_column_inner width=&#8220;2\/12&#8243;][\/vc_column_inner][vc_column_inner width=&#8220;8\/12&#8243;][mk_fancy_title tag_name=&#8220;span&#8220; color=&#8220;#7d7d7e&#8220; size=&#8220;21&#8243; font_weight=&#8220;300&#8243; font_style=&#8220;italic&#8220; txt_transform=&#8220;none&#8220; margin_top=&#8220;100&#8243; margin_bottom=&#8220;100&#8243; font_family=&#8220;none&#8220; align=&#8220;center&#8220;]Mit mehr [&hellip;]\" \/>\n<meta property=\"og:url\" content=\"https:\/\/fertilab.com\/de\/warum-fertilab\/ueber-uns\/\" \/>\n<meta property=\"og:site_name\" content=\"Fertilab Barcelona\" \/>\n<meta property=\"article:publisher\" content=\"https:\/\/www.facebook.com\/fertilabbarcelona\" \/>\n<meta property=\"article:modified_time\" content=\"2019-03-18T10:50:12+00:00\" \/>\n<meta name=\"twitter:card\" content=\"summary_large_image\" \/>\n<meta name=\"twitter:label1\" content=\"Gesch\u00e4tzte Lesezeit\" \/>\n\t<meta name=\"twitter:data1\" content=\"4\u00a0Minuten\" \/>\n<script type=\"application\/ld+json\" class=\"yoast-schema-graph\">{\"@context\":\"https:\\\/\\\/schema.org\",\"@graph\":[{\"@type\":\"WebPage\",\"@id\":\"https:\\\/\\\/fertilab.com\\\/de\\\/warum-fertilab\\\/ueber-uns\\\/\",\"url\":\"https:\\\/\\\/fertilab.com\\\/de\\\/warum-fertilab\\\/ueber-uns\\\/\",\"name\":\"\u00dcber uns - Fertilab Barcelona\",\"isPartOf\":{\"@id\":\"https:\\\/\\\/fertilab.com\\\/#website\"},\"datePublished\":\"2019-03-02T18:39:40+00:00\",\"dateModified\":\"2019-03-18T10:50:12+00:00\",\"breadcrumb\":{\"@id\":\"https:\\\/\\\/fertilab.com\\\/de\\\/warum-fertilab\\\/ueber-uns\\\/#breadcrumb\"},\"inLanguage\":\"de\",\"potentialAction\":[{\"@type\":\"ReadAction\",\"target\":[\"https:\\\/\\\/fertilab.com\\\/de\\\/warum-fertilab\\\/ueber-uns\\\/\"]}]},{\"@type\":\"BreadcrumbList\",\"@id\":\"https:\\\/\\\/fertilab.com\\\/de\\\/warum-fertilab\\\/ueber-uns\\\/#breadcrumb\",\"itemListElement\":[{\"@type\":\"ListItem\",\"position\":1,\"name\":\"Home\",\"item\":\"https:\\\/\\\/fertilab.com\\\/de\\\/\"},{\"@type\":\"ListItem\",\"position\":2,\"name\":\"Warum Fertilab?\",\"item\":\"https:\\\/\\\/fertilab.com\\\/de\\\/warum-fertilab\\\/\"},{\"@type\":\"ListItem\",\"position\":3,\"name\":\"\u00dcber uns\"}]},{\"@type\":\"WebSite\",\"@id\":\"https:\\\/\\\/fertilab.com\\\/#website\",\"url\":\"https:\\\/\\\/fertilab.com\\\/\",\"name\":\"Fertilab Barcelona\",\"description\":\"Trabajamos para que pod\u00e1is sentir la emoci\u00f3n de ser padres\",\"publisher\":{\"@id\":\"https:\\\/\\\/fertilab.com\\\/#organization\"},\"potentialAction\":[{\"@type\":\"SearchAction\",\"target\":{\"@type\":\"EntryPoint\",\"urlTemplate\":\"https:\\\/\\\/fertilab.com\\\/?s={search_term_string}\"},\"query-input\":{\"@type\":\"PropertyValueSpecification\",\"valueRequired\":true,\"valueName\":\"search_term_string\"}}],\"inLanguage\":\"de\"},{\"@type\":\"Organization\",\"@id\":\"https:\\\/\\\/fertilab.com\\\/#organization\",\"name\":\"Fertilab Barcelona\",\"url\":\"https:\\\/\\\/fertilab.com\\\/\",\"logo\":{\"@type\":\"ImageObject\",\"inLanguage\":\"de\",\"@id\":\"https:\\\/\\\/fertilab.com\\\/#\\\/schema\\\/logo\\\/image\\\/\",\"url\":\"https:\\\/\\\/fertilab.com\\\/wp-content\\\/uploads\\\/2023\\\/10\\\/cropped-fertilab-logo-fav.png\",\"contentUrl\":\"https:\\\/\\\/fertilab.com\\\/wp-content\\\/uploads\\\/2023\\\/10\\\/cropped-fertilab-logo-fav.png\",\"width\":512,\"height\":512,\"caption\":\"Fertilab Barcelona\"},\"image\":{\"@id\":\"https:\\\/\\\/fertilab.com\\\/#\\\/schema\\\/logo\\\/image\\\/\"},\"sameAs\":[\"https:\\\/\\\/www.facebook.com\\\/fertilabbarcelona\",\"https:\\\/\\\/www.youtube.com\\\/user\\\/FertilabTV\"]}]}<\/script>\n<!-- \/ Yoast SEO plugin. -->","yoast_head_json":{"title":"\u00dcber uns - Fertilab Barcelona","robots":{"index":"index","follow":"follow","max-snippet":"max-snippet:-1","max-image-preview":"max-image-preview:large","max-video-preview":"max-video-preview:-1"},"canonical":"https:\/\/fertilab.com\/de\/warum-fertilab\/ueber-uns\/","og_locale":"de_DE","og_type":"article","og_title":"\u00dcber uns - Fertilab Barcelona","og_description":"[mk_page_section vertical_align=&#8220;center&#8220; bg_image=&#8220;https:\/\/fertilab.com\/wp-content\/uploads\/2018\/06\/fertilab_ambient-32.jpg&#8220; bg_position=&#8220;right center&#8220; bg_repeat=&#8220;no-repeat&#8220; bg_stretch=&#8220;true&#8220; bg_gradient=&#8220;vertical&#8220; video_color_mask=&#8220;#145da8&#8243; gr_end=&#8220;rgba(20,93,168,0.25)&#8220; top_shadow=&#8220;true&#8220; min_height=&#8220;530&#8243; full_width=&#8220;true&#8220; padding_top=&#8220;0&#8243; padding_bottom=&#8220;0&#8243; sidebar=&#8220;sidebar-1&#8243;][vc_column][vc_row_inner is_fullwidth_content=&#8220;false&#8220;][vc_column_inner][vc_column_text align=&#8220;center&#8220; el_class=&#8220;lk-back&#8220; css=&#8220;.vc_custom_1551551846004{margin-bottom: 0px !important;}&#8220;]Warum Fertilab?[\/vc_column_text][mk_fancy_title tag_name=&#8220;h1&#8243; color=&#8220;#ffffff&#8220; size=&#8220;42&#8243; force_font_size=&#8220;true&#8220; size_smallscreen=&#8220;38&#8243; size_tablet=&#8220;36&#8243; size_phone=&#8220;32&#8243; font_weight=&#8220;300&#8243; txt_transform=&#8220;none&#8220; margin_bottom=&#8220;0&#8243; font_family=&#8220;none&#8220; align=&#8220;center&#8220; el_class=&#8220;titleWidth&#8220;]\u00dcber uns[\/mk_fancy_title][\/vc_column_inner][\/vc_row_inner][\/vc_column][\/mk_page_section][vc_row css=&#8220;.vc_custom_1529487907712{padding-top: 60px !important;padding-bottom: 60px !important;}&#8220;][vc_column][vc_row_inner][vc_column_inner width=&#8220;2\/12&#8243;][\/vc_column_inner][vc_column_inner width=&#8220;8\/12&#8243;][mk_fancy_title tag_name=&#8220;span&#8220; color=&#8220;#7d7d7e&#8220; size=&#8220;21&#8243; font_weight=&#8220;300&#8243; font_style=&#8220;italic&#8220; txt_transform=&#8220;none&#8220; margin_top=&#8220;100&#8243; margin_bottom=&#8220;100&#8243; font_family=&#8220;none&#8220; align=&#8220;center&#8220;]Mit mehr [&hellip;]","og_url":"https:\/\/fertilab.com\/de\/warum-fertilab\/ueber-uns\/","og_site_name":"Fertilab Barcelona","article_publisher":"https:\/\/www.facebook.com\/fertilabbarcelona","article_modified_time":"2019-03-18T10:50:12+00:00","twitter_card":"summary_large_image","twitter_misc":{"Gesch\u00e4tzte Lesezeit":"4\u00a0Minuten"},"schema":{"@context":"https:\/\/schema.org","@graph":[{"@type":"WebPage","@id":"https:\/\/fertilab.com\/de\/warum-fertilab\/ueber-uns\/","url":"https:\/\/fertilab.com\/de\/warum-fertilab\/ueber-uns\/","name":"\u00dcber uns - Fertilab Barcelona","isPartOf":{"@id":"https:\/\/fertilab.com\/#website"},"datePublished":"2019-03-02T18:39:40+00:00","dateModified":"2019-03-18T10:50:12+00:00","breadcrumb":{"@id":"https:\/\/fertilab.com\/de\/warum-fertilab\/ueber-uns\/#breadcrumb"},"inLanguage":"de","potentialAction":[{"@type":"ReadAction","target":["https:\/\/fertilab.com\/de\/warum-fertilab\/ueber-uns\/"]}]},{"@type":"BreadcrumbList","@id":"https:\/\/fertilab.com\/de\/warum-fertilab\/ueber-uns\/#breadcrumb","itemListElement":[{"@type":"ListItem","position":1,"name":"Home","item":"https:\/\/fertilab.com\/de\/"},{"@type":"ListItem","position":2,"name":"Warum Fertilab?","item":"https:\/\/fertilab.com\/de\/warum-fertilab\/"},{"@type":"ListItem","position":3,"name":"\u00dcber uns"}]},{"@type":"WebSite","@id":"https:\/\/fertilab.com\/#website","url":"https:\/\/fertilab.com\/","name":"Fertilab Barcelona","description":"Trabajamos para que pod\u00e1is sentir la emoci\u00f3n de ser padres","publisher":{"@id":"https:\/\/fertilab.com\/#organization"},"potentialAction":[{"@type":"SearchAction","target":{"@type":"EntryPoint","urlTemplate":"https:\/\/fertilab.com\/?s={search_term_string}"},"query-input":{"@type":"PropertyValueSpecification","valueRequired":true,"valueName":"search_term_string"}}],"inLanguage":"de"},{"@type":"Organization","@id":"https:\/\/fertilab.com\/#organization","name":"Fertilab Barcelona","url":"https:\/\/fertilab.com\/","logo":{"@type":"ImageObject","inLanguage":"de","@id":"https:\/\/fertilab.com\/#\/schema\/logo\/image\/","url":"https:\/\/fertilab.com\/wp-content\/uploads\/2023\/10\/cropped-fertilab-logo-fav.png","contentUrl":"https:\/\/fertilab.com\/wp-content\/uploads\/2023\/10\/cropped-fertilab-logo-fav.png","width":512,"height":512,"caption":"Fertilab Barcelona"},"image":{"@id":"https:\/\/fertilab.com\/#\/schema\/logo\/image\/"},"sameAs":["https:\/\/www.facebook.com\/fertilabbarcelona","https:\/\/www.youtube.com\/user\/FertilabTV"]}]}},"_links":{"self":[{"href":"https:\/\/fertilab.com\/de\/wp-json\/wp\/v2\/pages\/4601","targetHints":{"allow":["GET"]}}],"collection":[{"href":"https:\/\/fertilab.com\/de\/wp-json\/wp\/v2\/pages"}],"about":[{"href":"https:\/\/fertilab.com\/de\/wp-json\/wp\/v2\/types\/page"}],"author":[{"embeddable":true,"href":"https:\/\/fertilab.com\/de\/wp-json\/wp\/v2\/users\/1"}],"replies":[{"embeddable":true,"href":"https:\/\/fertilab.com\/de\/wp-json\/wp\/v2\/comments?post=4601"}],"version-history":[{"count":0,"href":"https:\/\/fertilab.com\/de\/wp-json\/wp\/v2\/pages\/4601\/revisions"}],"up":[{"embeddable":true,"href":"https:\/\/fertilab.com\/de\/wp-json\/wp\/v2\/pages\/4589"}],"wp:attachment":[{"href":"https:\/\/fertilab.com\/de\/wp-json\/wp\/v2\/media?parent=4601"}],"curies":[{"name":"wp","href":"https:\/\/api.w.org\/{rel}","templated":true}]}}