{"id":4608,"date":"2019-03-03T08:59:00","date_gmt":"2019-03-03T08:59:00","guid":{"rendered":"https:\/\/fertilab.com\/?page_id=4608"},"modified":"2019-03-18T10:48:14","modified_gmt":"2019-03-18T10:48:14","slug":"planen-sie-ihre-reise","status":"publish","type":"page","link":"https:\/\/fertilab.com\/de\/planen-sie-ihre-reise\/","title":{"rendered":"Planen Sie Ihre Reise"},"content":{"rendered":"<div class=\"wpb-content-wrapper\">[mk_page_section vertical_align=&#8220;center&#8220; bg_image=&#8220;https:\/\/fertilab.com\/wp-content\/uploads\/2018\/06\/adobestock_92118305-1.jpg&#8220; bg_position=&#8220;center center&#8220; bg_repeat=&#8220;no-repeat&#8220; bg_stretch=&#8220;true&#8220; bg_gradient=&#8220;vertical&#8220; video_color_mask=&#8220;#145da8&#8243; gr_end=&#8220;rgba(20,93,168,0.25)&#8220; top_shadow=&#8220;true&#8220; min_height=&#8220;530&#8243; full_width=&#8220;true&#8220; padding_top=&#8220;0&#8243; padding_bottom=&#8220;0&#8243; el_class=&#8220;headerPlanifica&#8220; sidebar=&#8220;sidebar-1&#8243;][vc_column][vc_row_inner is_fullwidth_content=&#8220;false&#8220;][vc_column_inner][mk_fancy_title color=&#8220;#ffffff&#8220; size=&#8220;42&#8243; force_font_size=&#8220;true&#8220; size_smallscreen=&#8220;38&#8243; size_tablet=&#8220;36&#8243; size_phone=&#8220;32&#8243; font_weight=&#8220;300&#8243; margin_bottom=&#8220;0&#8243; font_family=&#8220;none&#8220; align=&#8220;center&#8220; el_class=&#8220;titleWidth&#8220;]Planen Sie Ihre Reise[\/mk_fancy_title][mk_fancy_title tag_name=&#8220;span&#8220; color=&#8220;#ffffff&#8220; size=&#8220;18&#8243; font_weight=&#8220;400&#8243; margin_bottom=&#8220;050&#8243; font_family=&#8220;none&#8220; align=&#8220;center&#8220; el_class=&#8220;titleWidth&#8220;]Auch wenn Sie nicht in Spanien leben, k\u00f6nnen Sie ganz unbesorgt bleiben. Wir k\u00f6nnen Ihren Fall in einem einfachen Verfahren von f\u00fcnf Schritten bearbeiten.[\/mk_fancy_title][vc_column_text align=&#8220;center&#8220; el_class=&#8220;btn-degraded&#8220; css=&#8220;.vc_custom_1551603338801{margin-bottom: 0px !important;}&#8220;]<a href=\"https:\/\/fertilab.com\/en\/contact\/\">TERMIN ANFORDERN <\/a>[\/vc_column_text][\/vc_column_inner][\/vc_row_inner][\/vc_column][\/mk_page_section][mk_page_section bg_color=&#8220;#f1f6fb&#8220; bg_position=&#8220;center center&#8220; bg_repeat=&#8220;no-repeat&#8220; bg_stretch=&#8220;true&#8220; min_height=&#8220;0&#8243; full_width=&#8220;true&#8220; padding_top=&#8220;65&#8243; padding_bottom=&#8220;65&#8243; sidebar=&#8220;sidebar-1&#8243;][vc_column][mk_fancy_title color=&#8220;#4a76c9&#8243; size=&#8220;21&#8243; font_weight=&#8220;bold&#8220; font_style=&#8220;normal&#8220; txt_transform=&#8220;uppercase&#8220; margin_bottom=&#8220;0&#8243; font_family=&#8220;none&#8220; align=&#8220;center&#8220;]WIE FUNKTIONIERT ES?[\/mk_fancy_title][vc_row_inner is_fullwidth_content=&#8220;false&#8220;][vc_column_inner][mk_steps step=&#8220;5&#8243; hover_color=&#8220;#dd9933&#8243; icon_1=&#8220;mk-icon-arrow-circle-down&#8220; src_1=&#8220;https:\/\/fertilab.com\/wp-content\/uploads\/2018\/06\/ic_pasos_01.png&#8220; title_1=&#8220;Termin anfordern&#8220; desc_1=&#8220;Wenn Sie Ihren Aufenthalt bei uns beginnen m\u00f6chten, z\u00f6gern Sie nicht und fragen Sie nach einem Termin.&#8220; icon_2=&#8220;mk-icon-bookmark&#8220; src_2=&#8220;https:\/\/fertilab.com\/wp-content\/uploads\/2018\/06\/ic_pasos02.png&#8220; title_2=&#8220;Erster Besuch&#8220; desc_2=&#8220;Wir erkl\u00e4ren, wie der gesamte Prozess ablaufen wird, und f\u00fchren die Fruchtbarkeitsuntersuchung durch.&#8220; icon_3=&#8220;mk-icon-arrows-v&#8220; src_3=&#8220;https:\/\/fertilab.com\/wp-content\/uploads\/2018\/06\/ic_pasos03.png&#8220; title_3=&#8220;Vorbereitung&#8220; desc_3=&#8220;Wir stimmen die assistierte Reproduktionsbehandlung mit Ihrem Gyn\u00e4kologen ab.&#8220; icon_4=&#8220;mk-icon-bug&#8220; src_4=&#8220;https:\/\/fertilab.com\/wp-content\/uploads\/2018\/06\/ic_pasos04.png&#8220; title_4=&#8220;Zweiter Besuch&#8220; desc_4=&#8220;Wir f\u00fchren die Behandlung durch und warten auf die Ergebnisse.&#8220; icon_5=&#8220;mk-icon-behance&#8220; src_5=&#8220;https:\/\/fertilab.com\/wp-content\/uploads\/2018\/06\/ic_pasos05.png&#8220; title_5=&#8220;Schwangerschaftstest&#8220; desc_5=&#8220;Nach dem Prozess f\u00fchren wir einen Test durch, um den Erfolg zu \u00fcberpr\u00fcfen.&#8220; el_class=&#8220;comoFunciona&#8220; src=&#8220;https:\/\/fertilab.com\/wp-content\/uploads\/2018\/06\/ic_pasos_01.png&#8220;][\/vc_column_inner][\/vc_row_inner][\/vc_column][\/mk_page_section][vc_row css=&#8220;.vc_custom_1529487907712{padding-top: 60px !important;padding-bottom: 60px !important;}&#8220;][vc_column][mk_fancy_title color=&#8220;#4a76c9&#8243; size=&#8220;21&#8243; font_weight=&#8220;bold&#8220; font_style=&#8220;normal&#8220; txt_transform=&#8220;uppercase&#8220; margin_top=&#8220;60&#8243; margin_bottom=&#8220;60&#8243; font_family=&#8220;none&#8220; align=&#8220;center&#8220;]VORTEILE VON FERTILAB[\/mk_fancy_title][vc_row_inner][vc_column_inner width=&#8220;1\/2&#8243;][mk_custom_list style=&#8220;&#8220; el_class=&#8220;list-heart big&#8220;]\n<ul>\n<li class=\"visita-previa\">\n<h3>Wir organisieren Ihren ersten Besuch vor Behandlungsbeginn<\/h3>\n<p>Um die Organisation Ihres ersten Besuchs vor Behandlungsbeginn m\u00fcssen Sie sich als Patient nicht k\u00fcmmern. Wir bereiten Ihren Besuch in Barcelona vor, indem wir Ihnen die Auswahl einer geeigneten Unterkunft in der N\u00e4he der Klinik bieten und den Transfer zwischen Flughafen, Klinik und Hotel organisieren.<\/li>\n<li class=\"ginecologa\">\n<h3>Ihr pers\u00f6nlicher Gyn\u00e4kologe<\/h3>\n<p>Wir weisen jedem Patienten einen Gyn\u00e4kologen zu, der alle Behandlungsschritte, vom ersten Besuch bis zum Ende des Prozesses, pers\u00f6nlich begleitet. Ebenso werden unsere Patienten stets von demselben\/derselben Gesundheits- und Krankenpfleger\/in betreut.<\/li>\n<li class=\"ovulos\">\n<h3>Wir garantieren mindestens 8 Eizellen<\/h3>\n<p>Es gibt nur wenige Einrichtungen, die das garantieren k\u00f6nnen. Bei Fertilab sorgen wir f\u00fcr mindestens 8 Eizellen pro Zyklus, um die Qualit\u00e4t unserer Behandlungen zu optimieren. Aufgrund unseres Engagements konnten wir im Jahr 2011 durchschnittlich 10,5 Eizellen pro Zyklus liefern. Dies ist zweifellos ein Garant f\u00fcr die Qualit\u00e4t und Genauigkeit unserer geleisteten Arbeit.<\/li>\n<li class=\"laboratorio\">\n<h3>Labor<\/h3>\n<p>Bei Fertilab sind wir bereit, jede einzelne Technik der assistierten Reproduktion durchzuf\u00fchren. Wir bieten unseren Patienten alle uns verf\u00fcgbaren technologischen und wissenschaftlichen Ressourcen.<\/li>\n<\/ul>\n[\/mk_custom_list][\/vc_column_inner][vc_column_inner width=&#8220;1\/2&#8243;][mk_custom_list style=&#8220;&#8220; el_class=&#8220;list-heart big&#8220;]\n<ul>\n<li class=\"asistente\">\n<h3>Termin vor Behandlungsbeginn<\/h3>\n<p>Wir unterst\u00fctzen unsere Patienten bei allen Besuchen, Beratungen und Behandlungen, um alle Fragen im Zusammenhang mit der assistierten Reproduktion, die an die Bed\u00fcrfnisse des jeweiligen Patienten angepasst ist, zu kl\u00e4ren.<\/li>\n<li class=\"seguimiento\">\n<h3>Umfassende Beobachtung<\/h3>\n<p>Wir von Fertilab sind bestrebt, in Absprache mit Ihrem Spezialisten (Arzt\/Koordinator) im Herkunftsland den Prozess zur Vorbereitung der assistierten Reproduktion umfassend zu beobachten. Wir bieten Ihnen eine enge Zusammenarbeit an, damit wir uns um alle Details k\u00fcmmern k\u00f6nnen.<\/li>\n<li class=\"excelencia\">\n<h3>Bew\u00e4hrte Exzellenz<\/h3>\n<p>Unsere IVF-RO-Zyklen sind immer synchron und verwenden immer frische Eizellen. Es ist erwiesen, dass die Verwendung von zuvor vitrifizierten Eizellen die Ergebnisse verschlechtert.<\/li>\n<\/ul>\n[\/mk_custom_list][\/vc_column_inner][\/vc_row_inner][\/vc_column][\/vc_row][vc_row visibility=&#8220;hidden-sm&#8220;][vc_column][mk_revslider id=&#8220;por-que-barcelona-de&#8220;][\/vc_column][\/vc_row][mk_page_section vertical_align=&#8220;center&#8220; bg_image=&#8220;https:\/\/fertilab.com\/wp-content\/uploads\/2018\/06\/fertilab_lab-30.jpg&#8220; bg_position=&#8220;center center&#8220; bg_repeat=&#8220;no-repeat&#8220; bg_stretch=&#8220;true&#8220; bg_gradient=&#8220;vertical&#8220; video_color_mask=&#8220;#145da8&#8243; gr_end=&#8220;rgba(20,93,168,0.25)&#8220; top_shadow=&#8220;true&#8220; adaptive_height=&#8220;true&#8220; min_height=&#8220;450&#8243; full_width=&#8220;true&#8220; padding_top=&#8220;0&#8243; padding_bottom=&#8220;0&#8243; visibility=&#8220;visible-sm&#8220; el_class=&#8220;xQBarcelona&#8220; sidebar=&#8220;sidebar-1&#8243;][vc_column][vc_row_inner is_fullwidth_content=&#8220;false&#8220;][vc_column_inner][mk_fancy_title tag_name=&#8220;h3&#8243; color=&#8220;#ffffff&#8220; size=&#8220;42&#8243; force_font_size=&#8220;true&#8220; size_smallscreen=&#8220;38&#8243; size_tablet=&#8220;36&#8243; size_phone=&#8220;16&#8243; font_weight=&#8220;400&#8243; txt_transform=&#8220;uppercase&#8220; margin_bottom=&#8220;0&#8243; font_family=&#8220;none&#8220; align=&#8220;center&#8220; el_class=&#8220;titleWidth&#8220;]Warum Barcelona?[\/mk_fancy_title][mk_fancy_title tag_name=&#8220;h5&#8243; color=&#8220;#ffffff&#8220; size=&#8220;24&#8243; font_weight=&#8220;300&#8243; margin_bottom=&#8220;0&#8243; font_family=&#8220;none&#8220; align=&#8220;center&#8220; el_class=&#8220;titleWidth&#8220;]Barcelona, Hauptstadt der Reproduktionsmedizin[\/mk_fancy_title][mk_fancy_title tag_name=&#8220;span&#8220; color=&#8220;#ffffff&#8220; size=&#8220;16&#8243; font_weight=&#8220;300&#8243; margin_bottom=&#8220;050&#8243; font_family=&#8220;none&#8220; align=&#8220;center&#8220; el_class=&#8220;titleWidth&#8220;]Kommen Sie in die Pionierstadt der assistierten Reproduktion und erf\u00fcllen Sie sich Ihren Traum[\/mk_fancy_title][\/vc_column_inner][\/vc_row_inner][\/vc_column][\/mk_page_section][vc_row visibility=&#8220;visible-sm&#8220; el_class=&#8220;rowTelephone&#8220;][vc_column][vc_raw_html]JTNDZGl2JTIwaWQlM0QlMjJwaG9uZWJhckZpeGVkJTIyJTNFJTBBJTIwJTIwVGVybWluJTIwVmVyZWluYmFyZW4lMjAlM0NhJTIwaHJlZiUzRCUyMnRlbCUzQTM0OTMyNDExNDE0JTIyJTNFJTI4JTJCMzQlMjklMjA5My4yNDEuMTQuMTQlM0MlMkZhJTNFJTBBJTNDJTJGZGl2JTNF[\/vc_raw_html][\/vc_column][\/vc_row][mk_page_section bg_position=&#8220;center center&#8220; bg_repeat=&#8220;no-repeat&#8220; bg_stretch=&#8220;true&#8220; min_height=&#8220;0&#8243; full_width=&#8220;true&#8220; padding_top=&#8220;65&#8243; padding_bottom=&#8220;65&#8243; el_class=&#8220;contact-bottom responsive-contact&#8220; sidebar=&#8220;sidebar-1&#8243;][vc_column][mk_fancy_title color=&#8220;#7d7d7e&#8220; size=&#8220;28&#8243; force_font_size=&#8220;true&#8220; size_smallscreen=&#8220;38&#8243; size_tablet=&#8220;36&#8243; size_phone=&#8220;32&#8243; font_weight=&#8220;300&#8243; margin_bottom=&#8220;40&#8243; font_family=&#8220;none&#8220; align=&#8220;center&#8220;]Immer noch nicht sicher, was Sie brauchen?[\/mk_fancy_title][vc_column_text align=&#8220;center&#8220; el_class=&#8220;btnContact&#8220; css=&#8220;.vc_custom_1551603973131{margin-bottom: 0px !important;}&#8220;]<a href=\"https:\/\/fertilab.com\/en\/contact\/\">KONTAKTAUFNAHME<\/a>[\/vc_column_text][\/vc_column][\/mk_page_section]\n<\/div>","protected":false},"excerpt":{"rendered":"<p>[mk_page_section vertical_align=&#8220;center&#8220; bg_image=&#8220;https:\/\/fertilab.com\/wp-content\/uploads\/2018\/06\/adobestock_92118305-1.jpg&#8220; bg_position=&#8220;center center&#8220; bg_repeat=&#8220;no-repeat&#8220; bg_stretch=&#8220;true&#8220; bg_gradient=&#8220;vertical&#8220; video_color_mask=&#8220;#145da8&#8243; gr_end=&#8220;rgba(20,93,168,0.25)&#8220; top_shadow=&#8220;true&#8220; min_height=&#8220;530&#8243; full_width=&#8220;true&#8220; padding_top=&#8220;0&#8243; padding_bottom=&#8220;0&#8243; el_class=&#8220;headerPlanifica&#8220; sidebar=&#8220;sidebar-1&#8243;][vc_column][vc_row_inner is_fullwidth_content=&#8220;false&#8220;][vc_column_inner][mk_fancy_title color=&#8220;#ffffff&#8220; size=&#8220;42&#8243; force_font_size=&#8220;true&#8220; size_smallscreen=&#8220;38&#8243; size_tablet=&#8220;36&#8243; size_phone=&#8220;32&#8243; font_weight=&#8220;300&#8243; margin_bottom=&#8220;0&#8243; font_family=&#8220;none&#8220; align=&#8220;center&#8220; el_class=&#8220;titleWidth&#8220;]Planen Sie Ihre Reise[\/mk_fancy_title][mk_fancy_title tag_name=&#8220;span&#8220; color=&#8220;#ffffff&#8220; size=&#8220;18&#8243; font_weight=&#8220;400&#8243; margin_bottom=&#8220;050&#8243; font_family=&#8220;none&#8220; align=&#8220;center&#8220; el_class=&#8220;titleWidth&#8220;]Auch wenn Sie nicht in Spanien leben, k\u00f6nnen Sie ganz unbesorgt bleiben. Wir k\u00f6nnen Ihren Fall [&hellip;]<\/p>\n","protected":false},"author":1,"featured_media":0,"parent":0,"menu_order":0,"comment_status":"closed","ping_status":"closed","template":"","meta":{"footnotes":""},"class_list":["post-4608","page","type-page","status-publish","hentry"],"yoast_head":"<!-- This site is optimized with the Yoast SEO plugin v27.4 - https:\/\/yoast.com\/product\/yoast-seo-wordpress\/ -->\n<title>Planen Sie Ihre Reise - Fertilab Barcelona<\/title>\n<meta name=\"robots\" content=\"index, follow, max-snippet:-1, max-image-preview:large, max-video-preview:-1\" \/>\n<link rel=\"canonical\" href=\"https:\/\/fertilab.com\/de\/planen-sie-ihre-reise\/\" \/>\n<meta property=\"og:locale\" content=\"de_DE\" \/>\n<meta property=\"og:type\" content=\"article\" \/>\n<meta property=\"og:title\" content=\"Planen Sie Ihre Reise - Fertilab Barcelona\" \/>\n<meta property=\"og:description\" content=\"[mk_page_section vertical_align=&#8220;center&#8220; bg_image=&#8220;https:\/\/fertilab.com\/wp-content\/uploads\/2018\/06\/adobestock_92118305-1.jpg&#8220; bg_position=&#8220;center center&#8220; bg_repeat=&#8220;no-repeat&#8220; bg_stretch=&#8220;true&#8220; bg_gradient=&#8220;vertical&#8220; video_color_mask=&#8220;#145da8&#8243; gr_end=&#8220;rgba(20,93,168,0.25)&#8220; top_shadow=&#8220;true&#8220; min_height=&#8220;530&#8243; full_width=&#8220;true&#8220; padding_top=&#8220;0&#8243; padding_bottom=&#8220;0&#8243; el_class=&#8220;headerPlanifica&#8220; sidebar=&#8220;sidebar-1&#8243;][vc_column][vc_row_inner is_fullwidth_content=&#8220;false&#8220;][vc_column_inner][mk_fancy_title color=&#8220;#ffffff&#8220; size=&#8220;42&#8243; force_font_size=&#8220;true&#8220; size_smallscreen=&#8220;38&#8243; size_tablet=&#8220;36&#8243; size_phone=&#8220;32&#8243; font_weight=&#8220;300&#8243; margin_bottom=&#8220;0&#8243; font_family=&#8220;none&#8220; align=&#8220;center&#8220; el_class=&#8220;titleWidth&#8220;]Planen Sie Ihre Reise[\/mk_fancy_title][mk_fancy_title tag_name=&#8220;span&#8220; color=&#8220;#ffffff&#8220; size=&#8220;18&#8243; font_weight=&#8220;400&#8243; margin_bottom=&#8220;050&#8243; font_family=&#8220;none&#8220; align=&#8220;center&#8220; el_class=&#8220;titleWidth&#8220;]Auch wenn Sie nicht in Spanien leben, k\u00f6nnen Sie ganz unbesorgt bleiben. Wir k\u00f6nnen Ihren Fall [&hellip;]\" \/>\n<meta property=\"og:url\" content=\"https:\/\/fertilab.com\/de\/planen-sie-ihre-reise\/\" \/>\n<meta property=\"og:site_name\" content=\"Fertilab Barcelona\" \/>\n<meta property=\"article:publisher\" content=\"https:\/\/www.facebook.com\/fertilabbarcelona\" \/>\n<meta property=\"article:modified_time\" content=\"2019-03-18T10:48:14+00:00\" \/>\n<meta name=\"twitter:card\" content=\"summary_large_image\" \/>\n<meta name=\"twitter:label1\" content=\"Gesch\u00e4tzte Lesezeit\" \/>\n\t<meta name=\"twitter:data1\" content=\"6\u00a0Minuten\" \/>\n<script type=\"application\/ld+json\" class=\"yoast-schema-graph\">{\"@context\":\"https:\\\/\\\/schema.org\",\"@graph\":[{\"@type\":\"WebPage\",\"@id\":\"https:\\\/\\\/fertilab.com\\\/de\\\/planen-sie-ihre-reise\\\/\",\"url\":\"https:\\\/\\\/fertilab.com\\\/de\\\/planen-sie-ihre-reise\\\/\",\"name\":\"Planen Sie Ihre Reise - Fertilab Barcelona\",\"isPartOf\":{\"@id\":\"https:\\\/\\\/fertilab.com\\\/#website\"},\"datePublished\":\"2019-03-03T08:59:00+00:00\",\"dateModified\":\"2019-03-18T10:48:14+00:00\",\"breadcrumb\":{\"@id\":\"https:\\\/\\\/fertilab.com\\\/de\\\/planen-sie-ihre-reise\\\/#breadcrumb\"},\"inLanguage\":\"de\",\"potentialAction\":[{\"@type\":\"ReadAction\",\"target\":[\"https:\\\/\\\/fertilab.com\\\/de\\\/planen-sie-ihre-reise\\\/\"]}]},{\"@type\":\"BreadcrumbList\",\"@id\":\"https:\\\/\\\/fertilab.com\\\/de\\\/planen-sie-ihre-reise\\\/#breadcrumb\",\"itemListElement\":[{\"@type\":\"ListItem\",\"position\":1,\"name\":\"Home\",\"item\":\"https:\\\/\\\/fertilab.com\\\/de\\\/\"},{\"@type\":\"ListItem\",\"position\":2,\"name\":\"Planen Sie Ihre Reise\"}]},{\"@type\":\"WebSite\",\"@id\":\"https:\\\/\\\/fertilab.com\\\/#website\",\"url\":\"https:\\\/\\\/fertilab.com\\\/\",\"name\":\"Fertilab Barcelona\",\"description\":\"Trabajamos para que pod\u00e1is sentir la emoci\u00f3n de ser padres\",\"publisher\":{\"@id\":\"https:\\\/\\\/fertilab.com\\\/#organization\"},\"potentialAction\":[{\"@type\":\"SearchAction\",\"target\":{\"@type\":\"EntryPoint\",\"urlTemplate\":\"https:\\\/\\\/fertilab.com\\\/?s={search_term_string}\"},\"query-input\":{\"@type\":\"PropertyValueSpecification\",\"valueRequired\":true,\"valueName\":\"search_term_string\"}}],\"inLanguage\":\"de\"},{\"@type\":\"Organization\",\"@id\":\"https:\\\/\\\/fertilab.com\\\/#organization\",\"name\":\"Fertilab Barcelona\",\"url\":\"https:\\\/\\\/fertilab.com\\\/\",\"logo\":{\"@type\":\"ImageObject\",\"inLanguage\":\"de\",\"@id\":\"https:\\\/\\\/fertilab.com\\\/#\\\/schema\\\/logo\\\/image\\\/\",\"url\":\"https:\\\/\\\/fertilab.com\\\/wp-content\\\/uploads\\\/2023\\\/10\\\/cropped-fertilab-logo-fav.png\",\"contentUrl\":\"https:\\\/\\\/fertilab.com\\\/wp-content\\\/uploads\\\/2023\\\/10\\\/cropped-fertilab-logo-fav.png\",\"width\":512,\"height\":512,\"caption\":\"Fertilab Barcelona\"},\"image\":{\"@id\":\"https:\\\/\\\/fertilab.com\\\/#\\\/schema\\\/logo\\\/image\\\/\"},\"sameAs\":[\"https:\\\/\\\/www.facebook.com\\\/fertilabbarcelona\",\"https:\\\/\\\/www.youtube.com\\\/user\\\/FertilabTV\"]}]}<\/script>\n<!-- \/ Yoast SEO plugin. -->","yoast_head_json":{"title":"Planen Sie Ihre Reise - Fertilab Barcelona","robots":{"index":"index","follow":"follow","max-snippet":"max-snippet:-1","max-image-preview":"max-image-preview:large","max-video-preview":"max-video-preview:-1"},"canonical":"https:\/\/fertilab.com\/de\/planen-sie-ihre-reise\/","og_locale":"de_DE","og_type":"article","og_title":"Planen Sie Ihre Reise - Fertilab Barcelona","og_description":"[mk_page_section vertical_align=&#8220;center&#8220; bg_image=&#8220;https:\/\/fertilab.com\/wp-content\/uploads\/2018\/06\/adobestock_92118305-1.jpg&#8220; bg_position=&#8220;center center&#8220; bg_repeat=&#8220;no-repeat&#8220; bg_stretch=&#8220;true&#8220; bg_gradient=&#8220;vertical&#8220; video_color_mask=&#8220;#145da8&#8243; gr_end=&#8220;rgba(20,93,168,0.25)&#8220; top_shadow=&#8220;true&#8220; min_height=&#8220;530&#8243; full_width=&#8220;true&#8220; padding_top=&#8220;0&#8243; padding_bottom=&#8220;0&#8243; el_class=&#8220;headerPlanifica&#8220; sidebar=&#8220;sidebar-1&#8243;][vc_column][vc_row_inner is_fullwidth_content=&#8220;false&#8220;][vc_column_inner][mk_fancy_title color=&#8220;#ffffff&#8220; size=&#8220;42&#8243; force_font_size=&#8220;true&#8220; size_smallscreen=&#8220;38&#8243; size_tablet=&#8220;36&#8243; size_phone=&#8220;32&#8243; font_weight=&#8220;300&#8243; margin_bottom=&#8220;0&#8243; font_family=&#8220;none&#8220; align=&#8220;center&#8220; el_class=&#8220;titleWidth&#8220;]Planen Sie Ihre Reise[\/mk_fancy_title][mk_fancy_title tag_name=&#8220;span&#8220; color=&#8220;#ffffff&#8220; size=&#8220;18&#8243; font_weight=&#8220;400&#8243; margin_bottom=&#8220;050&#8243; font_family=&#8220;none&#8220; align=&#8220;center&#8220; el_class=&#8220;titleWidth&#8220;]Auch wenn Sie nicht in Spanien leben, k\u00f6nnen Sie ganz unbesorgt bleiben. Wir k\u00f6nnen Ihren Fall [&hellip;]","og_url":"https:\/\/fertilab.com\/de\/planen-sie-ihre-reise\/","og_site_name":"Fertilab Barcelona","article_publisher":"https:\/\/www.facebook.com\/fertilabbarcelona","article_modified_time":"2019-03-18T10:48:14+00:00","twitter_card":"summary_large_image","twitter_misc":{"Gesch\u00e4tzte Lesezeit":"6\u00a0Minuten"},"schema":{"@context":"https:\/\/schema.org","@graph":[{"@type":"WebPage","@id":"https:\/\/fertilab.com\/de\/planen-sie-ihre-reise\/","url":"https:\/\/fertilab.com\/de\/planen-sie-ihre-reise\/","name":"Planen Sie Ihre Reise - Fertilab Barcelona","isPartOf":{"@id":"https:\/\/fertilab.com\/#website"},"datePublished":"2019-03-03T08:59:00+00:00","dateModified":"2019-03-18T10:48:14+00:00","breadcrumb":{"@id":"https:\/\/fertilab.com\/de\/planen-sie-ihre-reise\/#breadcrumb"},"inLanguage":"de","potentialAction":[{"@type":"ReadAction","target":["https:\/\/fertilab.com\/de\/planen-sie-ihre-reise\/"]}]},{"@type":"BreadcrumbList","@id":"https:\/\/fertilab.com\/de\/planen-sie-ihre-reise\/#breadcrumb","itemListElement":[{"@type":"ListItem","position":1,"name":"Home","item":"https:\/\/fertilab.com\/de\/"},{"@type":"ListItem","position":2,"name":"Planen Sie Ihre Reise"}]},{"@type":"WebSite","@id":"https:\/\/fertilab.com\/#website","url":"https:\/\/fertilab.com\/","name":"Fertilab Barcelona","description":"Trabajamos para que pod\u00e1is sentir la emoci\u00f3n de ser padres","publisher":{"@id":"https:\/\/fertilab.com\/#organization"},"potentialAction":[{"@type":"SearchAction","target":{"@type":"EntryPoint","urlTemplate":"https:\/\/fertilab.com\/?s={search_term_string}"},"query-input":{"@type":"PropertyValueSpecification","valueRequired":true,"valueName":"search_term_string"}}],"inLanguage":"de"},{"@type":"Organization","@id":"https:\/\/fertilab.com\/#organization","name":"Fertilab Barcelona","url":"https:\/\/fertilab.com\/","logo":{"@type":"ImageObject","inLanguage":"de","@id":"https:\/\/fertilab.com\/#\/schema\/logo\/image\/","url":"https:\/\/fertilab.com\/wp-content\/uploads\/2023\/10\/cropped-fertilab-logo-fav.png","contentUrl":"https:\/\/fertilab.com\/wp-content\/uploads\/2023\/10\/cropped-fertilab-logo-fav.png","width":512,"height":512,"caption":"Fertilab Barcelona"},"image":{"@id":"https:\/\/fertilab.com\/#\/schema\/logo\/image\/"},"sameAs":["https:\/\/www.facebook.com\/fertilabbarcelona","https:\/\/www.youtube.com\/user\/FertilabTV"]}]}},"_links":{"self":[{"href":"https:\/\/fertilab.com\/de\/wp-json\/wp\/v2\/pages\/4608","targetHints":{"allow":["GET"]}}],"collection":[{"href":"https:\/\/fertilab.com\/de\/wp-json\/wp\/v2\/pages"}],"about":[{"href":"https:\/\/fertilab.com\/de\/wp-json\/wp\/v2\/types\/page"}],"author":[{"embeddable":true,"href":"https:\/\/fertilab.com\/de\/wp-json\/wp\/v2\/users\/1"}],"replies":[{"embeddable":true,"href":"https:\/\/fertilab.com\/de\/wp-json\/wp\/v2\/comments?post=4608"}],"version-history":[{"count":0,"href":"https:\/\/fertilab.com\/de\/wp-json\/wp\/v2\/pages\/4608\/revisions"}],"wp:attachment":[{"href":"https:\/\/fertilab.com\/de\/wp-json\/wp\/v2\/media?parent=4608"}],"curies":[{"name":"wp","href":"https:\/\/api.w.org\/{rel}","templated":true}]}}