{"id":4698,"date":"2019-03-03T09:41:08","date_gmt":"2019-03-03T09:41:08","guid":{"rendered":"https:\/\/fertilab.com\/?page_id=4698"},"modified":"2024-12-18T14:27:46","modified_gmt":"2024-12-18T13:27:46","slug":"kontakt","status":"publish","type":"page","link":"https:\/\/fertilab.com\/de\/kontakt\/","title":{"rendered":"Kontakt"},"content":{"rendered":"<div class=\"wpb-content-wrapper\">[mk_page_section vertical_align=&#8220;center&#8220; bg_image=&#8220;https:\/\/fertilab.com\/wp-content\/uploads\/2018\/06\/img_banner_contacto.jpg&#8220; bg_position=&#8220;center center&#8220; bg_repeat=&#8220;no-repeat&#8220; bg_stretch=&#8220;true&#8220; min_height=&#8220;700&#8243; js_vertical_centered=&#8220;true&#8220; padding_top=&#8220;100&#8243; padding_bottom=&#8220;0&#8243; section_id=&#8220;section-form-contact&#8220; el_class=&#8220;intro-contacto&#8220; sidebar=&#8220;sidebar-1&#8243;][vc_column][vc_row_inner is_fullwidth_content=&#8220;false&#8220;][vc_column_inner width=&#8220;3\/12&#8243;][mk_fancy_title color=&#8220;#4fb6e1&#8243; size=&#8220;18&#8243; font_weight=&#8220;bold&#8220; txt_transform=&#8220;uppercase&#8220; margin_bottom=&#8220;0&#8243; font_family=&#8220;none&#8220;]KLINIK[\/mk_fancy_title][vc_column_text el_class=&#8220;contact-adress&#8220; css=&#8220;.vc_custom_1724058952434{margin-bottom: 0px !important;}&#8220;]Ronda General Mitre, 14<br \/>\n(Eingang \u00fcber Calle Ricardo Villa, 5)<br \/>\n08017 Barcelona[\/vc_column_text][vc_column_text el_class=&#8220;contact-phone&#8220; css=&#8220;.vc_custom_1663938243619{margin-bottom: 0px !important;}&#8220;]<a href=\"tel:(+34) 93 241 14 14\">(+34) 93 241 14 14<\/a>[\/vc_column_text][\/vc_column_inner][vc_column_inner width=&#8220;3\/12&#8243;][mk_fancy_title color=&#8220;#4fb6e1&#8243; size=&#8220;18&#8243; font_weight=&#8220;bold&#8220; txt_transform=&#8220;uppercase&#8220; margin_bottom=&#8220;0&#8243; font_family=&#8220;none&#8220;]LABOR[\/mk_fancy_title][vc_column_text el_class=&#8220;contact-adress&#8220; css=&#8220;.vc_custom_1724058982859{margin-bottom: 0px !important;}&#8220;]Via Augusta, 249 (Eingang \u00fcber C\/Alt de Gironella, 58) 08017 Barcelona[\/vc_column_text][vc_column_text el_class=&#8220;contact-phone&#8220; css=&#8220;.vc_custom_1663938286626{margin-bottom: 0px !important;}&#8220;]<a href=\"tel:(+34) 93 241 14 14\">(+34) 93 241 14 14<\/a>[\/vc_column_text][\/vc_column_inner][vc_column_inner el_class=&#8220;contact-form-layer&#8220; width=&#8220;6\/12&#8243;][mk_fancy_title color=&#8220;#ffffff&#8220; size=&#8220;18&#8243; font_weight=&#8220;bold&#8220; txt_transform=&#8220;uppercase&#8220; margin_bottom=&#8220;0&#8243; font_family=&#8220;none&#8220;]TERMIN ANFORDERN ODER KONTAKT AUFNEHMEN[\/mk_fancy_title][vc_raw_js]JTNDJTIxLS0lNUJpZiUyMGx0ZSUyMElFJTIwOCU1RCUzRSUwQSUzQ3NjcmlwdCUyMGNoYXJzZXQlM0QlMjJ1dGYtOCUyMiUyMHR5cGUlM0QlMjJ0ZXh0JTJGamF2YXNjcmlwdCUyMiUyMHNyYyUzRCUyMiUyRiUyRmpzLWV1MS5oc2Zvcm1zLm5ldCUyRmZvcm1zJTJGdjItbGVnYWN5LmpzJTIyJTNFJTNDJTJGc2NyaXB0JTNFJTBBJTNDJTIxJTVCZW5kaWYlNUQtLSUzRSUwQSUzQ3NjcmlwdCUyMGNoYXJzZXQlM0QlMjJ1dGYtOCUyMiUyMHR5cGUlM0QlMjJ0ZXh0JTJGamF2YXNjcmlwdCUyMiUyMHNyYyUzRCUyMiUyRiUyRmpzLWV1MS5oc2Zvcm1zLm5ldCUyRmZvcm1zJTJGdjIuanMlMjIlM0UlM0MlMkZzY3JpcHQlM0UlMEElM0NzY3JpcHQlM0UlMEElMjAlMjBoYnNwdC5mb3Jtcy5jcmVhdGUlMjglN0IlMEFyZWdpb24lM0ElMjAlMjJldTElMjIlMkMlMEFwb3J0YWxJZCUzQSUyMCUyMjI1MzUyNTY5JTIyJTJDJTBBZm9ybUlkJTNBJTIwJTIyYzVkZjQxOTMtYmVmMS00ZGZjLWIyMTItNmNiOTQ0NDNhZmVlJTIyJTJDJTBBJTIwJTIwJTIwJTIwJTIwJTIwJTIwJTIwY3NzJTNBJTI3JTI3JTBBJTdEJTI5JTNCJTBBJTNDJTJGc2NyaXB0JTNFJTBB[\/vc_raw_js][\/vc_column_inner][\/vc_row_inner][\/vc_column][\/mk_page_section][vc_row css=&#8220;.vc_custom_1529487907712{padding-top: 60px !important;padding-bottom: 60px !important;}&#8220;][vc_column][mk_fancy_title color=&#8220;#4a76c9&#8243; size=&#8220;21&#8243; font_weight=&#8220;bold&#8220; font_style=&#8220;normal&#8220; txt_transform=&#8220;uppercase&#8220; margin_top=&#8220;60&#8243; margin_bottom=&#8220;60&#8243; font_family=&#8220;none&#8220; align=&#8220;center&#8220;]Anreise[\/mk_fancy_title][vc_row_inner el_class=&#8220;reset-padding&#8220;][vc_column_inner width=&#8220;1\/2&#8243;][mk_custom_list style=&#8220;&#8220; el_class=&#8220;list-heart big&#8220;]\n<ul>\n<li class=\"autobus\">\n<h3>Mit dem Bus<\/h3>\n<p>Linien zur Haltestelle V\u00eda Augusta: 68\u2028Linien zur Haltestelle Ronda General Mitre: 14, 16, 70, 72, H6\u2028Linien zur Haltestelle Ganduxer: 70,72<\/li>\n<li class=\"ferrocarril\">\n<h3>Mit der Bahn (Ferrocarrils de la Generalitat)<\/h3>\n<p>L6 Reina Elisenda, Haltestellen: FGC Bonanova und FGC Tres Torres; S5 Sant Cugat, Haltestellen: FGC Bonanova und FGC Tres Torres; S55 Universitat Aut\u00f2noma, Haltestellen: FGC Bonanova und FGC Tres Torres; S1 Terrassa, Haltestellen: FGC Bonanova und FGC Tres Torres<\/li>\n<li class=\"taxi\">\n<h3>Mit dem Taxi<\/h3>\n<p>Sie erreichen Fertilab mit jedem Taxi in Barcelona.\u2028Die Fahrt vom Zentrum Barcelonas (Pla\u00e7a Catalunya) dauert 10-15 Minuten und kostet ungef\u00e4hr 10,- \u20ac.<\/li>\n<li class=\"coche\">\n<h3>Mit dem eigenen Fahrzeug<\/h3>\n<p>Sie k\u00f6nnen auch mit dem Auto oder Motorrad anreisen. Der beste Weg zu Fertilab f\u00fchrt \u00fcber die calle General Mitre oder die Via Augusta. Wenn Sie mit dem Auto anreisen, k\u00f6nnen Sie es auf einem Privatparkplatz (Ametller Origen) in der calle Arrufat abstellen.<\/li>\n<\/ul>\n[\/mk_custom_list][\/vc_column_inner][vc_column_inner width=&#8220;1\/2&#8243;][mk_custom_list style=&#8220;&#8220; el_class=&#8220;list-heart big&#8220;]\n<ul>\n<li class=\"avion\">\n<h3>Flughafen Barcelona El Prat<\/h3>\n<p>Von jedem Flughafenterminal aus k\u00f6nnen Sie mit dem Aerobus zur Pla\u00e7a Catalunya (Endstation) fahren. Dort k\u00f6nnen Sie mit der L6 von Ferrocarrils de la Generalitat (FGC) in Richtung Reina Elisenda fahren und in Bonanova oder Tres Torres aussteigen.<\/li>\n<li class=\"avion\">\n<h3>Flughafen Girona<\/h3>\n<p>Nach Ihrer Ankunft am Flughafen Girona nehmen Sie am besten den Bus der Firma Sagal\u00e9s nach Barcelona und steigen an der Haltestelle Estaci\u00f3 del Nord (Endstation) aus. Von dort aus nehmen Sie die U-Bahnlinie L1 an der Haltestelle Arc de Triomf in Richtung Hospital de Bellvitge und steigen an der Haltestelle Catalunya aus. Von dort nehmen Sie die L6 von Ferrocarrils de la Generalitat (FGC) in Richtung Reina Elisenda bis zur Haltestelle Bonanova oder Tres Torres.<\/li>\n<li class=\"avion\">\n<h3>Flughafen Reus<\/h3>\n<p>Vom Flughafen Reus fahren Sie am besten mit dem Bus der Firma Hispano Igualadina zum Bahnhof Sants. Von Sants aus nehmen Sie die S-Bahnlinie L3 an der Haltestelle Sants Estaci\u00f3 in Richtung Trinitat Nova und steigen an der Haltestelle Catalunya aus. Dort k\u00f6nnen Sie mit der L6 von Ferrocarrils de la Generalitat (FGC) in Richtung Reina Elisenda fahren und in Bonanova oder Tres Torres aussteigen.<\/li>\n<\/ul>\n[\/mk_custom_list][\/vc_column_inner][\/vc_row_inner][\/vc_column][\/vc_row][vc_row][vc_column][\/vc_column][\/vc_row][mk_page_section min_height=&#8220;900&#8243; full_width=&#8220;true&#8220; padding_top=&#8220;0&#8243; padding_bottom=&#8220;0&#8243; sidebar=&#8220;sidebar-1&#8243;][vc_column][vc_gmaps link=&#8220;#E-8_JTNDaWZyYW1lJTIwc3JjJTNEJTIyaHR0cHMlM0ElMkYlMkZ3d3cuZ29vZ2xlLmNvbSUyRm1hcHMlMkZlbWJlZCUzRnBiJTNEJTIxMW0xOCUyMTFtMTIlMjExbTMlMjExZDMyOTMuMjMxOTk0MjIxNTY3NyUyMTJkMi4xMzIwNjEyJTIxM2Q0MS4zOTI3OTQ5JTIxMm0zJTIxMWYwJTIxMmYwJTIxM2YwJTIxM20yJTIxMWkxMDI0JTIxMmk3NjglMjE0ZjEzLjElMjEzbTMlMjExbTIlMjExczB4MTJhNDk4NmRiNGI5ZWYzNSUyNTNBMHg5NDNjODM3NjQxMGVkM2ExJTIxMnNGZXJ0aWxhYiUyNTIwQmFyY2Vsb25hJTIxNWUxJTIxM20yJTIxMXNlcyUyMTJzYXIlMjE0djE3MzQ1Mjc4NTYyMDIlMjE1bTIlMjExc2VzJTIxMnNhciUyMiUyMHdpZHRoJTNEJTIyODAwJTIyJTIwaGVpZ2h0JTNEJTIyOTAwJTIyJTIwc3R5bGUlM0QlMjJib3JkZXIlM0EwJTNCJTIyJTIwYWxsb3dmdWxsc2NyZWVuJTNEJTIyJTIyJTIwbG9hZGluZyUzRCUyMmxhenklMjIlMjByZWZlcnJlcnBvbGljeSUzRCUyMm5vLXJlZmVycmVyLXdoZW4tZG93bmdyYWRlJTIyJTNFJTNDJTJGaWZyYW1lJTNF&#8220; css=&#8220;&#8220; el_class=&#8220;reset-margin reset-padding&#8220;][\/vc_column][\/mk_page_section][vc_row visibility=&#8220;visible-sm&#8220; el_class=&#8220;rowTelephone&#8220;][vc_column][vc_raw_html]JTNDZGl2JTIwaWQlM0QlMjJwaG9uZWJhckZpeGVkJTIyJTNFJTBBJTIwJTIwVGVybWluJTIwVmVyZWluYmFyZW4lMjAlM0NhJTIwaHJlZiUzRCUyMnRlbCUzQTM0OTMyNDExNDE0JTIyJTNFJTI4JTJCMzQlMjklMjA5My4yNDEuMTQuMTQlM0MlMkZhJTNFJTBBJTNDJTJGZGl2JTNF[\/vc_raw_html][\/vc_column][\/vc_row][mk_page_section bg_position=&#8220;center center&#8220; bg_repeat=&#8220;no-repeat&#8220; bg_stretch=&#8220;true&#8220; min_height=&#8220;0&#8243; full_width=&#8220;true&#8220; padding_top=&#8220;65&#8243; padding_bottom=&#8220;65&#8243; visibility=&#8220;visible-sm&#8220; el_class=&#8220;contact-bottom responsive-contact&#8220; sidebar=&#8220;sidebar-1&#8243;][vc_column][vc_column_text align=&#8220;center&#8220; el_class=&#8220;btnContact&#8220; css=&#8220;.vc_custom_1551606027460{margin-bottom: 0px !important;}&#8220;]<a href=\"#section-form-contact\">KONTAKTAUFNAHME<\/a>[\/vc_column_text][\/vc_column][\/mk_page_section]\n<\/div>","protected":false},"excerpt":{"rendered":"<p>[mk_page_section vertical_align=&#8220;center&#8220; bg_image=&#8220;https:\/\/fertilab.com\/wp-content\/uploads\/2018\/06\/img_banner_contacto.jpg&#8220; bg_position=&#8220;center center&#8220; bg_repeat=&#8220;no-repeat&#8220; bg_stretch=&#8220;true&#8220; min_height=&#8220;700&#8243; js_vertical_centered=&#8220;true&#8220; padding_top=&#8220;100&#8243; padding_bottom=&#8220;0&#8243; section_id=&#8220;section-form-contact&#8220; el_class=&#8220;intro-contacto&#8220; sidebar=&#8220;sidebar-1&#8243;][vc_column][vc_row_inner is_fullwidth_content=&#8220;false&#8220;][vc_column_inner width=&#8220;3\/12&#8243;][mk_fancy_title color=&#8220;#4fb6e1&#8243; size=&#8220;18&#8243; font_weight=&#8220;bold&#8220; txt_transform=&#8220;uppercase&#8220; margin_bottom=&#8220;0&#8243; font_family=&#8220;none&#8220;]KLINIK[\/mk_fancy_title][vc_column_text el_class=&#8220;contact-adress&#8220; css=&#8220;.vc_custom_1724058952434{margin-bottom: 0px !important;}&#8220;]Ronda General Mitre, 14 (Eingang \u00fcber Calle Ricardo Villa, 5) 08017 Barcelona[\/vc_column_text][vc_column_text el_class=&#8220;contact-phone&#8220; css=&#8220;.vc_custom_1663938243619{margin-bottom: 0px !important;}&#8220;](+34) 93 241 14 14[\/vc_column_text][\/vc_column_inner][vc_column_inner width=&#8220;3\/12&#8243;][mk_fancy_title color=&#8220;#4fb6e1&#8243; size=&#8220;18&#8243; font_weight=&#8220;bold&#8220; txt_transform=&#8220;uppercase&#8220; margin_bottom=&#8220;0&#8243; font_family=&#8220;none&#8220;]LABOR[\/mk_fancy_title][vc_column_text el_class=&#8220;contact-adress&#8220; css=&#8220;.vc_custom_1724058982859{margin-bottom: 0px [&hellip;]<\/p>\n","protected":false},"author":1,"featured_media":0,"parent":0,"menu_order":0,"comment_status":"closed","ping_status":"closed","template":"","meta":{"footnotes":""},"class_list":["post-4698","page","type-page","status-publish","hentry"],"yoast_head":"<!-- This site is optimized with the Yoast SEO plugin v27.4 - https:\/\/yoast.com\/product\/yoast-seo-wordpress\/ -->\n<title>Kontakt - Fertilab Barcelona<\/title>\n<meta name=\"robots\" content=\"index, follow, max-snippet:-1, max-image-preview:large, max-video-preview:-1\" \/>\n<link rel=\"canonical\" href=\"https:\/\/fertilab.com\/de\/kontakt\/\" \/>\n<meta property=\"og:locale\" content=\"de_DE\" \/>\n<meta property=\"og:type\" content=\"article\" \/>\n<meta property=\"og:title\" content=\"Kontakt - Fertilab Barcelona\" \/>\n<meta property=\"og:description\" content=\"[mk_page_section vertical_align=&#8220;center&#8220; bg_image=&#8220;https:\/\/fertilab.com\/wp-content\/uploads\/2018\/06\/img_banner_contacto.jpg&#8220; bg_position=&#8220;center center&#8220; bg_repeat=&#8220;no-repeat&#8220; bg_stretch=&#8220;true&#8220; min_height=&#8220;700&#8243; js_vertical_centered=&#8220;true&#8220; padding_top=&#8220;100&#8243; padding_bottom=&#8220;0&#8243; section_id=&#8220;section-form-contact&#8220; el_class=&#8220;intro-contacto&#8220; sidebar=&#8220;sidebar-1&#8243;][vc_column][vc_row_inner is_fullwidth_content=&#8220;false&#8220;][vc_column_inner width=&#8220;3\/12&#8243;][mk_fancy_title color=&#8220;#4fb6e1&#8243; size=&#8220;18&#8243; font_weight=&#8220;bold&#8220; txt_transform=&#8220;uppercase&#8220; margin_bottom=&#8220;0&#8243; font_family=&#8220;none&#8220;]KLINIK[\/mk_fancy_title][vc_column_text el_class=&#8220;contact-adress&#8220; css=&#8220;.vc_custom_1724058952434{margin-bottom: 0px !important;}&#8220;]Ronda General Mitre, 14 (Eingang \u00fcber Calle Ricardo Villa, 5) 08017 Barcelona[\/vc_column_text][vc_column_text el_class=&#8220;contact-phone&#8220; css=&#8220;.vc_custom_1663938243619{margin-bottom: 0px !important;}&#8220;](+34) 93 241 14 14[\/vc_column_text][\/vc_column_inner][vc_column_inner width=&#8220;3\/12&#8243;][mk_fancy_title color=&#8220;#4fb6e1&#8243; size=&#8220;18&#8243; font_weight=&#8220;bold&#8220; txt_transform=&#8220;uppercase&#8220; margin_bottom=&#8220;0&#8243; font_family=&#8220;none&#8220;]LABOR[\/mk_fancy_title][vc_column_text el_class=&#8220;contact-adress&#8220; css=&#8220;.vc_custom_1724058982859{margin-bottom: 0px [&hellip;]\" \/>\n<meta property=\"og:url\" content=\"https:\/\/fertilab.com\/de\/kontakt\/\" \/>\n<meta property=\"og:site_name\" content=\"Fertilab Barcelona\" \/>\n<meta property=\"article:publisher\" content=\"https:\/\/www.facebook.com\/fertilabbarcelona\" \/>\n<meta property=\"article:modified_time\" content=\"2024-12-18T13:27:46+00:00\" \/>\n<meta name=\"twitter:card\" content=\"summary_large_image\" \/>\n<meta name=\"twitter:label1\" content=\"Gesch\u00e4tzte Lesezeit\" \/>\n\t<meta name=\"twitter:data1\" content=\"3\u00a0Minuten\" \/>\n<script type=\"application\/ld+json\" class=\"yoast-schema-graph\">{\"@context\":\"https:\\\/\\\/schema.org\",\"@graph\":[{\"@type\":\"WebPage\",\"@id\":\"https:\\\/\\\/fertilab.com\\\/de\\\/kontakt\\\/\",\"url\":\"https:\\\/\\\/fertilab.com\\\/de\\\/kontakt\\\/\",\"name\":\"Kontakt - Fertilab Barcelona\",\"isPartOf\":{\"@id\":\"https:\\\/\\\/fertilab.com\\\/#website\"},\"datePublished\":\"2019-03-03T09:41:08+00:00\",\"dateModified\":\"2024-12-18T13:27:46+00:00\",\"breadcrumb\":{\"@id\":\"https:\\\/\\\/fertilab.com\\\/de\\\/kontakt\\\/#breadcrumb\"},\"inLanguage\":\"de\",\"potentialAction\":[{\"@type\":\"ReadAction\",\"target\":[\"https:\\\/\\\/fertilab.com\\\/de\\\/kontakt\\\/\"]}]},{\"@type\":\"BreadcrumbList\",\"@id\":\"https:\\\/\\\/fertilab.com\\\/de\\\/kontakt\\\/#breadcrumb\",\"itemListElement\":[{\"@type\":\"ListItem\",\"position\":1,\"name\":\"Home\",\"item\":\"https:\\\/\\\/fertilab.com\\\/de\\\/\"},{\"@type\":\"ListItem\",\"position\":2,\"name\":\"Kontakt\"}]},{\"@type\":\"WebSite\",\"@id\":\"https:\\\/\\\/fertilab.com\\\/#website\",\"url\":\"https:\\\/\\\/fertilab.com\\\/\",\"name\":\"Fertilab Barcelona\",\"description\":\"Trabajamos para que pod\u00e1is sentir la emoci\u00f3n de ser padres\",\"publisher\":{\"@id\":\"https:\\\/\\\/fertilab.com\\\/#organization\"},\"potentialAction\":[{\"@type\":\"SearchAction\",\"target\":{\"@type\":\"EntryPoint\",\"urlTemplate\":\"https:\\\/\\\/fertilab.com\\\/?s={search_term_string}\"},\"query-input\":{\"@type\":\"PropertyValueSpecification\",\"valueRequired\":true,\"valueName\":\"search_term_string\"}}],\"inLanguage\":\"de\"},{\"@type\":\"Organization\",\"@id\":\"https:\\\/\\\/fertilab.com\\\/#organization\",\"name\":\"Fertilab Barcelona\",\"url\":\"https:\\\/\\\/fertilab.com\\\/\",\"logo\":{\"@type\":\"ImageObject\",\"inLanguage\":\"de\",\"@id\":\"https:\\\/\\\/fertilab.com\\\/#\\\/schema\\\/logo\\\/image\\\/\",\"url\":\"https:\\\/\\\/fertilab.com\\\/wp-content\\\/uploads\\\/2023\\\/10\\\/cropped-fertilab-logo-fav.png\",\"contentUrl\":\"https:\\\/\\\/fertilab.com\\\/wp-content\\\/uploads\\\/2023\\\/10\\\/cropped-fertilab-logo-fav.png\",\"width\":512,\"height\":512,\"caption\":\"Fertilab Barcelona\"},\"image\":{\"@id\":\"https:\\\/\\\/fertilab.com\\\/#\\\/schema\\\/logo\\\/image\\\/\"},\"sameAs\":[\"https:\\\/\\\/www.facebook.com\\\/fertilabbarcelona\",\"https:\\\/\\\/www.youtube.com\\\/user\\\/FertilabTV\"]}]}<\/script>\n<!-- \/ Yoast SEO plugin. -->","yoast_head_json":{"title":"Kontakt - Fertilab Barcelona","robots":{"index":"index","follow":"follow","max-snippet":"max-snippet:-1","max-image-preview":"max-image-preview:large","max-video-preview":"max-video-preview:-1"},"canonical":"https:\/\/fertilab.com\/de\/kontakt\/","og_locale":"de_DE","og_type":"article","og_title":"Kontakt - Fertilab Barcelona","og_description":"[mk_page_section vertical_align=&#8220;center&#8220; bg_image=&#8220;https:\/\/fertilab.com\/wp-content\/uploads\/2018\/06\/img_banner_contacto.jpg&#8220; bg_position=&#8220;center center&#8220; bg_repeat=&#8220;no-repeat&#8220; bg_stretch=&#8220;true&#8220; min_height=&#8220;700&#8243; js_vertical_centered=&#8220;true&#8220; padding_top=&#8220;100&#8243; padding_bottom=&#8220;0&#8243; section_id=&#8220;section-form-contact&#8220; el_class=&#8220;intro-contacto&#8220; sidebar=&#8220;sidebar-1&#8243;][vc_column][vc_row_inner is_fullwidth_content=&#8220;false&#8220;][vc_column_inner width=&#8220;3\/12&#8243;][mk_fancy_title color=&#8220;#4fb6e1&#8243; size=&#8220;18&#8243; font_weight=&#8220;bold&#8220; txt_transform=&#8220;uppercase&#8220; margin_bottom=&#8220;0&#8243; font_family=&#8220;none&#8220;]KLINIK[\/mk_fancy_title][vc_column_text el_class=&#8220;contact-adress&#8220; css=&#8220;.vc_custom_1724058952434{margin-bottom: 0px !important;}&#8220;]Ronda General Mitre, 14 (Eingang \u00fcber Calle Ricardo Villa, 5) 08017 Barcelona[\/vc_column_text][vc_column_text el_class=&#8220;contact-phone&#8220; css=&#8220;.vc_custom_1663938243619{margin-bottom: 0px !important;}&#8220;](+34) 93 241 14 14[\/vc_column_text][\/vc_column_inner][vc_column_inner width=&#8220;3\/12&#8243;][mk_fancy_title color=&#8220;#4fb6e1&#8243; size=&#8220;18&#8243; font_weight=&#8220;bold&#8220; txt_transform=&#8220;uppercase&#8220; margin_bottom=&#8220;0&#8243; font_family=&#8220;none&#8220;]LABOR[\/mk_fancy_title][vc_column_text el_class=&#8220;contact-adress&#8220; css=&#8220;.vc_custom_1724058982859{margin-bottom: 0px [&hellip;]","og_url":"https:\/\/fertilab.com\/de\/kontakt\/","og_site_name":"Fertilab Barcelona","article_publisher":"https:\/\/www.facebook.com\/fertilabbarcelona","article_modified_time":"2024-12-18T13:27:46+00:00","twitter_card":"summary_large_image","twitter_misc":{"Gesch\u00e4tzte Lesezeit":"3\u00a0Minuten"},"schema":{"@context":"https:\/\/schema.org","@graph":[{"@type":"WebPage","@id":"https:\/\/fertilab.com\/de\/kontakt\/","url":"https:\/\/fertilab.com\/de\/kontakt\/","name":"Kontakt - Fertilab Barcelona","isPartOf":{"@id":"https:\/\/fertilab.com\/#website"},"datePublished":"2019-03-03T09:41:08+00:00","dateModified":"2024-12-18T13:27:46+00:00","breadcrumb":{"@id":"https:\/\/fertilab.com\/de\/kontakt\/#breadcrumb"},"inLanguage":"de","potentialAction":[{"@type":"ReadAction","target":["https:\/\/fertilab.com\/de\/kontakt\/"]}]},{"@type":"BreadcrumbList","@id":"https:\/\/fertilab.com\/de\/kontakt\/#breadcrumb","itemListElement":[{"@type":"ListItem","position":1,"name":"Home","item":"https:\/\/fertilab.com\/de\/"},{"@type":"ListItem","position":2,"name":"Kontakt"}]},{"@type":"WebSite","@id":"https:\/\/fertilab.com\/#website","url":"https:\/\/fertilab.com\/","name":"Fertilab Barcelona","description":"Trabajamos para que pod\u00e1is sentir la emoci\u00f3n de ser padres","publisher":{"@id":"https:\/\/fertilab.com\/#organization"},"potentialAction":[{"@type":"SearchAction","target":{"@type":"EntryPoint","urlTemplate":"https:\/\/fertilab.com\/?s={search_term_string}"},"query-input":{"@type":"PropertyValueSpecification","valueRequired":true,"valueName":"search_term_string"}}],"inLanguage":"de"},{"@type":"Organization","@id":"https:\/\/fertilab.com\/#organization","name":"Fertilab Barcelona","url":"https:\/\/fertilab.com\/","logo":{"@type":"ImageObject","inLanguage":"de","@id":"https:\/\/fertilab.com\/#\/schema\/logo\/image\/","url":"https:\/\/fertilab.com\/wp-content\/uploads\/2023\/10\/cropped-fertilab-logo-fav.png","contentUrl":"https:\/\/fertilab.com\/wp-content\/uploads\/2023\/10\/cropped-fertilab-logo-fav.png","width":512,"height":512,"caption":"Fertilab Barcelona"},"image":{"@id":"https:\/\/fertilab.com\/#\/schema\/logo\/image\/"},"sameAs":["https:\/\/www.facebook.com\/fertilabbarcelona","https:\/\/www.youtube.com\/user\/FertilabTV"]}]}},"_links":{"self":[{"href":"https:\/\/fertilab.com\/de\/wp-json\/wp\/v2\/pages\/4698","targetHints":{"allow":["GET"]}}],"collection":[{"href":"https:\/\/fertilab.com\/de\/wp-json\/wp\/v2\/pages"}],"about":[{"href":"https:\/\/fertilab.com\/de\/wp-json\/wp\/v2\/types\/page"}],"author":[{"embeddable":true,"href":"https:\/\/fertilab.com\/de\/wp-json\/wp\/v2\/users\/1"}],"replies":[{"embeddable":true,"href":"https:\/\/fertilab.com\/de\/wp-json\/wp\/v2\/comments?post=4698"}],"version-history":[{"count":0,"href":"https:\/\/fertilab.com\/de\/wp-json\/wp\/v2\/pages\/4698\/revisions"}],"wp:attachment":[{"href":"https:\/\/fertilab.com\/de\/wp-json\/wp\/v2\/media?parent=4698"}],"curies":[{"name":"wp","href":"https:\/\/api.w.org\/{rel}","templated":true}]}}