{"id":4761,"date":"2019-03-03T11:46:16","date_gmt":"2019-03-03T11:46:16","guid":{"rendered":"https:\/\/fertilab.com\/?page_id=4761"},"modified":"2019-03-18T10:37:30","modified_gmt":"2019-03-18T10:37:30","slug":"cookie-richtlinie","status":"publish","type":"page","link":"https:\/\/fertilab.com\/de\/cookie-richtlinie\/","title":{"rendered":"Cookie-Richtlinie"},"content":{"rendered":"<div class=\"wpb-content-wrapper\">[vc_row el_class=&#8220;legales&#8220;][vc_column][mk_fancy_title tag_name=&#8220;h1&#8243; size=&#8220;24&#8243; font_family=&#8220;none&#8220;]Cookie-Richtlinie[\/mk_fancy_title][vc_column_text css=&#8220;.vc_custom_1551613501945{margin-bottom: 0px !important;}&#8220;]Gem\u00e4\u00df Artikel 21 des Gesetzes 34\/2002 vom 11. Juli \u00fcber Dienste der Informationsgesellschaft und des elektronischen Gesch\u00e4ftsverkehrs (LSSI), informieren wir Sie, dass diese Website Cookies verwenden kann (kleine Informationsdateien, die der Server an den Computer sendet, der auf die Seite zugreift).<\/p>\n<p>Bei den auf dieser Website verwendeten Cookies handelt es sich um technische Cookies: Diese Cookies werden zur Ausf\u00fchrung bestimmter Funktionen verwendet, die f\u00fcr das ordnungsgem\u00e4\u00dfe Funktionieren und die Visualisierung der Website als wesentlich angesehen werden. Sie haben temporale Eigenschaften und ihr einziger Zweck besteht darin, die \u00dcbertragung \u00fcber ein elektronisches Kommunikationsnetz effizienter zu gestalten oder, soweit dies unbedingt erforderlich ist, einen ausdr\u00fccklich vom Benutzer gew\u00fcnschten Dienst zu erbringen, und verschwinden am Ende der Sitzung. In jedem Fall werden diese Arten von Cookies dazu verwendet, pers\u00f6nliche Informationen zu sammeln.<br \/>\n[\/vc_column_text][\/vc_column][\/vc_row][mk_page_section bg_position=&#8220;center center&#8220; bg_repeat=&#8220;no-repeat&#8220; bg_stretch=&#8220;true&#8220; min_height=&#8220;0&#8243; full_width=&#8220;true&#8220; padding_top=&#8220;65&#8243; padding_bottom=&#8220;65&#8243; visibility=&#8220;visible-sm&#8220; el_class=&#8220;contact-bottom responsive-contact&#8220; sidebar=&#8220;sidebar-1&#8243;][vc_column][vc_column_text align=&#8220;center&#8220; el_class=&#8220;btnContact&#8220; css=&#8220;.vc_custom_1551613526143{margin-bottom: 0px !important;}&#8220;]<a href=\"https:\/\/fertilab.com\/contacto\/\">KONTAKTAUFNAHME<\/a>[\/vc_column_text][\/vc_column][\/mk_page_section][vc_row visibility=&#8220;visible-sm&#8220; el_class=&#8220;rowTelephone&#8220;][vc_column][vc_raw_html]JTNDZGl2JTIwaWQlM0QlMjJwaG9uZWJhckZpeGVkJTIyJTNFJTBBJTIwJTIwVGVybWluJTIwVmVyZWluYmFyZW4lMjAlM0NhJTIwaHJlZiUzRCUyMnRlbCUzQTM0OTMyNDExNDE0JTIyJTNFJTI4JTJCMzQlMjklMjA5My4yNDEuMTQuMTQlM0MlMkZhJTNFJTBBJTNDJTJGZGl2JTNF[\/vc_raw_html][\/vc_column][\/vc_row]\n<\/div>","protected":false},"excerpt":{"rendered":"<p>[vc_row el_class=&#8220;legales&#8220;][vc_column][mk_fancy_title tag_name=&#8220;h1&#8243; size=&#8220;24&#8243; font_family=&#8220;none&#8220;]Cookie-Richtlinie[\/mk_fancy_title][vc_column_text css=&#8220;.vc_custom_1551613501945{margin-bottom: 0px !important;}&#8220;]Gem\u00e4\u00df Artikel 21 des Gesetzes 34\/2002 vom 11. Juli \u00fcber Dienste der Informationsgesellschaft und des elektronischen Gesch\u00e4ftsverkehrs (LSSI), informieren wir Sie, dass diese Website Cookies verwenden kann (kleine Informationsdateien, die der Server an den Computer sendet, der auf die Seite zugreift). Bei den auf dieser Website verwendeten Cookies [&hellip;]<\/p>\n","protected":false},"author":1,"featured_media":0,"parent":0,"menu_order":0,"comment_status":"closed","ping_status":"closed","template":"","meta":{"footnotes":""},"class_list":["post-4761","page","type-page","status-publish","hentry"],"yoast_head":"<!-- This site is optimized with the Yoast SEO plugin v27.3 - https:\/\/yoast.com\/product\/yoast-seo-wordpress\/ -->\n<title>Cookie-Richtlinie - Fertilab Barcelona<\/title>\n<meta name=\"robots\" content=\"index, follow, max-snippet:-1, max-image-preview:large, max-video-preview:-1\" \/>\n<link rel=\"canonical\" href=\"https:\/\/fertilab.com\/de\/cookie-richtlinie\/\" \/>\n<meta property=\"og:locale\" content=\"de_DE\" \/>\n<meta property=\"og:type\" content=\"article\" \/>\n<meta property=\"og:title\" content=\"Cookie-Richtlinie - Fertilab Barcelona\" \/>\n<meta property=\"og:description\" content=\"[vc_row el_class=&#8220;legales&#8220;][vc_column][mk_fancy_title tag_name=&#8220;h1&#8243; size=&#8220;24&#8243; font_family=&#8220;none&#8220;]Cookie-Richtlinie[\/mk_fancy_title][vc_column_text css=&#8220;.vc_custom_1551613501945{margin-bottom: 0px !important;}&#8220;]Gem\u00e4\u00df Artikel 21 des Gesetzes 34\/2002 vom 11. Juli \u00fcber Dienste der Informationsgesellschaft und des elektronischen Gesch\u00e4ftsverkehrs (LSSI), informieren wir Sie, dass diese Website Cookies verwenden kann (kleine Informationsdateien, die der Server an den Computer sendet, der auf die Seite zugreift). Bei den auf dieser Website verwendeten Cookies [&hellip;]\" \/>\n<meta property=\"og:url\" content=\"https:\/\/fertilab.com\/de\/cookie-richtlinie\/\" \/>\n<meta property=\"og:site_name\" content=\"Fertilab Barcelona\" \/>\n<meta property=\"article:publisher\" content=\"https:\/\/www.facebook.com\/fertilabbarcelona\" \/>\n<meta property=\"article:modified_time\" content=\"2019-03-18T10:37:30+00:00\" \/>\n<meta name=\"twitter:card\" content=\"summary_large_image\" \/>\n<meta name=\"twitter:label1\" content=\"Gesch\u00e4tzte Lesezeit\" \/>\n\t<meta name=\"twitter:data1\" content=\"1\u00a0Minute\" \/>\n<script type=\"application\/ld+json\" class=\"yoast-schema-graph\">{\"@context\":\"https:\\\/\\\/schema.org\",\"@graph\":[{\"@type\":\"WebPage\",\"@id\":\"https:\\\/\\\/fertilab.com\\\/de\\\/cookie-richtlinie\\\/\",\"url\":\"https:\\\/\\\/fertilab.com\\\/de\\\/cookie-richtlinie\\\/\",\"name\":\"Cookie-Richtlinie - Fertilab Barcelona\",\"isPartOf\":{\"@id\":\"https:\\\/\\\/fertilab.com\\\/#website\"},\"datePublished\":\"2019-03-03T11:46:16+00:00\",\"dateModified\":\"2019-03-18T10:37:30+00:00\",\"breadcrumb\":{\"@id\":\"https:\\\/\\\/fertilab.com\\\/de\\\/cookie-richtlinie\\\/#breadcrumb\"},\"inLanguage\":\"de\",\"potentialAction\":[{\"@type\":\"ReadAction\",\"target\":[\"https:\\\/\\\/fertilab.com\\\/de\\\/cookie-richtlinie\\\/\"]}]},{\"@type\":\"BreadcrumbList\",\"@id\":\"https:\\\/\\\/fertilab.com\\\/de\\\/cookie-richtlinie\\\/#breadcrumb\",\"itemListElement\":[{\"@type\":\"ListItem\",\"position\":1,\"name\":\"Home\",\"item\":\"https:\\\/\\\/fertilab.com\\\/de\\\/\"},{\"@type\":\"ListItem\",\"position\":2,\"name\":\"Cookie-Richtlinie\"}]},{\"@type\":\"WebSite\",\"@id\":\"https:\\\/\\\/fertilab.com\\\/#website\",\"url\":\"https:\\\/\\\/fertilab.com\\\/\",\"name\":\"Fertilab Barcelona\",\"description\":\"Trabajamos para que pod\u00e1is sentir la emoci\u00f3n de ser padres\",\"publisher\":{\"@id\":\"https:\\\/\\\/fertilab.com\\\/#organization\"},\"potentialAction\":[{\"@type\":\"SearchAction\",\"target\":{\"@type\":\"EntryPoint\",\"urlTemplate\":\"https:\\\/\\\/fertilab.com\\\/?s={search_term_string}\"},\"query-input\":{\"@type\":\"PropertyValueSpecification\",\"valueRequired\":true,\"valueName\":\"search_term_string\"}}],\"inLanguage\":\"de\"},{\"@type\":\"Organization\",\"@id\":\"https:\\\/\\\/fertilab.com\\\/#organization\",\"name\":\"Fertilab Barcelona\",\"url\":\"https:\\\/\\\/fertilab.com\\\/\",\"logo\":{\"@type\":\"ImageObject\",\"inLanguage\":\"de\",\"@id\":\"https:\\\/\\\/fertilab.com\\\/#\\\/schema\\\/logo\\\/image\\\/\",\"url\":\"https:\\\/\\\/fertilab.com\\\/wp-content\\\/uploads\\\/2023\\\/10\\\/cropped-fertilab-logo-fav.png\",\"contentUrl\":\"https:\\\/\\\/fertilab.com\\\/wp-content\\\/uploads\\\/2023\\\/10\\\/cropped-fertilab-logo-fav.png\",\"width\":512,\"height\":512,\"caption\":\"Fertilab Barcelona\"},\"image\":{\"@id\":\"https:\\\/\\\/fertilab.com\\\/#\\\/schema\\\/logo\\\/image\\\/\"},\"sameAs\":[\"https:\\\/\\\/www.facebook.com\\\/fertilabbarcelona\",\"https:\\\/\\\/www.youtube.com\\\/user\\\/FertilabTV\"]}]}<\/script>\n<!-- \/ Yoast SEO plugin. -->","yoast_head_json":{"title":"Cookie-Richtlinie - Fertilab Barcelona","robots":{"index":"index","follow":"follow","max-snippet":"max-snippet:-1","max-image-preview":"max-image-preview:large","max-video-preview":"max-video-preview:-1"},"canonical":"https:\/\/fertilab.com\/de\/cookie-richtlinie\/","og_locale":"de_DE","og_type":"article","og_title":"Cookie-Richtlinie - Fertilab Barcelona","og_description":"[vc_row el_class=&#8220;legales&#8220;][vc_column][mk_fancy_title tag_name=&#8220;h1&#8243; size=&#8220;24&#8243; font_family=&#8220;none&#8220;]Cookie-Richtlinie[\/mk_fancy_title][vc_column_text css=&#8220;.vc_custom_1551613501945{margin-bottom: 0px !important;}&#8220;]Gem\u00e4\u00df Artikel 21 des Gesetzes 34\/2002 vom 11. Juli \u00fcber Dienste der Informationsgesellschaft und des elektronischen Gesch\u00e4ftsverkehrs (LSSI), informieren wir Sie, dass diese Website Cookies verwenden kann (kleine Informationsdateien, die der Server an den Computer sendet, der auf die Seite zugreift). Bei den auf dieser Website verwendeten Cookies [&hellip;]","og_url":"https:\/\/fertilab.com\/de\/cookie-richtlinie\/","og_site_name":"Fertilab Barcelona","article_publisher":"https:\/\/www.facebook.com\/fertilabbarcelona","article_modified_time":"2019-03-18T10:37:30+00:00","twitter_card":"summary_large_image","twitter_misc":{"Gesch\u00e4tzte Lesezeit":"1\u00a0Minute"},"schema":{"@context":"https:\/\/schema.org","@graph":[{"@type":"WebPage","@id":"https:\/\/fertilab.com\/de\/cookie-richtlinie\/","url":"https:\/\/fertilab.com\/de\/cookie-richtlinie\/","name":"Cookie-Richtlinie - Fertilab Barcelona","isPartOf":{"@id":"https:\/\/fertilab.com\/#website"},"datePublished":"2019-03-03T11:46:16+00:00","dateModified":"2019-03-18T10:37:30+00:00","breadcrumb":{"@id":"https:\/\/fertilab.com\/de\/cookie-richtlinie\/#breadcrumb"},"inLanguage":"de","potentialAction":[{"@type":"ReadAction","target":["https:\/\/fertilab.com\/de\/cookie-richtlinie\/"]}]},{"@type":"BreadcrumbList","@id":"https:\/\/fertilab.com\/de\/cookie-richtlinie\/#breadcrumb","itemListElement":[{"@type":"ListItem","position":1,"name":"Home","item":"https:\/\/fertilab.com\/de\/"},{"@type":"ListItem","position":2,"name":"Cookie-Richtlinie"}]},{"@type":"WebSite","@id":"https:\/\/fertilab.com\/#website","url":"https:\/\/fertilab.com\/","name":"Fertilab Barcelona","description":"Trabajamos para que pod\u00e1is sentir la emoci\u00f3n de ser padres","publisher":{"@id":"https:\/\/fertilab.com\/#organization"},"potentialAction":[{"@type":"SearchAction","target":{"@type":"EntryPoint","urlTemplate":"https:\/\/fertilab.com\/?s={search_term_string}"},"query-input":{"@type":"PropertyValueSpecification","valueRequired":true,"valueName":"search_term_string"}}],"inLanguage":"de"},{"@type":"Organization","@id":"https:\/\/fertilab.com\/#organization","name":"Fertilab Barcelona","url":"https:\/\/fertilab.com\/","logo":{"@type":"ImageObject","inLanguage":"de","@id":"https:\/\/fertilab.com\/#\/schema\/logo\/image\/","url":"https:\/\/fertilab.com\/wp-content\/uploads\/2023\/10\/cropped-fertilab-logo-fav.png","contentUrl":"https:\/\/fertilab.com\/wp-content\/uploads\/2023\/10\/cropped-fertilab-logo-fav.png","width":512,"height":512,"caption":"Fertilab Barcelona"},"image":{"@id":"https:\/\/fertilab.com\/#\/schema\/logo\/image\/"},"sameAs":["https:\/\/www.facebook.com\/fertilabbarcelona","https:\/\/www.youtube.com\/user\/FertilabTV"]}]}},"_links":{"self":[{"href":"https:\/\/fertilab.com\/de\/wp-json\/wp\/v2\/pages\/4761","targetHints":{"allow":["GET"]}}],"collection":[{"href":"https:\/\/fertilab.com\/de\/wp-json\/wp\/v2\/pages"}],"about":[{"href":"https:\/\/fertilab.com\/de\/wp-json\/wp\/v2\/types\/page"}],"author":[{"embeddable":true,"href":"https:\/\/fertilab.com\/de\/wp-json\/wp\/v2\/users\/1"}],"replies":[{"embeddable":true,"href":"https:\/\/fertilab.com\/de\/wp-json\/wp\/v2\/comments?post=4761"}],"version-history":[{"count":0,"href":"https:\/\/fertilab.com\/de\/wp-json\/wp\/v2\/pages\/4761\/revisions"}],"wp:attachment":[{"href":"https:\/\/fertilab.com\/de\/wp-json\/wp\/v2\/media?parent=4761"}],"curies":[{"name":"wp","href":"https:\/\/api.w.org\/{rel}","templated":true}]}}