{"id":58497,"date":"2022-09-27T14:09:50","date_gmt":"2022-09-27T12:09:50","guid":{"rendered":"https:\/\/fertilab.com\/?page_id=58497"},"modified":"2022-09-27T15:00:07","modified_gmt":"2022-09-27T13:00:07","slug":"unidad-de-oncofertilidad","status":"publish","type":"page","link":"https:\/\/fertilab.com\/de\/unidad-de-oncofertilidad\/","title":{"rendered":"Abteilung f\u00fcr Onkofertilit\u00e4t"},"content":{"rendered":"<div class=\"wpb-content-wrapper\">[mk_page_section bg_image=&#8220;https:\/\/fertilab.com\/wp-content\/uploads\/2022\/09\/unidad-oncofertilidad.jpg&#8220; bg_position=&#8220;center center&#8220; bg_repeat=&#8220;no-repeat&#8220; bg_stretch=&#8220;true&#8220; bg_gradient=&#8220;vertical&#8220; video_color_mask=&#8220;#145da8&#8243; gr_end=&#8220;rgba(20,93,168,0.25)&#8220; top_shadow=&#8220;true&#8220; min_height=&#8220;368&#8243; full_width=&#8220;true&#8220; padding_top=&#8220;0&#8243; padding_bottom=&#8220;0&#8243; section_id=&#8220;hero-esp&#8220; el_class=&#8220;maxHeightTitleSection&#8220; sidebar=&#8220;sidebar-1&#8243;][vc_column][vc_row_inner is_fullwidth_content=&#8220;false&#8220;][vc_column_inner css=&#8220;.vc_custom_1663780335553{padding-top: 100px !important;}&#8220;][mk_fancy_title tag_name=&#8220;h1&#8243; color=&#8220;#ffffff&#8220; size=&#8220;42&#8243; force_font_size=&#8220;true&#8220; size_smallscreen=&#8220;38&#8243; size_tablet=&#8220;36&#8243; size_phone=&#8220;32&#8243; font_weight=&#8220;300&#8243; txt_transform=&#8220;none&#8220; margin_bottom=&#8220;0&#8243; font_family=&#8220;none&#8220; align=&#8220;center&#8220; el_class=&#8220;titleWidth&#8220;]Unidad de Oncofertilidad[\/mk_fancy_title][\/vc_column_inner][\/vc_row_inner][\/vc_column][\/mk_page_section][vc_row][vc_column][\/vc_column][\/vc_row][mk_page_section bg_color=&#8220;#ffffff&#8220; padding_top=&#8220;80&#8243; padding_bottom=&#8220;0&#8243; sidebar=&#8220;sidebar-1&#8243;][vc_column][vc_row_inner css=&#8220;.vc_custom_1663780141361{padding-bottom: 15px !important;}&#8220;][vc_column_inner width=&#8220;1\/2&#8243;][mk_image src=&#8220;https:\/\/fertilab.com\/wp-content\/uploads\/2022\/09\/framevideo.jpg&#8220; image_size=&#8220;full&#8220; lightbox=&#8220;true&#8220; custom_lightbox=&#8220;https:\/\/youtu.be\/GRR7Cgrg5yg&#8220; align=&#8220;center&#8220; margin_bottom=&#8220;17&#8243;][\/vc_column_inner][vc_column_inner width=&#8220;1\/2&#8243;][mk_fancy_title color=&#8220;#4a76c9&#8243; size=&#8220;21&#8243; font_weight=&#8220;bold&#8220; font_style=&#8220;normal&#8220; txt_transform=&#8220;uppercase&#8220; margin_bottom=&#8220;22&#8243; font_family=&#8220;none&#8220;]Abteilung f\u00fcr Onkofertilit\u00e4t[\/mk_fancy_title][mk_fancy_title color=&#8220;#4a76c9&#8243; size=&#8220;21&#8243; font_weight=&#8220;300&#8243; font_style=&#8220;italic&#8220; margin_bottom=&#8220;0&#8243; font_family=&#8220;none&#8220;]Was ist Onkofertilit\u00e4t?[\/mk_fancy_title][vc_column_text css=&#8220;.vc_custom_1664280410475{margin-bottom: 0px !important;}&#8220;]Onkofertilit\u00e4t ist der Teilbereich der humanen Reproduktionsmedizin, der sich mit den <strong>Auswirkungen und Risiken onkologischer Behandlungen auf die Fruchtbarkeit und Schwangerschaft<\/strong> befasst und gleichzeitig die Auswirkungen und Risiken von Schwangerschaft und Fertilit\u00e4tsbehandlungen bei onkologischen Patienten beurteilt.<\/p>\n<p>Dieses Fachgebiet gewinnt aufgrund mehrerer Faktoren, die sich in den letzten 20 Jahren rasch entwickelt haben, zunehmend an Bedeutung:[\/vc_column_text][\/vc_column_inner][\/vc_row_inner][vc_row_inner css=&#8220;.vc_custom_1529330850334{padding-bottom: 50px !important;}&#8220;][vc_column_inner][mk_custom_list style=&#8220;mk-moon-circle-small&#8220; icon_color=&#8220;#4a76c9&#8243; el_class=&#8220;list-default min&#8220;]\n<ul>\n<li>Die Zunahme von Krebserkrankungen in der p\u00e4diatrischen Bev\u00f6lkerung und im geb\u00e4rf\u00e4higen Alter hat zu einer steigenden Zahl von Beratungen gef\u00fchrt.<\/li>\n<li>Bessere \u00dcberlebenschancen f\u00fcr Krebspatienten erlauben ihnen nach der \u00dcberwindung ihrer Krankheit ihr Familienprojekt in Angriff zu nehmen.<\/li>\n<li>Die fortschreitende Hinausz\u00f6gerung der Mutterschaft bringt ein h\u00f6heres Risiko mit sich, an bestimmten Tumoren wie Brust- oder Darmtumoren zu erkranken, BEVOR man Mutter wird, oder bevor man das gew\u00fcnschte Familienmodell verwirklicht hat.<\/li>\n<\/ul>\n<p>Es handelt sich um ein MULTIDISZIPLIN\u00c4RES Fachgebiet, dem Fachleute verschiedener Bereiche angeh\u00f6ren: Geburtshelfer, Fach\u00e4rzte f\u00fcr Reproduktionsmedizin, gyn\u00e4kologische Onkologie, medizinische Onkologie, Strahlentherapie, Psychoonkologen, Ern\u00e4hrungsberater und je nach Art des Tumors k\u00f6nnen auch \u00c4rzte anderer Fachrichtungen: Allgemeinchirurgen, H\u00e4matologen usw. beteiligt sein.<\/p>\n<p><strong>Was muss ich tun, wenn bei mir Krebs diagnostiziert wird oder wenn ich ihn bereits \u00fcberwunden habe und Kinder haben m\u00f6chte?<\/strong><\/p>\n<ul>\n<li>Im Falle einer k\u00fcrzlichen Diagnose ist es wichtig, schnellstens einen Erstbesuch zu vereinbaren, noch bevor mit den geplanten Behandlungen begonnen wird. So k\u00f6nnen wir gegebenenfalls Ma\u00dfnahmen zur Erhaltung der Fertilit\u00e4t ergreifen.<\/li>\n<li>Im Falle einer \u00e4lteren Diagnose sollten Sie nach Abschluss der onkologischen Behandlung alle Unterlagen \u00fcber die Diagnose und Behandlung der Krebserkrankung sowie einen Arztbrief Ihres Onkologen mit Angaben zu den letzten Kontrolluntersuchungen oder zur aktuellen Medikation zusenden.<\/li>\n<\/ul>\n[\/mk_custom_list][mk_fancy_title color=&#8220;#4a76c9&#8243; size=&#8220;21&#8243; font_weight=&#8220;bold&#8220; font_style=&#8220;normal&#8220; txt_transform=&#8220;uppercase&#8220; margin_bottom=&#8220;22&#8243; font_family=&#8220;none&#8220;]Vorstellung der Abteilung[\/mk_fancy_title][vc_column_text css=&#8220;.vc_custom_1664280472099{margin-bottom: 0px !important;}&#8220;]Die Abteilung f\u00fcr Onkofertilit\u00e4t von Fertilab Barcelona ist ein Wegbereiter in Europa und setzt sich aus Experten mit mehr als 20 Jahren Erfahrung in Klinik und Forschung auf dem Gebiet der humanen Reproduktion und Onkologie, unter Leitung von Dr. Alex Garcia-Faura, zusammen.<\/p>\n<p>Sie arbeitet weltweit mit anderen Zentren in klinischen Studien zu verschiedenen Tumorarten wie Brust-, Endometrium-, Eierstock- und Darmkrebs, h\u00e4matologischen Tumoren (Leuk\u00e4mie, Lymphom) und anderen wie Melanom und Schilddr\u00fcsenkrebs zusammen.<\/p>\n<p>Der pers\u00f6nliche und individuelle Umgang mit jeder Patientin ist ein entscheidender Faktor, nicht nur um kurzfristig und mit einer hohen Erfolgsquote den Wunsch nach einem gesunden Kind zu verwirklichen, sondern auch dank der menschlichen und f\u00fcrsorglichen Betreuung durch unsere Fachkr\u00e4fte.[\/vc_column_text][\/vc_column_inner][\/vc_row_inner][\/vc_column][\/mk_page_section][mk_page_section bg_color=&#8220;#eff4fa&#8220; padding_top=&#8220;&#8220; padding_bottom=&#8220;&#8220; sidebar=&#8220;sidebar-1&#8243;][vc_column css=&#8220;.vc_custom_1664219849384{padding-top: 50px !important;}&#8220;][vc_row_inner css=&#8220;.vc_custom_1529330850334{padding-bottom: 50px !important;}&#8220;][vc_column_inner][mk_fancy_title color=&#8220;#4a76c9&#8243; size=&#8220;21&#8243; font_weight=&#8220;bold&#8220; font_style=&#8220;normal&#8220; txt_transform=&#8220;uppercase&#8220; margin_bottom=&#8220;22&#8243; font_family=&#8220;none&#8220;]Ziele der Abteilung[\/mk_fancy_title][vc_column_text css=&#8220;.vc_custom_1664280495731{margin-bottom: 0px !important;}&#8220;]Die Abteilung f\u00fcr Onkofertilit\u00e4t von Fertilab Barcelona verfolgt bei der Patientenbegleitung und -beratung mehrere Ziele:[\/vc_column_text][mk_custom_list style=&#8220;mk-moon-circle-small&#8220; icon_color=&#8220;#4a76c9&#8243; el_class=&#8220;list-default min&#8220;]\n<ul>\n<li><strong>Beratung der Patientin im Falle einer Krebsdiagnose \u00fcber die verschiedenen M\u00f6glichkeiten, die ihr zur Erhaltung ihrer Fertilit\u00e4t zur Verf\u00fcgung stehen.<\/strong> Von Techniken, die die Risiken einer Krebsbehandlung f\u00fcr ihre k\u00fcnftige Fertilit\u00e4t verringern k\u00f6nnen, bis hin zu Techniken, die es uns erm\u00f6glichen, Keimzellen (Eizellen oder Spermien) oder Embryonen zu konservieren, damit sie sp\u00e4ter Mutter werden kann.<\/li>\n<li><strong>Psychologische Unterst\u00fctzung<\/strong> f\u00fcr die Patientin in einer Zeit, in der sie wegen der Krebserkrankung sehr ver\u00e4ngstigt ist und sich gleichzeitig Fragen \u00fcber ihre reproduktive Zukunft stellen muss.<\/li>\n<li><strong>Sobald die onkologische Behandlung abgeschlossen ist<\/strong>, sind alle erforderlichen Unterlagen zusammenzustellen, damit wir eine sichere Schwangerschaft gew\u00e4hrleisten und der Patientin den idealen Zeitpunkt und die geeignete Methode (nat\u00fcrliche oder assistierte Reproduktion) f\u00fcr eine Schwangerschaft vorschlagen k\u00f6nnen.<\/li>\n<li><strong>Absch\u00e4tzung der Risiken einer Krebsbehandlung f\u00fcr die Schwangerschaft<\/strong> und des Risikos einer Schwangerschaft f\u00fcr ein Rezidiv der Krebserkrankung; gemeinsam mit der Patientin entscheiden, welche Optionen m\u00f6glich sind und welche ein \u00fcberh\u00f6htes Risiko mit sich bringen oder zu riskant f\u00fcr uns sind.<\/li>\n<li><strong>Pr\u00fcfung anderer Risikofaktoren<\/strong>, wie fortgeschrittenes Alter, Fettleibigkeit usw., die das Risiko erh\u00f6hen k\u00f6nnen.<\/li>\n<\/ul>\n[\/mk_custom_list][\/vc_column_inner][\/vc_row_inner][\/vc_column][\/mk_page_section][mk_page_section bg_color=&#8220;#ffffff&#8220; padding_top=&#8220;80&#8243; padding_bottom=&#8220;30&#8243; sidebar=&#8220;sidebar-1&#8243;][vc_column][vc_row_inner css=&#8220;.vc_custom_1529330850334{padding-bottom: 50px !important;}&#8220;][vc_column_inner][mk_fancy_title color=&#8220;#4a76c9&#8243; size=&#8220;21&#8243; font_weight=&#8220;bold&#8220; font_style=&#8220;normal&#8220; txt_transform=&#8220;uppercase&#8220; margin_bottom=&#8220;22&#8243; font_family=&#8220;none&#8220;]Erfolgsquoten bei der Onkofertilit\u00e4t[\/mk_fancy_title][mk_custom_list style=&#8220;mk-moon-circle-small&#8220; icon_color=&#8220;#4a76c9&#8243; el_class=&#8220;list-default min&#8220;]Im Allgemeinen, sofern die onkologische Behandlung planm\u00e4\u00dfig durchgef\u00fchrt wurde, der Onkologe davon ausgeht, dass sie abgeschlossen ist und keine weiteren schwerwiegenden Risikofaktoren (Fettleibigkeit, Alter &gt; 50 Jahre) vorliegen:<\/p>\n<ul>\n<li>Mehr als 90 % der Patienten werden vom Ausschuss f\u00fcr Onkofertilit\u00e4t akzeptiert, um ihr Familienprojekt zu beginnen.<\/li>\n<li>Mehr als 80 % der Patienten erreichen ihr Ziel und haben schlie\u00dflich ein gesundes Baby.<\/li>\n<li>Vom ersten Besuch bis zur Entbindung vergehen im Durchschnitt ein bis eineinhalb Jahre, je nachdem, ob andere Probleme der Unfruchtbarkeit vorliegen.<\/li>\n<li>Wenn geeignete Ma\u00dfnahmen zur Erhaltung der Fertilit\u00e4t ergriffen wurden (Einfrieren von Eizellen, Spermien usw.), werden mehr als 50 % der Patienten ein Kind mit ihren eigenen Keimzellen haben. Dennoch m\u00fcssen derzeit 90 % der Patienten auf eine Gameten- oder Embryonenspende zur\u00fcckgreifen, um zu Hause ein gesundes Kind zu haben.<\/li>\n<\/ul>\n[\/mk_custom_list][\/vc_column_inner][\/vc_row_inner][\/vc_column][\/mk_page_section]\n<\/div>","protected":false},"excerpt":{"rendered":"<p>[mk_page_section bg_image=&#8220;https:\/\/fertilab.com\/wp-content\/uploads\/2022\/09\/unidad-oncofertilidad.jpg&#8220; bg_position=&#8220;center center&#8220; bg_repeat=&#8220;no-repeat&#8220; bg_stretch=&#8220;true&#8220; bg_gradient=&#8220;vertical&#8220; video_color_mask=&#8220;#145da8&#8243; gr_end=&#8220;rgba(20,93,168,0.25)&#8220; top_shadow=&#8220;true&#8220; min_height=&#8220;368&#8243; full_width=&#8220;true&#8220; padding_top=&#8220;0&#8243; padding_bottom=&#8220;0&#8243; section_id=&#8220;hero-esp&#8220; el_class=&#8220;maxHeightTitleSection&#8220; sidebar=&#8220;sidebar-1&#8243;][vc_column][vc_row_inner is_fullwidth_content=&#8220;false&#8220;][vc_column_inner css=&#8220;.vc_custom_1663780335553{padding-top: 100px !important;}&#8220;][mk_fancy_title tag_name=&#8220;h1&#8243; color=&#8220;#ffffff&#8220; size=&#8220;42&#8243; force_font_size=&#8220;true&#8220; size_smallscreen=&#8220;38&#8243; size_tablet=&#8220;36&#8243; size_phone=&#8220;32&#8243; font_weight=&#8220;300&#8243; txt_transform=&#8220;none&#8220; margin_bottom=&#8220;0&#8243; font_family=&#8220;none&#8220; align=&#8220;center&#8220; el_class=&#8220;titleWidth&#8220;]Unidad de Oncofertilidad[\/mk_fancy_title][\/vc_column_inner][\/vc_row_inner][\/vc_column][\/mk_page_section][vc_row][vc_column][\/vc_column][\/vc_row][mk_page_section bg_color=&#8220;#ffffff&#8220; padding_top=&#8220;80&#8243; padding_bottom=&#8220;0&#8243; sidebar=&#8220;sidebar-1&#8243;][vc_column][vc_row_inner css=&#8220;.vc_custom_1663780141361{padding-bottom: 15px !important;}&#8220;][vc_column_inner width=&#8220;1\/2&#8243;][mk_image src=&#8220;https:\/\/fertilab.com\/wp-content\/uploads\/2022\/09\/framevideo.jpg&#8220; image_size=&#8220;full&#8220; lightbox=&#8220;true&#8220; custom_lightbox=&#8220;https:\/\/youtu.be\/GRR7Cgrg5yg&#8220; align=&#8220;center&#8220; margin_bottom=&#8220;17&#8243;][\/vc_column_inner][vc_column_inner width=&#8220;1\/2&#8243;][mk_fancy_title color=&#8220;#4a76c9&#8243; size=&#8220;21&#8243; font_weight=&#8220;bold&#8220; font_style=&#8220;normal&#8220; [&hellip;]<\/p>\n","protected":false},"author":1,"featured_media":0,"parent":0,"menu_order":0,"comment_status":"closed","ping_status":"closed","template":"","meta":{"footnotes":""},"class_list":["post-58497","page","type-page","status-publish","hentry"],"yoast_head":"<!-- This site is optimized with the Yoast SEO plugin v27.5 - https:\/\/yoast.com\/product\/yoast-seo-wordpress\/ -->\n<title>Abteilung f\u00fcr Onkofertilit\u00e4t | Cl\u00ednica Fertilab Barcelona<\/title>\n<meta name=\"description\" content=\"Abteilung f\u00fcr Onkofertilit\u00e4t\" \/>\n<meta name=\"robots\" content=\"index, follow, max-snippet:-1, max-image-preview:large, max-video-preview:-1\" \/>\n<link rel=\"canonical\" href=\"https:\/\/fertilab.com\/de\/unidad-de-oncofertilidad\/\" \/>\n<meta property=\"og:locale\" content=\"de_DE\" \/>\n<meta property=\"og:type\" content=\"article\" \/>\n<meta property=\"og:title\" content=\"Abteilung f\u00fcr Onkofertilit\u00e4t | Cl\u00ednica Fertilab Barcelona\" \/>\n<meta property=\"og:description\" content=\"Abteilung f\u00fcr Onkofertilit\u00e4t\" \/>\n<meta property=\"og:url\" content=\"https:\/\/fertilab.com\/de\/unidad-de-oncofertilidad\/\" \/>\n<meta property=\"og:site_name\" content=\"Fertilab Barcelona\" \/>\n<meta property=\"article:publisher\" content=\"https:\/\/www.facebook.com\/fertilabbarcelona\" \/>\n<meta property=\"article:modified_time\" content=\"2022-09-27T13:00:07+00:00\" \/>\n<meta name=\"twitter:card\" content=\"summary_large_image\" \/>\n<meta name=\"twitter:label1\" content=\"Gesch\u00e4tzte Lesezeit\" \/>\n\t<meta name=\"twitter:data1\" content=\"4\u00a0Minuten\" \/>\n<script type=\"application\/ld+json\" class=\"yoast-schema-graph\">{\"@context\":\"https:\\\/\\\/schema.org\",\"@graph\":[{\"@type\":\"WebPage\",\"@id\":\"https:\\\/\\\/fertilab.com\\\/de\\\/unidad-de-oncofertilidad\\\/\",\"url\":\"https:\\\/\\\/fertilab.com\\\/de\\\/unidad-de-oncofertilidad\\\/\",\"name\":\"Abteilung f\u00fcr Onkofertilit\u00e4t | Cl\u00ednica Fertilab Barcelona\",\"isPartOf\":{\"@id\":\"https:\\\/\\\/fertilab.com\\\/#website\"},\"datePublished\":\"2022-09-27T12:09:50+00:00\",\"dateModified\":\"2022-09-27T13:00:07+00:00\",\"description\":\"Abteilung f\u00fcr Onkofertilit\u00e4t\",\"breadcrumb\":{\"@id\":\"https:\\\/\\\/fertilab.com\\\/de\\\/unidad-de-oncofertilidad\\\/#breadcrumb\"},\"inLanguage\":\"de\",\"potentialAction\":[{\"@type\":\"ReadAction\",\"target\":[\"https:\\\/\\\/fertilab.com\\\/de\\\/unidad-de-oncofertilidad\\\/\"]}]},{\"@type\":\"BreadcrumbList\",\"@id\":\"https:\\\/\\\/fertilab.com\\\/de\\\/unidad-de-oncofertilidad\\\/#breadcrumb\",\"itemListElement\":[{\"@type\":\"ListItem\",\"position\":1,\"name\":\"Home\",\"item\":\"https:\\\/\\\/fertilab.com\\\/de\\\/\"},{\"@type\":\"ListItem\",\"position\":2,\"name\":\"Abteilung f\u00fcr Onkofertilit\u00e4t\"}]},{\"@type\":\"WebSite\",\"@id\":\"https:\\\/\\\/fertilab.com\\\/#website\",\"url\":\"https:\\\/\\\/fertilab.com\\\/\",\"name\":\"Fertilab Barcelona\",\"description\":\"Trabajamos para que pod\u00e1is sentir la emoci\u00f3n de ser padres\",\"publisher\":{\"@id\":\"https:\\\/\\\/fertilab.com\\\/#organization\"},\"potentialAction\":[{\"@type\":\"SearchAction\",\"target\":{\"@type\":\"EntryPoint\",\"urlTemplate\":\"https:\\\/\\\/fertilab.com\\\/?s={search_term_string}\"},\"query-input\":{\"@type\":\"PropertyValueSpecification\",\"valueRequired\":true,\"valueName\":\"search_term_string\"}}],\"inLanguage\":\"de\"},{\"@type\":\"Organization\",\"@id\":\"https:\\\/\\\/fertilab.com\\\/#organization\",\"name\":\"Fertilab Barcelona\",\"url\":\"https:\\\/\\\/fertilab.com\\\/\",\"logo\":{\"@type\":\"ImageObject\",\"inLanguage\":\"de\",\"@id\":\"https:\\\/\\\/fertilab.com\\\/#\\\/schema\\\/logo\\\/image\\\/\",\"url\":\"https:\\\/\\\/fertilab.com\\\/wp-content\\\/uploads\\\/2023\\\/10\\\/cropped-fertilab-logo-fav.png\",\"contentUrl\":\"https:\\\/\\\/fertilab.com\\\/wp-content\\\/uploads\\\/2023\\\/10\\\/cropped-fertilab-logo-fav.png\",\"width\":512,\"height\":512,\"caption\":\"Fertilab Barcelona\"},\"image\":{\"@id\":\"https:\\\/\\\/fertilab.com\\\/#\\\/schema\\\/logo\\\/image\\\/\"},\"sameAs\":[\"https:\\\/\\\/www.facebook.com\\\/fertilabbarcelona\",\"https:\\\/\\\/www.youtube.com\\\/user\\\/FertilabTV\"]}]}<\/script>\n<!-- \/ Yoast SEO plugin. -->","yoast_head_json":{"title":"Abteilung f\u00fcr Onkofertilit\u00e4t | Cl\u00ednica Fertilab Barcelona","description":"Abteilung f\u00fcr Onkofertilit\u00e4t","robots":{"index":"index","follow":"follow","max-snippet":"max-snippet:-1","max-image-preview":"max-image-preview:large","max-video-preview":"max-video-preview:-1"},"canonical":"https:\/\/fertilab.com\/de\/unidad-de-oncofertilidad\/","og_locale":"de_DE","og_type":"article","og_title":"Abteilung f\u00fcr Onkofertilit\u00e4t | Cl\u00ednica Fertilab Barcelona","og_description":"Abteilung f\u00fcr Onkofertilit\u00e4t","og_url":"https:\/\/fertilab.com\/de\/unidad-de-oncofertilidad\/","og_site_name":"Fertilab Barcelona","article_publisher":"https:\/\/www.facebook.com\/fertilabbarcelona","article_modified_time":"2022-09-27T13:00:07+00:00","twitter_card":"summary_large_image","twitter_misc":{"Gesch\u00e4tzte Lesezeit":"4\u00a0Minuten"},"schema":{"@context":"https:\/\/schema.org","@graph":[{"@type":"WebPage","@id":"https:\/\/fertilab.com\/de\/unidad-de-oncofertilidad\/","url":"https:\/\/fertilab.com\/de\/unidad-de-oncofertilidad\/","name":"Abteilung f\u00fcr Onkofertilit\u00e4t | Cl\u00ednica Fertilab Barcelona","isPartOf":{"@id":"https:\/\/fertilab.com\/#website"},"datePublished":"2022-09-27T12:09:50+00:00","dateModified":"2022-09-27T13:00:07+00:00","description":"Abteilung f\u00fcr Onkofertilit\u00e4t","breadcrumb":{"@id":"https:\/\/fertilab.com\/de\/unidad-de-oncofertilidad\/#breadcrumb"},"inLanguage":"de","potentialAction":[{"@type":"ReadAction","target":["https:\/\/fertilab.com\/de\/unidad-de-oncofertilidad\/"]}]},{"@type":"BreadcrumbList","@id":"https:\/\/fertilab.com\/de\/unidad-de-oncofertilidad\/#breadcrumb","itemListElement":[{"@type":"ListItem","position":1,"name":"Home","item":"https:\/\/fertilab.com\/de\/"},{"@type":"ListItem","position":2,"name":"Abteilung f\u00fcr Onkofertilit\u00e4t"}]},{"@type":"WebSite","@id":"https:\/\/fertilab.com\/#website","url":"https:\/\/fertilab.com\/","name":"Fertilab Barcelona","description":"Trabajamos para que pod\u00e1is sentir la emoci\u00f3n de ser padres","publisher":{"@id":"https:\/\/fertilab.com\/#organization"},"potentialAction":[{"@type":"SearchAction","target":{"@type":"EntryPoint","urlTemplate":"https:\/\/fertilab.com\/?s={search_term_string}"},"query-input":{"@type":"PropertyValueSpecification","valueRequired":true,"valueName":"search_term_string"}}],"inLanguage":"de"},{"@type":"Organization","@id":"https:\/\/fertilab.com\/#organization","name":"Fertilab Barcelona","url":"https:\/\/fertilab.com\/","logo":{"@type":"ImageObject","inLanguage":"de","@id":"https:\/\/fertilab.com\/#\/schema\/logo\/image\/","url":"https:\/\/fertilab.com\/wp-content\/uploads\/2023\/10\/cropped-fertilab-logo-fav.png","contentUrl":"https:\/\/fertilab.com\/wp-content\/uploads\/2023\/10\/cropped-fertilab-logo-fav.png","width":512,"height":512,"caption":"Fertilab Barcelona"},"image":{"@id":"https:\/\/fertilab.com\/#\/schema\/logo\/image\/"},"sameAs":["https:\/\/www.facebook.com\/fertilabbarcelona","https:\/\/www.youtube.com\/user\/FertilabTV"]}]}},"_links":{"self":[{"href":"https:\/\/fertilab.com\/de\/wp-json\/wp\/v2\/pages\/58497","targetHints":{"allow":["GET"]}}],"collection":[{"href":"https:\/\/fertilab.com\/de\/wp-json\/wp\/v2\/pages"}],"about":[{"href":"https:\/\/fertilab.com\/de\/wp-json\/wp\/v2\/types\/page"}],"author":[{"embeddable":true,"href":"https:\/\/fertilab.com\/de\/wp-json\/wp\/v2\/users\/1"}],"replies":[{"embeddable":true,"href":"https:\/\/fertilab.com\/de\/wp-json\/wp\/v2\/comments?post=58497"}],"version-history":[{"count":0,"href":"https:\/\/fertilab.com\/de\/wp-json\/wp\/v2\/pages\/58497\/revisions"}],"wp:attachment":[{"href":"https:\/\/fertilab.com\/de\/wp-json\/wp\/v2\/media?parent=58497"}],"curies":[{"name":"wp","href":"https:\/\/api.w.org\/{rel}","templated":true}]}}