{"id":40327,"date":"2021-10-15T13:54:21","date_gmt":"2021-10-15T11:54:21","guid":{"rendered":"https:\/\/fertilab.com\/test-shortcodes-google-review\/"},"modified":"2021-11-02T23:04:14","modified_gmt":"2021-11-02T22:04:14","slug":"test-shortcodes-google-review","status":"publish","type":"page","link":"https:\/\/fertilab.com\/en\/test-shortcodes-google-review\/","title":{"rendered":"Test shortcodes google review"},"content":{"rendered":"<div class=\"wpb-content-wrapper\">[vc_row][vc_column][vc_column_text css=&#8221;.vc_custom_1635890649780{margin-bottom: 0px !important;}&#8221;]<div class=\"egpr-reviews-main-wrapper  egpr-show-5-star-rating egpr-review-template1 egpr-layout-list egpr-badge-horizontal-position   \" id=\"egpr-reviews-outer-wrap-438200174\" data-id=\"20141\" >\n        <div class=\"egpr-inner-wrap egpr-clearfix\">\n<div class=\"hidden\" style=\"display:none;\">\n    <div itemscope=\"\" itemtype=\"http:\/\/schema.org\/LocalBusiness\">\n     <div itemprop=\"aggregateRating\" itemscope itemtype=\"http:\/\/schema.org\/AggregateRating\">\n        <meta itemprop=\"ratingValue\" content=\"4.5\">\n        <span itemprop=\"reviewCount\">93<\/span>\n    <\/div>\n     <meta itemprop=\"image\" content=\"https:\/\/maps.googleapis.com\/maps\/api\/place\/photo?photoreference=AU_ZVEHgYJEDPfhcXwC1awazClK2ErNjUqrqNrMLJEbgkZgVasfzgyQjBbNC8S_cFGKAYQC7Y_NylkoTEtTJ7mfmIGq60-TPpLUpLFRonoToIe2RwS5KylrVUCsjCWKl5T1KAmLTIwEmGC2zx2wvqUJ1hX-1YZWieMjFdoHzoBOMC-EbxZfvG48pe_9ZJAc4RiXHhkSab7RFrvPehQK-UGx7RmZbuxai8L2rn6xTwbITekQf_Wkiq4n0sfXYOhYT89cYXKvtmC3_76pK7BTb4dDBv7yyYwJlLICGdDPFwOs0dfzzAw&maxwidth=1300&maxheight=500&key=AIzaSyCQ2ItlI3Tx5EfqvJpUEamyXukC8hBdvjE\">\n     <meta itemprop=\"priceRange\" content=\"\">\n      <meta itemprop=\"name\" content=\"Fertilab Barcelona Reviews1\">\n      <address itemprop=\"address\" itemscope=\"\" itemtype=\"http:\/\/schema.org\/PostalAddress\">\n        <span itemprop=\"streetAddress\">Ronda del General Mitre<\/span><br>\n        <span itemprop=\"addressLocality\">Barcelona<\/span>,\n        <span itemprop=\"addressRegion\">Catalunya<\/span>\n        <span itemprop=\"postalCode\">08017<\/span><br>\n      <\/address>\n     <span itemprop=\"telephone\">\n        932 41 14 14      <\/span>\n    <\/div>\n<\/div>\n      \n<!--\u2606Display Business Badge Details START\u2606-->  \n<div class=\"egpr-badge-outer-new-wrapper egpr-fadeIn\">\n  <div class=\"egpr-business-badge egpr-business-header egpr-badge-template1\">\n    \n    <div class=\"egpr-business-badge-inner-wrap wow animated fadeIn\" data-wow-duration=\"2s\" data-wow-delay=\"0.2s\"> \n              <div class=\"egpr-show-header egpr-ribbon-banner egpr-ribbon-template9\">\n          <div class=\"egpr-google-wrap\">\n                                    <img decoding=\"async\" src=\"https:\/\/fertilab.com\/wp-content\/plugins\/everest-google-places-reviews\/assets\/frontend\/images\/headers\/header9.png\"\/>\n          <\/div>           \n        <\/div>\n            <div class=\"egpr-business-wrapper egpr-clearfix\">       \n           \n          <div class=\"egpr-business-avatar\">\n                          <a class=\"egpr-avatar-img-wrap\" href=\"https:\/\/maps.google.com\/?cid=10681556960136844193\" target=\"_blank\">\n                <img decoding=\"async\" src=\"https:\/\/maps.googleapis.com\/maps\/api\/place\/photo?photoreference=AU_ZVEHgYJEDPfhcXwC1awazClK2ErNjUqrqNrMLJEbgkZgVasfzgyQjBbNC8S_cFGKAYQC7Y_NylkoTEtTJ7mfmIGq60-TPpLUpLFRonoToIe2RwS5KylrVUCsjCWKl5T1KAmLTIwEmGC2zx2wvqUJ1hX-1YZWieMjFdoHzoBOMC-EbxZfvG48pe_9ZJAc4RiXHhkSab7RFrvPehQK-UGx7RmZbuxai8L2rn6xTwbITekQf_Wkiq4n0sfXYOhYT89cYXKvtmC3_76pK7BTb4dDBv7yyYwJlLICGdDPFwOs0dfzzAw&maxwidth=1300&maxheight=500&key=AIzaSyCQ2ItlI3Tx5EfqvJpUEamyXukC8hBdvjE\">\n              <\/a>\n                      <\/div>\n          <div class=\"egpr-business-banner-info\">\n            <div class=\"egpr-header-title\">\n                              <h2><a href=\"https:\/\/maps.google.com\/?cid=10681556960136844193\" target=\"_blank\">Fertilab Barcelona<\/a><\/h2>\n                          <\/div>\n            <div class=\"egpr-ratings-wrap clearfix\">\n              <div class=\"egpr-star-rating\">\n                                        \n                        <span class=\"egpr-star-icon full\">\n                          <i class=\"fa fa-star-o\"><\/i>\n                        <\/span>\n                                                \n                        <span class=\"egpr-star-icon full\">\n                          <i class=\"fa fa-star-o\"><\/i>\n                        <\/span>\n                                                \n                        <span class=\"egpr-star-icon full\">\n                          <i class=\"fa fa-star-o\"><\/i>\n                        <\/span>\n                                                \n                        <span class=\"egpr-star-icon full\">\n                          <i class=\"fa fa-star-o\"><\/i>\n                        <\/span>\n                                                \n                        <span class=\"egpr-star-icon half egpr-fraction-50\">\n                          <i class=\"fa fa-star-o\"><\/i>\n                        <\/span>\n                                                  <style>\n                            .egpr-star-rating .half.egpr-fraction-50:before {\n                              width:50%;\n                            }\n                          <\/style>\n                                              <\/div>\n                                          <div class=\"egpr-average-star\">\n                                                  <span>4.5\/5<\/span>\n                        \n                      <\/div>\n                                      <\/div>\n                <\/div>\n                          <\/div>\n          <\/div>\n        <\/div>\n      <\/div>\n      <!--Display Business Badge Details END-->              <div class=\"egpr-google-reviews-wrap egpr-review-template1\">\n                                      <div class=\"egpr-review-section-outer-new-wrap egpr-fadeIn \">\n                  <div class=\"egpr-review-section\">\n                    <div class=\"egpr-all-reviews-wrapper wow animated fadeIn\" data-wow-duration=\"2s\" data-wow-delay=\"0.4s\">\n                              <ul class=\"egpr-show-reviews-wrap egpr-lists-type egpr-clearfix\">\n                            <li class=\"egpr-sp-review\">\n                    <div class=\"egpr-main-header-section egpr-clearfix\">\n\n                                                    <div class=\"egpr-info-section egpr-left-info-section\">   \n                                <div class=\"egpr-user-review-avatar\">\n                                                                            <a >\n                                            <img decoding=\"async\" src=\"https:\/\/lh3.googleusercontent.com\/a-\/ALV-UjVGm_h7hmQAivTQGwQl-sxJvKyNnYOSQ57sTwOSfSJS4doJWLme=s128-c0x00000000-cc-rp-mo-ba3\" alt=\"Patrizia Lattanzio\" title=\"Patrizia Lattanzio\">\n                                        <\/a>\n                                                                    <\/div>\n                            <\/div>\n                                                <div class=\"egpr-info-section egpr-right-info-section\">\n                            <div class=\"egpr-user-info egpr-clearfix\">\n                                <div class=\"egpr-user-info-left-wrap\">\n                                                                        <div class=\"egpr-header-title egpr-reviewer-name\">\n                                                                                    <a >\n                                                <span>Patrizia Lattanzio<\/span>\n                                            <\/a>\n                                                                            <\/div>\n                                                                                                                <div class=\"egpr-reviewer-star\">\n                                            <input type=\"hidden\" value=\"5\"\/>\n                                            <div style=\"display: none;\">5<\/div>\n                                                                                            <span class=\"egpr-star-icon full\">\n                                                 <i class=\"fa fa-star-o\"><\/i>\n                                                <\/span>\n                                                                                                <span class=\"egpr-star-icon full\">\n                                                 <i class=\"fa fa-star-o\"><\/i>\n                                                <\/span>\n                                                                                                <span class=\"egpr-star-icon full\">\n                                                 <i class=\"fa fa-star-o\"><\/i>\n                                                <\/span>\n                                                                                                <span class=\"egpr-star-icon full\">\n                                                 <i class=\"fa fa-star-o\"><\/i>\n                                                <\/span>\n                                                                                                <span class=\"egpr-star-icon full\">\n                                                 <i class=\"fa fa-star-o\"><\/i>\n                                                <\/span>\n                                                                                        <\/div>\n                                                                    <\/div>\n                                                             <\/div>\n                                                            <div class=\"egpr-content-reviews-wrapper\">\n                                                                    <div class=\"egpr-small-description\" data-id=\"egpr-small-description-4382001740\">\n                                        Tengo casi 35 a\u00f1os y hice la \u201ccrioconservaci\u00f2n de ovulos\u201d Encantada de la experiencia tanto que la repetiria porque de verdad sientes que cuidan...                                      <span class=\"egpr-read-more egpr-readtxt\" data-id=\"egpr-read-more-438200174\">Leer m\u00e1s<\/span>\n                                    <\/div>\n                                     <div class=\"egpr-full-description\" data-id=\"egpr-full-description-4382001740\" style=\"display:none;\">\n                                     Tengo casi 35 a\u00f1os y hice la \u201ccrioconservaci\u00f2n de ovulos\u201d Encantada de la experiencia tanto que la repetiria porque de verdad sientes que cuidan tu salud en cada momento, la doctora que me sigui\u00f3 fue La doctora Fidalma Bonino. Ella es un amor ! Es a la vez muy profesional y muy cercana. Ella y todo el team ( desde la persona que te contesta al telefono La primera vez hasta las infermieras y el team de quir\u00fargica) siempre fue amable y se me explic\u00f2 siempre todo paso a paso ( a veces m\u00e1s de una vez sobre todo con los medicamentos para estar ciertos que tu hayas entendido todo bien). Los precios son est\u00e1ndar por lo que he visto pero la calidad es espectacular. Recomiendo.                                     <span class=\"egpr-read-less egpr-readtxt\" data-id=\"egpr-read-less-4382001740\">Leer menos<\/span>\n                                     <\/div>\n                                                                    <\/div>\n                                                        <\/div>\n\n                    <\/div>\n                <\/li>\n                                <li class=\"egpr-sp-review\">\n                    <div class=\"egpr-main-header-section egpr-clearfix\">\n\n                                                    <div class=\"egpr-info-section egpr-left-info-section\">   \n                                <div class=\"egpr-user-review-avatar\">\n                                                                            <a >\n                                            <img decoding=\"async\" src=\"https:\/\/lh3.googleusercontent.com\/a-\/ALV-UjUAs-jejUvuf0Jwyrn2Ma1ePhwa3IUw8mF917kt0A0SMe6u98k=s128-c0x00000000-cc-rp-mo\" alt=\"Laila\" title=\"Laila\">\n                                        <\/a>\n                                                                    <\/div>\n                            <\/div>\n                                                <div class=\"egpr-info-section egpr-right-info-section\">\n                            <div class=\"egpr-user-info egpr-clearfix\">\n                                <div class=\"egpr-user-info-left-wrap\">\n                                                                        <div class=\"egpr-header-title egpr-reviewer-name\">\n                                                                                    <a >\n                                                <span>Laila<\/span>\n                                            <\/a>\n                                                                            <\/div>\n                                                                                                                <div class=\"egpr-reviewer-star\">\n                                            <input type=\"hidden\" value=\"5\"\/>\n                                            <div style=\"display: none;\">5<\/div>\n                                                                                            <span class=\"egpr-star-icon full\">\n                                                 <i class=\"fa fa-star-o\"><\/i>\n                                                <\/span>\n                                                                                                <span class=\"egpr-star-icon full\">\n                                                 <i class=\"fa fa-star-o\"><\/i>\n                                                <\/span>\n                                                                                                <span class=\"egpr-star-icon full\">\n                                                 <i class=\"fa fa-star-o\"><\/i>\n                                                <\/span>\n                                                                                                <span class=\"egpr-star-icon full\">\n                                                 <i class=\"fa fa-star-o\"><\/i>\n                                                <\/span>\n                                                                                                <span class=\"egpr-star-icon full\">\n                                                 <i class=\"fa fa-star-o\"><\/i>\n                                                <\/span>\n                                                                                        <\/div>\n                                                                    <\/div>\n                                                             <\/div>\n                                                            <div class=\"egpr-content-reviews-wrapper\">\n                                                                    <div class=\"egpr-small-description\" data-id=\"egpr-small-description-4382001741\">\n                                        Es mi tercera vez que dono y me enorgullece, apoyar a otras a cambiar su vida , el trato familiar que tiene todo el equipo de ambas cl\u00ednicas es un lu...                                      <span class=\"egpr-read-more egpr-readtxt\" data-id=\"egpr-read-more-438200174\">Leer m\u00e1s<\/span>\n                                    <\/div>\n                                     <div class=\"egpr-full-description\" data-id=\"egpr-full-description-4382001741\" style=\"display:none;\">\n                                     Es mi tercera vez que dono y me enorgullece, apoyar a otras a cambiar su vida , el trato familiar que tiene todo el equipo de ambas cl\u00ednicas es un lujo , gracias por la empat\u00eda y comprendimiento, la paciencia y cuidado que ten\u00e9is con migo, feliz a\u00f1o nuevo.                                     <span class=\"egpr-read-less egpr-readtxt\" data-id=\"egpr-read-less-4382001741\">Leer menos<\/span>\n                                     <\/div>\n                                                                    <\/div>\n                                                        <\/div>\n\n                    <\/div>\n                <\/li>\n                        <\/ul>\n                               <\/div>\n                  <\/div>\n              <\/div>\n                                          <div class=\"egpr-rateus-button-wrap\">\n                                                    <a href=\"https:\/\/search.google.com\/local\/writereview?placeid=ChIJNe-5tG2YpBIRodMOQXaDPJQ\" target=\"_blank\" class=\"egpr-rate-button\">D\u00e9janos una rese\u00f1a<\/a>\n                                                 <\/div>\n                                   <\/div>\n          <\/div>\n<link rel='stylesheet' href='\/\/fonts.googleapis.com\/css?family=Nunito' type='text\/css' media='all' \/> \r\n<link rel='stylesheet' href='\/\/fonts.googleapis.com\/css?family=Nunito' type='text\/css' media='all' \/> \r\n<style>\r\n#egpr-reviews-outer-wrap-438200174 .egpr-reviewer-name a{\r\n\tcolor: #4a76c9; \t}\r\n#egpr-reviews-outer-wrap-438200174 .egpr-reviewer-name a{font-family: Nunito; }\r\n#egpr-reviews-outer-wrap-438200174 .egpr-rateus-button-wrap a{background-color: #ffffff; border: 1px solid #4a76c9;  }#egpr-reviews-outer-wrap-438200174 .egpr-rateus-button-wrap a:hover{background-color: #4a76c9; border:1px solid #4a76c9; }#egpr-reviews-outer-wrap-438200174 .egpr-rateus-button-wrap a.egpr-viewall-button{    }#egpr-reviews-outer-wrap-438200174 .egpr-rateus-button-wrap a.egpr-viewall-button:hover{ \r\n    }#egpr-reviews-outer-wrap-438200174 .egpr-rateus-button-wrap a.egpr-viewall-button{ font-family:default;     } #egpr-reviews-outer-wrap-438200174 .egpr-rateus-button-wrap a.egpr-viewall-button:hover{}#egpr-reviews-outer-wrap-438200174 .egpr-review-template5 .egpr-rateus-button-wrap a:before{background-color: #ffffff; }#egpr-reviews-outer-wrap-438200174 .egpr-rateus-button-wrap a{ text-decoration: none;color: #4a76c9; font-size: 16px; }#egpr-reviews-outer-wrap-438200174 .egpr-rateus-button-wrap a:hover{color: #ffffff;}#egpr-reviews-outer-wrap-438200174 .egpr-rateus-button-wrap a{font-family: Nunito; }<\/style>\r\n\r\n<\/div>\n<script type=\"application\/ld+json\">\n  {\n  \"@context\": \"http:\/\/schema.org\",\n  \"@type\" : \"LocalBusiness\",\n  \"name\" : \"Fertilab Barcelona\",\n  \"telephone\" : \"932 41 14 14\",\n  \"image\": \"https:\/\/maps.googleapis.com\/maps\/api\/place\/photo?photoreference=AU_ZVEHgYJEDPfhcXwC1awazClK2ErNjUqrqNrMLJEbgkZgVasfzgyQjBbNC8S_cFGKAYQC7Y_NylkoTEtTJ7mfmIGq60-TPpLUpLFRonoToIe2RwS5KylrVUCsjCWKl5T1KAmLTIwEmGC2zx2wvqUJ1hX-1YZWieMjFdoHzoBOMC-EbxZfvG48pe_9ZJAc4RiXHhkSab7RFrvPehQK-UGx7RmZbuxai8L2rn6xTwbITekQf_Wkiq4n0sfXYOhYT89cYXKvtmC3_76pK7BTb4dDBv7yyYwJlLICGdDPFwOs0dfzzAw&maxwidth=1300&maxheight=500&key=AIzaSyCQ2ItlI3Tx5EfqvJpUEamyXukC8hBdvjE\",\n  \"priceRange\" : \"\",\n  \"aggregateRating\": {\n    \"@type\": \"AggregateRating\",\n    \"ratingValue\": \"4.5\",\n    \"reviewCount\": \"93\"\n  },\n  \"address\" : {\n    \"@type\" : \"PostalAddress\",\n    \"streetAddress\" : \"Ronda del General Mitre\",\n    \"addressLocality\" : \"Barcelona\",\n    \"addressRegion\" : \"Catalunya\",\n    \"postalCode\" : \"08017\"\n  }\n  }\n<\/script>\n[\/vc_column_text][\/vc_column][\/vc_row]\n<\/div>","protected":false},"excerpt":{"rendered":"<p>[vc_row][vc_column][vc_column_text css=&#8221;.vc_custom_1635890649780{margin-bottom: 0px !important;}&#8221;][\/vc_column_text][\/vc_column][\/vc_row]<\/p>\n","protected":false},"author":1,"featured_media":0,"parent":0,"menu_order":0,"comment_status":"closed","ping_status":"closed","template":"","meta":{"footnotes":""},"class_list":["post-40327","page","type-page","status-publish","hentry"],"yoast_head":"<!-- This site is optimized with the Yoast SEO plugin v27.4 - https:\/\/yoast.com\/product\/yoast-seo-wordpress\/ -->\n<title>Test shortcodes google review - Fertilab Barcelona<\/title>\n<meta name=\"robots\" content=\"noindex, nofollow\" \/>\n<meta property=\"og:locale\" content=\"en_US\" \/>\n<meta property=\"og:type\" content=\"article\" \/>\n<meta property=\"og:title\" content=\"Test shortcodes google review - Fertilab Barcelona\" \/>\n<meta property=\"og:description\" content=\"[vc_row][vc_column][vc_column_text css=&#8221;.vc_custom_1635890649780{margin-bottom: 0px !important;}&#8221;][\/vc_column_text][\/vc_column][\/vc_row]\" \/>\n<meta property=\"og:url\" content=\"https:\/\/fertilab.com\/en\/test-shortcodes-google-review\/\" \/>\n<meta property=\"og:site_name\" content=\"Fertilab Barcelona\" \/>\n<meta property=\"article:publisher\" content=\"https:\/\/www.facebook.com\/fertilabbarcelona\" \/>\n<meta property=\"article:modified_time\" content=\"2021-11-02T22:04:14+00:00\" \/>\n<meta name=\"twitter:card\" content=\"summary_large_image\" \/>\n<meta name=\"twitter:label1\" content=\"Est. reading time\" \/>\n\t<meta name=\"twitter:data1\" content=\"1 minute\" \/>\n<script type=\"application\/ld+json\" class=\"yoast-schema-graph\">{\"@context\":\"https:\\\/\\\/schema.org\",\"@graph\":[{\"@type\":\"WebPage\",\"@id\":\"https:\\\/\\\/fertilab.com\\\/en\\\/test-shortcodes-google-review\\\/\",\"url\":\"https:\\\/\\\/fertilab.com\\\/en\\\/test-shortcodes-google-review\\\/\",\"name\":\"Test shortcodes google review - Fertilab Barcelona\",\"isPartOf\":{\"@id\":\"https:\\\/\\\/fertilab.com\\\/#website\"},\"datePublished\":\"2021-10-15T11:54:21+00:00\",\"dateModified\":\"2021-11-02T22:04:14+00:00\",\"breadcrumb\":{\"@id\":\"https:\\\/\\\/fertilab.com\\\/en\\\/test-shortcodes-google-review\\\/#breadcrumb\"},\"inLanguage\":\"en-US\",\"potentialAction\":[{\"@type\":\"ReadAction\",\"target\":[\"https:\\\/\\\/fertilab.com\\\/en\\\/test-shortcodes-google-review\\\/\"]}]},{\"@type\":\"BreadcrumbList\",\"@id\":\"https:\\\/\\\/fertilab.com\\\/en\\\/test-shortcodes-google-review\\\/#breadcrumb\",\"itemListElement\":[{\"@type\":\"ListItem\",\"position\":1,\"name\":\"Home\",\"item\":\"https:\\\/\\\/fertilab.com\\\/en\\\/\"},{\"@type\":\"ListItem\",\"position\":2,\"name\":\"Test shortcodes google review\"}]},{\"@type\":\"WebSite\",\"@id\":\"https:\\\/\\\/fertilab.com\\\/#website\",\"url\":\"https:\\\/\\\/fertilab.com\\\/\",\"name\":\"Fertilab Barcelona\",\"description\":\"Trabajamos para que pod\u00e1is sentir la emoci\u00f3n de ser padres\",\"publisher\":{\"@id\":\"https:\\\/\\\/fertilab.com\\\/#organization\"},\"potentialAction\":[{\"@type\":\"SearchAction\",\"target\":{\"@type\":\"EntryPoint\",\"urlTemplate\":\"https:\\\/\\\/fertilab.com\\\/?s={search_term_string}\"},\"query-input\":{\"@type\":\"PropertyValueSpecification\",\"valueRequired\":true,\"valueName\":\"search_term_string\"}}],\"inLanguage\":\"en-US\"},{\"@type\":\"Organization\",\"@id\":\"https:\\\/\\\/fertilab.com\\\/#organization\",\"name\":\"Fertilab Barcelona\",\"url\":\"https:\\\/\\\/fertilab.com\\\/\",\"logo\":{\"@type\":\"ImageObject\",\"inLanguage\":\"en-US\",\"@id\":\"https:\\\/\\\/fertilab.com\\\/#\\\/schema\\\/logo\\\/image\\\/\",\"url\":\"https:\\\/\\\/fertilab.com\\\/wp-content\\\/uploads\\\/2023\\\/10\\\/cropped-fertilab-logo-fav.png\",\"contentUrl\":\"https:\\\/\\\/fertilab.com\\\/wp-content\\\/uploads\\\/2023\\\/10\\\/cropped-fertilab-logo-fav.png\",\"width\":512,\"height\":512,\"caption\":\"Fertilab Barcelona\"},\"image\":{\"@id\":\"https:\\\/\\\/fertilab.com\\\/#\\\/schema\\\/logo\\\/image\\\/\"},\"sameAs\":[\"https:\\\/\\\/www.facebook.com\\\/fertilabbarcelona\",\"https:\\\/\\\/www.youtube.com\\\/user\\\/FertilabTV\"]}]}<\/script>\n<!-- \/ Yoast SEO plugin. -->","yoast_head_json":{"title":"Test shortcodes google review - Fertilab Barcelona","robots":{"index":"noindex","follow":"nofollow"},"og_locale":"en_US","og_type":"article","og_title":"Test shortcodes google review - Fertilab Barcelona","og_description":"[vc_row][vc_column][vc_column_text css=&#8221;.vc_custom_1635890649780{margin-bottom: 0px !important;}&#8221;][\/vc_column_text][\/vc_column][\/vc_row]","og_url":"https:\/\/fertilab.com\/en\/test-shortcodes-google-review\/","og_site_name":"Fertilab Barcelona","article_publisher":"https:\/\/www.facebook.com\/fertilabbarcelona","article_modified_time":"2021-11-02T22:04:14+00:00","twitter_card":"summary_large_image","twitter_misc":{"Est. reading time":"1 minute"},"schema":{"@context":"https:\/\/schema.org","@graph":[{"@type":"WebPage","@id":"https:\/\/fertilab.com\/en\/test-shortcodes-google-review\/","url":"https:\/\/fertilab.com\/en\/test-shortcodes-google-review\/","name":"Test shortcodes google review - Fertilab Barcelona","isPartOf":{"@id":"https:\/\/fertilab.com\/#website"},"datePublished":"2021-10-15T11:54:21+00:00","dateModified":"2021-11-02T22:04:14+00:00","breadcrumb":{"@id":"https:\/\/fertilab.com\/en\/test-shortcodes-google-review\/#breadcrumb"},"inLanguage":"en-US","potentialAction":[{"@type":"ReadAction","target":["https:\/\/fertilab.com\/en\/test-shortcodes-google-review\/"]}]},{"@type":"BreadcrumbList","@id":"https:\/\/fertilab.com\/en\/test-shortcodes-google-review\/#breadcrumb","itemListElement":[{"@type":"ListItem","position":1,"name":"Home","item":"https:\/\/fertilab.com\/en\/"},{"@type":"ListItem","position":2,"name":"Test shortcodes google review"}]},{"@type":"WebSite","@id":"https:\/\/fertilab.com\/#website","url":"https:\/\/fertilab.com\/","name":"Fertilab Barcelona","description":"Trabajamos para que pod\u00e1is sentir la emoci\u00f3n de ser padres","publisher":{"@id":"https:\/\/fertilab.com\/#organization"},"potentialAction":[{"@type":"SearchAction","target":{"@type":"EntryPoint","urlTemplate":"https:\/\/fertilab.com\/?s={search_term_string}"},"query-input":{"@type":"PropertyValueSpecification","valueRequired":true,"valueName":"search_term_string"}}],"inLanguage":"en-US"},{"@type":"Organization","@id":"https:\/\/fertilab.com\/#organization","name":"Fertilab Barcelona","url":"https:\/\/fertilab.com\/","logo":{"@type":"ImageObject","inLanguage":"en-US","@id":"https:\/\/fertilab.com\/#\/schema\/logo\/image\/","url":"https:\/\/fertilab.com\/wp-content\/uploads\/2023\/10\/cropped-fertilab-logo-fav.png","contentUrl":"https:\/\/fertilab.com\/wp-content\/uploads\/2023\/10\/cropped-fertilab-logo-fav.png","width":512,"height":512,"caption":"Fertilab Barcelona"},"image":{"@id":"https:\/\/fertilab.com\/#\/schema\/logo\/image\/"},"sameAs":["https:\/\/www.facebook.com\/fertilabbarcelona","https:\/\/www.youtube.com\/user\/FertilabTV"]}]}},"_links":{"self":[{"href":"https:\/\/fertilab.com\/en\/wp-json\/wp\/v2\/pages\/40327","targetHints":{"allow":["GET"]}}],"collection":[{"href":"https:\/\/fertilab.com\/en\/wp-json\/wp\/v2\/pages"}],"about":[{"href":"https:\/\/fertilab.com\/en\/wp-json\/wp\/v2\/types\/page"}],"author":[{"embeddable":true,"href":"https:\/\/fertilab.com\/en\/wp-json\/wp\/v2\/users\/1"}],"replies":[{"embeddable":true,"href":"https:\/\/fertilab.com\/en\/wp-json\/wp\/v2\/comments?post=40327"}],"version-history":[{"count":0,"href":"https:\/\/fertilab.com\/en\/wp-json\/wp\/v2\/pages\/40327\/revisions"}],"wp:attachment":[{"href":"https:\/\/fertilab.com\/en\/wp-json\/wp\/v2\/media?parent=40327"}],"curies":[{"name":"wp","href":"https:\/\/api.w.org\/{rel}","templated":true}]}}