{"id":23378,"date":"2021-02-05T14:38:47","date_gmt":"2021-02-05T14:38:47","guid":{"rendered":"https:\/\/fertilab.com\/?page_id=23378"},"modified":"2023-03-13T14:18:46","modified_gmt":"2023-03-13T13:18:46","slug":"actualite","status":"publish","type":"page","link":"https:\/\/fertilab.com\/fr\/actualite\/","title":{"rendered":"Actualit\u00e9"},"content":{"rendered":"<div class=\"wpb-content-wrapper\">[mk_page_section vertical_align=\u00a0\u00bbcenter\u00a0\u00bb bg_image=\u00a0\u00bbhttps:\/\/fertilab.com\/wp-content\/uploads\/2018\/06\/img_blur_actualidad.jpg\u00a0\u00bb bg_position=\u00a0\u00bbcenter center\u00a0\u00bb bg_repeat=\u00a0\u00bbno-repeat\u00a0\u00bb bg_stretch=\u00a0\u00bbtrue\u00a0\u00bb min_height=\u00a0\u00bb300&Prime; full_width=\u00a0\u00bbtrue\u00a0\u00bb padding_top=\u00a0\u00bb0&Prime; padding_bottom=\u00a0\u00bb0&Prime; sidebar=\u00a0\u00bbsidebar-1&Prime;][vc_column][vc_row_inner is_fullwidth_content=\u00a0\u00bbfalse\u00a0\u00bb][vc_column_inner][mk_fancy_title color=\u00a0\u00bb#ffffff\u00a0\u00bb size=\u00a0\u00bb42&Prime; force_font_size=\u00a0\u00bbtrue\u00a0\u00bb size_smallscreen=\u00a0\u00bb38&Prime; size_tablet=\u00a0\u00bb36&Prime; size_phone=\u00a0\u00bb32&Prime; font_weight=\u00a0\u00bb300&Prime; margin_bottom=\u00a0\u00bb0&Prime; font_family=\u00a0\u00bbnone\u00a0\u00bb align=\u00a0\u00bbcenter\u00a0\u00bb]Actualit\u00e9[\/mk_fancy_title][\/vc_column_inner][\/vc_row_inner][\/vc_column][\/mk_page_section][mk_page_section bg_color=\u00a0\u00bb#f1f6fb\u00a0\u00bb section_id=\u00a0\u00bbgrid-posts\u00a0\u00bb sidebar=\u00a0\u00bbsidebar-1&Prime;][vc_column][vc_row_inner][vc_column_inner width=\u00a0\u00bb4\/6&Prime;][\/vc_column_inner][vc_column_inner width=\u00a0\u00bb2\/6&Prime;][vc_wp_search][\/vc_column_inner][\/vc_row_inner][mk_blog style=\u00a0\u00bbgrid\u00a0\u00bb grid_image_height=\u00a0\u00bb250&Prime; post_count=\u00a0\u00bb3&Prime; transparent_border=\u00a0\u00bbtrue\u00a0\u00bb pagination=\u00a0\u00bbfalse\u00a0\u00bb disable_lazyload=\u00a0\u00bbtrue\u00a0\u00bb][\/vc_column][\/mk_page_section][vc_row id=\u00a0\u00bblist-posts\u00a0\u00bb][vc_column width=\u00a0\u00bb3\/4&Prime;][mk_blog grid_image_height=\u00a0\u00bb500&Prime; post_offset=\u00a0\u00bb3&Prime;][\/vc_column][vc_column width=\u00a0\u00bb1\/4&Prime;][mk_custom_sidebar sidebar=\u00a0\u00bbsidebar-2&Prime;][\/vc_column][\/vc_row][vc_row visibility=\u00a0\u00bbvisible-sm\u00a0\u00bb el_class=\u00a0\u00bbrowTelephone\u00a0\u00bb][vc_column][vc_raw_html]JTNDZGl2JTIwaWQlM0QlMjJwaG9uZWJhckZpeGVkJTIyJTNFJTBBJTIwJTIwUGlkZSUyMGNpdGElMjBhbCUyMHRlbCVDMyVBOWZvbm8lMjBncmF0dWl0byUyMCUzQ2ElMjBocmVmJTNEJTIydGVsJTNBOTMyNDExNDE0JTIyJTNFOTMlMjAyNDElMjAxNCUyMDE0JTNDJTJGYSUzRSUwQSUzQyUyRmRpdiUzRQ==[\/vc_raw_html][\/vc_column][\/vc_row][vc_row visibility=\u00a0\u00bbvisible-sm\u00a0\u00bb el_class=\u00a0\u00bbresponsive-contact\u00a0\u00bb][vc_column][vc_column_text align=\u00a0\u00bbcenter\u00a0\u00bb el_class=\u00a0\u00bblk-success-histories\u00a0\u00bb css=\u00a0\u00bb.vc_custom_1532501033316{margin-bottom: 0px !important;}\u00a0\u00bb]<a href=\"https:\/\/fertilab.com\/contacto\/\">Ponte en contacto<\/a>[\/vc_column_text][\/vc_column][\/vc_row]\n<\/div>","protected":false},"excerpt":{"rendered":"<p>[mk_page_section vertical_align=\u00a0\u00bbcenter\u00a0\u00bb bg_image=\u00a0\u00bbhttps:\/\/fertilab.com\/wp-content\/uploads\/2018\/06\/img_blur_actualidad.jpg\u00a0\u00bb bg_position=\u00a0\u00bbcenter center\u00a0\u00bb bg_repeat=\u00a0\u00bbno-repeat\u00a0\u00bb bg_stretch=\u00a0\u00bbtrue\u00a0\u00bb min_height=\u00a0\u00bb300&Prime; full_width=\u00a0\u00bbtrue\u00a0\u00bb padding_top=\u00a0\u00bb0&Prime; padding_bottom=\u00a0\u00bb0&Prime; sidebar=\u00a0\u00bbsidebar-1&Prime;][vc_column][vc_row_inner is_fullwidth_content=\u00a0\u00bbfalse\u00a0\u00bb][vc_column_inner][mk_fancy_title color=\u00a0\u00bb#ffffff\u00a0\u00bb size=\u00a0\u00bb42&Prime; force_font_size=\u00a0\u00bbtrue\u00a0\u00bb size_smallscreen=\u00a0\u00bb38&Prime; size_tablet=\u00a0\u00bb36&Prime; size_phone=\u00a0\u00bb32&Prime; font_weight=\u00a0\u00bb300&Prime; margin_bottom=\u00a0\u00bb0&Prime; font_family=\u00a0\u00bbnone\u00a0\u00bb align=\u00a0\u00bbcenter\u00a0\u00bb]Actualit\u00e9[\/mk_fancy_title][\/vc_column_inner][\/vc_row_inner][\/vc_column][\/mk_page_section][mk_page_section bg_color=\u00a0\u00bb#f1f6fb\u00a0\u00bb section_id=\u00a0\u00bbgrid-posts\u00a0\u00bb sidebar=\u00a0\u00bbsidebar-1&Prime;][vc_column][vc_row_inner][vc_column_inner width=\u00a0\u00bb4\/6&Prime;][\/vc_column_inner][vc_column_inner width=\u00a0\u00bb2\/6&Prime;][vc_wp_search][\/vc_column_inner][\/vc_row_inner][mk_blog style=\u00a0\u00bbgrid\u00a0\u00bb grid_image_height=\u00a0\u00bb250&Prime; post_count=\u00a0\u00bb3&Prime; transparent_border=\u00a0\u00bbtrue\u00a0\u00bb pagination=\u00a0\u00bbfalse\u00a0\u00bb disable_lazyload=\u00a0\u00bbtrue\u00a0\u00bb][\/vc_column][\/mk_page_section][vc_row id=\u00a0\u00bblist-posts\u00a0\u00bb][vc_column width=\u00a0\u00bb3\/4&Prime;][mk_blog grid_image_height=\u00a0\u00bb500&Prime; post_offset=\u00a0\u00bb3&Prime;][\/vc_column][vc_column width=\u00a0\u00bb1\/4&Prime;][mk_custom_sidebar sidebar=\u00a0\u00bbsidebar-2&Prime;][\/vc_column][\/vc_row][vc_row visibility=\u00a0\u00bbvisible-sm\u00a0\u00bb el_class=\u00a0\u00bbrowTelephone\u00a0\u00bb][vc_column][vc_raw_html]JTNDZGl2JTIwaWQlM0QlMjJwaG9uZWJhckZpeGVkJTIyJTNFJTBBJTIwJTIwUGlkZSUyMGNpdGElMjBhbCUyMHRlbCVDMyVBOWZvbm8lMjBncmF0dWl0byUyMCUzQ2ElMjBocmVmJTNEJTIydGVsJTNBOTMyNDExNDE0JTIyJTNFOTMlMjAyNDElMjAxNCUyMDE0JTNDJTJGYSUzRSUwQSUzQyUyRmRpdiUzRQ==[\/vc_raw_html][\/vc_column][\/vc_row][vc_row visibility=\u00a0\u00bbvisible-sm\u00a0\u00bb el_class=\u00a0\u00bbresponsive-contact\u00a0\u00bb][vc_column][vc_column_text align=\u00a0\u00bbcenter\u00a0\u00bb el_class=\u00a0\u00bblk-success-histories\u00a0\u00bb css=\u00a0\u00bb.vc_custom_1532501033316{margin-bottom: 0px !important;}\u00a0\u00bb]Ponte en contacto[\/vc_column_text][\/vc_column][\/vc_row]<\/p>\n","protected":false},"author":1,"featured_media":0,"parent":0,"menu_order":0,"comment_status":"closed","ping_status":"closed","template":"","meta":{"footnotes":""},"class_list":["post-23378","page","type-page","status-publish","hentry"],"yoast_head":"<!-- This site is optimized with the Yoast SEO plugin v27.4 - https:\/\/yoast.com\/product\/yoast-seo-wordpress\/ -->\n<title>Le blog de la procr\u00e9ation m\u00e9dicalement assist\u00e9e - Fertilab<\/title>\n<meta name=\"description\" content=\"Toutes les derni\u00e8res nouvelles et informations sur la f\u00e9condation assist\u00e9e\" \/>\n<meta name=\"robots\" content=\"index, follow, max-snippet:-1, max-image-preview:large, max-video-preview:-1\" \/>\n<link rel=\"canonical\" href=\"https:\/\/fertilab.com\/fr\/actualite\/\" \/>\n<meta property=\"og:locale\" content=\"fr_FR\" \/>\n<meta property=\"og:type\" content=\"article\" \/>\n<meta property=\"og:title\" content=\"Le blog de la procr\u00e9ation m\u00e9dicalement assist\u00e9e - Fertilab\" \/>\n<meta property=\"og:description\" content=\"Toutes les derni\u00e8res nouvelles et informations sur la f\u00e9condation assist\u00e9e\" \/>\n<meta property=\"og:url\" content=\"https:\/\/fertilab.com\/fr\/actualite\/\" \/>\n<meta property=\"og:site_name\" content=\"Fertilab Barcelona\" \/>\n<meta property=\"article:publisher\" content=\"https:\/\/www.facebook.com\/fertilabbarcelona\" \/>\n<meta property=\"article:modified_time\" content=\"2023-03-13T13:18:46+00:00\" \/>\n<meta name=\"twitter:card\" content=\"summary_large_image\" \/>\n<meta name=\"twitter:label1\" content=\"Dur\u00e9e de lecture estim\u00e9e\" \/>\n\t<meta name=\"twitter:data1\" content=\"1 minute\" \/>\n<script type=\"application\/ld+json\" class=\"yoast-schema-graph\">{\"@context\":\"https:\\\/\\\/schema.org\",\"@graph\":[{\"@type\":\"WebPage\",\"@id\":\"https:\\\/\\\/fertilab.com\\\/fr\\\/actualite\\\/\",\"url\":\"https:\\\/\\\/fertilab.com\\\/fr\\\/actualite\\\/\",\"name\":\"Le blog de la procr\u00e9ation m\u00e9dicalement assist\u00e9e - Fertilab\",\"isPartOf\":{\"@id\":\"https:\\\/\\\/fertilab.com\\\/#website\"},\"datePublished\":\"2021-02-05T14:38:47+00:00\",\"dateModified\":\"2023-03-13T13:18:46+00:00\",\"description\":\"Toutes les derni\u00e8res nouvelles et informations sur la f\u00e9condation assist\u00e9e\",\"breadcrumb\":{\"@id\":\"https:\\\/\\\/fertilab.com\\\/fr\\\/actualite\\\/#breadcrumb\"},\"inLanguage\":\"fr-FR\",\"potentialAction\":[{\"@type\":\"ReadAction\",\"target\":[\"https:\\\/\\\/fertilab.com\\\/fr\\\/actualite\\\/\"]}]},{\"@type\":\"BreadcrumbList\",\"@id\":\"https:\\\/\\\/fertilab.com\\\/fr\\\/actualite\\\/#breadcrumb\",\"itemListElement\":[{\"@type\":\"ListItem\",\"position\":1,\"name\":\"Home\",\"item\":\"https:\\\/\\\/fertilab.com\\\/fr\\\/\"},{\"@type\":\"ListItem\",\"position\":2,\"name\":\"Actualit\u00e9\"}]},{\"@type\":\"WebSite\",\"@id\":\"https:\\\/\\\/fertilab.com\\\/#website\",\"url\":\"https:\\\/\\\/fertilab.com\\\/\",\"name\":\"Fertilab Barcelona\",\"description\":\"Trabajamos para que pod\u00e1is sentir la emoci\u00f3n de ser padres\",\"publisher\":{\"@id\":\"https:\\\/\\\/fertilab.com\\\/#organization\"},\"potentialAction\":[{\"@type\":\"SearchAction\",\"target\":{\"@type\":\"EntryPoint\",\"urlTemplate\":\"https:\\\/\\\/fertilab.com\\\/?s={search_term_string}\"},\"query-input\":{\"@type\":\"PropertyValueSpecification\",\"valueRequired\":true,\"valueName\":\"search_term_string\"}}],\"inLanguage\":\"fr-FR\"},{\"@type\":\"Organization\",\"@id\":\"https:\\\/\\\/fertilab.com\\\/#organization\",\"name\":\"Fertilab Barcelona\",\"url\":\"https:\\\/\\\/fertilab.com\\\/\",\"logo\":{\"@type\":\"ImageObject\",\"inLanguage\":\"fr-FR\",\"@id\":\"https:\\\/\\\/fertilab.com\\\/#\\\/schema\\\/logo\\\/image\\\/\",\"url\":\"https:\\\/\\\/fertilab.com\\\/wp-content\\\/uploads\\\/2023\\\/10\\\/cropped-fertilab-logo-fav.png\",\"contentUrl\":\"https:\\\/\\\/fertilab.com\\\/wp-content\\\/uploads\\\/2023\\\/10\\\/cropped-fertilab-logo-fav.png\",\"width\":512,\"height\":512,\"caption\":\"Fertilab Barcelona\"},\"image\":{\"@id\":\"https:\\\/\\\/fertilab.com\\\/#\\\/schema\\\/logo\\\/image\\\/\"},\"sameAs\":[\"https:\\\/\\\/www.facebook.com\\\/fertilabbarcelona\",\"https:\\\/\\\/www.youtube.com\\\/user\\\/FertilabTV\"]}]}<\/script>\n<!-- \/ Yoast SEO plugin. -->","yoast_head_json":{"title":"Le blog de la procr\u00e9ation m\u00e9dicalement assist\u00e9e - Fertilab","description":"Toutes les derni\u00e8res nouvelles et informations sur la f\u00e9condation assist\u00e9e","robots":{"index":"index","follow":"follow","max-snippet":"max-snippet:-1","max-image-preview":"max-image-preview:large","max-video-preview":"max-video-preview:-1"},"canonical":"https:\/\/fertilab.com\/fr\/actualite\/","og_locale":"fr_FR","og_type":"article","og_title":"Le blog de la procr\u00e9ation m\u00e9dicalement assist\u00e9e - Fertilab","og_description":"Toutes les derni\u00e8res nouvelles et informations sur la f\u00e9condation assist\u00e9e","og_url":"https:\/\/fertilab.com\/fr\/actualite\/","og_site_name":"Fertilab Barcelona","article_publisher":"https:\/\/www.facebook.com\/fertilabbarcelona","article_modified_time":"2023-03-13T13:18:46+00:00","twitter_card":"summary_large_image","twitter_misc":{"Dur\u00e9e de lecture estim\u00e9e":"1 minute"},"schema":{"@context":"https:\/\/schema.org","@graph":[{"@type":"WebPage","@id":"https:\/\/fertilab.com\/fr\/actualite\/","url":"https:\/\/fertilab.com\/fr\/actualite\/","name":"Le blog de la procr\u00e9ation m\u00e9dicalement assist\u00e9e - Fertilab","isPartOf":{"@id":"https:\/\/fertilab.com\/#website"},"datePublished":"2021-02-05T14:38:47+00:00","dateModified":"2023-03-13T13:18:46+00:00","description":"Toutes les derni\u00e8res nouvelles et informations sur la f\u00e9condation assist\u00e9e","breadcrumb":{"@id":"https:\/\/fertilab.com\/fr\/actualite\/#breadcrumb"},"inLanguage":"fr-FR","potentialAction":[{"@type":"ReadAction","target":["https:\/\/fertilab.com\/fr\/actualite\/"]}]},{"@type":"BreadcrumbList","@id":"https:\/\/fertilab.com\/fr\/actualite\/#breadcrumb","itemListElement":[{"@type":"ListItem","position":1,"name":"Home","item":"https:\/\/fertilab.com\/fr\/"},{"@type":"ListItem","position":2,"name":"Actualit\u00e9"}]},{"@type":"WebSite","@id":"https:\/\/fertilab.com\/#website","url":"https:\/\/fertilab.com\/","name":"Fertilab Barcelona","description":"Trabajamos para que pod\u00e1is sentir la emoci\u00f3n de ser padres","publisher":{"@id":"https:\/\/fertilab.com\/#organization"},"potentialAction":[{"@type":"SearchAction","target":{"@type":"EntryPoint","urlTemplate":"https:\/\/fertilab.com\/?s={search_term_string}"},"query-input":{"@type":"PropertyValueSpecification","valueRequired":true,"valueName":"search_term_string"}}],"inLanguage":"fr-FR"},{"@type":"Organization","@id":"https:\/\/fertilab.com\/#organization","name":"Fertilab Barcelona","url":"https:\/\/fertilab.com\/","logo":{"@type":"ImageObject","inLanguage":"fr-FR","@id":"https:\/\/fertilab.com\/#\/schema\/logo\/image\/","url":"https:\/\/fertilab.com\/wp-content\/uploads\/2023\/10\/cropped-fertilab-logo-fav.png","contentUrl":"https:\/\/fertilab.com\/wp-content\/uploads\/2023\/10\/cropped-fertilab-logo-fav.png","width":512,"height":512,"caption":"Fertilab Barcelona"},"image":{"@id":"https:\/\/fertilab.com\/#\/schema\/logo\/image\/"},"sameAs":["https:\/\/www.facebook.com\/fertilabbarcelona","https:\/\/www.youtube.com\/user\/FertilabTV"]}]}},"_links":{"self":[{"href":"https:\/\/fertilab.com\/fr\/wp-json\/wp\/v2\/pages\/23378","targetHints":{"allow":["GET"]}}],"collection":[{"href":"https:\/\/fertilab.com\/fr\/wp-json\/wp\/v2\/pages"}],"about":[{"href":"https:\/\/fertilab.com\/fr\/wp-json\/wp\/v2\/types\/page"}],"author":[{"embeddable":true,"href":"https:\/\/fertilab.com\/fr\/wp-json\/wp\/v2\/users\/1"}],"replies":[{"embeddable":true,"href":"https:\/\/fertilab.com\/fr\/wp-json\/wp\/v2\/comments?post=23378"}],"version-history":[{"count":0,"href":"https:\/\/fertilab.com\/fr\/wp-json\/wp\/v2\/pages\/23378\/revisions"}],"wp:attachment":[{"href":"https:\/\/fertilab.com\/fr\/wp-json\/wp\/v2\/media?parent=23378"}],"curies":[{"name":"wp","href":"https:\/\/api.w.org\/{rel}","templated":true}]}}