{"id":2774,"date":"2018-06-29T06:21:44","date_gmt":"2018-06-29T06:21:44","guid":{"rendered":"https:\/\/fertilab.com\/macs-magnetic-separation-columns-sperm-annexin\/"},"modified":"2019-04-10T09:24:40","modified_gmt":"2019-04-10T09:24:40","slug":"separation-spermatique-magnetique-avec-colonnes-annexines","status":"publish","type":"page","link":"https:\/\/fertilab.com\/fr\/separation-spermatique-magnetique-avec-colonnes-annexines\/","title":{"rendered":"S\u00e9paration spermatique magn\u00e9tique avec colonnes annexines"},"content":{"rendered":"<div class=\"wpb-content-wrapper\">[mk_page_section vertical_align=\u00a0\u00bbcenter\u00a0\u00bb bg_image=\u00a0\u00bbhttps:\/\/fertilab.com\/wp-content\/uploads\/2018\/06\/et-2.jpg\u00a0\u00bb bg_position=\u00a0\u00bbcenter center\u00a0\u00bb bg_repeat=\u00a0\u00bbno-repeat\u00a0\u00bb bg_stretch=\u00a0\u00bbtrue\u00a0\u00bb bg_gradient=\u00a0\u00bbvertical\u00a0\u00bb video_color_mask=\u00a0\u00bb#145da8&Prime; gr_end=\u00a0\u00bbrgba(20,93,168,0.25)\u00a0\u00bb top_shadow=\u00a0\u00bbtrue\u00a0\u00bb min_height=\u00a0\u00bb530&Prime; full_width=\u00a0\u00bbtrue\u00a0\u00bb padding_top=\u00a0\u00bb0&Prime; padding_bottom=\u00a0\u00bb0&Prime; sidebar=\u00a0\u00bbsidebar-1&Prime;][vc_column][vc_row_inner is_fullwidth_content=\u00a0\u00bbfalse\u00a0\u00bb][vc_column_inner][mk_fancy_title tag_name=\u00a0\u00bbh1&Prime; color=\u00a0\u00bb#ffffff\u00a0\u00bb size=\u00a0\u00bb42&Prime; force_font_size=\u00a0\u00bbtrue\u00a0\u00bb size_smallscreen=\u00a0\u00bb38&Prime; size_tablet=\u00a0\u00bb36&Prime; size_phone=\u00a0\u00bb32&Prime; font_weight=\u00a0\u00bb300&Prime; margin_bottom=\u00a0\u00bb0&Prime; font_family=\u00a0\u00bbnone\u00a0\u00bb align=\u00a0\u00bbcenter\u00a0\u00bb el_class=\u00a0\u00bbtitleWidth\u00a0\u00bb]S\u00e9paration spermatique magn\u00e9tique avec colonnes annexines[\/mk_fancy_title][mk_fancy_title tag_name=\u00a0\u00bbspan\u00a0\u00bb color=\u00a0\u00bb#ffffff\u00a0\u00bb size=\u00a0\u00bb18&Prime; font_weight=\u00a0\u00bb400&Prime; margin_bottom=\u00a0\u00bb0&Prime; font_family=\u00a0\u00bbnone\u00a0\u00bb align=\u00a0\u00bbcenter\u00a0\u00bb el_class=\u00a0\u00bbtitleWidth\u00a0\u00bb]Nous distinguons le sperme sain et de qualit\u00e9 pour de meilleurs r\u00e9sultats[\/mk_fancy_title][\/vc_column_inner][\/vc_row_inner][\/vc_column][\/mk_page_section][vc_row][vc_column][\/vc_column][\/vc_row][mk_page_section bg_color=\u00a0\u00bb#ffffff\u00a0\u00bb padding_top=\u00a0\u00bb80&Prime; padding_bottom=\u00a0\u00bb80&Prime; sidebar=\u00a0\u00bbsidebar-1&Prime;][vc_column][vc_row_inner css=\u00a0\u00bb.vc_custom_1529330850334{padding-bottom: 50px !important;}\u00a0\u00bb][vc_column_inner width=\u00a0\u00bb1\/2&Prime;][mk_image src=\u00a0\u00bbhttps:\/\/fertilab.com\/wp-content\/uploads\/2018\/07\/ilu_embryoscope.png\u00a0\u00bb image_size=\u00a0\u00bbfull\u00a0\u00bb align=\u00a0\u00bbcenter\u00a0\u00bb][\/vc_column_inner][vc_column_inner width=\u00a0\u00bb1\/2&Prime;][mk_fancy_title color=\u00a0\u00bb#4a76c9&Prime; size=\u00a0\u00bb21&Prime; font_weight=\u00a0\u00bbbold\u00a0\u00bb font_style=\u00a0\u00bbnormal\u00a0\u00bb txt_transform=\u00a0\u00bbuppercase\u00a0\u00bb margin_top=\u00a0\u00bb62&Prime; margin_bottom=\u00a0\u00bb22&Prime; font_family=\u00a0\u00bbnone\u00a0\u00bb]SEPARATION SPERMATIQUE MAGNETIQUE AVEC DES COLONNES D&rsquo;ANNEXINE[\/mk_fancy_title][mk_fancy_title color=\u00a0\u00bb#4a76c9&Prime; size=\u00a0\u00bb21&Prime; font_weight=\u00a0\u00bb300&Prime; font_style=\u00a0\u00bbitalic\u00a0\u00bb margin_bottom=\u00a0\u00bb0&Prime; font_family=\u00a0\u00bbnone\u00a0\u00bb]Qu&rsquo;est-ce que c&rsquo;est?[\/mk_fancy_title][vc_column_text css=\u00a0\u00bb.vc_custom_1541691784280{margin-bottom: 0px !important;}\u00a0\u00bb]La pr\u00e9sence d&rsquo;une grande quantit\u00e9 de spermatozo\u00efdes \u00e0 membrane plasmique alt\u00e9r\u00e9e et d&rsquo;ADN fragment\u00e9 a un impact n\u00e9gatif sur la fertilit\u00e9 naturelle ainsi que sur les r\u00e9sultats de la procr\u00e9ation assist\u00e9e. Pour cette raison, disposer d&rsquo;une m\u00e9thode de filtrage mol\u00e9culaire efficace, capable de s\u00e9lectionner une population de spermatozo\u00efdes en bonne sant\u00e9, repr\u00e9sente une nouvelle r\u00e9volution dans les traitements de fertilit\u00e9. Cette s\u00e9lection peut \u00eatre r\u00e9alis\u00e9e par la technique: s\u00e9paration magn\u00e9tique spermatique par colonnes annexines V (MACS).<\/p>\n<p>Les spermatozo\u00efdes qui ont initi\u00e9 le processus d&rsquo;apoptose (vieillissement conduisant \u00e0 la mort cellulaire programm\u00e9e), en modifiant la membrane plasmique, exposent la phosphatidyls\u00e9rine (un phospholipide trouv\u00e9 dans le cytoplasme). La phosphatidyls\u00e9rine a la capacit\u00e9 de se lier sp\u00e9cifiquement \u00e0 la prot\u00e9ine annexine V. Si nous incubons les spermatozo\u00efdes avec de l&rsquo;Annexine V, \u00e0 laquelle nous avons d\u00e9j\u00e0 coupl\u00e9 de petites sph\u00e8res m\u00e9talliques, la membrane des spermatozo\u00efdes qui ont initi\u00e9 le processus d&rsquo;apoptose collera des prot\u00e9ines attach\u00e9es aux sph\u00e8res m\u00e9talliques.<\/p>\n<p>Dans l&rsquo;\u00e9tape suivante, nous faisons passer l&rsquo;\u00e9chantillon s\u00e9minal \u00e0 travers un champ magn\u00e9tique, ce qui fait que le sperme contenant du m\u00e9tal dans sa membrane adh\u00e8re \u00e0 l&rsquo;aimant. D&rsquo;autre part, le sperme en bonne sant\u00e9 va passer et \u00eatre libre. De cette mani\u00e8re, nous pouvons s\u00e9parer efficacement les spermatozo\u00efdes qui ont amorc\u00e9 le processus d&rsquo;apoptose de ceux qui ont un ADN fragment\u00e9, dont ils sont compl\u00e8tement en bonne sant\u00e9.<\/p>\n<p>L\u2019utilisation d\u2019une population de spermatozo\u00efdes non apoptotiques \u00e0 membranes intactes et \u00e0 ADN non fragment\u00e9 peut optimiser les r\u00e9sultats des techniques de procr\u00e9ation assist\u00e9e et devenir une alternative th\u00e9rapeutique efficace dans les cas d\u2019\u00e9chec de la f\u00e9condation, de faible qualit\u00e9 embryonnaire, avortements et st\u00e9rilit\u00e9 sans cause apparente.[\/vc_column_text][\/vc_column_inner][\/vc_row_inner][\/vc_column][\/mk_page_section][mk_page_section vertical_align=\u00a0\u00bbcenter\u00a0\u00bb bg_image=\u00a0\u00bbhttps:\/\/fertilab.com\/wp-content\/uploads\/2018\/06\/img_imagenembryo_backgroundblur.jpg\u00a0\u00bb bg_position=\u00a0\u00bbcenter center\u00a0\u00bb bg_repeat=\u00a0\u00bbno-repeat\u00a0\u00bb bg_stretch=\u00a0\u00bbtrue\u00a0\u00bb top_shadow=\u00a0\u00bbtrue\u00a0\u00bb adaptive_height=\u00a0\u00bbtrue\u00a0\u00bb min_height=\u00a0\u00bb600&Prime; padding_top=\u00a0\u00bb0&Prime; padding_bottom=\u00a0\u00bb0&Prime; el_class=\u00a0\u00bbbarcelona video\u00a0\u00bb sidebar=\u00a0\u00bbsidebar-1&Prime;][vc_column][vc_row_inner][vc_column_inner][mk_fancy_title color=\u00a0\u00bb#ffffff\u00a0\u00bb size=\u00a0\u00bb21&Prime; font_weight=\u00a0\u00bb300&Prime; font_style=\u00a0\u00bbitalic\u00a0\u00bb margin_top=\u00a0\u00bb40&Prime; margin_bottom=\u00a0\u00bb40&Prime; font_family=\u00a0\u00bbnone\u00a0\u00bb align=\u00a0\u00bbcenter\u00a0\u00bb]Chaque patient peut voir ses propres embryons vid\u00e9o[\/mk_fancy_title][vc_raw_html]JTVCcnl2LXBvcHVwJTIwdmlkZW8lM0QlMjJodHRwcyUzQSUyRiUyRnd3dy55b3V0dWJlLmNvbSUyRmVtYmVkJTJGZVIxQ05kMnVDc00lM0ZhdXRvcGxheSUzRDElMjIlNUQlMEElM0NkaXYlMjBjbGFzcyUzRCUyMndwYl9zaW5nbGVfaW1hZ2UlMjB3cGJfY29udGVudF9lbGVtZW50JTIwdmNfYWxpZ25fY2VudGVyJTIyJTNFJTBBJTA5JTA5JTBBJTA5JTA5JTNDZmlndXJlJTIwY2xhc3MlM0QlMjJ3cGJfd3JhcHBlciUyMHZjX2ZpZ3VyZSUyMiUzRSUwQSUwOSUwOSUwOSUzQ2RpdiUyMGNsYXNzJTNEJTIydmNfc2luZ2xlX2ltYWdlLXdyYXBwZXIlMjAlMjAlMjB2Y19ib3hfYm9yZGVyX2dyZXklMjIlM0UlM0NpbWclMjBzcmMlM0QlMjJodHRwJTNBJTJGJTJGZmVydGlsYWIuY29tJTJGd3AtY29udGVudCUyRnVwbG9hZHMlMkYyMDE4JTJGMDYlMkZ2aWRlby5wbmclMjIlMjBjbGFzcyUzRCUyMnZjX3NpbmdsZV9pbWFnZS1pbWclMjBhdHRhY2htZW50LWZ1bGwlMjByeXYtcG9wdXAlMjIlMjBhbHQlM0QlMjIlMjIlMjBzcmNzZXQlM0QlMjJodHRwJTNBJTJGJTJGZmVydGlsYWIuY29tJTJGd3AtY29udGVudCUyRnVwbG9hZHMlMkYyMDE4JTJGMDYlMkZ2aWRlby5wbmclMjA2MjJ3JTJDJTIwaHR0cCUzQSUyRiUyRmZlcnRpbGFiLmNvbSUyRndwLWNvbnRlbnQlMkZ1cGxvYWRzJTJGMjAxOCUyRjA2JTJGdmlkZW8tMzAweDIwMC5wbmclMjAzMDB3JTIyJTIwc2l6ZXMlM0QlMjIlMjhtYXgtd2lkdGglM0ElMjA2MjJweCUyOSUyMDEwMHZ3JTJDJTIwNjIycHglMjIlMjBpdGVtcHJvcCUzRCUyMmltYWdlJTIyJTIwd2lkdGglM0QlMjI2MjIlMjIlMjBoZWlnaHQlM0QlMjI0MTQlMjIlM0UlM0MlMkZkaXYlM0UlMEElMDklMDklM0MlMkZmaWd1cmUlM0UlMEElMDklM0MlMkZkaXYlM0U=[\/vc_raw_html][\/vc_column_inner][\/vc_row_inner][\/vc_column][\/mk_page_section][mk_page_section bg_position=\u00a0\u00bbcenter center\u00a0\u00bb bg_repeat=\u00a0\u00bbno-repeat\u00a0\u00bb bg_stretch=\u00a0\u00bbtrue\u00a0\u00bb min_height=\u00a0\u00bb0&Prime; full_width=\u00a0\u00bbtrue\u00a0\u00bb padding_top=\u00a0\u00bb65&Prime; padding_bottom=\u00a0\u00bb65&Prime; el_class=\u00a0\u00bbcontact-bottom responsive-contact\u00a0\u00bb sidebar=\u00a0\u00bbsidebar-1&Prime;][vc_column][mk_fancy_title color=\u00a0\u00bb#7d7d7e\u00a0\u00bb size=\u00a0\u00bb28&Prime; force_font_size=\u00a0\u00bbtrue\u00a0\u00bb size_smallscreen=\u00a0\u00bb38&Prime; size_tablet=\u00a0\u00bb36&Prime; size_phone=\u00a0\u00bb32&Prime; font_weight=\u00a0\u00bb300&Prime; margin_bottom=\u00a0\u00bb40&Prime; font_family=\u00a0\u00bbnone\u00a0\u00bb align=\u00a0\u00bbcenter\u00a0\u00bb]\u00cates-vous int\u00e9ress\u00e9 par ce traitement?[\/mk_fancy_title][vc_column_text align=\u00a0\u00bbcenter\u00a0\u00bb el_class=\u00a0\u00bbbtnContact\u00a0\u00bb css=\u00a0\u00bb.vc_custom_1541691853135{margin-bottom: 0px !important;}\u00a0\u00bb]<a href=\"https:\/\/fertilab.com\/en\/contact\/\">ENTRER EN CONTACT<\/a>[\/vc_column_text][\/vc_column][\/mk_page_section][vc_row visibility=\u00a0\u00bbvisible-sm\u00a0\u00bb el_class=\u00a0\u00bbrowTelephone\u00a0\u00bb][vc_column][vc_raw_html]JTNDZGl2JTIwaWQlM0QlMjJwaG9uZWJhckZpeGVkJTIyJTNFJTBBJTIwJTIwRGVtYW5kZXIlMjB1biUyMHJlbmRlei12b3VzJTIwJTNDYSUyMGhyZWYlM0QlMjJ0ZWwlM0EzNDkzMjQxMTQxNCUyMiUzRSUyQjM0JTIwOTMlMjAyNDElMjAxNCUyMDE0JTNDJTJGYSUzRSUwQSUzQyUyRmRpdiUzRQ==[\/vc_raw_html][\/vc_column][\/vc_row]\n<\/div>","protected":false},"excerpt":{"rendered":"<p>[mk_page_section vertical_align=\u00a0\u00bbcenter\u00a0\u00bb bg_image=\u00a0\u00bbhttps:\/\/fertilab.com\/wp-content\/uploads\/2018\/06\/et-2.jpg\u00a0\u00bb bg_position=\u00a0\u00bbcenter center\u00a0\u00bb bg_repeat=\u00a0\u00bbno-repeat\u00a0\u00bb bg_stretch=\u00a0\u00bbtrue\u00a0\u00bb bg_gradient=\u00a0\u00bbvertical\u00a0\u00bb video_color_mask=\u00a0\u00bb#145da8&Prime; gr_end=\u00a0\u00bbrgba(20,93,168,0.25)\u00a0\u00bb top_shadow=\u00a0\u00bbtrue\u00a0\u00bb min_height=\u00a0\u00bb530&Prime; full_width=\u00a0\u00bbtrue\u00a0\u00bb padding_top=\u00a0\u00bb0&Prime; padding_bottom=\u00a0\u00bb0&Prime; sidebar=\u00a0\u00bbsidebar-1&Prime;][vc_column][vc_row_inner is_fullwidth_content=\u00a0\u00bbfalse\u00a0\u00bb][vc_column_inner][mk_fancy_title tag_name=\u00a0\u00bbh1&Prime; color=\u00a0\u00bb#ffffff\u00a0\u00bb size=\u00a0\u00bb42&Prime; force_font_size=\u00a0\u00bbtrue\u00a0\u00bb size_smallscreen=\u00a0\u00bb38&Prime; size_tablet=\u00a0\u00bb36&Prime; size_phone=\u00a0\u00bb32&Prime; font_weight=\u00a0\u00bb300&Prime; margin_bottom=\u00a0\u00bb0&Prime; font_family=\u00a0\u00bbnone\u00a0\u00bb align=\u00a0\u00bbcenter\u00a0\u00bb el_class=\u00a0\u00bbtitleWidth\u00a0\u00bb]S\u00e9paration spermatique magn\u00e9tique avec colonnes annexines[\/mk_fancy_title][mk_fancy_title tag_name=\u00a0\u00bbspan\u00a0\u00bb color=\u00a0\u00bb#ffffff\u00a0\u00bb size=\u00a0\u00bb18&Prime; font_weight=\u00a0\u00bb400&Prime; margin_bottom=\u00a0\u00bb0&Prime; font_family=\u00a0\u00bbnone\u00a0\u00bb align=\u00a0\u00bbcenter\u00a0\u00bb el_class=\u00a0\u00bbtitleWidth\u00a0\u00bb]Nous distinguons le sperme sain et de qualit\u00e9 pour de meilleurs r\u00e9sultats[\/mk_fancy_title][\/vc_column_inner][\/vc_row_inner][\/vc_column][\/mk_page_section][vc_row][vc_column][\/vc_column][\/vc_row][mk_page_section bg_color=\u00a0\u00bb#ffffff\u00a0\u00bb padding_top=\u00a0\u00bb80&Prime; [&hellip;]<\/p>\n","protected":false},"author":1,"featured_media":0,"parent":0,"menu_order":0,"comment_status":"closed","ping_status":"closed","template":"","meta":{"footnotes":""},"class_list":["post-2774","page","type-page","status-publish","hentry"],"yoast_head":"<!-- This site is optimized with the Yoast SEO plugin v27.4 - https:\/\/yoast.com\/product\/yoast-seo-wordpress\/ -->\n<title>Banque de sperme Barcelone | Clinique Fertilab<\/title>\n<meta name=\"description\" content=\"Clinique Fertilab Barcelone r\u00e9alise la meilleure s\u00e9paration spermatique magn\u00e9tique de Barcelone, ce qui nous permet de s\u00e9lectionner un sperme sain et de qualit\u00e9. Demander un rendez-vous!\" \/>\n<meta name=\"robots\" content=\"index, follow, max-snippet:-1, max-image-preview:large, max-video-preview:-1\" \/>\n<link rel=\"canonical\" href=\"https:\/\/fertilab.com\/fr\/separation-spermatique-magnetique-avec-colonnes-annexines\/\" \/>\n<meta property=\"og:locale\" content=\"fr_FR\" \/>\n<meta property=\"og:type\" content=\"article\" \/>\n<meta property=\"og:title\" content=\"Banque de sperme Barcelone | Clinique Fertilab\" \/>\n<meta property=\"og:description\" content=\"Clinique Fertilab Barcelone r\u00e9alise la meilleure s\u00e9paration spermatique magn\u00e9tique de Barcelone, ce qui nous permet de s\u00e9lectionner un sperme sain et de qualit\u00e9. Demander un rendez-vous!\" \/>\n<meta property=\"og:url\" content=\"https:\/\/fertilab.com\/fr\/separation-spermatique-magnetique-avec-colonnes-annexines\/\" \/>\n<meta property=\"og:site_name\" content=\"Fertilab Barcelona\" \/>\n<meta property=\"article:publisher\" content=\"https:\/\/www.facebook.com\/fertilabbarcelona\" \/>\n<meta property=\"article:modified_time\" content=\"2019-04-10T09:24:40+00:00\" \/>\n<meta name=\"twitter:card\" content=\"summary_large_image\" \/>\n<meta name=\"twitter:label1\" content=\"Dur\u00e9e de lecture estim\u00e9e\" \/>\n\t<meta name=\"twitter:data1\" content=\"5 minutes\" \/>\n<script type=\"application\/ld+json\" class=\"yoast-schema-graph\">{\"@context\":\"https:\\\/\\\/schema.org\",\"@graph\":[{\"@type\":\"WebPage\",\"@id\":\"https:\\\/\\\/fertilab.com\\\/fr\\\/separation-spermatique-magnetique-avec-colonnes-annexines\\\/\",\"url\":\"https:\\\/\\\/fertilab.com\\\/fr\\\/separation-spermatique-magnetique-avec-colonnes-annexines\\\/\",\"name\":\"Banque de sperme Barcelone | Clinique Fertilab\",\"isPartOf\":{\"@id\":\"https:\\\/\\\/fertilab.com\\\/#website\"},\"datePublished\":\"2018-06-29T06:21:44+00:00\",\"dateModified\":\"2019-04-10T09:24:40+00:00\",\"description\":\"Clinique Fertilab Barcelone r\u00e9alise la meilleure s\u00e9paration spermatique magn\u00e9tique de Barcelone, ce qui nous permet de s\u00e9lectionner un sperme sain et de qualit\u00e9. Demander un rendez-vous!\",\"breadcrumb\":{\"@id\":\"https:\\\/\\\/fertilab.com\\\/fr\\\/separation-spermatique-magnetique-avec-colonnes-annexines\\\/#breadcrumb\"},\"inLanguage\":\"fr-FR\",\"potentialAction\":[{\"@type\":\"ReadAction\",\"target\":[\"https:\\\/\\\/fertilab.com\\\/fr\\\/separation-spermatique-magnetique-avec-colonnes-annexines\\\/\"]}]},{\"@type\":\"BreadcrumbList\",\"@id\":\"https:\\\/\\\/fertilab.com\\\/fr\\\/separation-spermatique-magnetique-avec-colonnes-annexines\\\/#breadcrumb\",\"itemListElement\":[{\"@type\":\"ListItem\",\"position\":1,\"name\":\"Home\",\"item\":\"https:\\\/\\\/fertilab.com\\\/fr\\\/\"},{\"@type\":\"ListItem\",\"position\":2,\"name\":\"S\u00e9paration spermatique magn\u00e9tique avec colonnes annexines\"}]},{\"@type\":\"WebSite\",\"@id\":\"https:\\\/\\\/fertilab.com\\\/#website\",\"url\":\"https:\\\/\\\/fertilab.com\\\/\",\"name\":\"Fertilab Barcelona\",\"description\":\"Trabajamos para que pod\u00e1is sentir la emoci\u00f3n de ser padres\",\"publisher\":{\"@id\":\"https:\\\/\\\/fertilab.com\\\/#organization\"},\"potentialAction\":[{\"@type\":\"SearchAction\",\"target\":{\"@type\":\"EntryPoint\",\"urlTemplate\":\"https:\\\/\\\/fertilab.com\\\/?s={search_term_string}\"},\"query-input\":{\"@type\":\"PropertyValueSpecification\",\"valueRequired\":true,\"valueName\":\"search_term_string\"}}],\"inLanguage\":\"fr-FR\"},{\"@type\":\"Organization\",\"@id\":\"https:\\\/\\\/fertilab.com\\\/#organization\",\"name\":\"Fertilab Barcelona\",\"url\":\"https:\\\/\\\/fertilab.com\\\/\",\"logo\":{\"@type\":\"ImageObject\",\"inLanguage\":\"fr-FR\",\"@id\":\"https:\\\/\\\/fertilab.com\\\/#\\\/schema\\\/logo\\\/image\\\/\",\"url\":\"https:\\\/\\\/fertilab.com\\\/wp-content\\\/uploads\\\/2023\\\/10\\\/cropped-fertilab-logo-fav.png\",\"contentUrl\":\"https:\\\/\\\/fertilab.com\\\/wp-content\\\/uploads\\\/2023\\\/10\\\/cropped-fertilab-logo-fav.png\",\"width\":512,\"height\":512,\"caption\":\"Fertilab Barcelona\"},\"image\":{\"@id\":\"https:\\\/\\\/fertilab.com\\\/#\\\/schema\\\/logo\\\/image\\\/\"},\"sameAs\":[\"https:\\\/\\\/www.facebook.com\\\/fertilabbarcelona\",\"https:\\\/\\\/www.youtube.com\\\/user\\\/FertilabTV\"]}]}<\/script>\n<!-- \/ Yoast SEO plugin. -->","yoast_head_json":{"title":"Banque de sperme Barcelone | Clinique Fertilab","description":"Clinique Fertilab Barcelone r\u00e9alise la meilleure s\u00e9paration spermatique magn\u00e9tique de Barcelone, ce qui nous permet de s\u00e9lectionner un sperme sain et de qualit\u00e9. Demander un rendez-vous!","robots":{"index":"index","follow":"follow","max-snippet":"max-snippet:-1","max-image-preview":"max-image-preview:large","max-video-preview":"max-video-preview:-1"},"canonical":"https:\/\/fertilab.com\/fr\/separation-spermatique-magnetique-avec-colonnes-annexines\/","og_locale":"fr_FR","og_type":"article","og_title":"Banque de sperme Barcelone | Clinique Fertilab","og_description":"Clinique Fertilab Barcelone r\u00e9alise la meilleure s\u00e9paration spermatique magn\u00e9tique de Barcelone, ce qui nous permet de s\u00e9lectionner un sperme sain et de qualit\u00e9. Demander un rendez-vous!","og_url":"https:\/\/fertilab.com\/fr\/separation-spermatique-magnetique-avec-colonnes-annexines\/","og_site_name":"Fertilab Barcelona","article_publisher":"https:\/\/www.facebook.com\/fertilabbarcelona","article_modified_time":"2019-04-10T09:24:40+00:00","twitter_card":"summary_large_image","twitter_misc":{"Dur\u00e9e de lecture estim\u00e9e":"5 minutes"},"schema":{"@context":"https:\/\/schema.org","@graph":[{"@type":"WebPage","@id":"https:\/\/fertilab.com\/fr\/separation-spermatique-magnetique-avec-colonnes-annexines\/","url":"https:\/\/fertilab.com\/fr\/separation-spermatique-magnetique-avec-colonnes-annexines\/","name":"Banque de sperme Barcelone | Clinique Fertilab","isPartOf":{"@id":"https:\/\/fertilab.com\/#website"},"datePublished":"2018-06-29T06:21:44+00:00","dateModified":"2019-04-10T09:24:40+00:00","description":"Clinique Fertilab Barcelone r\u00e9alise la meilleure s\u00e9paration spermatique magn\u00e9tique de Barcelone, ce qui nous permet de s\u00e9lectionner un sperme sain et de qualit\u00e9. Demander un rendez-vous!","breadcrumb":{"@id":"https:\/\/fertilab.com\/fr\/separation-spermatique-magnetique-avec-colonnes-annexines\/#breadcrumb"},"inLanguage":"fr-FR","potentialAction":[{"@type":"ReadAction","target":["https:\/\/fertilab.com\/fr\/separation-spermatique-magnetique-avec-colonnes-annexines\/"]}]},{"@type":"BreadcrumbList","@id":"https:\/\/fertilab.com\/fr\/separation-spermatique-magnetique-avec-colonnes-annexines\/#breadcrumb","itemListElement":[{"@type":"ListItem","position":1,"name":"Home","item":"https:\/\/fertilab.com\/fr\/"},{"@type":"ListItem","position":2,"name":"S\u00e9paration spermatique magn\u00e9tique avec colonnes annexines"}]},{"@type":"WebSite","@id":"https:\/\/fertilab.com\/#website","url":"https:\/\/fertilab.com\/","name":"Fertilab Barcelona","description":"Trabajamos para que pod\u00e1is sentir la emoci\u00f3n de ser padres","publisher":{"@id":"https:\/\/fertilab.com\/#organization"},"potentialAction":[{"@type":"SearchAction","target":{"@type":"EntryPoint","urlTemplate":"https:\/\/fertilab.com\/?s={search_term_string}"},"query-input":{"@type":"PropertyValueSpecification","valueRequired":true,"valueName":"search_term_string"}}],"inLanguage":"fr-FR"},{"@type":"Organization","@id":"https:\/\/fertilab.com\/#organization","name":"Fertilab Barcelona","url":"https:\/\/fertilab.com\/","logo":{"@type":"ImageObject","inLanguage":"fr-FR","@id":"https:\/\/fertilab.com\/#\/schema\/logo\/image\/","url":"https:\/\/fertilab.com\/wp-content\/uploads\/2023\/10\/cropped-fertilab-logo-fav.png","contentUrl":"https:\/\/fertilab.com\/wp-content\/uploads\/2023\/10\/cropped-fertilab-logo-fav.png","width":512,"height":512,"caption":"Fertilab Barcelona"},"image":{"@id":"https:\/\/fertilab.com\/#\/schema\/logo\/image\/"},"sameAs":["https:\/\/www.facebook.com\/fertilabbarcelona","https:\/\/www.youtube.com\/user\/FertilabTV"]}]}},"_links":{"self":[{"href":"https:\/\/fertilab.com\/fr\/wp-json\/wp\/v2\/pages\/2774","targetHints":{"allow":["GET"]}}],"collection":[{"href":"https:\/\/fertilab.com\/fr\/wp-json\/wp\/v2\/pages"}],"about":[{"href":"https:\/\/fertilab.com\/fr\/wp-json\/wp\/v2\/types\/page"}],"author":[{"embeddable":true,"href":"https:\/\/fertilab.com\/fr\/wp-json\/wp\/v2\/users\/1"}],"replies":[{"embeddable":true,"href":"https:\/\/fertilab.com\/fr\/wp-json\/wp\/v2\/comments?post=2774"}],"version-history":[{"count":0,"href":"https:\/\/fertilab.com\/fr\/wp-json\/wp\/v2\/pages\/2774\/revisions"}],"wp:attachment":[{"href":"https:\/\/fertilab.com\/fr\/wp-json\/wp\/v2\/media?parent=2774"}],"curies":[{"name":"wp","href":"https:\/\/api.w.org\/{rel}","templated":true}]}}