{"id":2786,"date":"2018-07-23T08:46:36","date_gmt":"2018-07-23T08:46:36","guid":{"rendered":"https:\/\/fertilab.com\/fertile\/"},"modified":"2019-04-10T09:27:56","modified_gmt":"2019-04-10T09:27:56","slug":"fertile","status":"publish","type":"page","link":"https:\/\/fertilab.com\/fr\/fertile\/","title":{"rendered":"Fertile"},"content":{"rendered":"<div class=\"wpb-content-wrapper\">[mk_page_section vertical_align=\u00a0\u00bbcenter\u00a0\u00bb bg_image=\u00a0\u00bbhttps:\/\/fertilab.com\/wp-content\/uploads\/2018\/06\/et-2.jpg\u00a0\u00bb bg_position=\u00a0\u00bbcenter center\u00a0\u00bb bg_repeat=\u00a0\u00bbno-repeat\u00a0\u00bb bg_stretch=\u00a0\u00bbtrue\u00a0\u00bb bg_gradient=\u00a0\u00bbvertical\u00a0\u00bb video_color_mask=\u00a0\u00bb#145da8&Prime; gr_end=\u00a0\u00bbrgba(20,93,168,0.25)\u00a0\u00bb top_shadow=\u00a0\u00bbtrue\u00a0\u00bb min_height=\u00a0\u00bb530&Prime; full_width=\u00a0\u00bbtrue\u00a0\u00bb padding_top=\u00a0\u00bb0&Prime; padding_bottom=\u00a0\u00bb0&Prime; sidebar=\u00a0\u00bbsidebar-1&Prime;][vc_column][vc_row_inner is_fullwidth_content=\u00a0\u00bbfalse\u00a0\u00bb][vc_column_inner][mk_fancy_title tag_name=\u00a0\u00bbh1&Prime; color=\u00a0\u00bb#ffffff\u00a0\u00bb size=\u00a0\u00bb42&Prime; force_font_size=\u00a0\u00bbtrue\u00a0\u00bb size_smallscreen=\u00a0\u00bb38&Prime; size_tablet=\u00a0\u00bb36&Prime; size_phone=\u00a0\u00bb32&Prime; font_weight=\u00a0\u00bb300&Prime; txt_transform=\u00a0\u00bbnone\u00a0\u00bb margin_bottom=\u00a0\u00bb0&Prime; font_family=\u00a0\u00bbnone\u00a0\u00bb align=\u00a0\u00bbcenter\u00a0\u00bb el_class=\u00a0\u00bbtitleWidth\u00a0\u00bb]Fertile[\/mk_fancy_title][mk_fancy_title tag_name=\u00a0\u00bbspan\u00a0\u00bb color=\u00a0\u00bb#ffffff\u00a0\u00bb size=\u00a0\u00bb18&Prime; font_weight=\u00a0\u00bb400&Prime; txt_transform=\u00a0\u00bbnone\u00a0\u00bb margin_bottom=\u00a0\u00bb0&Prime; font_family=\u00a0\u00bbnone\u00a0\u00bb align=\u00a0\u00bbcenter\u00a0\u00bb el_class=\u00a0\u00bbtitleWidth\u00a0\u00bb]Des techniques qui font la diff\u00e9rence[\/mk_fancy_title][\/vc_column_inner][\/vc_row_inner][\/vc_column][\/mk_page_section][vc_row][vc_column][\/vc_column][\/vc_row][mk_page_section bg_color=\u00a0\u00bb#ffffff\u00a0\u00bb padding_top=\u00a0\u00bb80&Prime; padding_bottom=\u00a0\u00bb80&Prime; sidebar=\u00a0\u00bbsidebar-1&Prime;][vc_column][vc_row_inner css=\u00a0\u00bb.vc_custom_1529330850334{padding-bottom: 50px !important;}\u00a0\u00bb][vc_column_inner width=\u00a0\u00bb1\/2&Prime;][mk_image src=\u00a0\u00bbhttps:\/\/fertilab.com\/wp-content\/uploads\/2018\/07\/ilu_embryoscope.png\u00a0\u00bb image_size=\u00a0\u00bbfull\u00a0\u00bb align=\u00a0\u00bbcenter\u00a0\u00bb][\/vc_column_inner][vc_column_inner width=\u00a0\u00bb1\/2&Prime;][mk_fancy_title color=\u00a0\u00bb#4a76c9&Prime; size=\u00a0\u00bb21&Prime; font_weight=\u00a0\u00bbbold\u00a0\u00bb font_style=\u00a0\u00bbnormal\u00a0\u00bb txt_transform=\u00a0\u00bbuppercase\u00a0\u00bb margin_top=\u00a0\u00bb62&Prime; margin_bottom=\u00a0\u00bb22&Prime; font_family=\u00a0\u00bbnone\u00a0\u00bb]Fertile[\/mk_fancy_title][mk_fancy_title color=\u00a0\u00bb#4a76c9&Prime; size=\u00a0\u00bb21&Prime; font_weight=\u00a0\u00bb300&Prime; font_style=\u00a0\u00bbitalic\u00a0\u00bb margin_bottom=\u00a0\u00bb0&Prime; font_family=\u00a0\u00bbnone\u00a0\u00bb]Qu\u2019est ce que c\u2019est ?[\/mk_fancy_title][vc_column_text css=\u00a0\u00bb.vc_custom_1541692879799{margin-bottom: 0px !important;}\u00a0\u00bb]La s\u00e9lection parfaite des spermatozo\u00efdes est possible gr\u00e2ce \u00e0 cette technique innovante qui augmente le succ\u00e8s des traitements de FIV en cas de fragmentation du sperme dans l&rsquo;ADN.<\/p>\n<p>Fertile est un dispositif brevet\u00e9 par la Harvard Medical School et le Massachusetts Institute of Technology (MIT). Fertilab Barcelona propose cette technologie \u00e0 ses patients.[\/vc_column_text][\/vc_column_inner][\/vc_row_inner][vc_row_inner][vc_column_inner][vc_column_text css=\u00a0\u00bb.vc_custom_1541692887986{margin-bottom: 0px !important;}\u00a0\u00bb]Gr\u00e2ce \u00e0 l&rsquo;engagement de nos professionnels dans la recherche et l&rsquo;innovation, nous avons mis en \u0153uvre des techniques sp\u00e9cifiques et innovantes offrant les meilleurs r\u00e9sultats \u00e0 nos patients.[\/vc_column_text][\/vc_column_inner][\/vc_row_inner][\/vc_column][\/mk_page_section][mk_page_section vertical_align=\u00a0\u00bbcenter\u00a0\u00bb bg_image=\u00a0\u00bbhttps:\/\/fertilab.com\/wp-content\/uploads\/2018\/06\/img_imagenembryo_backgroundblur.jpg\u00a0\u00bb bg_position=\u00a0\u00bbcenter center\u00a0\u00bb bg_repeat=\u00a0\u00bbno-repeat\u00a0\u00bb bg_stretch=\u00a0\u00bbtrue\u00a0\u00bb top_shadow=\u00a0\u00bbtrue\u00a0\u00bb adaptive_height=\u00a0\u00bbtrue\u00a0\u00bb min_height=\u00a0\u00bb600&Prime; padding_top=\u00a0\u00bb0&Prime; padding_bottom=\u00a0\u00bb0&Prime; el_class=\u00a0\u00bbbarcelona video\u00a0\u00bb sidebar=\u00a0\u00bbsidebar-1&Prime;][vc_column][vc_row_inner][vc_column_inner][mk_fancy_title color=\u00a0\u00bb#ffffff\u00a0\u00bb size=\u00a0\u00bb21&Prime; font_weight=\u00a0\u00bb300&Prime; font_style=\u00a0\u00bbitalic\u00a0\u00bb margin_top=\u00a0\u00bb40&Prime; margin_bottom=\u00a0\u00bb40&Prime; font_family=\u00a0\u00bbnone\u00a0\u00bb align=\u00a0\u00bbcenter\u00a0\u00bb]Chaque patient peut voir ses propres embryons vid\u00e9o[\/mk_fancy_title][vc_raw_html]JTVCcnl2LXBvcHVwJTIwdmlkZW8lM0QlMjJodHRwcyUzQSUyRiUyRnd3dy55b3V0dWJlLmNvbSUyRmVtYmVkJTJGZVIxQ05kMnVDc00lM0ZhdXRvcGxheSUzRDElMjIlNUQlMEElM0NkaXYlMjBjbGFzcyUzRCUyMndwYl9zaW5nbGVfaW1hZ2UlMjB3cGJfY29udGVudF9lbGVtZW50JTIwdmNfYWxpZ25fY2VudGVyJTIyJTNFJTBBJTA5JTA5JTBBJTA5JTA5JTNDZmlndXJlJTIwY2xhc3MlM0QlMjJ3cGJfd3JhcHBlciUyMHZjX2ZpZ3VyZSUyMiUzRSUwQSUwOSUwOSUwOSUzQ2RpdiUyMGNsYXNzJTNEJTIydmNfc2luZ2xlX2ltYWdlLXdyYXBwZXIlMjAlMjAlMjB2Y19ib3hfYm9yZGVyX2dyZXklMjIlM0UlM0NpbWclMjBzcmMlM0QlMjJodHRwJTNBJTJGJTJGZmVydGlsYWIuY29tJTJGd3AtY29udGVudCUyRnVwbG9hZHMlMkYyMDE4JTJGMDYlMkZ2aWRlby5wbmclMjIlMjBjbGFzcyUzRCUyMnZjX3NpbmdsZV9pbWFnZS1pbWclMjBhdHRhY2htZW50LWZ1bGwlMjByeXYtcG9wdXAlMjIlMjBhbHQlM0QlMjIlMjIlMjBzcmNzZXQlM0QlMjJodHRwJTNBJTJGJTJGZmVydGlsYWIuY29tJTJGd3AtY29udGVudCUyRnVwbG9hZHMlMkYyMDE4JTJGMDYlMkZ2aWRlby5wbmclMjA2MjJ3JTJDJTIwaHR0cCUzQSUyRiUyRmZlcnRpbGFiLmNvbSUyRndwLWNvbnRlbnQlMkZ1cGxvYWRzJTJGMjAxOCUyRjA2JTJGdmlkZW8tMzAweDIwMC5wbmclMjAzMDB3JTIyJTIwc2l6ZXMlM0QlMjIlMjhtYXgtd2lkdGglM0ElMjA2MjJweCUyOSUyMDEwMHZ3JTJDJTIwNjIycHglMjIlMjBpdGVtcHJvcCUzRCUyMmltYWdlJTIyJTIwd2lkdGglM0QlMjI2MjIlMjIlMjBoZWlnaHQlM0QlMjI0MTQlMjIlM0UlM0MlMkZkaXYlM0UlMEElMDklMDklM0MlMkZmaWd1cmUlM0UlMEElMDklM0MlMkZkaXYlM0U=[\/vc_raw_html][\/vc_column_inner][\/vc_row_inner][\/vc_column][\/mk_page_section][mk_page_section bg_position=\u00a0\u00bbcenter center\u00a0\u00bb bg_repeat=\u00a0\u00bbno-repeat\u00a0\u00bb bg_stretch=\u00a0\u00bbtrue\u00a0\u00bb min_height=\u00a0\u00bb0&Prime; full_width=\u00a0\u00bbtrue\u00a0\u00bb padding_top=\u00a0\u00bb65&Prime; padding_bottom=\u00a0\u00bb65&Prime; el_class=\u00a0\u00bbcontact-bottom responsive-contact\u00a0\u00bb sidebar=\u00a0\u00bbsidebar-1&Prime;][vc_column][mk_fancy_title color=\u00a0\u00bb#7d7d7e\u00a0\u00bb size=\u00a0\u00bb28&Prime; force_font_size=\u00a0\u00bbtrue\u00a0\u00bb size_smallscreen=\u00a0\u00bb38&Prime; size_tablet=\u00a0\u00bb36&Prime; size_phone=\u00a0\u00bb32&Prime; font_weight=\u00a0\u00bb300&Prime; margin_bottom=\u00a0\u00bb40&Prime; font_family=\u00a0\u00bbnone\u00a0\u00bb align=\u00a0\u00bbcenter\u00a0\u00bb]\u00cates-vous int\u00e9ress\u00e9 par ce traitement?[\/mk_fancy_title][vc_column_text align=\u00a0\u00bbcenter\u00a0\u00bb el_class=\u00a0\u00bbbtnContact\u00a0\u00bb css=\u00a0\u00bb.vc_custom_1541692930926{margin-bottom: 0px !important;}\u00a0\u00bb]<a href=\"https:\/\/fertilab.com\/en\/contact\/\">ENTRER EN CONTACT<\/a>[\/vc_column_text][\/vc_column][\/mk_page_section][vc_row visibility=\u00a0\u00bbvisible-sm\u00a0\u00bb el_class=\u00a0\u00bbrowTelephone\u00a0\u00bb][vc_column][vc_raw_html]JTNDZGl2JTIwaWQlM0QlMjJwaG9uZWJhckZpeGVkJTIyJTNFJTBBJTIwJTIwRGVtYW5kZXIlMjB1biUyMHJlbmRlei12b3VzJTIwJTNDYSUyMGhyZWYlM0QlMjJ0ZWwlM0EzNDkzMjQxMTQxNCUyMiUzRSUyQjM0JTIwOTMlMjAyNDElMjAxNCUyMDE0JTNDJTJGYSUzRSUwQSUzQyUyRmRpdiUzRQ==[\/vc_raw_html][\/vc_column][\/vc_row]\n<\/div>","protected":false},"excerpt":{"rendered":"<p>[mk_page_section vertical_align=\u00a0\u00bbcenter\u00a0\u00bb bg_image=\u00a0\u00bbhttps:\/\/fertilab.com\/wp-content\/uploads\/2018\/06\/et-2.jpg\u00a0\u00bb bg_position=\u00a0\u00bbcenter center\u00a0\u00bb bg_repeat=\u00a0\u00bbno-repeat\u00a0\u00bb bg_stretch=\u00a0\u00bbtrue\u00a0\u00bb bg_gradient=\u00a0\u00bbvertical\u00a0\u00bb video_color_mask=\u00a0\u00bb#145da8&Prime; gr_end=\u00a0\u00bbrgba(20,93,168,0.25)\u00a0\u00bb top_shadow=\u00a0\u00bbtrue\u00a0\u00bb min_height=\u00a0\u00bb530&Prime; full_width=\u00a0\u00bbtrue\u00a0\u00bb padding_top=\u00a0\u00bb0&Prime; padding_bottom=\u00a0\u00bb0&Prime; sidebar=\u00a0\u00bbsidebar-1&Prime;][vc_column][vc_row_inner is_fullwidth_content=\u00a0\u00bbfalse\u00a0\u00bb][vc_column_inner][mk_fancy_title tag_name=\u00a0\u00bbh1&Prime; color=\u00a0\u00bb#ffffff\u00a0\u00bb size=\u00a0\u00bb42&Prime; force_font_size=\u00a0\u00bbtrue\u00a0\u00bb size_smallscreen=\u00a0\u00bb38&Prime; size_tablet=\u00a0\u00bb36&Prime; size_phone=\u00a0\u00bb32&Prime; font_weight=\u00a0\u00bb300&Prime; txt_transform=\u00a0\u00bbnone\u00a0\u00bb margin_bottom=\u00a0\u00bb0&Prime; font_family=\u00a0\u00bbnone\u00a0\u00bb align=\u00a0\u00bbcenter\u00a0\u00bb el_class=\u00a0\u00bbtitleWidth\u00a0\u00bb]Fertile[\/mk_fancy_title][mk_fancy_title tag_name=\u00a0\u00bbspan\u00a0\u00bb color=\u00a0\u00bb#ffffff\u00a0\u00bb size=\u00a0\u00bb18&Prime; font_weight=\u00a0\u00bb400&Prime; txt_transform=\u00a0\u00bbnone\u00a0\u00bb margin_bottom=\u00a0\u00bb0&Prime; font_family=\u00a0\u00bbnone\u00a0\u00bb align=\u00a0\u00bbcenter\u00a0\u00bb el_class=\u00a0\u00bbtitleWidth\u00a0\u00bb]Des techniques qui font la diff\u00e9rence[\/mk_fancy_title][\/vc_column_inner][\/vc_row_inner][\/vc_column][\/mk_page_section][vc_row][vc_column][\/vc_column][\/vc_row][mk_page_section bg_color=\u00a0\u00bb#ffffff\u00a0\u00bb padding_top=\u00a0\u00bb80&Prime; padding_bottom=\u00a0\u00bb80&Prime; sidebar=\u00a0\u00bbsidebar-1&Prime;][vc_column][vc_row_inner css=\u00a0\u00bb.vc_custom_1529330850334{padding-bottom: 50px !important;}\u00a0\u00bb][vc_column_inner width=\u00a0\u00bb1\/2&Prime;][mk_image src=\u00a0\u00bbhttps:\/\/fertilab.com\/wp-content\/uploads\/2018\/07\/ilu_embryoscope.png\u00a0\u00bb image_size=\u00a0\u00bbfull\u00a0\u00bb align=\u00a0\u00bbcenter\u00a0\u00bb][\/vc_column_inner][vc_column_inner [&hellip;]<\/p>\n","protected":false},"author":1,"featured_media":0,"parent":0,"menu_order":0,"comment_status":"closed","ping_status":"closed","template":"","meta":{"footnotes":""},"class_list":["post-2786","page","type-page","status-publish","hentry"],"yoast_head":"<!-- This site is optimized with the Yoast SEO plugin v27.4 - https:\/\/yoast.com\/product\/yoast-seo-wordpress\/ -->\n<title>Fertile Barcelone | Clinique Fertilab<\/title>\n<meta name=\"description\" content=\"Notre m\u00e9thode r\u00e9ussit \u00e0 s\u00e9lectionner le sperme de la plus haute qualit\u00e9, augmentant ainsi le succ\u00e8s des traitements de f\u00e9condation in vitro. Demandez un rendez-vous!\" \/>\n<meta name=\"robots\" content=\"index, follow, max-snippet:-1, max-image-preview:large, max-video-preview:-1\" \/>\n<link rel=\"canonical\" href=\"https:\/\/fertilab.com\/fr\/fertile\/\" \/>\n<meta property=\"og:locale\" content=\"fr_FR\" \/>\n<meta property=\"og:type\" content=\"article\" \/>\n<meta property=\"og:title\" content=\"Fertile Barcelone | Clinique Fertilab\" \/>\n<meta property=\"og:description\" content=\"Notre m\u00e9thode r\u00e9ussit \u00e0 s\u00e9lectionner le sperme de la plus haute qualit\u00e9, augmentant ainsi le succ\u00e8s des traitements de f\u00e9condation in vitro. Demandez un rendez-vous!\" \/>\n<meta property=\"og:url\" content=\"https:\/\/fertilab.com\/fr\/fertile\/\" \/>\n<meta property=\"og:site_name\" content=\"Fertilab Barcelona\" \/>\n<meta property=\"article:publisher\" content=\"https:\/\/www.facebook.com\/fertilabbarcelona\" \/>\n<meta property=\"article:modified_time\" content=\"2019-04-10T09:27:56+00:00\" \/>\n<meta name=\"twitter:card\" content=\"summary_large_image\" \/>\n<meta name=\"twitter:label1\" content=\"Dur\u00e9e de lecture estim\u00e9e\" \/>\n\t<meta name=\"twitter:data1\" content=\"4 minutes\" \/>\n<script type=\"application\/ld+json\" class=\"yoast-schema-graph\">{\"@context\":\"https:\\\/\\\/schema.org\",\"@graph\":[{\"@type\":\"WebPage\",\"@id\":\"https:\\\/\\\/fertilab.com\\\/fr\\\/fertile\\\/\",\"url\":\"https:\\\/\\\/fertilab.com\\\/fr\\\/fertile\\\/\",\"name\":\"Fertile Barcelone | Clinique Fertilab\",\"isPartOf\":{\"@id\":\"https:\\\/\\\/fertilab.com\\\/#website\"},\"datePublished\":\"2018-07-23T08:46:36+00:00\",\"dateModified\":\"2019-04-10T09:27:56+00:00\",\"description\":\"Notre m\u00e9thode r\u00e9ussit \u00e0 s\u00e9lectionner le sperme de la plus haute qualit\u00e9, augmentant ainsi le succ\u00e8s des traitements de f\u00e9condation in vitro. Demandez un rendez-vous!\",\"breadcrumb\":{\"@id\":\"https:\\\/\\\/fertilab.com\\\/fr\\\/fertile\\\/#breadcrumb\"},\"inLanguage\":\"fr-FR\",\"potentialAction\":[{\"@type\":\"ReadAction\",\"target\":[\"https:\\\/\\\/fertilab.com\\\/fr\\\/fertile\\\/\"]}]},{\"@type\":\"BreadcrumbList\",\"@id\":\"https:\\\/\\\/fertilab.com\\\/fr\\\/fertile\\\/#breadcrumb\",\"itemListElement\":[{\"@type\":\"ListItem\",\"position\":1,\"name\":\"Home\",\"item\":\"https:\\\/\\\/fertilab.com\\\/fr\\\/\"},{\"@type\":\"ListItem\",\"position\":2,\"name\":\"Fertile\"}]},{\"@type\":\"WebSite\",\"@id\":\"https:\\\/\\\/fertilab.com\\\/#website\",\"url\":\"https:\\\/\\\/fertilab.com\\\/\",\"name\":\"Fertilab Barcelona\",\"description\":\"Trabajamos para que pod\u00e1is sentir la emoci\u00f3n de ser padres\",\"publisher\":{\"@id\":\"https:\\\/\\\/fertilab.com\\\/#organization\"},\"potentialAction\":[{\"@type\":\"SearchAction\",\"target\":{\"@type\":\"EntryPoint\",\"urlTemplate\":\"https:\\\/\\\/fertilab.com\\\/?s={search_term_string}\"},\"query-input\":{\"@type\":\"PropertyValueSpecification\",\"valueRequired\":true,\"valueName\":\"search_term_string\"}}],\"inLanguage\":\"fr-FR\"},{\"@type\":\"Organization\",\"@id\":\"https:\\\/\\\/fertilab.com\\\/#organization\",\"name\":\"Fertilab Barcelona\",\"url\":\"https:\\\/\\\/fertilab.com\\\/\",\"logo\":{\"@type\":\"ImageObject\",\"inLanguage\":\"fr-FR\",\"@id\":\"https:\\\/\\\/fertilab.com\\\/#\\\/schema\\\/logo\\\/image\\\/\",\"url\":\"https:\\\/\\\/fertilab.com\\\/wp-content\\\/uploads\\\/2023\\\/10\\\/cropped-fertilab-logo-fav.png\",\"contentUrl\":\"https:\\\/\\\/fertilab.com\\\/wp-content\\\/uploads\\\/2023\\\/10\\\/cropped-fertilab-logo-fav.png\",\"width\":512,\"height\":512,\"caption\":\"Fertilab Barcelona\"},\"image\":{\"@id\":\"https:\\\/\\\/fertilab.com\\\/#\\\/schema\\\/logo\\\/image\\\/\"},\"sameAs\":[\"https:\\\/\\\/www.facebook.com\\\/fertilabbarcelona\",\"https:\\\/\\\/www.youtube.com\\\/user\\\/FertilabTV\"]}]}<\/script>\n<!-- \/ Yoast SEO plugin. -->","yoast_head_json":{"title":"Fertile Barcelone | Clinique Fertilab","description":"Notre m\u00e9thode r\u00e9ussit \u00e0 s\u00e9lectionner le sperme de la plus haute qualit\u00e9, augmentant ainsi le succ\u00e8s des traitements de f\u00e9condation in vitro. Demandez un rendez-vous!","robots":{"index":"index","follow":"follow","max-snippet":"max-snippet:-1","max-image-preview":"max-image-preview:large","max-video-preview":"max-video-preview:-1"},"canonical":"https:\/\/fertilab.com\/fr\/fertile\/","og_locale":"fr_FR","og_type":"article","og_title":"Fertile Barcelone | Clinique Fertilab","og_description":"Notre m\u00e9thode r\u00e9ussit \u00e0 s\u00e9lectionner le sperme de la plus haute qualit\u00e9, augmentant ainsi le succ\u00e8s des traitements de f\u00e9condation in vitro. Demandez un rendez-vous!","og_url":"https:\/\/fertilab.com\/fr\/fertile\/","og_site_name":"Fertilab Barcelona","article_publisher":"https:\/\/www.facebook.com\/fertilabbarcelona","article_modified_time":"2019-04-10T09:27:56+00:00","twitter_card":"summary_large_image","twitter_misc":{"Dur\u00e9e de lecture estim\u00e9e":"4 minutes"},"schema":{"@context":"https:\/\/schema.org","@graph":[{"@type":"WebPage","@id":"https:\/\/fertilab.com\/fr\/fertile\/","url":"https:\/\/fertilab.com\/fr\/fertile\/","name":"Fertile Barcelone | Clinique Fertilab","isPartOf":{"@id":"https:\/\/fertilab.com\/#website"},"datePublished":"2018-07-23T08:46:36+00:00","dateModified":"2019-04-10T09:27:56+00:00","description":"Notre m\u00e9thode r\u00e9ussit \u00e0 s\u00e9lectionner le sperme de la plus haute qualit\u00e9, augmentant ainsi le succ\u00e8s des traitements de f\u00e9condation in vitro. Demandez un rendez-vous!","breadcrumb":{"@id":"https:\/\/fertilab.com\/fr\/fertile\/#breadcrumb"},"inLanguage":"fr-FR","potentialAction":[{"@type":"ReadAction","target":["https:\/\/fertilab.com\/fr\/fertile\/"]}]},{"@type":"BreadcrumbList","@id":"https:\/\/fertilab.com\/fr\/fertile\/#breadcrumb","itemListElement":[{"@type":"ListItem","position":1,"name":"Home","item":"https:\/\/fertilab.com\/fr\/"},{"@type":"ListItem","position":2,"name":"Fertile"}]},{"@type":"WebSite","@id":"https:\/\/fertilab.com\/#website","url":"https:\/\/fertilab.com\/","name":"Fertilab Barcelona","description":"Trabajamos para que pod\u00e1is sentir la emoci\u00f3n de ser padres","publisher":{"@id":"https:\/\/fertilab.com\/#organization"},"potentialAction":[{"@type":"SearchAction","target":{"@type":"EntryPoint","urlTemplate":"https:\/\/fertilab.com\/?s={search_term_string}"},"query-input":{"@type":"PropertyValueSpecification","valueRequired":true,"valueName":"search_term_string"}}],"inLanguage":"fr-FR"},{"@type":"Organization","@id":"https:\/\/fertilab.com\/#organization","name":"Fertilab Barcelona","url":"https:\/\/fertilab.com\/","logo":{"@type":"ImageObject","inLanguage":"fr-FR","@id":"https:\/\/fertilab.com\/#\/schema\/logo\/image\/","url":"https:\/\/fertilab.com\/wp-content\/uploads\/2023\/10\/cropped-fertilab-logo-fav.png","contentUrl":"https:\/\/fertilab.com\/wp-content\/uploads\/2023\/10\/cropped-fertilab-logo-fav.png","width":512,"height":512,"caption":"Fertilab Barcelona"},"image":{"@id":"https:\/\/fertilab.com\/#\/schema\/logo\/image\/"},"sameAs":["https:\/\/www.facebook.com\/fertilabbarcelona","https:\/\/www.youtube.com\/user\/FertilabTV"]}]}},"_links":{"self":[{"href":"https:\/\/fertilab.com\/fr\/wp-json\/wp\/v2\/pages\/2786","targetHints":{"allow":["GET"]}}],"collection":[{"href":"https:\/\/fertilab.com\/fr\/wp-json\/wp\/v2\/pages"}],"about":[{"href":"https:\/\/fertilab.com\/fr\/wp-json\/wp\/v2\/types\/page"}],"author":[{"embeddable":true,"href":"https:\/\/fertilab.com\/fr\/wp-json\/wp\/v2\/users\/1"}],"replies":[{"embeddable":true,"href":"https:\/\/fertilab.com\/fr\/wp-json\/wp\/v2\/comments?post=2786"}],"version-history":[{"count":0,"href":"https:\/\/fertilab.com\/fr\/wp-json\/wp\/v2\/pages\/2786\/revisions"}],"wp:attachment":[{"href":"https:\/\/fertilab.com\/fr\/wp-json\/wp\/v2\/media?parent=2786"}],"curies":[{"name":"wp","href":"https:\/\/api.w.org\/{rel}","templated":true}]}}