{"id":2813,"date":"2018-06-21T15:22:06","date_gmt":"2018-06-21T15:22:06","guid":{"rendered":"https:\/\/fertilab.com\/contact\/"},"modified":"2025-09-03T15:04:19","modified_gmt":"2025-09-03T13:04:19","slug":"contact","status":"publish","type":"page","link":"https:\/\/fertilab.com\/fr\/contact\/","title":{"rendered":"Contact"},"content":{"rendered":"<div class=\"wpb-content-wrapper\">[mk_page_section vertical_align=\u00a0\u00bbcenter\u00a0\u00bb bg_image=\u00a0\u00bbhttps:\/\/fertilab.com\/wp-content\/uploads\/2018\/06\/img_banner_contacto.jpg\u00a0\u00bb bg_position=\u00a0\u00bbcenter center\u00a0\u00bb bg_repeat=\u00a0\u00bbno-repeat\u00a0\u00bb bg_stretch=\u00a0\u00bbtrue\u00a0\u00bb min_height=\u00a0\u00bb700&Prime; js_vertical_centered=\u00a0\u00bbtrue\u00a0\u00bb padding_top=\u00a0\u00bb100&Prime; padding_bottom=\u00a0\u00bb0&Prime; section_id=\u00a0\u00bbsection-form-contact\u00a0\u00bb el_class=\u00a0\u00bbintro-contacto\u00a0\u00bb sidebar=\u00a0\u00bbsidebar-1&Prime;][vc_column][vc_row_inner is_fullwidth_content=\u00a0\u00bbfalse\u00a0\u00bb][vc_column_inner width=\u00a0\u00bb3\/12&Prime;][mk_fancy_title color=\u00a0\u00bb#4fb6e1&Prime; size=\u00a0\u00bb18&Prime; font_weight=\u00a0\u00bbbold\u00a0\u00bb txt_transform=\u00a0\u00bbuppercase\u00a0\u00bb margin_bottom=\u00a0\u00bb0&Prime; font_family=\u00a0\u00bbnone\u00a0\u00bb]CLINIQUE[\/mk_fancy_title][vc_column_text el_class=\u00a0\u00bbcontact-adress\u00a0\u00bb css=\u00a0\u00bb.vc_custom_1724058707190{margin-bottom: 0px !important;}\u00a0\u00bb]Ronda General Mitre, 14<br \/>\n(Entr\u00e9e par la Rue Ricardo Villa, 5)<br \/>\n08017 Barcelona[\/vc_column_text][vc_column_text el_class=\u00a0\u00bbcontact-phone\u00a0\u00bb css=\u00a0\u00bb.vc_custom_1663937673895{margin-bottom: 0px !important;}\u00a0\u00bb]<a href=\"tel:(+34) 93 241 14 14\">(+34) 93 241 14 14<\/a><\/p>\n<p>L-V &#8211; 9h00 \u00e0 19h00[\/vc_column_text][\/vc_column_inner][vc_column_inner width=\u00a0\u00bb3\/12&Prime;][\/vc_column_inner][vc_column_inner el_class=\u00a0\u00bbcontact-form-layer\u00a0\u00bb width=\u00a0\u00bb6\/12&Prime;][mk_fancy_title color=\u00a0\u00bb#ffffff\u00a0\u00bb size=\u00a0\u00bb18&Prime; font_weight=\u00a0\u00bbbold\u00a0\u00bb txt_transform=\u00a0\u00bbuppercase\u00a0\u00bb margin_bottom=\u00a0\u00bb0&Prime; font_family=\u00a0\u00bbnone\u00a0\u00bb]DEMANDEZ UN RENDEZ-VOUS EN REMPLISSANT LE FORMULAIRE. NOUS VOUS CONTACTERONS D\u00c8S QUE POSSIBLE\u2026[\/mk_fancy_title][vc_raw_js]JTNDJTIxLS0lNUJpZiUyMGx0ZSUyMElFJTIwOCU1RCUzRSUwQSUzQ3NjcmlwdCUyMGNoYXJzZXQlM0QlMjJ1dGYtOCUyMiUyMHR5cGUlM0QlMjJ0ZXh0JTJGamF2YXNjcmlwdCUyMiUyMHNyYyUzRCUyMiUyRiUyRmpzLWV1MS5oc2Zvcm1zLm5ldCUyRmZvcm1zJTJGdjItbGVnYWN5LmpzJTIyJTNFJTNDJTJGc2NyaXB0JTNFJTBBJTNDJTIxJTVCZW5kaWYlNUQtLSUzRSUwQSUzQ3NjcmlwdCUyMGNoYXJzZXQlM0QlMjJ1dGYtOCUyMiUyMHR5cGUlM0QlMjJ0ZXh0JTJGamF2YXNjcmlwdCUyMiUyMHNyYyUzRCUyMiUyRiUyRmpzLWV1MS5oc2Zvcm1zLm5ldCUyRmZvcm1zJTJGdjIuanMlMjIlM0UlM0MlMkZzY3JpcHQlM0UlMEElM0NzY3JpcHQlM0UlMEElMjAlMjBoYnNwdC5mb3Jtcy5jcmVhdGUlMjglN0IlMEFyZWdpb24lM0ElMjAlMjJldTElMjIlMkMlMEFwb3J0YWxJZCUzQSUyMCUyMjI1MzUyNTY5JTIyJTJDJTBBZm9ybUlkJTNBJTIwJTIyNTEzNDc5ZDEtNmRlMC00NDUzLWI3NmQtZjY5MGVhODZlOWQ4JTIyJTJDJTBBJTIwJTIwJTIwJTIwJTIwJTIwJTIwJTIwY3NzJTNBJTI3JTI3JTBBJTdEJTI5JTNCJTBBJTNDJTJGc2NyaXB0JTNF[\/vc_raw_js][\/vc_column_inner][\/vc_row_inner][\/vc_column][\/mk_page_section][vc_row css=\u00a0\u00bb.vc_custom_1529487907712{padding-top: 60px !important;padding-bottom: 60px !important;}\u00a0\u00bb][vc_column][mk_fancy_title color=\u00a0\u00bb#4a76c9&Prime; size=\u00a0\u00bb21&Prime; font_weight=\u00a0\u00bbbold\u00a0\u00bb font_style=\u00a0\u00bbnormal\u00a0\u00bb txt_transform=\u00a0\u00bbuppercase\u00a0\u00bb margin_top=\u00a0\u00bb60&Prime; margin_bottom=\u00a0\u00bb60&Prime; font_family=\u00a0\u00bbnone\u00a0\u00bb align=\u00a0\u00bbcenter\u00a0\u00bb]COMMENT NOUS TROUVER[\/mk_fancy_title][vc_row_inner el_class=\u00a0\u00bbreset-padding\u00a0\u00bb][vc_column_inner width=\u00a0\u00bb1\/2&Prime;][mk_custom_list style=\u00a0\u00bb\u00a0\u00bb el_class=\u00a0\u00bblist-heart big\u00a0\u00bb]\n<ul>\n<li class=\"autobus\">\n<h3>En bus<\/h3>\n<p>Lignes qui s&rsquo;arr\u00eatent \u00e0 Via Augusta: 68<br \/>\nLignes qui s&rsquo;arr\u00eatent \u00e0 Ronda General Mitre: 14, 16, 70, 72, H6<br \/>\nLignes qui s&rsquo;arr\u00eatent \u00e0 Ganduxer: 70,72<\/li>\n<li class=\"ferrocarril\">\n<h3>Par Ferrocarrils de la Generalitat<\/h3>\n<p>L6 Reina Elisenda qui s&rsquo;arr\u00eate \u00e0: FGC Bonanova et FGC Tres Torres<br \/>\nS5 Sant Cugat qui s&rsquo;arr\u00eate \u00e0: FGC Bonanova et FGC Tres Torres<br \/>\nS55 Universitat Aut\u00f2noma qui s&rsquo;arr\u00eate \u00e0: FGC Bonanova et FGC Tres Torres<br \/>\nS1 Terrassa, qui s&rsquo;arr\u00eate \u00e0: FGC Bonanova et FGC Tres Torres<\/li>\n<li class=\"taxi\">\n<h3>En taxi<\/h3>\n<p>De n&rsquo;importe quel point de Barcelone, les taxis vous conduiront \u00e0 Fertilab.<br \/>\nLa dur\u00e9e totale du trajet depuis le centre de Barcelone (Pla\u00e7a Catalunya) est d&rsquo;environ 10-15 minutes et co\u00fbte environ 10 \u20ac.<\/li>\n<li class=\"coche\">\n<h3>En voiture<\/h3>\n<p>Vous pouvez venir \u00e0 Fertilab en voiture ou en moto. Le meilleur moyen de nous rejoindre est de prendre la General Mitre ou la rue V\u00eda Augusta. Si vous venez en voiture, vous avez un parking priv\u00e9 dans la rue Arrufat (Parquing Ametller Origen).<\/li>\n<\/ul>\n[\/mk_custom_list][\/vc_column_inner][vc_column_inner width=\u00a0\u00bb1\/2&Prime;][mk_custom_list style=\u00a0\u00bb\u00a0\u00bb el_class=\u00a0\u00bblist-heart big\u00a0\u00bb]\n<ul>\n<li class=\"avion\">\n<h3>A\u00e9roport Barcelone El Prat<\/h3>\n<p>Depuis n&rsquo;importe quel terminal de l&rsquo;a\u00e9roport, vous pouvez prendre l&rsquo;a\u00e9robus jusqu&rsquo;\u00e0 la Pla\u00e7a Catalunya (fin du voyage). L\u00e0, vous devez prendre la L6 des Ferrocarrils de la Generalitat (FGC) vers Reina Elisenda qui s\u2019arr\u00eate \u00e0 Bonanova ou \u00e0 Tres Torres.<\/li>\n<li class=\"avion\">\n<h3>A\u00e9roport de Girona<\/h3>\n<p>De l&rsquo;a\u00e9roport de G\u00e9rone, vous pouvez prendre le bus de la compagnie Sagal\u00e9s, destination Barcelone, qui s&rsquo;arr\u00eate \u00e0 la gare du Nord (fin du voyage). De l\u00e0, vous devez prendre la L1 du m\u00e9tro Arc de Triomf Station destination H\u00f4pital Bellvitge qui s\u2019arr\u00eate \u00e0 Catalunya, puis vous prendre la L6 de Ferrocarrils de la Generalitat (FGC), destination Reina Elisenda, qui s\u2019arr\u00eate \u00e0 Bonanova ou \u00e0 Tres Torres.<\/li>\n<li class=\"avion\">\n<h3>L&rsquo;a\u00e9roport de Reus<\/h3>\n<p>Depuis l&rsquo;a\u00e9roport de Reus, le meilleur moyen de nous rejoindre est de prendre le bus de la compagnie Hispano Igualadina jusqu&rsquo;\u00e0 la gare de Sants. De l\u00e0, vous devez prendre le L3 du m\u00e9tro qui s&rsquo;arr\u00eate \u00e0 la gare de Sants et vous rendre \u00e0 Trinitat Nova qui s&rsquo;arr\u00eate \u00e0 Catalunya. Ensuite, vous prenez la destination L6 de Ferrocarrils de la Generalitat (FGC) vers Reina Elisenda qui s&rsquo;arr\u00eate \u00e0 Bonanova ou \u00e0 Tres Torres. \u201d<\/li>\n<\/ul>\n[\/mk_custom_list][\/vc_column_inner][\/vc_row_inner][\/vc_column][\/vc_row][vc_row][vc_column][\/vc_column][\/vc_row][mk_page_section min_height=\u00a0\u00bb900&Prime; full_width=\u00a0\u00bbtrue\u00a0\u00bb padding_top=\u00a0\u00bb0&Prime; padding_bottom=\u00a0\u00bb0&Prime; sidebar=\u00a0\u00bbsidebar-1&Prime;][vc_column][vc_gmaps link=\u00a0\u00bb#E-8_JTNDaWZyYW1lJTIwc3JjJTNEJTIyaHR0cHMlM0ElMkYlMkZ3d3cuZ29vZ2xlLmNvbSUyRm1hcHMlMkZlbWJlZCUzRnBiJTNEJTIxMW0xOCUyMTFtMTIlMjExbTMlMjExZDMyOTMuMjMxOTk0MjIxNTY3NyUyMTJkMi4xMzIwNjEyJTIxM2Q0MS4zOTI3OTQ5JTIxMm0zJTIxMWYwJTIxMmYwJTIxM2YwJTIxM20yJTIxMWkxMDI0JTIxMmk3NjglMjE0ZjEzLjElMjEzbTMlMjExbTIlMjExczB4MTJhNDk4NmRiNGI5ZWYzNSUyNTNBMHg5NDNjODM3NjQxMGVkM2ExJTIxMnNGZXJ0aWxhYiUyNTIwQmFyY2Vsb25hJTIxNWUxJTIxM20yJTIxMXNlcyUyMTJzYXIlMjE0djE3MzQ1Mjc4NTYyMDIlMjE1bTIlMjExc2VzJTIxMnNhciUyMiUyMHdpZHRoJTNEJTIyODAwJTIyJTIwaGVpZ2h0JTNEJTIyOTAwJTIyJTIwc3R5bGUlM0QlMjJib3JkZXIlM0EwJTNCJTIyJTIwYWxsb3dmdWxsc2NyZWVuJTNEJTIyJTIyJTIwbG9hZGluZyUzRCUyMmxhenklMjIlMjByZWZlcnJlcnBvbGljeSUzRCUyMm5vLXJlZmVycmVyLXdoZW4tZG93bmdyYWRlJTIyJTNFJTNDJTJGaWZyYW1lJTNF\u00a0\u00bb css=\u00a0\u00bb\u00a0\u00bb el_class=\u00a0\u00bbreset-margin reset-padding\u00a0\u00bb][\/vc_column][\/mk_page_section][vc_row visibility=\u00a0\u00bbvisible-sm\u00a0\u00bb el_class=\u00a0\u00bbrowTelephone\u00a0\u00bb][vc_column][vc_raw_html]JTNDZGl2JTIwaWQlM0QlMjJwaG9uZWJhckZpeGVkJTIyJTNFJTBBJTIwJTIwRGVtYW5kZXIlMjB1biUyMHJlbmRlei12b3VzJTIwJTNDYSUyMGhyZWYlM0QlMjJ0ZWwlM0EzNDkzMjQxMTQxNCUyMiUzRSUyQjM0JTIwOTMlMjAyNDElMjAxNCUyMDE0JTNDJTJGYSUzRSUwQSUzQyUyRmRpdiUzRQ==[\/vc_raw_html][\/vc_column][\/vc_row][mk_page_section bg_position=\u00a0\u00bbcenter center\u00a0\u00bb bg_repeat=\u00a0\u00bbno-repeat\u00a0\u00bb bg_stretch=\u00a0\u00bbtrue\u00a0\u00bb min_height=\u00a0\u00bb0&Prime; full_width=\u00a0\u00bbtrue\u00a0\u00bb padding_top=\u00a0\u00bb65&Prime; padding_bottom=\u00a0\u00bb65&Prime; visibility=\u00a0\u00bbvisible-sm\u00a0\u00bb el_class=\u00a0\u00bbcontact-bottom responsive-contact\u00a0\u00bb sidebar=\u00a0\u00bbsidebar-1&Prime;][vc_column][vc_column_text align=\u00a0\u00bbcenter\u00a0\u00bb el_class=\u00a0\u00bbbtnContact\u00a0\u00bb css=\u00a0\u00bb.vc_custom_1541696743211{margin-bottom: 0px !important;}\u00a0\u00bb]<a href=\"#section-form-contact\">CONTACTEZ-NOUS<\/a>[\/vc_column_text][\/vc_column][\/mk_page_section]\n<\/div>","protected":false},"excerpt":{"rendered":"<p>[mk_page_section vertical_align=\u00a0\u00bbcenter\u00a0\u00bb bg_image=\u00a0\u00bbhttps:\/\/fertilab.com\/wp-content\/uploads\/2018\/06\/img_banner_contacto.jpg\u00a0\u00bb bg_position=\u00a0\u00bbcenter center\u00a0\u00bb bg_repeat=\u00a0\u00bbno-repeat\u00a0\u00bb bg_stretch=\u00a0\u00bbtrue\u00a0\u00bb min_height=\u00a0\u00bb700&Prime; js_vertical_centered=\u00a0\u00bbtrue\u00a0\u00bb padding_top=\u00a0\u00bb100&Prime; padding_bottom=\u00a0\u00bb0&Prime; section_id=\u00a0\u00bbsection-form-contact\u00a0\u00bb el_class=\u00a0\u00bbintro-contacto\u00a0\u00bb sidebar=\u00a0\u00bbsidebar-1&Prime;][vc_column][vc_row_inner is_fullwidth_content=\u00a0\u00bbfalse\u00a0\u00bb][vc_column_inner width=\u00a0\u00bb3\/12&Prime;][mk_fancy_title color=\u00a0\u00bb#4fb6e1&Prime; size=\u00a0\u00bb18&Prime; font_weight=\u00a0\u00bbbold\u00a0\u00bb txt_transform=\u00a0\u00bbuppercase\u00a0\u00bb margin_bottom=\u00a0\u00bb0&Prime; font_family=\u00a0\u00bbnone\u00a0\u00bb]CLINIQUE[\/mk_fancy_title][vc_column_text el_class=\u00a0\u00bbcontact-adress\u00a0\u00bb css=\u00a0\u00bb.vc_custom_1724058707190{margin-bottom: 0px !important;}\u00a0\u00bb]Ronda General Mitre, 14 (Entr\u00e9e par la Rue Ricardo Villa, 5) 08017 Barcelona[\/vc_column_text][vc_column_text el_class=\u00a0\u00bbcontact-phone\u00a0\u00bb css=\u00a0\u00bb.vc_custom_1663937673895{margin-bottom: 0px !important;}\u00a0\u00bb](+34) 93 241 14 14 L-V &#8211; 9h00 \u00e0 19h00[\/vc_column_text][\/vc_column_inner][vc_column_inner width=\u00a0\u00bb3\/12&Prime;][\/vc_column_inner][vc_column_inner el_class=\u00a0\u00bbcontact-form-layer\u00a0\u00bb width=\u00a0\u00bb6\/12&Prime;][mk_fancy_title color=\u00a0\u00bb#ffffff\u00a0\u00bb [&hellip;]<\/p>\n","protected":false},"author":1,"featured_media":0,"parent":0,"menu_order":0,"comment_status":"closed","ping_status":"closed","template":"","meta":{"footnotes":""},"class_list":["post-2813","page","type-page","status-publish","hentry"],"yoast_head":"<!-- This site is optimized with the Yoast SEO plugin v27.4 - https:\/\/yoast.com\/product\/yoast-seo-wordpress\/ -->\n<title>Contact | Clinique Fertilab<\/title>\n<meta name=\"description\" content=\"Nous vous montrons les coordonn\u00e9es de notre clinique. Laissez-nous votre message et nous vous r\u00e9pondrons dans les meilleurs d\u00e9lais. Visitez notre site Web et contactez-nous.\" \/>\n<meta name=\"robots\" content=\"index, follow, max-snippet:-1, max-image-preview:large, max-video-preview:-1\" \/>\n<link rel=\"canonical\" href=\"https:\/\/fertilab.com\/fr\/contact\/\" \/>\n<meta property=\"og:locale\" content=\"fr_FR\" \/>\n<meta property=\"og:type\" content=\"article\" \/>\n<meta property=\"og:title\" content=\"Contact | Clinique Fertilab\" \/>\n<meta property=\"og:description\" content=\"Nous vous montrons les coordonn\u00e9es de notre clinique. Laissez-nous votre message et nous vous r\u00e9pondrons dans les meilleurs d\u00e9lais. Visitez notre site Web et contactez-nous.\" \/>\n<meta property=\"og:url\" content=\"https:\/\/fertilab.com\/fr\/contact\/\" \/>\n<meta property=\"og:site_name\" content=\"Fertilab Barcelona\" \/>\n<meta property=\"article:publisher\" content=\"https:\/\/www.facebook.com\/fertilabbarcelona\" \/>\n<meta property=\"article:modified_time\" content=\"2025-09-03T13:04:19+00:00\" \/>\n<meta name=\"twitter:card\" content=\"summary_large_image\" \/>\n<meta name=\"twitter:label1\" content=\"Dur\u00e9e de lecture estim\u00e9e\" \/>\n\t<meta name=\"twitter:data1\" content=\"3 minutes\" \/>\n<script type=\"application\/ld+json\" class=\"yoast-schema-graph\">{\"@context\":\"https:\\\/\\\/schema.org\",\"@graph\":[{\"@type\":\"WebPage\",\"@id\":\"https:\\\/\\\/fertilab.com\\\/fr\\\/contact\\\/\",\"url\":\"https:\\\/\\\/fertilab.com\\\/fr\\\/contact\\\/\",\"name\":\"Contact | Clinique Fertilab\",\"isPartOf\":{\"@id\":\"https:\\\/\\\/fertilab.com\\\/#website\"},\"datePublished\":\"2018-06-21T15:22:06+00:00\",\"dateModified\":\"2025-09-03T13:04:19+00:00\",\"description\":\"Nous vous montrons les coordonn\u00e9es de notre clinique. Laissez-nous votre message et nous vous r\u00e9pondrons dans les meilleurs d\u00e9lais. Visitez notre site Web et contactez-nous.\",\"breadcrumb\":{\"@id\":\"https:\\\/\\\/fertilab.com\\\/fr\\\/contact\\\/#breadcrumb\"},\"inLanguage\":\"fr-FR\",\"potentialAction\":[{\"@type\":\"ReadAction\",\"target\":[\"https:\\\/\\\/fertilab.com\\\/fr\\\/contact\\\/\"]}]},{\"@type\":\"BreadcrumbList\",\"@id\":\"https:\\\/\\\/fertilab.com\\\/fr\\\/contact\\\/#breadcrumb\",\"itemListElement\":[{\"@type\":\"ListItem\",\"position\":1,\"name\":\"Home\",\"item\":\"https:\\\/\\\/fertilab.com\\\/fr\\\/\"},{\"@type\":\"ListItem\",\"position\":2,\"name\":\"Contact\"}]},{\"@type\":\"WebSite\",\"@id\":\"https:\\\/\\\/fertilab.com\\\/#website\",\"url\":\"https:\\\/\\\/fertilab.com\\\/\",\"name\":\"Fertilab Barcelona\",\"description\":\"Trabajamos para que pod\u00e1is sentir la emoci\u00f3n de ser padres\",\"publisher\":{\"@id\":\"https:\\\/\\\/fertilab.com\\\/#organization\"},\"potentialAction\":[{\"@type\":\"SearchAction\",\"target\":{\"@type\":\"EntryPoint\",\"urlTemplate\":\"https:\\\/\\\/fertilab.com\\\/?s={search_term_string}\"},\"query-input\":{\"@type\":\"PropertyValueSpecification\",\"valueRequired\":true,\"valueName\":\"search_term_string\"}}],\"inLanguage\":\"fr-FR\"},{\"@type\":\"Organization\",\"@id\":\"https:\\\/\\\/fertilab.com\\\/#organization\",\"name\":\"Fertilab Barcelona\",\"url\":\"https:\\\/\\\/fertilab.com\\\/\",\"logo\":{\"@type\":\"ImageObject\",\"inLanguage\":\"fr-FR\",\"@id\":\"https:\\\/\\\/fertilab.com\\\/#\\\/schema\\\/logo\\\/image\\\/\",\"url\":\"https:\\\/\\\/fertilab.com\\\/wp-content\\\/uploads\\\/2023\\\/10\\\/cropped-fertilab-logo-fav.png\",\"contentUrl\":\"https:\\\/\\\/fertilab.com\\\/wp-content\\\/uploads\\\/2023\\\/10\\\/cropped-fertilab-logo-fav.png\",\"width\":512,\"height\":512,\"caption\":\"Fertilab Barcelona\"},\"image\":{\"@id\":\"https:\\\/\\\/fertilab.com\\\/#\\\/schema\\\/logo\\\/image\\\/\"},\"sameAs\":[\"https:\\\/\\\/www.facebook.com\\\/fertilabbarcelona\",\"https:\\\/\\\/www.youtube.com\\\/user\\\/FertilabTV\"]}]}<\/script>\n<!-- \/ Yoast SEO plugin. -->","yoast_head_json":{"title":"Contact | Clinique Fertilab","description":"Nous vous montrons les coordonn\u00e9es de notre clinique. Laissez-nous votre message et nous vous r\u00e9pondrons dans les meilleurs d\u00e9lais. Visitez notre site Web et contactez-nous.","robots":{"index":"index","follow":"follow","max-snippet":"max-snippet:-1","max-image-preview":"max-image-preview:large","max-video-preview":"max-video-preview:-1"},"canonical":"https:\/\/fertilab.com\/fr\/contact\/","og_locale":"fr_FR","og_type":"article","og_title":"Contact | Clinique Fertilab","og_description":"Nous vous montrons les coordonn\u00e9es de notre clinique. Laissez-nous votre message et nous vous r\u00e9pondrons dans les meilleurs d\u00e9lais. Visitez notre site Web et contactez-nous.","og_url":"https:\/\/fertilab.com\/fr\/contact\/","og_site_name":"Fertilab Barcelona","article_publisher":"https:\/\/www.facebook.com\/fertilabbarcelona","article_modified_time":"2025-09-03T13:04:19+00:00","twitter_card":"summary_large_image","twitter_misc":{"Dur\u00e9e de lecture estim\u00e9e":"3 minutes"},"schema":{"@context":"https:\/\/schema.org","@graph":[{"@type":"WebPage","@id":"https:\/\/fertilab.com\/fr\/contact\/","url":"https:\/\/fertilab.com\/fr\/contact\/","name":"Contact | Clinique Fertilab","isPartOf":{"@id":"https:\/\/fertilab.com\/#website"},"datePublished":"2018-06-21T15:22:06+00:00","dateModified":"2025-09-03T13:04:19+00:00","description":"Nous vous montrons les coordonn\u00e9es de notre clinique. Laissez-nous votre message et nous vous r\u00e9pondrons dans les meilleurs d\u00e9lais. Visitez notre site Web et contactez-nous.","breadcrumb":{"@id":"https:\/\/fertilab.com\/fr\/contact\/#breadcrumb"},"inLanguage":"fr-FR","potentialAction":[{"@type":"ReadAction","target":["https:\/\/fertilab.com\/fr\/contact\/"]}]},{"@type":"BreadcrumbList","@id":"https:\/\/fertilab.com\/fr\/contact\/#breadcrumb","itemListElement":[{"@type":"ListItem","position":1,"name":"Home","item":"https:\/\/fertilab.com\/fr\/"},{"@type":"ListItem","position":2,"name":"Contact"}]},{"@type":"WebSite","@id":"https:\/\/fertilab.com\/#website","url":"https:\/\/fertilab.com\/","name":"Fertilab Barcelona","description":"Trabajamos para que pod\u00e1is sentir la emoci\u00f3n de ser padres","publisher":{"@id":"https:\/\/fertilab.com\/#organization"},"potentialAction":[{"@type":"SearchAction","target":{"@type":"EntryPoint","urlTemplate":"https:\/\/fertilab.com\/?s={search_term_string}"},"query-input":{"@type":"PropertyValueSpecification","valueRequired":true,"valueName":"search_term_string"}}],"inLanguage":"fr-FR"},{"@type":"Organization","@id":"https:\/\/fertilab.com\/#organization","name":"Fertilab Barcelona","url":"https:\/\/fertilab.com\/","logo":{"@type":"ImageObject","inLanguage":"fr-FR","@id":"https:\/\/fertilab.com\/#\/schema\/logo\/image\/","url":"https:\/\/fertilab.com\/wp-content\/uploads\/2023\/10\/cropped-fertilab-logo-fav.png","contentUrl":"https:\/\/fertilab.com\/wp-content\/uploads\/2023\/10\/cropped-fertilab-logo-fav.png","width":512,"height":512,"caption":"Fertilab Barcelona"},"image":{"@id":"https:\/\/fertilab.com\/#\/schema\/logo\/image\/"},"sameAs":["https:\/\/www.facebook.com\/fertilabbarcelona","https:\/\/www.youtube.com\/user\/FertilabTV"]}]}},"_links":{"self":[{"href":"https:\/\/fertilab.com\/fr\/wp-json\/wp\/v2\/pages\/2813","targetHints":{"allow":["GET"]}}],"collection":[{"href":"https:\/\/fertilab.com\/fr\/wp-json\/wp\/v2\/pages"}],"about":[{"href":"https:\/\/fertilab.com\/fr\/wp-json\/wp\/v2\/types\/page"}],"author":[{"embeddable":true,"href":"https:\/\/fertilab.com\/fr\/wp-json\/wp\/v2\/users\/1"}],"replies":[{"embeddable":true,"href":"https:\/\/fertilab.com\/fr\/wp-json\/wp\/v2\/comments?post=2813"}],"version-history":[{"count":0,"href":"https:\/\/fertilab.com\/fr\/wp-json\/wp\/v2\/pages\/2813\/revisions"}],"wp:attachment":[{"href":"https:\/\/fertilab.com\/fr\/wp-json\/wp\/v2\/media?parent=2813"}],"curies":[{"name":"wp","href":"https:\/\/api.w.org\/{rel}","templated":true}]}}