{"id":2818,"date":"2018-06-20T09:33:20","date_gmt":"2018-06-20T09:33:20","guid":{"rendered":"https:\/\/fertilab.com\/plan-your-trip\/"},"modified":"2019-04-10T09:40:23","modified_gmt":"2019-04-10T09:40:23","slug":"planifiez-votre-voyage","status":"publish","type":"page","link":"https:\/\/fertilab.com\/fr\/planifiez-votre-voyage\/","title":{"rendered":"Planifiez votre voyage"},"content":{"rendered":"<div class=\"wpb-content-wrapper\">[mk_page_section vertical_align=\u00a0\u00bbcenter\u00a0\u00bb bg_image=\u00a0\u00bbhttps:\/\/fertilab.com\/wp-content\/uploads\/2018\/06\/adobestock_92118305-1.jpg\u00a0\u00bb bg_position=\u00a0\u00bbcenter center\u00a0\u00bb bg_repeat=\u00a0\u00bbno-repeat\u00a0\u00bb bg_stretch=\u00a0\u00bbtrue\u00a0\u00bb bg_gradient=\u00a0\u00bbvertical\u00a0\u00bb video_color_mask=\u00a0\u00bb#145da8&Prime; gr_end=\u00a0\u00bbrgba(20,93,168,0.25)\u00a0\u00bb top_shadow=\u00a0\u00bbtrue\u00a0\u00bb min_height=\u00a0\u00bb530&Prime; full_width=\u00a0\u00bbtrue\u00a0\u00bb padding_top=\u00a0\u00bb0&Prime; padding_bottom=\u00a0\u00bb0&Prime; el_class=\u00a0\u00bbheaderPlanifica\u00a0\u00bb sidebar=\u00a0\u00bbsidebar-1&Prime;][vc_column][vc_row_inner is_fullwidth_content=\u00a0\u00bbfalse\u00a0\u00bb][vc_column_inner][mk_fancy_title color=\u00a0\u00bb#ffffff\u00a0\u00bb size=\u00a0\u00bb42&Prime; force_font_size=\u00a0\u00bbtrue\u00a0\u00bb size_smallscreen=\u00a0\u00bb38&Prime; size_tablet=\u00a0\u00bb36&Prime; size_phone=\u00a0\u00bb32&Prime; font_weight=\u00a0\u00bb300&Prime; margin_bottom=\u00a0\u00bb0&Prime; font_family=\u00a0\u00bbnone\u00a0\u00bb align=\u00a0\u00bbcenter\u00a0\u00bb el_class=\u00a0\u00bbtitleWidth\u00a0\u00bb]Planifiez votre voyage[\/mk_fancy_title][mk_fancy_title tag_name=\u00a0\u00bbspan\u00a0\u00bb color=\u00a0\u00bb#ffffff\u00a0\u00bb size=\u00a0\u00bb18&Prime; font_weight=\u00a0\u00bb400&Prime; margin_bottom=\u00a0\u00bb050&Prime; font_family=\u00a0\u00bbnone\u00a0\u00bb align=\u00a0\u00bbcenter\u00a0\u00bb el_class=\u00a0\u00bbtitleWidth\u00a0\u00bb]Si vous n&rsquo;habitez pas en Espagne, ne vous inqui\u00e9tez pas. Nous pouvons vous proposer une prise en charge avec un processus simple en cinq \u00e9tapes.[\/mk_fancy_title][vc_column_text align=\u00a0\u00bbcenter\u00a0\u00bb el_class=\u00a0\u00bbbtn-degraded\u00a0\u00bb css=\u00a0\u00bb.vc_custom_1541697412404{margin-bottom: 0px !important;}\u00a0\u00bb]<a href=\"https:\/\/fertilab.com\/fr\/contact\/\">DEMANDEZ VOTRE RENDEZ-VOUS<\/a>[\/vc_column_text][\/vc_column_inner][\/vc_row_inner][\/vc_column][\/mk_page_section][mk_page_section bg_color=\u00a0\u00bb#f1f6fb\u00a0\u00bb bg_position=\u00a0\u00bbcenter center\u00a0\u00bb bg_repeat=\u00a0\u00bbno-repeat\u00a0\u00bb bg_stretch=\u00a0\u00bbtrue\u00a0\u00bb min_height=\u00a0\u00bb0&Prime; full_width=\u00a0\u00bbtrue\u00a0\u00bb padding_top=\u00a0\u00bb65&Prime; padding_bottom=\u00a0\u00bb65&Prime; sidebar=\u00a0\u00bbsidebar-1&Prime;][vc_column][mk_fancy_title color=\u00a0\u00bb#4a76c9&Prime; size=\u00a0\u00bb21&Prime; font_weight=\u00a0\u00bbbold\u00a0\u00bb font_style=\u00a0\u00bbnormal\u00a0\u00bb txt_transform=\u00a0\u00bbuppercase\u00a0\u00bb margin_bottom=\u00a0\u00bb0&Prime; font_family=\u00a0\u00bbnone\u00a0\u00bb align=\u00a0\u00bbcenter\u00a0\u00bb]COMMENT \u00c7A MARCHE?[\/mk_fancy_title][vc_row_inner is_fullwidth_content=\u00a0\u00bbfalse\u00a0\u00bb][vc_column_inner][mk_steps step=\u00a0\u00bb5&Prime; hover_color=\u00a0\u00bb#dd9933&Prime; icon_1=\u00a0\u00bbmk-icon-arrow-circle-down\u00a0\u00bb src_1=\u00a0\u00bbhttps:\/\/fertilab.com\/wp-content\/uploads\/2018\/06\/ic_pasos_01.png\u00a0\u00bb title_1=\u00a0\u00bbDemandez votre rendez-vous\u00a0\u00bb desc_1=\u00a0\u00bbSi vous souhaitez commencer votre voyage avec nous, n&rsquo;h\u00e9sitez pas et demandez votre rendez-vous.\u00a0\u00bb icon_2=\u00a0\u00bbmk-icon-bookmark\u00a0\u00bb src_2=\u00a0\u00bbhttps:\/\/fertilab.com\/wp-content\/uploads\/2018\/06\/ic_pasos02.png\u00a0\u00bb title_2=\u00a0\u00bbPremi\u00e8re visite\u00a0\u00bb desc_2=\u00a0\u00bbNous expliquons comment va se d\u00e9rouler tout le processus et r\u00e9alisons l\u2019\u00e9tude de fertilit\u00e9.\u00a0\u00bb icon_3=\u00a0\u00bbmk-icon-arrows-v\u00a0\u00bb src_3=\u00a0\u00bbhttps:\/\/fertilab.com\/wp-content\/uploads\/2018\/06\/ic_pasos03.png\u00a0\u00bb title_3=\u00a0\u00bbPr\u00e9paration\u00a0\u00bb desc_3=\u00a0\u00bbNous coordonnons le traitement de procr\u00e9ation assist\u00e9e avec votre gyn\u00e9cologue.\u00a0\u00bb icon_4=\u00a0\u00bbmk-icon-bug\u00a0\u00bb src_4=\u00a0\u00bbhttps:\/\/fertilab.com\/wp-content\/uploads\/2018\/06\/ic_pasos04.png\u00a0\u00bb title_4=\u00a0\u00bbDeuxi\u00e8me visite\u00a0\u00bb desc_4=\u00a0\u00bbNous effectuons le traitement en attendant les r\u00e9sultats.\u00a0\u00bb icon_5=\u00a0\u00bbmk-icon-behance\u00a0\u00bb src_5=\u00a0\u00bbhttps:\/\/fertilab.com\/wp-content\/uploads\/2018\/06\/ic_pasos05.png\u00a0\u00bb title_5=\u00a0\u00bbTest de grossesse\u00a0\u00bb desc_5=\u00a0\u00bbApr\u00e8s le processus, nous effectuons un test pour v\u00e9rifier son succ\u00e8s.\u00a0\u00bb el_class=\u00a0\u00bbcomoFunciona\u00a0\u00bb src=\u00a0\u00bbhttps:\/\/fertilab.com\/wp-content\/uploads\/2018\/06\/ic_pasos_01.png\u00a0\u00bb][\/vc_column_inner][\/vc_row_inner][\/vc_column][\/mk_page_section][vc_row css=\u00a0\u00bb.vc_custom_1529487907712{padding-top: 60px !important;padding-bottom: 60px !important;}\u00a0\u00bb][vc_column][mk_fancy_title color=\u00a0\u00bb#4a76c9&Prime; size=\u00a0\u00bb21&Prime; font_weight=\u00a0\u00bbbold\u00a0\u00bb font_style=\u00a0\u00bbnormal\u00a0\u00bb txt_transform=\u00a0\u00bbuppercase\u00a0\u00bb margin_top=\u00a0\u00bb60&Prime; margin_bottom=\u00a0\u00bb60&Prime; font_family=\u00a0\u00bbnone\u00a0\u00bb align=\u00a0\u00bbcenter\u00a0\u00bb]Avantages Fertilab[\/mk_fancy_title][vc_row_inner][vc_column_inner width=\u00a0\u00bb1\/2&Prime;][mk_custom_list style=\u00a0\u00bb\u00a0\u00bb el_class=\u00a0\u00bblist-heart big\u00a0\u00bb]\n<ul>\n<li class=\"visita-previa\">\n<h3>Nous vous aidons \u00e0 organiser vos visites<\/h3>\n<p>L&rsquo;organisation de la premi\u00e8re visite ne devrait pas \u00eatre une pr\u00e9occupation pour nos patients Nous pouvons vous proposer une liste d\u2019h\u00f4tels lors de vos visites \u00e0 Barcelone, \u00e0 proximit\u00e9 de la clinique.<\/li>\n<li class=\"ginecologa\">\n<h3>Toujours le m\u00eame gyn\u00e9cologue<\/h3>\n<p>Nous assignons un gyn\u00e9cologue \u00e0 chaque patient, exclusivement, qui effectuera le suivi personnel de toutes les phases du traitement, de la premi\u00e8re visite \u00e0 la fin du processus.<\/li>\n<li class=\"ovulos\">\n<h3>Nous garantissons 8 ovules minimum<\/h3>\n<p>Peu de cliniques de fertilit\u00e9 peuvent le garantir. Chez Fertilab Barcelona, nous assurons un minimum de 8 ovules par cycle * afin d\u2019optimiser la qualit\u00e9 de nos traitements. Notre engagement nous a conduit \u00e0 garantir, en 2018, une moyenne de 10,5 ovules par cycle. Sans aucun doute, une garantie de qualit\u00e9 et de rigueur du travail bien fait.<br \/>\n* En don d&rsquo;ovocytes OVO8<\/li>\n<li class=\"laboratorio\">\n<h3>Laboratoire de pointe sur la FIV<\/h3>\n<p>\u00c0 Fertilab Barcelona, nous sommes pr\u00eats \u00e0 appliquer chacune des techniques de procr\u00e9ation assist\u00e9e. Nous mettons toutes nos ressources technologiques et scientifiques \u00e0 la disposition de nos patients.<\/li>\n<\/ul>\n[\/mk_custom_list][\/vc_column_inner][vc_column_inner width=\u00a0\u00bb1\/2&Prime;][mk_custom_list style=\u00a0\u00bb\u00a0\u00bb el_class=\u00a0\u00bblist-heart big\u00a0\u00bb]\n<ul>\n<li class=\"asistente\">\n<h3>Votre propre assistant m\u00e9dical\u00a0:service sur mesure offert en fran\u00e7ais.<\/h3>\n<p>Nous assistons nos patients lors de toutes les visites, consultations et traitements pour faciliter la compr\u00e9hension absolue de tous les sujets li\u00e9s \u00e0 la technique de procr\u00e9ation assist\u00e9e qui r\u00e9pond aux besoins des patients.<\/li>\n<li class=\"seguimiento\">\n<h3>Suivi complet<\/h3>\n<p>Chez Fertilab, nous nous engageons \u00e0 effectuer un suivi exhaustif du processus de pr\u00e9paration du traitement de procr\u00e9ation assist\u00e9e en coordination avec votre sp\u00e9cialiste (responsable de la coordination) du pays d&rsquo;origine. Nous proposons une relation \u00e9troite qui nous permet de nous occuper de tous les d\u00e9tails.<\/li>\n<li class=\"excelencia\">\n<h3>Excellence prouv\u00e9e<\/h3>\n<p>Nos traitements de dons d\u2019ovocytes sont toujours synchrones et utilisent des ovules frais (avec l\u2019accord du patient). Il est d\u00e9montr\u00e9 que l&rsquo;utilisation d&rsquo;ovocytes frais am\u00e9liore les r\u00e9sultats.<br \/>\nSi les patients pr\u00e9f\u00e8rent les ovocytes vitrifi\u00e9s, Fertilab Barcelona dispose de sa propre banque (Fertibank), l\u2019une des cryobanques les plus appr\u00e9ci\u00e9es en Europe.<\/li>\n<\/ul>\n[\/mk_custom_list][\/vc_column_inner][\/vc_row_inner][\/vc_column][\/vc_row][vc_row visibility=\u00a0\u00bbhidden-sm\u00a0\u00bb][vc_column][mk_revslider id=\u00a0\u00bbpor-que-barcelona-fr\u00a0\u00bb][\/vc_column][\/vc_row][mk_page_section vertical_align=\u00a0\u00bbcenter\u00a0\u00bb bg_image=\u00a0\u00bbhttps:\/\/fertilab.com\/wp-content\/uploads\/2018\/06\/fertilab_lab-30.jpg\u00a0\u00bb bg_position=\u00a0\u00bbcenter center\u00a0\u00bb bg_repeat=\u00a0\u00bbno-repeat\u00a0\u00bb bg_stretch=\u00a0\u00bbtrue\u00a0\u00bb bg_gradient=\u00a0\u00bbvertical\u00a0\u00bb video_color_mask=\u00a0\u00bb#145da8&Prime; gr_end=\u00a0\u00bbrgba(20,93,168,0.25)\u00a0\u00bb top_shadow=\u00a0\u00bbtrue\u00a0\u00bb adaptive_height=\u00a0\u00bbtrue\u00a0\u00bb min_height=\u00a0\u00bb450&Prime; full_width=\u00a0\u00bbtrue\u00a0\u00bb padding_top=\u00a0\u00bb0&Prime; padding_bottom=\u00a0\u00bb0&Prime; visibility=\u00a0\u00bbvisible-sm\u00a0\u00bb el_class=\u00a0\u00bbxQBarcelona\u00a0\u00bb sidebar=\u00a0\u00bbsidebar-1&Prime;][vc_column][vc_row_inner is_fullwidth_content=\u00a0\u00bbfalse\u00a0\u00bb][vc_column_inner][mk_fancy_title tag_name=\u00a0\u00bbh3&Prime; color=\u00a0\u00bb#ffffff\u00a0\u00bb size=\u00a0\u00bb42&Prime; force_font_size=\u00a0\u00bbtrue\u00a0\u00bb size_smallscreen=\u00a0\u00bb38&Prime; size_tablet=\u00a0\u00bb36&Prime; size_phone=\u00a0\u00bb16&Prime; font_weight=\u00a0\u00bb400&Prime; txt_transform=\u00a0\u00bbuppercase\u00a0\u00bb margin_bottom=\u00a0\u00bb0&Prime; font_family=\u00a0\u00bbnone\u00a0\u00bb align=\u00a0\u00bbcenter\u00a0\u00bb el_class=\u00a0\u00bbtitleWidth\u00a0\u00bb]POURQUOI BARCELONE?[\/mk_fancy_title][mk_fancy_title tag_name=\u00a0\u00bbh5&Prime; color=\u00a0\u00bb#ffffff\u00a0\u00bb size=\u00a0\u00bb24&Prime; font_weight=\u00a0\u00bb300&Prime; margin_bottom=\u00a0\u00bb0&Prime; font_family=\u00a0\u00bbnone\u00a0\u00bb align=\u00a0\u00bbcenter\u00a0\u00bb el_class=\u00a0\u00bbtitleWidth\u00a0\u00bb]Capitale de la m\u00e9decine de la reproduction[\/mk_fancy_title][mk_fancy_title tag_name=\u00a0\u00bbspan\u00a0\u00bb color=\u00a0\u00bb#ffffff\u00a0\u00bb size=\u00a0\u00bb16&Prime; font_weight=\u00a0\u00bb300&Prime; margin_bottom=\u00a0\u00bb050&Prime; font_family=\u00a0\u00bbnone\u00a0\u00bb align=\u00a0\u00bbcenter\u00a0\u00bb el_class=\u00a0\u00bbtitleWidth\u00a0\u00bb]Venez dans la ville pionni\u00e8re en procr\u00e9ation assist\u00e9e et r\u00e9alisez votre r\u00eave[\/mk_fancy_title][\/vc_column_inner][\/vc_row_inner][\/vc_column][\/mk_page_section][vc_row visibility=\u00a0\u00bbvisible-sm\u00a0\u00bb el_class=\u00a0\u00bbrowTelephone\u00a0\u00bb][vc_column][vc_raw_html]JTNDZGl2JTIwaWQlM0QlMjJwaG9uZWJhckZpeGVkJTIyJTNFJTBBJTIwJTIwRGVtYW5kZXIlMjB1biUyMHJlbmRlei12b3VzJTIwJTNDYSUyMGhyZWYlM0QlMjJ0ZWwlM0EzNDkzMjQxMTQxNCUyMiUzRSUyQjM0JTIwOTMlMjAyNDElMjAxNCUyMDE0JTNDJTJGYSUzRSUwQSUzQyUyRmRpdiUzRQ==[\/vc_raw_html][\/vc_column][\/vc_row][mk_page_section bg_position=\u00a0\u00bbcenter center\u00a0\u00bb bg_repeat=\u00a0\u00bbno-repeat\u00a0\u00bb bg_stretch=\u00a0\u00bbtrue\u00a0\u00bb min_height=\u00a0\u00bb0&Prime; full_width=\u00a0\u00bbtrue\u00a0\u00bb padding_top=\u00a0\u00bb65&Prime; padding_bottom=\u00a0\u00bb65&Prime; el_class=\u00a0\u00bbcontact-bottom responsive-contact\u00a0\u00bb sidebar=\u00a0\u00bbsidebar-1&Prime;][vc_column][mk_fancy_title color=\u00a0\u00bb#7d7d7e\u00a0\u00bb size=\u00a0\u00bb28&Prime; force_font_size=\u00a0\u00bbtrue\u00a0\u00bb size_smallscreen=\u00a0\u00bb38&Prime; size_tablet=\u00a0\u00bb36&Prime; size_phone=\u00a0\u00bb32&Prime; font_weight=\u00a0\u00bb300&Prime; margin_bottom=\u00a0\u00bb40&Prime; font_family=\u00a0\u00bbnone\u00a0\u00bb align=\u00a0\u00bbcenter\u00a0\u00bb]Avez-vous besoin de plus d&rsquo;informations?[\/mk_fancy_title][vc_column_text align=\u00a0\u00bbcenter\u00a0\u00bb el_class=\u00a0\u00bbbtnContact\u00a0\u00bb css=\u00a0\u00bb.vc_custom_1541697869645{margin-bottom: 0px !important;}\u00a0\u00bb]<a href=\"https:\/\/fertilab.com\/fr\/contact\/\">ENTREZ EN CONTACT<\/a>[\/vc_column_text][\/vc_column][\/mk_page_section]\n<\/div>","protected":false},"excerpt":{"rendered":"<p>[mk_page_section vertical_align=\u00a0\u00bbcenter\u00a0\u00bb bg_image=\u00a0\u00bbhttps:\/\/fertilab.com\/wp-content\/uploads\/2018\/06\/adobestock_92118305-1.jpg\u00a0\u00bb bg_position=\u00a0\u00bbcenter center\u00a0\u00bb bg_repeat=\u00a0\u00bbno-repeat\u00a0\u00bb bg_stretch=\u00a0\u00bbtrue\u00a0\u00bb bg_gradient=\u00a0\u00bbvertical\u00a0\u00bb video_color_mask=\u00a0\u00bb#145da8&Prime; gr_end=\u00a0\u00bbrgba(20,93,168,0.25)\u00a0\u00bb top_shadow=\u00a0\u00bbtrue\u00a0\u00bb min_height=\u00a0\u00bb530&Prime; full_width=\u00a0\u00bbtrue\u00a0\u00bb padding_top=\u00a0\u00bb0&Prime; padding_bottom=\u00a0\u00bb0&Prime; el_class=\u00a0\u00bbheaderPlanifica\u00a0\u00bb sidebar=\u00a0\u00bbsidebar-1&Prime;][vc_column][vc_row_inner is_fullwidth_content=\u00a0\u00bbfalse\u00a0\u00bb][vc_column_inner][mk_fancy_title color=\u00a0\u00bb#ffffff\u00a0\u00bb size=\u00a0\u00bb42&Prime; force_font_size=\u00a0\u00bbtrue\u00a0\u00bb size_smallscreen=\u00a0\u00bb38&Prime; size_tablet=\u00a0\u00bb36&Prime; size_phone=\u00a0\u00bb32&Prime; font_weight=\u00a0\u00bb300&Prime; margin_bottom=\u00a0\u00bb0&Prime; font_family=\u00a0\u00bbnone\u00a0\u00bb align=\u00a0\u00bbcenter\u00a0\u00bb el_class=\u00a0\u00bbtitleWidth\u00a0\u00bb]Planifiez votre voyage[\/mk_fancy_title][mk_fancy_title tag_name=\u00a0\u00bbspan\u00a0\u00bb color=\u00a0\u00bb#ffffff\u00a0\u00bb size=\u00a0\u00bb18&Prime; font_weight=\u00a0\u00bb400&Prime; margin_bottom=\u00a0\u00bb050&Prime; font_family=\u00a0\u00bbnone\u00a0\u00bb align=\u00a0\u00bbcenter\u00a0\u00bb el_class=\u00a0\u00bbtitleWidth\u00a0\u00bb]Si vous n&rsquo;habitez pas en Espagne, ne vous inqui\u00e9tez pas. Nous pouvons vous proposer une prise en [&hellip;]<\/p>\n","protected":false},"author":1,"featured_media":0,"parent":0,"menu_order":0,"comment_status":"closed","ping_status":"closed","template":"","meta":{"footnotes":""},"class_list":["post-2818","page","type-page","status-publish","hentry"],"yoast_head":"<!-- This site is optimized with the Yoast SEO plugin v27.4 - https:\/\/yoast.com\/product\/yoast-seo-wordpress\/ -->\n<title>Planifiez votre voyage | Fertilab<\/title>\n<meta name=\"description\" content=\"Depuis notre clinique, nous vous aidons \u00e0 planifier votre voyage afin que vous puissiez vous rendre \u00e0 notre clinique et voir nos r\u00e9sultats.\" \/>\n<meta name=\"robots\" content=\"index, follow, max-snippet:-1, max-image-preview:large, max-video-preview:-1\" \/>\n<link rel=\"canonical\" href=\"https:\/\/fertilab.com\/fr\/planifiez-votre-voyage\/\" \/>\n<meta property=\"og:locale\" content=\"fr_FR\" \/>\n<meta property=\"og:type\" content=\"article\" \/>\n<meta property=\"og:title\" content=\"Planifiez votre voyage | Fertilab\" \/>\n<meta property=\"og:description\" content=\"Depuis notre clinique, nous vous aidons \u00e0 planifier votre voyage afin que vous puissiez vous rendre \u00e0 notre clinique et voir nos r\u00e9sultats.\" \/>\n<meta property=\"og:url\" content=\"https:\/\/fertilab.com\/fr\/planifiez-votre-voyage\/\" \/>\n<meta property=\"og:site_name\" content=\"Fertilab Barcelona\" \/>\n<meta property=\"article:publisher\" content=\"https:\/\/www.facebook.com\/fertilabbarcelona\" \/>\n<meta property=\"article:modified_time\" content=\"2019-04-10T09:40:23+00:00\" \/>\n<meta name=\"twitter:card\" content=\"summary_large_image\" \/>\n<meta name=\"twitter:label1\" content=\"Dur\u00e9e de lecture estim\u00e9e\" \/>\n\t<meta name=\"twitter:data1\" content=\"6 minutes\" \/>\n<script type=\"application\/ld+json\" class=\"yoast-schema-graph\">{\"@context\":\"https:\\\/\\\/schema.org\",\"@graph\":[{\"@type\":\"WebPage\",\"@id\":\"https:\\\/\\\/fertilab.com\\\/fr\\\/planifiez-votre-voyage\\\/\",\"url\":\"https:\\\/\\\/fertilab.com\\\/fr\\\/planifiez-votre-voyage\\\/\",\"name\":\"Planifiez votre voyage | Fertilab\",\"isPartOf\":{\"@id\":\"https:\\\/\\\/fertilab.com\\\/#website\"},\"datePublished\":\"2018-06-20T09:33:20+00:00\",\"dateModified\":\"2019-04-10T09:40:23+00:00\",\"description\":\"Depuis notre clinique, nous vous aidons \u00e0 planifier votre voyage afin que vous puissiez vous rendre \u00e0 notre clinique et voir nos r\u00e9sultats.\",\"breadcrumb\":{\"@id\":\"https:\\\/\\\/fertilab.com\\\/fr\\\/planifiez-votre-voyage\\\/#breadcrumb\"},\"inLanguage\":\"fr-FR\",\"potentialAction\":[{\"@type\":\"ReadAction\",\"target\":[\"https:\\\/\\\/fertilab.com\\\/fr\\\/planifiez-votre-voyage\\\/\"]}]},{\"@type\":\"BreadcrumbList\",\"@id\":\"https:\\\/\\\/fertilab.com\\\/fr\\\/planifiez-votre-voyage\\\/#breadcrumb\",\"itemListElement\":[{\"@type\":\"ListItem\",\"position\":1,\"name\":\"Home\",\"item\":\"https:\\\/\\\/fertilab.com\\\/fr\\\/\"},{\"@type\":\"ListItem\",\"position\":2,\"name\":\"Planifiez votre voyage\"}]},{\"@type\":\"WebSite\",\"@id\":\"https:\\\/\\\/fertilab.com\\\/#website\",\"url\":\"https:\\\/\\\/fertilab.com\\\/\",\"name\":\"Fertilab Barcelona\",\"description\":\"Trabajamos para que pod\u00e1is sentir la emoci\u00f3n de ser padres\",\"publisher\":{\"@id\":\"https:\\\/\\\/fertilab.com\\\/#organization\"},\"potentialAction\":[{\"@type\":\"SearchAction\",\"target\":{\"@type\":\"EntryPoint\",\"urlTemplate\":\"https:\\\/\\\/fertilab.com\\\/?s={search_term_string}\"},\"query-input\":{\"@type\":\"PropertyValueSpecification\",\"valueRequired\":true,\"valueName\":\"search_term_string\"}}],\"inLanguage\":\"fr-FR\"},{\"@type\":\"Organization\",\"@id\":\"https:\\\/\\\/fertilab.com\\\/#organization\",\"name\":\"Fertilab Barcelona\",\"url\":\"https:\\\/\\\/fertilab.com\\\/\",\"logo\":{\"@type\":\"ImageObject\",\"inLanguage\":\"fr-FR\",\"@id\":\"https:\\\/\\\/fertilab.com\\\/#\\\/schema\\\/logo\\\/image\\\/\",\"url\":\"https:\\\/\\\/fertilab.com\\\/wp-content\\\/uploads\\\/2023\\\/10\\\/cropped-fertilab-logo-fav.png\",\"contentUrl\":\"https:\\\/\\\/fertilab.com\\\/wp-content\\\/uploads\\\/2023\\\/10\\\/cropped-fertilab-logo-fav.png\",\"width\":512,\"height\":512,\"caption\":\"Fertilab Barcelona\"},\"image\":{\"@id\":\"https:\\\/\\\/fertilab.com\\\/#\\\/schema\\\/logo\\\/image\\\/\"},\"sameAs\":[\"https:\\\/\\\/www.facebook.com\\\/fertilabbarcelona\",\"https:\\\/\\\/www.youtube.com\\\/user\\\/FertilabTV\"]}]}<\/script>\n<!-- \/ Yoast SEO plugin. -->","yoast_head_json":{"title":"Planifiez votre voyage | Fertilab","description":"Depuis notre clinique, nous vous aidons \u00e0 planifier votre voyage afin que vous puissiez vous rendre \u00e0 notre clinique et voir nos r\u00e9sultats.","robots":{"index":"index","follow":"follow","max-snippet":"max-snippet:-1","max-image-preview":"max-image-preview:large","max-video-preview":"max-video-preview:-1"},"canonical":"https:\/\/fertilab.com\/fr\/planifiez-votre-voyage\/","og_locale":"fr_FR","og_type":"article","og_title":"Planifiez votre voyage | Fertilab","og_description":"Depuis notre clinique, nous vous aidons \u00e0 planifier votre voyage afin que vous puissiez vous rendre \u00e0 notre clinique et voir nos r\u00e9sultats.","og_url":"https:\/\/fertilab.com\/fr\/planifiez-votre-voyage\/","og_site_name":"Fertilab Barcelona","article_publisher":"https:\/\/www.facebook.com\/fertilabbarcelona","article_modified_time":"2019-04-10T09:40:23+00:00","twitter_card":"summary_large_image","twitter_misc":{"Dur\u00e9e de lecture estim\u00e9e":"6 minutes"},"schema":{"@context":"https:\/\/schema.org","@graph":[{"@type":"WebPage","@id":"https:\/\/fertilab.com\/fr\/planifiez-votre-voyage\/","url":"https:\/\/fertilab.com\/fr\/planifiez-votre-voyage\/","name":"Planifiez votre voyage | Fertilab","isPartOf":{"@id":"https:\/\/fertilab.com\/#website"},"datePublished":"2018-06-20T09:33:20+00:00","dateModified":"2019-04-10T09:40:23+00:00","description":"Depuis notre clinique, nous vous aidons \u00e0 planifier votre voyage afin que vous puissiez vous rendre \u00e0 notre clinique et voir nos r\u00e9sultats.","breadcrumb":{"@id":"https:\/\/fertilab.com\/fr\/planifiez-votre-voyage\/#breadcrumb"},"inLanguage":"fr-FR","potentialAction":[{"@type":"ReadAction","target":["https:\/\/fertilab.com\/fr\/planifiez-votre-voyage\/"]}]},{"@type":"BreadcrumbList","@id":"https:\/\/fertilab.com\/fr\/planifiez-votre-voyage\/#breadcrumb","itemListElement":[{"@type":"ListItem","position":1,"name":"Home","item":"https:\/\/fertilab.com\/fr\/"},{"@type":"ListItem","position":2,"name":"Planifiez votre voyage"}]},{"@type":"WebSite","@id":"https:\/\/fertilab.com\/#website","url":"https:\/\/fertilab.com\/","name":"Fertilab Barcelona","description":"Trabajamos para que pod\u00e1is sentir la emoci\u00f3n de ser padres","publisher":{"@id":"https:\/\/fertilab.com\/#organization"},"potentialAction":[{"@type":"SearchAction","target":{"@type":"EntryPoint","urlTemplate":"https:\/\/fertilab.com\/?s={search_term_string}"},"query-input":{"@type":"PropertyValueSpecification","valueRequired":true,"valueName":"search_term_string"}}],"inLanguage":"fr-FR"},{"@type":"Organization","@id":"https:\/\/fertilab.com\/#organization","name":"Fertilab Barcelona","url":"https:\/\/fertilab.com\/","logo":{"@type":"ImageObject","inLanguage":"fr-FR","@id":"https:\/\/fertilab.com\/#\/schema\/logo\/image\/","url":"https:\/\/fertilab.com\/wp-content\/uploads\/2023\/10\/cropped-fertilab-logo-fav.png","contentUrl":"https:\/\/fertilab.com\/wp-content\/uploads\/2023\/10\/cropped-fertilab-logo-fav.png","width":512,"height":512,"caption":"Fertilab Barcelona"},"image":{"@id":"https:\/\/fertilab.com\/#\/schema\/logo\/image\/"},"sameAs":["https:\/\/www.facebook.com\/fertilabbarcelona","https:\/\/www.youtube.com\/user\/FertilabTV"]}]}},"_links":{"self":[{"href":"https:\/\/fertilab.com\/fr\/wp-json\/wp\/v2\/pages\/2818","targetHints":{"allow":["GET"]}}],"collection":[{"href":"https:\/\/fertilab.com\/fr\/wp-json\/wp\/v2\/pages"}],"about":[{"href":"https:\/\/fertilab.com\/fr\/wp-json\/wp\/v2\/types\/page"}],"author":[{"embeddable":true,"href":"https:\/\/fertilab.com\/fr\/wp-json\/wp\/v2\/users\/1"}],"replies":[{"embeddable":true,"href":"https:\/\/fertilab.com\/fr\/wp-json\/wp\/v2\/comments?post=2818"}],"version-history":[{"count":0,"href":"https:\/\/fertilab.com\/fr\/wp-json\/wp\/v2\/pages\/2818\/revisions"}],"wp:attachment":[{"href":"https:\/\/fertilab.com\/fr\/wp-json\/wp\/v2\/media?parent=2818"}],"curies":[{"name":"wp","href":"https:\/\/api.w.org\/{rel}","templated":true}]}}