{"id":3285,"date":"2018-09-20T11:50:55","date_gmt":"2018-09-20T11:50:55","guid":{"rendered":"https:\/\/fertilab.com\/aviso-de-cookies\/"},"modified":"2018-11-14T13:43:41","modified_gmt":"2018-11-14T13:43:41","slug":"aviso-de-cookies","status":"publish","type":"page","link":"https:\/\/fertilab.com\/fr\/aviso-de-cookies\/","title":{"rendered":"Aviso de cookies"},"content":{"rendered":"<div class=\"wpb-content-wrapper\">[vc_row el_class=\u00a0\u00bblegales\u00a0\u00bb][vc_column][mk_fancy_title tag_name=\u00a0\u00bbh1&Prime; size=\u00a0\u00bb24&Prime; font_family=\u00a0\u00bbnone\u00a0\u00bb]Pol\u00edtica de cookies[\/mk_fancy_title][vc_column_text css=\u00a0\u00bb.vc_custom_1537444243611{margin-bottom: 0px !important;}\u00a0\u00bb]En cumplimento del art\u00edculo 21 de la Ley 34\/2002 de 11 de julio de servicios de sociedad de la informaci\u00f3n y comercio electr\u00f3nico (LSSI), te informamos que este sitio web puede utilizar Cookies (peque\u00f1os archivos de informaci\u00f3n que el servidor env\u00eda al ordenador de quien accede a la p\u00e1gina).<\/p>\n<p>Las Cookies que utiliza este sitio web son Cookies t\u00e9cnicas: \u00c9stas Cookies se utilizan para llevar a cabo determinadas funciones que son consideradas imprescindibles para el correcto funcionamiento y visualizaci\u00f3n del sitio web. Son de car\u00e1cter temporal, y tienen como \u00fanica finalidad hacer m\u00e1s eficaz la transmisi\u00f3n por una red de comunicaciones electr\u00f3nicas o, en la medida que resultan estrictamente necesarias, para la prestaci\u00f3n de un servicio expresamente solicitado por el usuario, y desaparecen al terminar la sesi\u00f3n. En ning\u00fan caso, este tipo de cookies se utilizan para recoger informaci\u00f3n de car\u00e1cter personal.[\/vc_column_text][\/vc_column][\/vc_row][mk_page_section bg_position=\u00a0\u00bbcenter center\u00a0\u00bb bg_repeat=\u00a0\u00bbno-repeat\u00a0\u00bb bg_stretch=\u00a0\u00bbtrue\u00a0\u00bb min_height=\u00a0\u00bb0&Prime; full_width=\u00a0\u00bbtrue\u00a0\u00bb padding_top=\u00a0\u00bb65&Prime; padding_bottom=\u00a0\u00bb65&Prime; visibility=\u00a0\u00bbvisible-sm\u00a0\u00bb el_class=\u00a0\u00bbcontact-bottom responsive-contact\u00a0\u00bb sidebar=\u00a0\u00bbsidebar-1&Prime;][vc_column][vc_column_text align=\u00a0\u00bbcenter\u00a0\u00bb el_class=\u00a0\u00bbbtnContact\u00a0\u00bb css=\u00a0\u00bb.vc_custom_1542203010297{margin-bottom: 0px !important;}\u00a0\u00bb]<a href=\"https:\/\/fertilab.com\/fr\/contact\/\">Prendre contact<\/a>[\/vc_column_text][\/vc_column][\/mk_page_section][vc_row visibility=\u00a0\u00bbvisible-sm\u00a0\u00bb el_class=\u00a0\u00bbrowTelephone\u00a0\u00bb][vc_column][vc_raw_html]JTNDZGl2JTIwaWQlM0QlMjJwaG9uZWJhckZpeGVkJTIyJTNFJTBBJTIwJTIwRGVtYW5kZXIlMjB1biUyMHJlbmRlei12b3VzJTIwJTNDYSUyMGhyZWYlM0QlMjJ0ZWwlM0EzNDkzMjQxMTQxNCUyMiUzRSUyQjM0JTIwOTMlMjAyNDElMjAxNCUyMDE0JTNDJTJGYSUzRSUwQSUzQyUyRmRpdiUzRQ==[\/vc_raw_html][\/vc_column][\/vc_row]\n<\/div>","protected":false},"excerpt":{"rendered":"<p>[vc_row el_class=\u00a0\u00bblegales\u00a0\u00bb][vc_column][mk_fancy_title tag_name=\u00a0\u00bbh1&Prime; size=\u00a0\u00bb24&Prime; font_family=\u00a0\u00bbnone\u00a0\u00bb]Pol\u00edtica de cookies[\/mk_fancy_title][vc_column_text css=\u00a0\u00bb.vc_custom_1537444243611{margin-bottom: 0px !important;}\u00a0\u00bb]En cumplimento del art\u00edculo 21 de la Ley 34\/2002 de 11 de julio de servicios de sociedad de la informaci\u00f3n y comercio electr\u00f3nico (LSSI), te informamos que este sitio web puede utilizar Cookies (peque\u00f1os archivos de informaci\u00f3n que el servidor env\u00eda al ordenador de quien accede [&hellip;]<\/p>\n","protected":false},"author":1,"featured_media":0,"parent":0,"menu_order":0,"comment_status":"closed","ping_status":"closed","template":"","meta":{"footnotes":""},"class_list":["post-3285","page","type-page","status-publish","hentry"],"yoast_head":"<!-- This site is optimized with the Yoast SEO plugin v27.4 - https:\/\/yoast.com\/product\/yoast-seo-wordpress\/ -->\n<title>Aviso de cookies - Fertilab Barcelona<\/title>\n<meta name=\"robots\" content=\"index, follow, max-snippet:-1, max-image-preview:large, max-video-preview:-1\" \/>\n<link rel=\"canonical\" href=\"https:\/\/fertilab.com\/fr\/aviso-de-cookies\/\" \/>\n<meta property=\"og:locale\" content=\"fr_FR\" \/>\n<meta property=\"og:type\" content=\"article\" \/>\n<meta property=\"og:title\" content=\"Aviso de cookies - Fertilab Barcelona\" \/>\n<meta property=\"og:description\" content=\"[vc_row el_class=\u00a0\u00bblegales\u00a0\u00bb][vc_column][mk_fancy_title tag_name=\u00a0\u00bbh1&Prime; size=\u00a0\u00bb24&Prime; font_family=\u00a0\u00bbnone\u00a0\u00bb]Pol\u00edtica de cookies[\/mk_fancy_title][vc_column_text css=\u00a0\u00bb.vc_custom_1537444243611{margin-bottom: 0px !important;}\u00a0\u00bb]En cumplimento del art\u00edculo 21 de la Ley 34\/2002 de 11 de julio de servicios de sociedad de la informaci\u00f3n y comercio electr\u00f3nico (LSSI), te informamos que este sitio web puede utilizar Cookies (peque\u00f1os archivos de informaci\u00f3n que el servidor env\u00eda al ordenador de quien accede [&hellip;]\" \/>\n<meta property=\"og:url\" content=\"https:\/\/fertilab.com\/fr\/aviso-de-cookies\/\" \/>\n<meta property=\"og:site_name\" content=\"Fertilab Barcelona\" \/>\n<meta property=\"article:publisher\" content=\"https:\/\/www.facebook.com\/fertilabbarcelona\" \/>\n<meta property=\"article:modified_time\" content=\"2018-11-14T13:43:41+00:00\" \/>\n<meta name=\"twitter:card\" content=\"summary_large_image\" \/>\n<meta name=\"twitter:label1\" content=\"Dur\u00e9e de lecture estim\u00e9e\" \/>\n\t<meta name=\"twitter:data1\" content=\"1 minute\" \/>\n<script type=\"application\/ld+json\" class=\"yoast-schema-graph\">{\"@context\":\"https:\\\/\\\/schema.org\",\"@graph\":[{\"@type\":\"WebPage\",\"@id\":\"https:\\\/\\\/fertilab.com\\\/fr\\\/aviso-de-cookies\\\/\",\"url\":\"https:\\\/\\\/fertilab.com\\\/fr\\\/aviso-de-cookies\\\/\",\"name\":\"Aviso de cookies - Fertilab Barcelona\",\"isPartOf\":{\"@id\":\"https:\\\/\\\/fertilab.com\\\/#website\"},\"datePublished\":\"2018-09-20T11:50:55+00:00\",\"dateModified\":\"2018-11-14T13:43:41+00:00\",\"breadcrumb\":{\"@id\":\"https:\\\/\\\/fertilab.com\\\/fr\\\/aviso-de-cookies\\\/#breadcrumb\"},\"inLanguage\":\"fr-FR\",\"potentialAction\":[{\"@type\":\"ReadAction\",\"target\":[\"https:\\\/\\\/fertilab.com\\\/fr\\\/aviso-de-cookies\\\/\"]}]},{\"@type\":\"BreadcrumbList\",\"@id\":\"https:\\\/\\\/fertilab.com\\\/fr\\\/aviso-de-cookies\\\/#breadcrumb\",\"itemListElement\":[{\"@type\":\"ListItem\",\"position\":1,\"name\":\"Home\",\"item\":\"https:\\\/\\\/fertilab.com\\\/fr\\\/\"},{\"@type\":\"ListItem\",\"position\":2,\"name\":\"Aviso de cookies\"}]},{\"@type\":\"WebSite\",\"@id\":\"https:\\\/\\\/fertilab.com\\\/#website\",\"url\":\"https:\\\/\\\/fertilab.com\\\/\",\"name\":\"Fertilab Barcelona\",\"description\":\"Trabajamos para que pod\u00e1is sentir la emoci\u00f3n de ser padres\",\"publisher\":{\"@id\":\"https:\\\/\\\/fertilab.com\\\/#organization\"},\"potentialAction\":[{\"@type\":\"SearchAction\",\"target\":{\"@type\":\"EntryPoint\",\"urlTemplate\":\"https:\\\/\\\/fertilab.com\\\/?s={search_term_string}\"},\"query-input\":{\"@type\":\"PropertyValueSpecification\",\"valueRequired\":true,\"valueName\":\"search_term_string\"}}],\"inLanguage\":\"fr-FR\"},{\"@type\":\"Organization\",\"@id\":\"https:\\\/\\\/fertilab.com\\\/#organization\",\"name\":\"Fertilab Barcelona\",\"url\":\"https:\\\/\\\/fertilab.com\\\/\",\"logo\":{\"@type\":\"ImageObject\",\"inLanguage\":\"fr-FR\",\"@id\":\"https:\\\/\\\/fertilab.com\\\/#\\\/schema\\\/logo\\\/image\\\/\",\"url\":\"https:\\\/\\\/fertilab.com\\\/wp-content\\\/uploads\\\/2023\\\/10\\\/cropped-fertilab-logo-fav.png\",\"contentUrl\":\"https:\\\/\\\/fertilab.com\\\/wp-content\\\/uploads\\\/2023\\\/10\\\/cropped-fertilab-logo-fav.png\",\"width\":512,\"height\":512,\"caption\":\"Fertilab Barcelona\"},\"image\":{\"@id\":\"https:\\\/\\\/fertilab.com\\\/#\\\/schema\\\/logo\\\/image\\\/\"},\"sameAs\":[\"https:\\\/\\\/www.facebook.com\\\/fertilabbarcelona\",\"https:\\\/\\\/www.youtube.com\\\/user\\\/FertilabTV\"]}]}<\/script>\n<!-- \/ Yoast SEO plugin. -->","yoast_head_json":{"title":"Aviso de cookies - Fertilab Barcelona","robots":{"index":"index","follow":"follow","max-snippet":"max-snippet:-1","max-image-preview":"max-image-preview:large","max-video-preview":"max-video-preview:-1"},"canonical":"https:\/\/fertilab.com\/fr\/aviso-de-cookies\/","og_locale":"fr_FR","og_type":"article","og_title":"Aviso de cookies - Fertilab Barcelona","og_description":"[vc_row el_class=\u00a0\u00bblegales\u00a0\u00bb][vc_column][mk_fancy_title tag_name=\u00a0\u00bbh1&Prime; size=\u00a0\u00bb24&Prime; font_family=\u00a0\u00bbnone\u00a0\u00bb]Pol\u00edtica de cookies[\/mk_fancy_title][vc_column_text css=\u00a0\u00bb.vc_custom_1537444243611{margin-bottom: 0px !important;}\u00a0\u00bb]En cumplimento del art\u00edculo 21 de la Ley 34\/2002 de 11 de julio de servicios de sociedad de la informaci\u00f3n y comercio electr\u00f3nico (LSSI), te informamos que este sitio web puede utilizar Cookies (peque\u00f1os archivos de informaci\u00f3n que el servidor env\u00eda al ordenador de quien accede [&hellip;]","og_url":"https:\/\/fertilab.com\/fr\/aviso-de-cookies\/","og_site_name":"Fertilab Barcelona","article_publisher":"https:\/\/www.facebook.com\/fertilabbarcelona","article_modified_time":"2018-11-14T13:43:41+00:00","twitter_card":"summary_large_image","twitter_misc":{"Dur\u00e9e de lecture estim\u00e9e":"1 minute"},"schema":{"@context":"https:\/\/schema.org","@graph":[{"@type":"WebPage","@id":"https:\/\/fertilab.com\/fr\/aviso-de-cookies\/","url":"https:\/\/fertilab.com\/fr\/aviso-de-cookies\/","name":"Aviso de cookies - Fertilab Barcelona","isPartOf":{"@id":"https:\/\/fertilab.com\/#website"},"datePublished":"2018-09-20T11:50:55+00:00","dateModified":"2018-11-14T13:43:41+00:00","breadcrumb":{"@id":"https:\/\/fertilab.com\/fr\/aviso-de-cookies\/#breadcrumb"},"inLanguage":"fr-FR","potentialAction":[{"@type":"ReadAction","target":["https:\/\/fertilab.com\/fr\/aviso-de-cookies\/"]}]},{"@type":"BreadcrumbList","@id":"https:\/\/fertilab.com\/fr\/aviso-de-cookies\/#breadcrumb","itemListElement":[{"@type":"ListItem","position":1,"name":"Home","item":"https:\/\/fertilab.com\/fr\/"},{"@type":"ListItem","position":2,"name":"Aviso de cookies"}]},{"@type":"WebSite","@id":"https:\/\/fertilab.com\/#website","url":"https:\/\/fertilab.com\/","name":"Fertilab Barcelona","description":"Trabajamos para que pod\u00e1is sentir la emoci\u00f3n de ser padres","publisher":{"@id":"https:\/\/fertilab.com\/#organization"},"potentialAction":[{"@type":"SearchAction","target":{"@type":"EntryPoint","urlTemplate":"https:\/\/fertilab.com\/?s={search_term_string}"},"query-input":{"@type":"PropertyValueSpecification","valueRequired":true,"valueName":"search_term_string"}}],"inLanguage":"fr-FR"},{"@type":"Organization","@id":"https:\/\/fertilab.com\/#organization","name":"Fertilab Barcelona","url":"https:\/\/fertilab.com\/","logo":{"@type":"ImageObject","inLanguage":"fr-FR","@id":"https:\/\/fertilab.com\/#\/schema\/logo\/image\/","url":"https:\/\/fertilab.com\/wp-content\/uploads\/2023\/10\/cropped-fertilab-logo-fav.png","contentUrl":"https:\/\/fertilab.com\/wp-content\/uploads\/2023\/10\/cropped-fertilab-logo-fav.png","width":512,"height":512,"caption":"Fertilab Barcelona"},"image":{"@id":"https:\/\/fertilab.com\/#\/schema\/logo\/image\/"},"sameAs":["https:\/\/www.facebook.com\/fertilabbarcelona","https:\/\/www.youtube.com\/user\/FertilabTV"]}]}},"_links":{"self":[{"href":"https:\/\/fertilab.com\/fr\/wp-json\/wp\/v2\/pages\/3285","targetHints":{"allow":["GET"]}}],"collection":[{"href":"https:\/\/fertilab.com\/fr\/wp-json\/wp\/v2\/pages"}],"about":[{"href":"https:\/\/fertilab.com\/fr\/wp-json\/wp\/v2\/types\/page"}],"author":[{"embeddable":true,"href":"https:\/\/fertilab.com\/fr\/wp-json\/wp\/v2\/users\/1"}],"replies":[{"embeddable":true,"href":"https:\/\/fertilab.com\/fr\/wp-json\/wp\/v2\/comments?post=3285"}],"version-history":[{"count":0,"href":"https:\/\/fertilab.com\/fr\/wp-json\/wp\/v2\/pages\/3285\/revisions"}],"wp:attachment":[{"href":"https:\/\/fertilab.com\/fr\/wp-json\/wp\/v2\/media?parent=3285"}],"curies":[{"name":"wp","href":"https:\/\/api.w.org\/{rel}","templated":true}]}}