{"id":58501,"date":"2022-09-27T11:50:50","date_gmt":"2022-09-27T09:50:50","guid":{"rendered":"https:\/\/fertilab.com\/?page_id=58501"},"modified":"2024-06-04T10:39:32","modified_gmt":"2024-06-04T08:39:32","slug":"unidad-de-oncofertilidad","status":"publish","type":"page","link":"https:\/\/fertilab.com\/fr\/unidad-de-oncofertilidad\/","title":{"rendered":"Unit\u00e9 d\u2019onco-fertilit\u00e9"},"content":{"rendered":"<div class=\"wpb-content-wrapper\">[mk_page_section bg_image=\u00a0\u00bbhttps:\/\/fertilab.com\/wp-content\/uploads\/2022\/09\/unidad-oncofertilidad.jpg\u00a0\u00bb bg_position=\u00a0\u00bbcenter center\u00a0\u00bb bg_repeat=\u00a0\u00bbno-repeat\u00a0\u00bb bg_stretch=\u00a0\u00bbtrue\u00a0\u00bb bg_gradient=\u00a0\u00bbvertical\u00a0\u00bb video_color_mask=\u00a0\u00bb#145da8&Prime; gr_end=\u00a0\u00bbrgba(20,93,168,0.25)\u00a0\u00bb top_shadow=\u00a0\u00bbtrue\u00a0\u00bb min_height=\u00a0\u00bb368&Prime; full_width=\u00a0\u00bbtrue\u00a0\u00bb padding_top=\u00a0\u00bb0&Prime; padding_bottom=\u00a0\u00bb0&Prime; section_id=\u00a0\u00bbhero-esp\u00a0\u00bb el_class=\u00a0\u00bbmaxHeightTitleSection\u00a0\u00bb sidebar=\u00a0\u00bbsidebar-1&Prime;][vc_column][vc_row_inner is_fullwidth_content=\u00a0\u00bbfalse\u00a0\u00bb][vc_column_inner css=\u00a0\u00bb.vc_custom_1664272775383{padding-top: 150px !important;}\u00a0\u00bb][mk_fancy_title tag_name=\u00a0\u00bbh1&Prime; color=\u00a0\u00bb#ffffff\u00a0\u00bb size=\u00a0\u00bb42&Prime; force_font_size=\u00a0\u00bbtrue\u00a0\u00bb size_smallscreen=\u00a0\u00bb38&Prime; size_tablet=\u00a0\u00bb36&Prime; size_phone=\u00a0\u00bb32&Prime; font_weight=\u00a0\u00bb300&Prime; txt_transform=\u00a0\u00bbnone\u00a0\u00bb margin_bottom=\u00a0\u00bb0&Prime; font_family=\u00a0\u00bbnone\u00a0\u00bb align=\u00a0\u00bbcenter\u00a0\u00bb el_class=\u00a0\u00bbtitleWidth\u00a0\u00bb]Unit\u00e9 d\u2019onco-fertilit\u00e9[\/mk_fancy_title][\/vc_column_inner][\/vc_row_inner][\/vc_column][\/mk_page_section][vc_row][vc_column][\/vc_column][\/vc_row][mk_page_section bg_color=\u00a0\u00bb#ffffff\u00a0\u00bb padding_top=\u00a0\u00bb80&Prime; padding_bottom=\u00a0\u00bb0&Prime; sidebar=\u00a0\u00bbsidebar-1&Prime;][vc_column][vc_row_inner css=\u00a0\u00bb.vc_custom_1663780141361{padding-bottom: 15px !important;}\u00a0\u00bb][vc_column_inner width=\u00a0\u00bb1\/2&Prime;][mk_image src=\u00a0\u00bbhttps:\/\/fertilab.com\/wp-content\/uploads\/2024\/06\/federica-moffa-caption-4.6.24.png\u00a0\u00bb image_size=\u00a0\u00bbfull\u00a0\u00bb lightbox=\u00a0\u00bbtrue\u00a0\u00bb custom_lightbox=\u00a0\u00bbhttps:\/\/youtu.be\/To1Hp9te90E\u00a0\u00bb align=\u00a0\u00bbcenter\u00a0\u00bb margin_bottom=\u00a0\u00bb17&Prime;][\/vc_column_inner][vc_column_inner width=\u00a0\u00bb1\/2&Prime;][mk_fancy_title color=\u00a0\u00bb#4a76c9&Prime; size=\u00a0\u00bb21&Prime; font_weight=\u00a0\u00bbbold\u00a0\u00bb font_style=\u00a0\u00bbnormal\u00a0\u00bb txt_transform=\u00a0\u00bbuppercase\u00a0\u00bb margin_bottom=\u00a0\u00bb22&Prime; font_family=\u00a0\u00bbnone\u00a0\u00bb]Unit\u00e9 d\u2019onco-fertilit\u00e9[\/mk_fancy_title][mk_fancy_title color=\u00a0\u00bb#4a76c9&Prime; size=\u00a0\u00bb21&Prime; font_weight=\u00a0\u00bb300&Prime; font_style=\u00a0\u00bbitalic\u00a0\u00bb margin_bottom=\u00a0\u00bb0&Prime; font_family=\u00a0\u00bbnone\u00a0\u00bb]Qu\u2019est-ce que l\u2019onco-fertilit\u00e9\u00a0?[\/mk_fancy_title][vc_column_text css=\u00a0\u00bb.vc_custom_1664271727132{margin-bottom: 0px !important;}\u00a0\u00bb]L\u2019onco-fertilit\u00e9 est la branche de la m\u00e9decine reproductive humaine qui \u00e9tudie <strong>les effets et les risques des traitements du cancer sur la fertilit\u00e9 et la grossesse,<\/strong> tout en \u00e9valuant les effets et les risques des traitements de la grossesse et de la fertilit\u00e9 chez les patients atteints de cancer.[\/vc_column_text][vc_column_text css=\u00a0\u00bb.vc_custom_1664271732251{margin-bottom: 0px !important;}\u00a0\u00bb]Cette sp\u00e9cialit\u00e9 est de plus en plus pertinente en raison de plusieurs facteurs, qui ont \u00e9volu\u00e9 rapidement au cours des 20\u00a0derni\u00e8res ann\u00e9es\u00a0:[\/vc_column_text][\/vc_column_inner][\/vc_row_inner][vc_row_inner css=\u00a0\u00bb.vc_custom_1529330850334{padding-bottom: 50px !important;}\u00a0\u00bb][vc_column_inner][mk_custom_list style=\u00a0\u00bbmk-moon-circle-small\u00a0\u00bb icon_color=\u00a0\u00bb#4a76c9&Prime; el_class=\u00a0\u00bblist-default min\u00a0\u00bb]\n<ul>\n<li>Augmentation de l\u2019incidence du cancer chez les enfants et les femmes en \u00e2ge de procr\u00e9er, ce qui a entra\u00een\u00e9 une augmentation du nombre de consultations.<\/li>\n<li>Am\u00e9lioration de la survie des patients atteints de cancer, qui peuvent envisager leur projet familial une fois apr\u00e8s avoir surmont\u00e9 la maladie.<\/li>\n<li>Retard progressif de la maternit\u00e9, entra\u00eenant un risque accru d\u2019avoir d\u00e9velopp\u00e9 certaines tumeurs telles qu\u2019un cancer du sein ou du c\u00f4lon AVANT d\u2019\u00eatre m\u00e8re, ou avant d\u2019avoir r\u00e9alis\u00e9 le mod\u00e8le familial souhait\u00e9.<\/li>\n<\/ul>\n[\/mk_custom_list][vc_column_text css=\u00a0\u00bb.vc_custom_1664271829172{margin-bottom: 0px !important;}\u00a0\u00bb]Il s\u2019agit d\u2019une sp\u00e9cialit\u00e9 MULTIDISCIPLINAIRE, compos\u00e9e de sp\u00e9cialistes de diff\u00e9rents domaines\u00a0: obst\u00e9triciens, sp\u00e9cialistes en m\u00e9decine reproductive, oncologie (gyn\u00e9cologique, m\u00e9dicale), radio-oncologie, psycho-oncologues, nutritionnistes. Selon le type de tumeur du patient, des m\u00e9decins d\u2019autres sp\u00e9cialit\u00e9s peuvent \u00e9galement participer\u00a0: chirurgiens g\u00e9n\u00e9raux, h\u00e9matologues, etc.<\/p>\n<p><strong>Que dois-je faire si l\u2019on me diagnostique un cancer, ou si je l\u2019ai d\u00e9j\u00e0 surmont\u00e9 et que je souhaite avoir des enfants\u00a0?<\/strong>[\/vc_column_text][mk_custom_list style=\u00a0\u00bbmk-moon-circle-small\u00a0\u00bb icon_color=\u00a0\u00bb#4a76c9&Prime; el_class=\u00a0\u00bblist-default min\u00a0\u00bb]\n<ul>\n<li>En cas de diagnostic r\u00e9cent, il est important de demander une premi\u00e8re visite urgente, avant m\u00eame de commencer les traitements pr\u00e9vus. Cela nous permettra de prendre des mesures pour pr\u00e9server la fertilit\u00e9, le cas \u00e9ch\u00e9ant.<\/li>\n<li>Dans le cas d\u2019un diagnostic ant\u00e9rieur, une fois le traitement du cancer termin\u00e9, il vous sera demand\u00e9 d\u2019envoyer tous les documents relatifs au diagnostic et au traitement de votre cancer, ainsi qu\u2019une lettre de votre oncologue d\u00e9taillant les derniers tests de contr\u00f4le, ou les m\u00e9dicaments en cours.<\/li>\n<\/ul>\n[\/mk_custom_list][mk_fancy_title color=\u00a0\u00bb#4a76c9&Prime; size=\u00a0\u00bb21&Prime; font_weight=\u00a0\u00bbbold\u00a0\u00bb font_style=\u00a0\u00bbnormal\u00a0\u00bb txt_transform=\u00a0\u00bbuppercase\u00a0\u00bb margin_bottom=\u00a0\u00bb22&Prime; font_family=\u00a0\u00bbnone\u00a0\u00bb]Pr\u00e9sentation de l\u2019unit\u00e9[\/mk_fancy_title][vc_column_text css=\u00a0\u00bb.vc_custom_1664271892747{margin-bottom: 0px !important;}\u00a0\u00bb]L\u2019unit\u00e9 d\u2019onco-fertilit\u00e9 de Fertilab Barcelona est pionni\u00e8re en Europe, et est compos\u00e9e d\u2019experts ayant plus de 20\u00a0ans d\u2019activit\u00e9 de soins et de recherche dans le domaine de la reproduction humaine et de l\u2019oncologie. L\u2019unit\u00e9 est dirig\u00e9e par le Dr. Alex Garcia-Faura.<\/p>\n<p>Elle collabore avec des centres du monde entier dans le cadre d\u2019essais cliniques sur diff\u00e9rents types de tumeurs, telles que les cancers du sein, de l\u2019endom\u00e8tre, des ovaires, du c\u00f4lon et les tumeurs h\u00e9matologiques. (leuc\u00e9mie, lymphome) ou autres comme le m\u00e9lanome ou le cancer de la thyro\u00efde.<\/p>\n<p>Le traitement personnalis\u00e9 et individualis\u00e9 de chaque patient est un facteur cl\u00e9 non seulement pour voir un enfant en bonne sant\u00e9, avec un taux de r\u00e9ussite \u00e9lev\u00e9 et rapidement, mais aussi en raison de l\u2019approche humaine et solidaire du patient de nos professionnels.[\/vc_column_text][\/vc_column_inner][\/vc_row_inner][\/vc_column][\/mk_page_section][mk_page_section bg_color=\u00a0\u00bb#eff4fa\u00a0\u00bb padding_top=\u00a0\u00bb\u00a0\u00bb padding_bottom=\u00a0\u00bb\u00a0\u00bb sidebar=\u00a0\u00bbsidebar-1&Prime;][vc_column css=\u00a0\u00bb.vc_custom_1664219849384{padding-top: 50px !important;}\u00a0\u00bb][vc_row_inner css=\u00a0\u00bb.vc_custom_1529330850334{padding-bottom: 50px !important;}\u00a0\u00bb][vc_column_inner][mk_fancy_title color=\u00a0\u00bb#4a76c9&Prime; size=\u00a0\u00bb21&Prime; font_weight=\u00a0\u00bbbold\u00a0\u00bb font_style=\u00a0\u00bbnormal\u00a0\u00bb txt_transform=\u00a0\u00bbuppercase\u00a0\u00bb margin_bottom=\u00a0\u00bb22&Prime; font_family=\u00a0\u00bbnone\u00a0\u00bb]Objectifs de l\u2019unit\u00e9[\/mk_fancy_title][vc_column_text css=\u00a0\u00bb.vc_custom_1664271924724{margin-bottom: 0px !important;}\u00a0\u00bb]L\u2019unit\u00e9 d\u2019Onco-fertilit\u00e9 de Fertilab Barcelona a plusieurs objectifs au moment d\u2019accompagner les patientes\u00a0:[\/vc_column_text][mk_custom_list style=\u00a0\u00bbmk-moon-circle-small\u00a0\u00bb icon_color=\u00a0\u00bb#4a76c9&Prime; el_class=\u00a0\u00bblist-default min\u00a0\u00bb]\n<ul>\n<li><strong>En cas de diagnostic de cancer, orienter la patiente sur les diff\u00e9rentes options disponibles pour pr\u00e9server sa fertilit\u00e9.<\/strong> Des techniques qui peuvent r\u00e9duire les risques du traitement du cancer sur votre fertilit\u00e9 future, aux techniques qui nous permettent de pr\u00e9server les gam\u00e8tes (ovules ou sperme) ou embryons afin de pouvoir devenir m\u00e8re dans le futur.<\/li>\n<li><strong>Un soutien psychologique<\/strong> pour la patiente \u00e0 un moment de grande d\u00e9tresse face au cancer, alors qu\u2019elle doit reconsid\u00e9rer son avenir reproductif.<\/li>\n<li><strong>Apr\u00e8s avoir surmont\u00e9 le traitement oncologique<\/strong>, rassembler toute la documentation n\u00e9cessaire afin d\u2019aborder une grossesse s\u00fbre et proposer \u00e0 la patiente le moment id\u00e9al et la m\u00e9thode \u00e0 suivre (reproduction naturelle ou assist\u00e9e).<\/li>\n<li><strong>\u00c9valuer les risques du traitement oncologique sur la grossesse <\/strong>et, de la grossesse sur le risque de r\u00e9cidive du cancer\u00a0; d\u00e9cider avec le patient des options possibles et \u00e9viter ainsi celles qui sont trop risqu\u00e9es ou celles que nous ne pouvons pas assumer.<\/li>\n<li><strong>\u00c9valuer les autres facteurs de risque<\/strong>, comme l\u2019\u00e2ge avanc\u00e9, l\u2019ob\u00e9sit\u00e9, etc., qui peuvent augmenter les risques.<\/li>\n<\/ul>\n[\/mk_custom_list][\/vc_column_inner][\/vc_row_inner][\/vc_column][\/mk_page_section][mk_page_section bg_color=\u00a0\u00bb#ffffff\u00a0\u00bb padding_top=\u00a0\u00bb80&Prime; padding_bottom=\u00a0\u00bb30&Prime; sidebar=\u00a0\u00bbsidebar-1&Prime;][vc_column][vc_row_inner css=\u00a0\u00bb.vc_custom_1529330850334{padding-bottom: 50px !important;}\u00a0\u00bb][vc_column_inner][mk_fancy_title color=\u00a0\u00bb#4a76c9&Prime; size=\u00a0\u00bb21&Prime; font_weight=\u00a0\u00bbbold\u00a0\u00bb font_style=\u00a0\u00bbnormal\u00a0\u00bb txt_transform=\u00a0\u00bbuppercase\u00a0\u00bb margin_bottom=\u00a0\u00bb22&Prime; font_family=\u00a0\u00bbnone\u00a0\u00bb]Taux de r\u00e9ussite de l\u2019onco-fertilit\u00e9[\/mk_fancy_title][mk_custom_list style=\u00a0\u00bbmk-moon-circle-small\u00a0\u00bb icon_color=\u00a0\u00bb#4a76c9&Prime; el_class=\u00a0\u00bblist-default min\u00a0\u00bb]En g\u00e9n\u00e9ral, si le traitement oncologique a \u00e9t\u00e9 exhaustif, l\u2019oncologue consid\u00e8re que le traitement est termin\u00e9. De plus, s\u2019il n\u2019existe pas d\u2019autres risques graves (ob\u00e9sit\u00e9, \u00e2ge &gt; 50\u00a0ans)\u00a0:<\/p>\n<ul>\n<li>Plus de 90\u00a0% de patients seront accept\u00e9s par le Comit\u00e9 d\u2019onco-fertilit\u00e9 pour lancer leur projet familial.<\/li>\n<li>Plus de 80\u00a0% de patients r\u00e9ussiront finalement \u00e0 avoir un b\u00e9b\u00e9 en bonne sant\u00e9.<\/li>\n<li>Le d\u00e9lai moyen entre la premi\u00e8re visite et l\u2019accouchement se situe en moyenne entre un\u00a0an\u00a0et un\u00a0an\u00a0et demi, selon qu\u2019il existe ou non d\u2019autres probl\u00e8mes d\u2019infertilit\u00e9.<\/li>\n<li>Si des mesures pertinentes de pr\u00e9servation de la fertilit\u00e9 ont \u00e9t\u00e9 prises (cong\u00e9lation des ovules, sperme, etc.) plus de 50\u00a0% des patients auront un enfant avec leurs propres gam\u00e8tes. Pourtant, \u00e0 l\u2019heure actuelle, 90\u00a0% des patients doivent recourir au don de gam\u00e8tes ou d\u2019embryons pour avoir un enfant en bonne sant\u00e9.<\/li>\n<\/ul>\n[\/mk_custom_list][\/vc_column_inner][\/vc_row_inner][\/vc_column][\/mk_page_section][mk_page_section bg_position=\u00a0\u00bbcenter center\u00a0\u00bb bg_repeat=\u00a0\u00bbno-repeat\u00a0\u00bb bg_stretch=\u00a0\u00bbtrue\u00a0\u00bb min_height=\u00a0\u00bb0&Prime; full_width=\u00a0\u00bbtrue\u00a0\u00bb padding_top=\u00a0\u00bb0&Prime; padding_bottom=\u00a0\u00bb65&Prime; el_class=\u00a0\u00bbcontact-bottom responsive-contact\u00a0\u00bb sidebar=\u00a0\u00bbsidebar-1&Prime;][vc_column][mk_fancy_title color=\u00a0\u00bb#7d7d7e\u00a0\u00bb size=\u00a0\u00bb28&Prime; force_font_size=\u00a0\u00bbtrue\u00a0\u00bb size_smallscreen=\u00a0\u00bb38&Prime; size_tablet=\u00a0\u00bb36&Prime; size_phone=\u00a0\u00bb32&Prime; font_weight=\u00a0\u00bb300&Prime; margin_bottom=\u00a0\u00bb40&Prime; font_family=\u00a0\u00bbnone\u00a0\u00bb align=\u00a0\u00bbcenter\u00a0\u00bb]\u00cates-vous int\u00e9ress\u00e9 par ce traitement?[\/mk_fancy_title][vc_column_text align=\u00a0\u00bbcenter\u00a0\u00bb el_class=\u00a0\u00bbbtnContact\u00a0\u00bb css=\u00a0\u00bb.vc_custom_1664272231428{margin-bottom: 0px !important;}\u00a0\u00bb]<a href=\"https:\/\/fertilab.com\/fr\/contact\/\">ENTRER EN CONTACT<\/a>[\/vc_column_text][\/vc_column][\/mk_page_section][vc_row visibility=\u00a0\u00bbvisible-sm\u00a0\u00bb el_class=\u00a0\u00bbrowTelephone\u00a0\u00bb][vc_column][vc_raw_html]JTNDZGl2JTIwaWQlM0QlMjJwaG9uZWJhckZpeGVkJTIyJTNFJTBBJTIwJTIwUGlkZSUyMGNpdGElMjBhbCUyMHRlbCVDMyVBOWZvbm8lMjBncmF0dWl0byUyMCUzQ2ElMjBocmVmJTNEJTIydGVsJTNBOTMyNDExNDE0JTIyJTNFOTMlMjAyNDElMjAxNCUyMDE0JTNDJTJGYSUzRSUwQSUzQyUyRmRpdiUzRQ==[\/vc_raw_html][\/vc_column][\/vc_row]\n<\/div>","protected":false},"excerpt":{"rendered":"<p>[mk_page_section bg_image=\u00a0\u00bbhttps:\/\/fertilab.com\/wp-content\/uploads\/2022\/09\/unidad-oncofertilidad.jpg\u00a0\u00bb bg_position=\u00a0\u00bbcenter center\u00a0\u00bb bg_repeat=\u00a0\u00bbno-repeat\u00a0\u00bb bg_stretch=\u00a0\u00bbtrue\u00a0\u00bb bg_gradient=\u00a0\u00bbvertical\u00a0\u00bb video_color_mask=\u00a0\u00bb#145da8&Prime; gr_end=\u00a0\u00bbrgba(20,93,168,0.25)\u00a0\u00bb top_shadow=\u00a0\u00bbtrue\u00a0\u00bb min_height=\u00a0\u00bb368&Prime; full_width=\u00a0\u00bbtrue\u00a0\u00bb padding_top=\u00a0\u00bb0&Prime; padding_bottom=\u00a0\u00bb0&Prime; section_id=\u00a0\u00bbhero-esp\u00a0\u00bb el_class=\u00a0\u00bbmaxHeightTitleSection\u00a0\u00bb sidebar=\u00a0\u00bbsidebar-1&Prime;][vc_column][vc_row_inner is_fullwidth_content=\u00a0\u00bbfalse\u00a0\u00bb][vc_column_inner css=\u00a0\u00bb.vc_custom_1664272775383{padding-top: 150px !important;}\u00a0\u00bb][mk_fancy_title tag_name=\u00a0\u00bbh1&Prime; color=\u00a0\u00bb#ffffff\u00a0\u00bb size=\u00a0\u00bb42&Prime; force_font_size=\u00a0\u00bbtrue\u00a0\u00bb size_smallscreen=\u00a0\u00bb38&Prime; size_tablet=\u00a0\u00bb36&Prime; size_phone=\u00a0\u00bb32&Prime; font_weight=\u00a0\u00bb300&Prime; txt_transform=\u00a0\u00bbnone\u00a0\u00bb margin_bottom=\u00a0\u00bb0&Prime; font_family=\u00a0\u00bbnone\u00a0\u00bb align=\u00a0\u00bbcenter\u00a0\u00bb el_class=\u00a0\u00bbtitleWidth\u00a0\u00bb]Unit\u00e9 d\u2019onco-fertilit\u00e9[\/mk_fancy_title][\/vc_column_inner][\/vc_row_inner][\/vc_column][\/mk_page_section][vc_row][vc_column][\/vc_column][\/vc_row][mk_page_section bg_color=\u00a0\u00bb#ffffff\u00a0\u00bb padding_top=\u00a0\u00bb80&Prime; padding_bottom=\u00a0\u00bb0&Prime; sidebar=\u00a0\u00bbsidebar-1&Prime;][vc_column][vc_row_inner css=\u00a0\u00bb.vc_custom_1663780141361{padding-bottom: 15px !important;}\u00a0\u00bb][vc_column_inner width=\u00a0\u00bb1\/2&Prime;][mk_image src=\u00a0\u00bbhttps:\/\/fertilab.com\/wp-content\/uploads\/2024\/06\/federica-moffa-caption-4.6.24.png\u00a0\u00bb image_size=\u00a0\u00bbfull\u00a0\u00bb lightbox=\u00a0\u00bbtrue\u00a0\u00bb custom_lightbox=\u00a0\u00bbhttps:\/\/youtu.be\/To1Hp9te90E\u00a0\u00bb align=\u00a0\u00bbcenter\u00a0\u00bb margin_bottom=\u00a0\u00bb17&Prime;][\/vc_column_inner][vc_column_inner width=\u00a0\u00bb1\/2&Prime;][mk_fancy_title color=\u00a0\u00bb#4a76c9&Prime; size=\u00a0\u00bb21&Prime; font_weight=\u00a0\u00bbbold\u00a0\u00bb font_style=\u00a0\u00bbnormal\u00a0\u00bb txt_transform=\u00a0\u00bbuppercase\u00a0\u00bb [&hellip;]<\/p>\n","protected":false},"author":1,"featured_media":0,"parent":0,"menu_order":0,"comment_status":"closed","ping_status":"closed","template":"","meta":{"footnotes":""},"class_list":["post-58501","page","type-page","status-publish","hentry"],"yoast_head":"<!-- This site is optimized with the Yoast SEO plugin v27.4 - https:\/\/yoast.com\/product\/yoast-seo-wordpress\/ -->\n<title>Unit\u00e9 d\u2019onco-fertilit\u00e9 | Cl\u00ednica Fertilab Barcelona<\/title>\n<meta name=\"description\" content=\"Unit\u00e9 d\u2019onco-fertilit\u00e9\" \/>\n<meta name=\"robots\" content=\"index, follow, max-snippet:-1, max-image-preview:large, max-video-preview:-1\" \/>\n<link rel=\"canonical\" href=\"https:\/\/fertilab.com\/fr\/unidad-de-oncofertilidad\/\" \/>\n<meta property=\"og:locale\" content=\"fr_FR\" \/>\n<meta property=\"og:type\" content=\"article\" \/>\n<meta property=\"og:title\" content=\"Unit\u00e9 d\u2019onco-fertilit\u00e9 | Cl\u00ednica Fertilab Barcelona\" \/>\n<meta property=\"og:description\" content=\"Unit\u00e9 d\u2019onco-fertilit\u00e9\" \/>\n<meta property=\"og:url\" content=\"https:\/\/fertilab.com\/fr\/unidad-de-oncofertilidad\/\" \/>\n<meta property=\"og:site_name\" content=\"Fertilab Barcelona\" \/>\n<meta property=\"article:publisher\" content=\"https:\/\/www.facebook.com\/fertilabbarcelona\" \/>\n<meta property=\"article:modified_time\" content=\"2024-06-04T08:39:32+00:00\" \/>\n<meta name=\"twitter:card\" content=\"summary_large_image\" \/>\n<meta name=\"twitter:label1\" content=\"Dur\u00e9e de lecture estim\u00e9e\" \/>\n\t<meta name=\"twitter:data1\" content=\"5 minutes\" \/>\n<script type=\"application\/ld+json\" class=\"yoast-schema-graph\">{\"@context\":\"https:\\\/\\\/schema.org\",\"@graph\":[{\"@type\":\"WebPage\",\"@id\":\"https:\\\/\\\/fertilab.com\\\/fr\\\/unidad-de-oncofertilidad\\\/\",\"url\":\"https:\\\/\\\/fertilab.com\\\/fr\\\/unidad-de-oncofertilidad\\\/\",\"name\":\"Unit\u00e9 d\u2019onco-fertilit\u00e9 | Cl\u00ednica Fertilab Barcelona\",\"isPartOf\":{\"@id\":\"https:\\\/\\\/fertilab.com\\\/#website\"},\"datePublished\":\"2022-09-27T09:50:50+00:00\",\"dateModified\":\"2024-06-04T08:39:32+00:00\",\"description\":\"Unit\u00e9 d\u2019onco-fertilit\u00e9\",\"breadcrumb\":{\"@id\":\"https:\\\/\\\/fertilab.com\\\/fr\\\/unidad-de-oncofertilidad\\\/#breadcrumb\"},\"inLanguage\":\"fr-FR\",\"potentialAction\":[{\"@type\":\"ReadAction\",\"target\":[\"https:\\\/\\\/fertilab.com\\\/fr\\\/unidad-de-oncofertilidad\\\/\"]}]},{\"@type\":\"BreadcrumbList\",\"@id\":\"https:\\\/\\\/fertilab.com\\\/fr\\\/unidad-de-oncofertilidad\\\/#breadcrumb\",\"itemListElement\":[{\"@type\":\"ListItem\",\"position\":1,\"name\":\"Home\",\"item\":\"https:\\\/\\\/fertilab.com\\\/fr\\\/\"},{\"@type\":\"ListItem\",\"position\":2,\"name\":\"Unit\u00e9 d\u2019onco-fertilit\u00e9\"}]},{\"@type\":\"WebSite\",\"@id\":\"https:\\\/\\\/fertilab.com\\\/#website\",\"url\":\"https:\\\/\\\/fertilab.com\\\/\",\"name\":\"Fertilab Barcelona\",\"description\":\"Trabajamos para que pod\u00e1is sentir la emoci\u00f3n de ser padres\",\"publisher\":{\"@id\":\"https:\\\/\\\/fertilab.com\\\/#organization\"},\"potentialAction\":[{\"@type\":\"SearchAction\",\"target\":{\"@type\":\"EntryPoint\",\"urlTemplate\":\"https:\\\/\\\/fertilab.com\\\/?s={search_term_string}\"},\"query-input\":{\"@type\":\"PropertyValueSpecification\",\"valueRequired\":true,\"valueName\":\"search_term_string\"}}],\"inLanguage\":\"fr-FR\"},{\"@type\":\"Organization\",\"@id\":\"https:\\\/\\\/fertilab.com\\\/#organization\",\"name\":\"Fertilab Barcelona\",\"url\":\"https:\\\/\\\/fertilab.com\\\/\",\"logo\":{\"@type\":\"ImageObject\",\"inLanguage\":\"fr-FR\",\"@id\":\"https:\\\/\\\/fertilab.com\\\/#\\\/schema\\\/logo\\\/image\\\/\",\"url\":\"https:\\\/\\\/fertilab.com\\\/wp-content\\\/uploads\\\/2023\\\/10\\\/cropped-fertilab-logo-fav.png\",\"contentUrl\":\"https:\\\/\\\/fertilab.com\\\/wp-content\\\/uploads\\\/2023\\\/10\\\/cropped-fertilab-logo-fav.png\",\"width\":512,\"height\":512,\"caption\":\"Fertilab Barcelona\"},\"image\":{\"@id\":\"https:\\\/\\\/fertilab.com\\\/#\\\/schema\\\/logo\\\/image\\\/\"},\"sameAs\":[\"https:\\\/\\\/www.facebook.com\\\/fertilabbarcelona\",\"https:\\\/\\\/www.youtube.com\\\/user\\\/FertilabTV\"]}]}<\/script>\n<!-- \/ Yoast SEO plugin. -->","yoast_head_json":{"title":"Unit\u00e9 d\u2019onco-fertilit\u00e9 | Cl\u00ednica Fertilab Barcelona","description":"Unit\u00e9 d\u2019onco-fertilit\u00e9","robots":{"index":"index","follow":"follow","max-snippet":"max-snippet:-1","max-image-preview":"max-image-preview:large","max-video-preview":"max-video-preview:-1"},"canonical":"https:\/\/fertilab.com\/fr\/unidad-de-oncofertilidad\/","og_locale":"fr_FR","og_type":"article","og_title":"Unit\u00e9 d\u2019onco-fertilit\u00e9 | Cl\u00ednica Fertilab Barcelona","og_description":"Unit\u00e9 d\u2019onco-fertilit\u00e9","og_url":"https:\/\/fertilab.com\/fr\/unidad-de-oncofertilidad\/","og_site_name":"Fertilab Barcelona","article_publisher":"https:\/\/www.facebook.com\/fertilabbarcelona","article_modified_time":"2024-06-04T08:39:32+00:00","twitter_card":"summary_large_image","twitter_misc":{"Dur\u00e9e de lecture estim\u00e9e":"5 minutes"},"schema":{"@context":"https:\/\/schema.org","@graph":[{"@type":"WebPage","@id":"https:\/\/fertilab.com\/fr\/unidad-de-oncofertilidad\/","url":"https:\/\/fertilab.com\/fr\/unidad-de-oncofertilidad\/","name":"Unit\u00e9 d\u2019onco-fertilit\u00e9 | Cl\u00ednica Fertilab Barcelona","isPartOf":{"@id":"https:\/\/fertilab.com\/#website"},"datePublished":"2022-09-27T09:50:50+00:00","dateModified":"2024-06-04T08:39:32+00:00","description":"Unit\u00e9 d\u2019onco-fertilit\u00e9","breadcrumb":{"@id":"https:\/\/fertilab.com\/fr\/unidad-de-oncofertilidad\/#breadcrumb"},"inLanguage":"fr-FR","potentialAction":[{"@type":"ReadAction","target":["https:\/\/fertilab.com\/fr\/unidad-de-oncofertilidad\/"]}]},{"@type":"BreadcrumbList","@id":"https:\/\/fertilab.com\/fr\/unidad-de-oncofertilidad\/#breadcrumb","itemListElement":[{"@type":"ListItem","position":1,"name":"Home","item":"https:\/\/fertilab.com\/fr\/"},{"@type":"ListItem","position":2,"name":"Unit\u00e9 d\u2019onco-fertilit\u00e9"}]},{"@type":"WebSite","@id":"https:\/\/fertilab.com\/#website","url":"https:\/\/fertilab.com\/","name":"Fertilab Barcelona","description":"Trabajamos para que pod\u00e1is sentir la emoci\u00f3n de ser padres","publisher":{"@id":"https:\/\/fertilab.com\/#organization"},"potentialAction":[{"@type":"SearchAction","target":{"@type":"EntryPoint","urlTemplate":"https:\/\/fertilab.com\/?s={search_term_string}"},"query-input":{"@type":"PropertyValueSpecification","valueRequired":true,"valueName":"search_term_string"}}],"inLanguage":"fr-FR"},{"@type":"Organization","@id":"https:\/\/fertilab.com\/#organization","name":"Fertilab Barcelona","url":"https:\/\/fertilab.com\/","logo":{"@type":"ImageObject","inLanguage":"fr-FR","@id":"https:\/\/fertilab.com\/#\/schema\/logo\/image\/","url":"https:\/\/fertilab.com\/wp-content\/uploads\/2023\/10\/cropped-fertilab-logo-fav.png","contentUrl":"https:\/\/fertilab.com\/wp-content\/uploads\/2023\/10\/cropped-fertilab-logo-fav.png","width":512,"height":512,"caption":"Fertilab Barcelona"},"image":{"@id":"https:\/\/fertilab.com\/#\/schema\/logo\/image\/"},"sameAs":["https:\/\/www.facebook.com\/fertilabbarcelona","https:\/\/www.youtube.com\/user\/FertilabTV"]}]}},"_links":{"self":[{"href":"https:\/\/fertilab.com\/fr\/wp-json\/wp\/v2\/pages\/58501","targetHints":{"allow":["GET"]}}],"collection":[{"href":"https:\/\/fertilab.com\/fr\/wp-json\/wp\/v2\/pages"}],"about":[{"href":"https:\/\/fertilab.com\/fr\/wp-json\/wp\/v2\/types\/page"}],"author":[{"embeddable":true,"href":"https:\/\/fertilab.com\/fr\/wp-json\/wp\/v2\/users\/1"}],"replies":[{"embeddable":true,"href":"https:\/\/fertilab.com\/fr\/wp-json\/wp\/v2\/comments?post=58501"}],"version-history":[{"count":0,"href":"https:\/\/fertilab.com\/fr\/wp-json\/wp\/v2\/pages\/58501\/revisions"}],"wp:attachment":[{"href":"https:\/\/fertilab.com\/fr\/wp-json\/wp\/v2\/media?parent=58501"}],"curies":[{"name":"wp","href":"https:\/\/api.w.org\/{rel}","templated":true}]}}