{"id":8767,"date":"2019-03-18T10:18:09","date_gmt":"2019-03-18T10:18:09","guid":{"rendered":"https:\/\/fertilab.com\/?page_id=8767"},"modified":"2019-03-18T11:50:39","modified_gmt":"2019-03-18T11:50:39","slug":"don-ovocyte-espagne","status":"publish","type":"page","link":"https:\/\/fertilab.com\/fr\/don-ovocyte-espagne\/","title":{"rendered":"Don ovocyte Espagne"},"content":{"rendered":"<div class=\"wpb-content-wrapper\">[mk_page_section vertical_align=\u00a0\u00bbcenter\u00a0\u00bb bg_image=\u00a0\u00bbhttps:\/\/fertilab.com\/wp-content\/uploads\/2012\/09\/embryogen.jpg\u00a0\u00bb bg_position=\u00a0\u00bbcenter center\u00a0\u00bb bg_repeat=\u00a0\u00bbno-repeat\u00a0\u00bb bg_stretch=\u00a0\u00bbtrue\u00a0\u00bb bg_gradient=\u00a0\u00bbvertical\u00a0\u00bb video_color_mask=\u00a0\u00bb#145da8&Prime; gr_end=\u00a0\u00bbrgba(20,93,168,0.25)\u00a0\u00bb top_shadow=\u00a0\u00bbtrue\u00a0\u00bb min_height=\u00a0\u00bb530&Prime; full_width=\u00a0\u00bbtrue\u00a0\u00bb padding_top=\u00a0\u00bb0&Prime; padding_bottom=\u00a0\u00bb0&Prime; sidebar=\u00a0\u00bbsidebar-1&Prime;][vc_column][vc_row_inner is_fullwidth_content=\u00a0\u00bbfalse\u00a0\u00bb][vc_column_inner][mk_fancy_title tag_name=\u00a0\u00bbh1&Prime; color=\u00a0\u00bb#ffffff\u00a0\u00bb size=\u00a0\u00bb42&Prime; force_font_size=\u00a0\u00bbtrue\u00a0\u00bb size_smallscreen=\u00a0\u00bb38&Prime; size_tablet=\u00a0\u00bb36&Prime; size_phone=\u00a0\u00bb32&Prime; font_weight=\u00a0\u00bb300&Prime; txt_transform=\u00a0\u00bbnone\u00a0\u00bb margin_bottom=\u00a0\u00bb0&Prime; font_family=\u00a0\u00bbnone\u00a0\u00bb align=\u00a0\u00bbcenter\u00a0\u00bb el_class=\u00a0\u00bbtitleWidth\u00a0\u00bb]Don ovocytes Espagne[\/mk_fancy_title][\/vc_column_inner][\/vc_row_inner][\/vc_column][\/mk_page_section][vc_row css=\u00a0\u00bb.vc_custom_1552901880887{margin-top: 40px !important;margin-right: 0px !important;margin-bottom: 60px !important;margin-left: 0px !important;}\u00a0\u00bb][vc_column width=\u00a0\u00bb1\/6&Prime;][\/vc_column][vc_column width=\u00a0\u00bb4\/6&Prime;][vc_column_text align=\u00a0\u00bbcenter\u00a0\u00bb css=\u00a0\u00bb.vc_custom_1552909816574{margin-bottom: 0px !important;}\u00a0\u00bb]Notre clinique sp\u00e9cialis\u00e9e dans le <strong>don d\u2019ovules en Espagne<\/strong> est devenue le premier choix de nombreuses personnes qui optent pour cette solution afin de r\u00e9aliser leur d\u00e9sir d\u2019avoir un enfant.<\/p>\n<p>Nous disposons d\u2019une \u00e9quipe de sp\u00e9cialistes ayant une grande exp\u00e9rience qui se chargeront de chaque patient de mani\u00e8re personnalis\u00e9e. Ceci, ajout\u00e9 aux \u00e9quipements les plus modernes, nous permet de garantir les meilleurs r\u00e9sultats avec moins de tentatives.<\/p>\n<h2>R\u00e9f\u00e9rences en mati\u00e8re de don d\u2019ovules en Espagne<\/h2>\n<p>Notre clinique de <a title=\"FIV Espagne prix\" href=\"https:\/\/fertilab.com\/fr\/fiv-espagne-prix\/\">f\u00e9condation in vitro en Espagne \u00e0 un prix<\/a> abordable occupe une place pr\u00e9\u00e9minente pour plusieurs raisons telles que la qualit\u00e9 des soins que nous offrons \u00e0 nos patients. Une assistance qui se distingue par sa personnalisation avec une attention ax\u00e9e sur la pr\u00e9cision du diagnostic et le succ\u00e8s du traitement. En fait, nous avons un taux de r\u00e9ussite sup\u00e9rieur \u00e0 la moyenne nationale. Nous avons atteint 75\u00a0% de taux de grossesse avec transfert de blastocystes en une seule tentative. Cette pr\u00e9sentation est celle qui attire les gens de l\u2019int\u00e9rieur et de l\u2019ext\u00e9rieur de nos fronti\u00e8res vers notre centre, des personnes qui recherchent le <strong>don d\u2019ovocytes en Espagne<\/strong> dans les meilleures conditions.<\/p>\n<p><img fetchpriority=\"high\" decoding=\"async\" class=\"aligncenter size-large wp-image-2734\" title=\"Don ovocyte Espagne\" src=\"https:\/\/fertilab.com\/wp-content\/uploads\/2018\/06\/naturalivf-1024x336.jpg\" alt=\"don ovocyte espagne\" width=\"1024\" height=\"336\" srcset=\"https:\/\/fertilab.com\/wp-content\/uploads\/2018\/06\/naturalivf-1024x336.jpg 1024w, https:\/\/fertilab.com\/wp-content\/uploads\/2018\/06\/naturalivf-300x98.jpg 300w, https:\/\/fertilab.com\/wp-content\/uploads\/2018\/06\/naturalivf-768x252.jpg 768w, https:\/\/fertilab.com\/wp-content\/uploads\/2018\/06\/naturalivf.jpg 1919w\" sizes=\"(max-width: 1024px) 100vw, 1024px\" \/><\/p>\n<p>Que ce soit pour la f\u00e9condation in vitro ou pour les autres techniques dont nous sommes sp\u00e9cialistes, nous employons les derni\u00e8res technologies et les techniques les plus avanc\u00e9es dans le domaine de la reproduction assist\u00e9e. Nous mettons \u00e0 la disposition de chaque patient nous accordant sa confiance toute notre exp\u00e9rience professionnelle et la technologie la plus avant-gardiste. Nous sommes pionniers dans l\u2019impl\u00e9mentation d\u2019Embryoscope+ \u00e0 Barcelone, le meilleur incubateur au monde aujourd\u2019hui. Nous disposons \u00e9galement de notre propre banque de sperme et d\u2019ovules, ce qui nous permet de contr\u00f4ler l\u2019ensemble du processus et de garantir toujours les meilleurs r\u00e9sultats. Ce n\u2019est pas un hasard si 9\u00a0patients sur 10 r\u00e9alisent leur r\u00eave chez Fertilab Barcelona. Bon nombre d\u2019entre eux voyagent m\u00eame pour avoir acc\u00e8s \u00e0 un <a title=\"Don d'ovocytes Gr\u00e8ce\" href=\"https:\/\/fertilab.com\/fr\/don-dovocytes-grece\/\">don d\u2019ovocytes de Gr\u00e8ce<\/a> et d\u2019autres parties du monde.[\/vc_column_text][\/vc_column][vc_column width=\u00a0\u00bb1\/6&Prime;][\/vc_column][\/vc_row][mk_page_section vertical_align=\u00a0\u00bbcenter\u00a0\u00bb bg_image=\u00a0\u00bbhttps:\/\/fertilab.com\/wp-content\/uploads\/2018\/06\/img_banner_contacto.jpg\u00a0\u00bb bg_position=\u00a0\u00bbcenter center\u00a0\u00bb bg_repeat=\u00a0\u00bbno-repeat\u00a0\u00bb bg_stretch=\u00a0\u00bbtrue\u00a0\u00bb min_height=\u00a0\u00bb700&Prime; js_vertical_centered=\u00a0\u00bbtrue\u00a0\u00bb padding_top=\u00a0\u00bb100&Prime; padding_bottom=\u00a0\u00bb0&Prime; section_id=\u00a0\u00bbsection-form-contact\u00a0\u00bb el_class=\u00a0\u00bbintro-contacto\u00a0\u00bb sidebar=\u00a0\u00bbsidebar-1&Prime;][vc_column][vc_row_inner is_fullwidth_content=\u00a0\u00bbfalse\u00a0\u00bb][vc_column_inner width=\u00a0\u00bb3\/12&Prime;][mk_fancy_title color=\u00a0\u00bb#4fb6e1&Prime; size=\u00a0\u00bb18&Prime; font_weight=\u00a0\u00bbbold\u00a0\u00bb txt_transform=\u00a0\u00bbuppercase\u00a0\u00bb margin_bottom=\u00a0\u00bb0&Prime; font_family=\u00a0\u00bbnone\u00a0\u00bb]CLINIQUE[\/mk_fancy_title][vc_column_text el_class=\u00a0\u00bbcontact-adress\u00a0\u00bb css=\u00a0\u00bb.vc_custom_1529595109766{margin-bottom: 0px !important;}\u00a0\u00bb]Via Augusta, 237-239<br \/>\n08021 Barcelona[\/vc_column_text][vc_column_text el_class=\u00a0\u00bbcontact-phone\u00a0\u00bb css=\u00a0\u00bb.vc_custom_1552902918010{margin-bottom: 0px !important;}\u00a0\u00bb](+34) <a href=\"tel:637033136\">637 033 136<\/a>[\/vc_column_text][vc_column_text el_class=\u00a0\u00bbcontact-mail\u00a0\u00bb css=\u00a0\u00bb.vc_custom_1552902926390{margin-bottom: 0px !important;}\u00a0\u00bb]<a href=\"mailto:info@fertilab.org\">info@fertilab.org<\/a>[\/vc_column_text][\/vc_column_inner][vc_column_inner width=\u00a0\u00bb3\/12&Prime;][mk_fancy_title color=\u00a0\u00bb#4fb6e1&Prime; size=\u00a0\u00bb18&Prime; font_weight=\u00a0\u00bbbold\u00a0\u00bb txt_transform=\u00a0\u00bbuppercase\u00a0\u00bb margin_bottom=\u00a0\u00bb0&Prime; font_family=\u00a0\u00bbnone\u00a0\u00bb]LABORATOIRE[\/mk_fancy_title][vc_column_text el_class=\u00a0\u00bbcontact-adress\u00a0\u00bb css=\u00a0\u00bb.vc_custom_1533804828793{margin-bottom: 0px !important;}\u00a0\u00bb]Via Augusta, 249 (entrance from Alt de Gironella. 58) 08017 Barcelona[\/vc_column_text][vc_column_text el_class=\u00a0\u00bbcontact-phone\u00a0\u00bb css=\u00a0\u00bb.vc_custom_1552902895850{margin-bottom: 0px !important;}\u00a0\u00bb](+34) <a href=\"tel:938874640\">93 887 46 40<\/a>[\/vc_column_text][vc_column_text el_class=\u00a0\u00bbcontact-mail\u00a0\u00bb css=\u00a0\u00bb.vc_custom_1552902903791{margin-bottom: 0px !important;}\u00a0\u00bb]<a href=\"mailto:info@fertilab.org\">info@fertilab.org<\/a>[\/vc_column_text][\/vc_column_inner][vc_column_inner el_class=\u00a0\u00bbcontact-form-layer\u00a0\u00bb width=\u00a0\u00bb6\/12&Prime;][mk_fancy_title color=\u00a0\u00bb#ffffff\u00a0\u00bb size=\u00a0\u00bb18&Prime; font_weight=\u00a0\u00bbbold\u00a0\u00bb txt_transform=\u00a0\u00bbuppercase\u00a0\u00bb margin_bottom=\u00a0\u00bb0&Prime; font_family=\u00a0\u00bbnone\u00a0\u00bb]DEMANDEZ UN RENDEZ-VOUS EN REMPLISSANT LE FORMULAIRE. NOUS VOUS CONTACTERONS D\u00c8S QUE POSSIBLE\u2026[\/mk_fancy_title]\n<div class=\"wpcf7 no-js\" id=\"wpcf7-f2877-o1\" lang=\"en-US\" dir=\"ltr\" data-wpcf7-id=\"2877\">\n<div class=\"screen-reader-response\"><p role=\"status\" aria-live=\"polite\" aria-atomic=\"true\"><\/p> <ul><\/ul><\/div>\n<form action=\"\/fr\/wp-json\/wp\/v2\/pages\/8767#wpcf7-f2877-o1\" method=\"post\" class=\"wpcf7-form init\" aria-label=\"Contact form\" novalidate=\"novalidate\" data-status=\"init\">\n<fieldset class=\"hidden-fields-container\"><input type=\"hidden\" name=\"_wpcf7\" value=\"2877\" \/><input type=\"hidden\" name=\"_wpcf7_version\" value=\"6.1.5\" \/><input type=\"hidden\" name=\"_wpcf7_locale\" value=\"en_US\" \/><input type=\"hidden\" name=\"_wpcf7_unit_tag\" value=\"wpcf7-f2877-o1\" \/><input type=\"hidden\" name=\"_wpcf7_container_post\" value=\"0\" \/><input type=\"hidden\" name=\"_wpcf7_posted_data_hash\" value=\"\" \/><input type=\"hidden\" name=\"_wpcf7_recaptcha_response\" value=\"\" \/>\n<\/fieldset>\n<div class=\"vc_col-sm-6 contact-field\">\n\t<p><label> Pr\u00e9nom*<br \/>\n<span class=\"wpcf7-form-control-wrap\" data-name=\"your-name\"><input size=\"40\" maxlength=\"400\" class=\"wpcf7-form-control wpcf7-text wpcf7-validates-as-required\" aria-required=\"true\" aria-invalid=\"false\" value=\"\" type=\"text\" name=\"your-name\" \/><\/span> <\/label>\n\t<\/p>\n<\/div>\n<div class=\"vc_col-sm-6 contact-field\">\n\t<p><label> Noms de famille*<br \/>\n<span class=\"wpcf7-form-control-wrap\" data-name=\"Surnames\"><input size=\"40\" maxlength=\"400\" class=\"wpcf7-form-control wpcf7-text wpcf7-validates-as-required\" aria-required=\"true\" aria-invalid=\"false\" value=\"\" type=\"text\" name=\"Surnames\" \/><\/span> <\/label>\n\t<\/p>\n<\/div>\n<div class=\"vc_col-sm-12 contact-field\">\n\t<p><label> E-mail*<br \/>\n<span class=\"wpcf7-form-control-wrap\" data-name=\"your-email\"><input size=\"40\" maxlength=\"400\" class=\"wpcf7-form-control wpcf7-email wpcf7-validates-as-required wpcf7-text wpcf7-validates-as-email\" aria-required=\"true\" aria-invalid=\"false\" value=\"\" type=\"email\" name=\"your-email\" \/><\/span> <\/label>\n\t<\/p>\n<\/div>\n<div class=\"vc_col-sm-12 contact-field\">\n\t<p><label> T\u00e9l\u00e9phone avec pr\u00e9fixe<br \/>\n<span class=\"wpcf7-form-control-wrap\" data-name=\"Telefono\"><input size=\"40\" maxlength=\"400\" class=\"wpcf7-form-control wpcf7-tel wpcf7-text wpcf7-validates-as-tel\" aria-invalid=\"false\" value=\"\" type=\"tel\" name=\"Telefono\" \/><\/span> <\/label>\n\t<\/p>\n<\/div>\n<div class=\"vc_col-sm-6 contact-field\">\n\t<p><label> Comment pouvons-nous vous aider?*<br \/>\n<span class=\"wpcf7-form-control-wrap\" data-name=\"Commentpouvons-nousvousaider\"><select class=\"wpcf7-form-control wpcf7-select wpcf7-validates-as-required\" aria-required=\"true\" aria-invalid=\"false\" name=\"Commentpouvons-nousvousaider\"><option value=\"\"><\/option><option value=\"Programme Grossesse\">Programme Grossesse<\/option><option value=\"Don d\u2019ovocytes\">Don d\u2019ovocytes<\/option><option value=\"F\u00e9condation In Vitro\">F\u00e9condation In Vitro<\/option><option value=\"Ins\u00e9mination artificielle\">Ins\u00e9mination artificielle<\/option><option value=\"M\u00e9thode ROPA\">M\u00e9thode ROPA<\/option><option value=\"Pr\u00e9servation de la fertilit\u00e9\">Pr\u00e9servation de la fertilit\u00e9<\/option><option value=\"Autres\">Autres<\/option><\/select><\/span><\/label>\n\t<\/p>\n<\/div>\n<div class=\"vc_col-sm-6 contact-field\">\n\t<p><label> Comment vous nous avez connus?*<br \/>\n<span class=\"wpcf7-form-control-wrap\" data-name=\"Commentvousnousavezconnus\"><select class=\"wpcf7-form-control wpcf7-select wpcf7-validates-as-required\" aria-required=\"true\" aria-invalid=\"false\" name=\"Commentvousnousavezconnus\"><option value=\"\"><\/option><option value=\"Internet-Publicit\u00e9\">Internet-Publicit\u00e9<\/option><option value=\"Un m\u00e9decin\">Un m\u00e9decin<\/option><option value=\"Un\/e ami\/e ou patient\/e\">Un\/e ami\/e ou patient\/e<\/option><option value=\"Une association\">Une association<\/option><\/select><\/span><\/label>\n\t<\/p>\n<\/div>\n<div class=\"vc_col-sm-12 contact-field\">\n\t<p><label> Demander une visite<br \/>\n<span class=\"wpcf7-form-control-wrap\" data-name=\"your-message\"><textarea cols=\"40\" rows=\"10\" maxlength=\"2000\" class=\"wpcf7-form-control wpcf7-textarea\" aria-invalid=\"false\" name=\"your-message\"><\/textarea><\/span> <\/label>\n\t<\/p>\n<\/div>\n<div class=\"vc_col-sm-6 contact-field legal\">\n\t<p><span class=\"wpcf7-form-control-wrap\" data-name=\"acceptance-645\"><span class=\"wpcf7-form-control wpcf7-acceptance\"><span class=\"wpcf7-list-item\"><label><input type=\"checkbox\" name=\"acceptance-645\" value=\"1\" id=\"condiciones\" aria-invalid=\"false\" \/><span class=\"wpcf7-list-item-label\">J'ai lu et accepte les <a href=\"\/fr\/aviso-legal\" rel=\"nofollow\">conditions l\u00e9gales<\/a>*<\/span><\/label><\/span><\/span><\/span>\n\t<\/p>\n<\/div>\n<div class=\"vc_col-sm-6 contact-field boton\">\n\t<p><input class=\"wpcf7-form-control wpcf7-submit has-spinner\" type=\"submit\" value=\"Envoyer\" \/>\n\t<\/p>\n<\/div>\n<div class=\"vc_col-sm-12 contact-field boton\">\n<div class=\"wpcf7-response-output\" aria-hidden=\"true\"><\/div>\n<\/div><p style=\"display: none !important;\" class=\"akismet-fields-container\" data-prefix=\"_wpcf7_ak_\"><label>&#916;<textarea name=\"_wpcf7_ak_hp_textarea\" cols=\"45\" rows=\"8\" maxlength=\"100\"><\/textarea><\/label><input type=\"hidden\" id=\"ak_js_1\" name=\"_wpcf7_ak_js\" value=\"178\"\/><script>document.getElementById( \"ak_js_1\" ).setAttribute( \"value\", ( new Date() ).getTime() );<\/script><\/p>\n<\/form>\n<\/div>\n[\/vc_column_inner][\/vc_row_inner][\/vc_column][\/mk_page_section]\n<\/div>","protected":false},"excerpt":{"rendered":"<p>[mk_page_section vertical_align=\u00a0\u00bbcenter\u00a0\u00bb bg_image=\u00a0\u00bbhttps:\/\/fertilab.com\/wp-content\/uploads\/2012\/09\/embryogen.jpg\u00a0\u00bb bg_position=\u00a0\u00bbcenter center\u00a0\u00bb bg_repeat=\u00a0\u00bbno-repeat\u00a0\u00bb bg_stretch=\u00a0\u00bbtrue\u00a0\u00bb bg_gradient=\u00a0\u00bbvertical\u00a0\u00bb video_color_mask=\u00a0\u00bb#145da8&Prime; gr_end=\u00a0\u00bbrgba(20,93,168,0.25)\u00a0\u00bb top_shadow=\u00a0\u00bbtrue\u00a0\u00bb min_height=\u00a0\u00bb530&Prime; full_width=\u00a0\u00bbtrue\u00a0\u00bb padding_top=\u00a0\u00bb0&Prime; padding_bottom=\u00a0\u00bb0&Prime; sidebar=\u00a0\u00bbsidebar-1&Prime;][vc_column][vc_row_inner is_fullwidth_content=\u00a0\u00bbfalse\u00a0\u00bb][vc_column_inner][mk_fancy_title tag_name=\u00a0\u00bbh1&Prime; color=\u00a0\u00bb#ffffff\u00a0\u00bb size=\u00a0\u00bb42&Prime; force_font_size=\u00a0\u00bbtrue\u00a0\u00bb size_smallscreen=\u00a0\u00bb38&Prime; size_tablet=\u00a0\u00bb36&Prime; size_phone=\u00a0\u00bb32&Prime; font_weight=\u00a0\u00bb300&Prime; txt_transform=\u00a0\u00bbnone\u00a0\u00bb margin_bottom=\u00a0\u00bb0&Prime; font_family=\u00a0\u00bbnone\u00a0\u00bb align=\u00a0\u00bbcenter\u00a0\u00bb el_class=\u00a0\u00bbtitleWidth\u00a0\u00bb]Don ovocytes Espagne[\/mk_fancy_title][\/vc_column_inner][\/vc_row_inner][\/vc_column][\/mk_page_section][vc_row css=\u00a0\u00bb.vc_custom_1552901880887{margin-top: 40px !important;margin-right: 0px !important;margin-bottom: 60px !important;margin-left: 0px !important;}\u00a0\u00bb][vc_column width=\u00a0\u00bb1\/6&Prime;][\/vc_column][vc_column width=\u00a0\u00bb4\/6&Prime;][vc_column_text align=\u00a0\u00bbcenter\u00a0\u00bb css=\u00a0\u00bb.vc_custom_1552909816574{margin-bottom: 0px !important;}\u00a0\u00bb]Notre clinique sp\u00e9cialis\u00e9e dans le don d\u2019ovules en Espagne [&hellip;]<\/p>\n","protected":false},"author":1,"featured_media":0,"parent":0,"menu_order":0,"comment_status":"closed","ping_status":"closed","template":"","meta":{"footnotes":""},"class_list":["post-8767","page","type-page","status-publish","hentry"],"yoast_head":"<!-- This site is optimized with the Yoast SEO plugin v27.4 - https:\/\/yoast.com\/product\/yoast-seo-wordpress\/ -->\n<title>Don ovocyte Espagne - Fertilab Barcelona<\/title>\n<meta name=\"description\" content=\"Notre clinique sp\u00e9cialis\u00e9e dans le don d&#039;ovules en Espagne est devenue le premier choix pour la garantie et la confiance, entrez maintenant!\" \/>\n<meta name=\"robots\" content=\"index, follow, max-snippet:-1, max-image-preview:large, max-video-preview:-1\" \/>\n<link rel=\"canonical\" href=\"https:\/\/fertilab.com\/fr\/don-ovocyte-espagne\/\" \/>\n<meta property=\"og:locale\" content=\"fr_FR\" \/>\n<meta property=\"og:type\" content=\"article\" \/>\n<meta property=\"og:title\" content=\"Don ovocyte Espagne - Fertilab Barcelona\" \/>\n<meta property=\"og:description\" content=\"Notre clinique sp\u00e9cialis\u00e9e dans le don d&#039;ovules en Espagne est devenue le premier choix pour la garantie et la confiance, entrez maintenant!\" \/>\n<meta property=\"og:url\" content=\"https:\/\/fertilab.com\/fr\/don-ovocyte-espagne\/\" \/>\n<meta property=\"og:site_name\" content=\"Fertilab Barcelona\" \/>\n<meta property=\"article:publisher\" content=\"https:\/\/www.facebook.com\/fertilabbarcelona\" \/>\n<meta property=\"article:modified_time\" content=\"2019-03-18T11:50:39+00:00\" \/>\n<meta property=\"og:image\" content=\"https:\/\/fertilab.com\/wp-content\/uploads\/2018\/06\/naturalivf-1024x336.jpg\" \/>\n<meta name=\"twitter:card\" content=\"summary_large_image\" \/>\n<meta name=\"twitter:label1\" content=\"Dur\u00e9e de lecture estim\u00e9e\" \/>\n\t<meta name=\"twitter:data1\" content=\"4 minutes\" \/>\n<script type=\"application\/ld+json\" class=\"yoast-schema-graph\">{\"@context\":\"https:\\\/\\\/schema.org\",\"@graph\":[{\"@type\":\"WebPage\",\"@id\":\"https:\\\/\\\/fertilab.com\\\/fr\\\/don-ovocyte-espagne\\\/\",\"url\":\"https:\\\/\\\/fertilab.com\\\/fr\\\/don-ovocyte-espagne\\\/\",\"name\":\"Don ovocyte Espagne - Fertilab Barcelona\",\"isPartOf\":{\"@id\":\"https:\\\/\\\/fertilab.com\\\/#website\"},\"primaryImageOfPage\":{\"@id\":\"https:\\\/\\\/fertilab.com\\\/fr\\\/don-ovocyte-espagne\\\/#primaryimage\"},\"image\":{\"@id\":\"https:\\\/\\\/fertilab.com\\\/fr\\\/don-ovocyte-espagne\\\/#primaryimage\"},\"thumbnailUrl\":\"https:\\\/\\\/fertilab.com\\\/wp-content\\\/uploads\\\/2018\\\/06\\\/naturalivf-1024x336.jpg\",\"datePublished\":\"2019-03-18T10:18:09+00:00\",\"dateModified\":\"2019-03-18T11:50:39+00:00\",\"description\":\"Notre clinique sp\u00e9cialis\u00e9e dans le don d'ovules en Espagne est devenue le premier choix pour la garantie et la confiance, entrez maintenant!\",\"breadcrumb\":{\"@id\":\"https:\\\/\\\/fertilab.com\\\/fr\\\/don-ovocyte-espagne\\\/#breadcrumb\"},\"inLanguage\":\"fr-FR\",\"potentialAction\":[{\"@type\":\"ReadAction\",\"target\":[\"https:\\\/\\\/fertilab.com\\\/fr\\\/don-ovocyte-espagne\\\/\"]}]},{\"@type\":\"ImageObject\",\"inLanguage\":\"fr-FR\",\"@id\":\"https:\\\/\\\/fertilab.com\\\/fr\\\/don-ovocyte-espagne\\\/#primaryimage\",\"url\":\"https:\\\/\\\/fertilab.com\\\/wp-content\\\/uploads\\\/2018\\\/06\\\/naturalivf-1024x336.jpg\",\"contentUrl\":\"https:\\\/\\\/fertilab.com\\\/wp-content\\\/uploads\\\/2018\\\/06\\\/naturalivf-1024x336.jpg\"},{\"@type\":\"BreadcrumbList\",\"@id\":\"https:\\\/\\\/fertilab.com\\\/fr\\\/don-ovocyte-espagne\\\/#breadcrumb\",\"itemListElement\":[{\"@type\":\"ListItem\",\"position\":1,\"name\":\"Home\",\"item\":\"https:\\\/\\\/fertilab.com\\\/fr\\\/\"},{\"@type\":\"ListItem\",\"position\":2,\"name\":\"Don ovocyte Espagne\"}]},{\"@type\":\"WebSite\",\"@id\":\"https:\\\/\\\/fertilab.com\\\/#website\",\"url\":\"https:\\\/\\\/fertilab.com\\\/\",\"name\":\"Fertilab Barcelona\",\"description\":\"Trabajamos para que pod\u00e1is sentir la emoci\u00f3n de ser padres\",\"publisher\":{\"@id\":\"https:\\\/\\\/fertilab.com\\\/#organization\"},\"potentialAction\":[{\"@type\":\"SearchAction\",\"target\":{\"@type\":\"EntryPoint\",\"urlTemplate\":\"https:\\\/\\\/fertilab.com\\\/?s={search_term_string}\"},\"query-input\":{\"@type\":\"PropertyValueSpecification\",\"valueRequired\":true,\"valueName\":\"search_term_string\"}}],\"inLanguage\":\"fr-FR\"},{\"@type\":\"Organization\",\"@id\":\"https:\\\/\\\/fertilab.com\\\/#organization\",\"name\":\"Fertilab Barcelona\",\"url\":\"https:\\\/\\\/fertilab.com\\\/\",\"logo\":{\"@type\":\"ImageObject\",\"inLanguage\":\"fr-FR\",\"@id\":\"https:\\\/\\\/fertilab.com\\\/#\\\/schema\\\/logo\\\/image\\\/\",\"url\":\"https:\\\/\\\/fertilab.com\\\/wp-content\\\/uploads\\\/2023\\\/10\\\/cropped-fertilab-logo-fav.png\",\"contentUrl\":\"https:\\\/\\\/fertilab.com\\\/wp-content\\\/uploads\\\/2023\\\/10\\\/cropped-fertilab-logo-fav.png\",\"width\":512,\"height\":512,\"caption\":\"Fertilab Barcelona\"},\"image\":{\"@id\":\"https:\\\/\\\/fertilab.com\\\/#\\\/schema\\\/logo\\\/image\\\/\"},\"sameAs\":[\"https:\\\/\\\/www.facebook.com\\\/fertilabbarcelona\",\"https:\\\/\\\/www.youtube.com\\\/user\\\/FertilabTV\"]}]}<\/script>\n<!-- \/ Yoast SEO plugin. -->","yoast_head_json":{"title":"Don ovocyte Espagne - Fertilab Barcelona","description":"Notre clinique sp\u00e9cialis\u00e9e dans le don d'ovules en Espagne est devenue le premier choix pour la garantie et la confiance, entrez maintenant!","robots":{"index":"index","follow":"follow","max-snippet":"max-snippet:-1","max-image-preview":"max-image-preview:large","max-video-preview":"max-video-preview:-1"},"canonical":"https:\/\/fertilab.com\/fr\/don-ovocyte-espagne\/","og_locale":"fr_FR","og_type":"article","og_title":"Don ovocyte Espagne - Fertilab Barcelona","og_description":"Notre clinique sp\u00e9cialis\u00e9e dans le don d'ovules en Espagne est devenue le premier choix pour la garantie et la confiance, entrez maintenant!","og_url":"https:\/\/fertilab.com\/fr\/don-ovocyte-espagne\/","og_site_name":"Fertilab Barcelona","article_publisher":"https:\/\/www.facebook.com\/fertilabbarcelona","article_modified_time":"2019-03-18T11:50:39+00:00","og_image":[{"url":"https:\/\/fertilab.com\/wp-content\/uploads\/2018\/06\/naturalivf-1024x336.jpg","type":"","width":"","height":""}],"twitter_card":"summary_large_image","twitter_misc":{"Dur\u00e9e de lecture estim\u00e9e":"4 minutes"},"schema":{"@context":"https:\/\/schema.org","@graph":[{"@type":"WebPage","@id":"https:\/\/fertilab.com\/fr\/don-ovocyte-espagne\/","url":"https:\/\/fertilab.com\/fr\/don-ovocyte-espagne\/","name":"Don ovocyte Espagne - Fertilab Barcelona","isPartOf":{"@id":"https:\/\/fertilab.com\/#website"},"primaryImageOfPage":{"@id":"https:\/\/fertilab.com\/fr\/don-ovocyte-espagne\/#primaryimage"},"image":{"@id":"https:\/\/fertilab.com\/fr\/don-ovocyte-espagne\/#primaryimage"},"thumbnailUrl":"https:\/\/fertilab.com\/wp-content\/uploads\/2018\/06\/naturalivf-1024x336.jpg","datePublished":"2019-03-18T10:18:09+00:00","dateModified":"2019-03-18T11:50:39+00:00","description":"Notre clinique sp\u00e9cialis\u00e9e dans le don d'ovules en Espagne est devenue le premier choix pour la garantie et la confiance, entrez maintenant!","breadcrumb":{"@id":"https:\/\/fertilab.com\/fr\/don-ovocyte-espagne\/#breadcrumb"},"inLanguage":"fr-FR","potentialAction":[{"@type":"ReadAction","target":["https:\/\/fertilab.com\/fr\/don-ovocyte-espagne\/"]}]},{"@type":"ImageObject","inLanguage":"fr-FR","@id":"https:\/\/fertilab.com\/fr\/don-ovocyte-espagne\/#primaryimage","url":"https:\/\/fertilab.com\/wp-content\/uploads\/2018\/06\/naturalivf-1024x336.jpg","contentUrl":"https:\/\/fertilab.com\/wp-content\/uploads\/2018\/06\/naturalivf-1024x336.jpg"},{"@type":"BreadcrumbList","@id":"https:\/\/fertilab.com\/fr\/don-ovocyte-espagne\/#breadcrumb","itemListElement":[{"@type":"ListItem","position":1,"name":"Home","item":"https:\/\/fertilab.com\/fr\/"},{"@type":"ListItem","position":2,"name":"Don ovocyte Espagne"}]},{"@type":"WebSite","@id":"https:\/\/fertilab.com\/#website","url":"https:\/\/fertilab.com\/","name":"Fertilab Barcelona","description":"Trabajamos para que pod\u00e1is sentir la emoci\u00f3n de ser padres","publisher":{"@id":"https:\/\/fertilab.com\/#organization"},"potentialAction":[{"@type":"SearchAction","target":{"@type":"EntryPoint","urlTemplate":"https:\/\/fertilab.com\/?s={search_term_string}"},"query-input":{"@type":"PropertyValueSpecification","valueRequired":true,"valueName":"search_term_string"}}],"inLanguage":"fr-FR"},{"@type":"Organization","@id":"https:\/\/fertilab.com\/#organization","name":"Fertilab Barcelona","url":"https:\/\/fertilab.com\/","logo":{"@type":"ImageObject","inLanguage":"fr-FR","@id":"https:\/\/fertilab.com\/#\/schema\/logo\/image\/","url":"https:\/\/fertilab.com\/wp-content\/uploads\/2023\/10\/cropped-fertilab-logo-fav.png","contentUrl":"https:\/\/fertilab.com\/wp-content\/uploads\/2023\/10\/cropped-fertilab-logo-fav.png","width":512,"height":512,"caption":"Fertilab Barcelona"},"image":{"@id":"https:\/\/fertilab.com\/#\/schema\/logo\/image\/"},"sameAs":["https:\/\/www.facebook.com\/fertilabbarcelona","https:\/\/www.youtube.com\/user\/FertilabTV"]}]}},"_links":{"self":[{"href":"https:\/\/fertilab.com\/fr\/wp-json\/wp\/v2\/pages\/8767","targetHints":{"allow":["GET"]}}],"collection":[{"href":"https:\/\/fertilab.com\/fr\/wp-json\/wp\/v2\/pages"}],"about":[{"href":"https:\/\/fertilab.com\/fr\/wp-json\/wp\/v2\/types\/page"}],"author":[{"embeddable":true,"href":"https:\/\/fertilab.com\/fr\/wp-json\/wp\/v2\/users\/1"}],"replies":[{"embeddable":true,"href":"https:\/\/fertilab.com\/fr\/wp-json\/wp\/v2\/comments?post=8767"}],"version-history":[{"count":0,"href":"https:\/\/fertilab.com\/fr\/wp-json\/wp\/v2\/pages\/8767\/revisions"}],"wp:attachment":[{"href":"https:\/\/fertilab.com\/fr\/wp-json\/wp\/v2\/media?parent=8767"}],"curies":[{"name":"wp","href":"https:\/\/api.w.org\/{rel}","templated":true}]}}