{"id":8812,"date":"2019-03-18T11:23:55","date_gmt":"2019-03-18T11:23:55","guid":{"rendered":"https:\/\/fertilab.com\/?page_id=8812"},"modified":"2024-12-03T15:12:57","modified_gmt":"2024-12-03T14:12:57","slug":"tarif-fiv-espagne","status":"publish","type":"page","link":"https:\/\/fertilab.com\/fr\/tarif-fiv-espagne\/","title":{"rendered":"Tarif FIV Espagne"},"content":{"rendered":"<div class=\"wpb-content-wrapper\">[mk_page_section vertical_align=\u00a0\u00bbcenter\u00a0\u00bb bg_image=\u00a0\u00bbhttps:\/\/fertilab.com\/wp-content\/uploads\/2018\/06\/fertilab-img-banner-embryoadoption.png\u00a0\u00bb bg_position=\u00a0\u00bbcenter center\u00a0\u00bb bg_repeat=\u00a0\u00bbno-repeat\u00a0\u00bb bg_stretch=\u00a0\u00bbtrue\u00a0\u00bb bg_gradient=\u00a0\u00bbvertical\u00a0\u00bb video_color_mask=\u00a0\u00bb#145da8&Prime; gr_end=\u00a0\u00bbrgba(20,93,168,0.25)\u00a0\u00bb top_shadow=\u00a0\u00bbtrue\u00a0\u00bb min_height=\u00a0\u00bb530&Prime; full_width=\u00a0\u00bbtrue\u00a0\u00bb padding_top=\u00a0\u00bb0&Prime; padding_bottom=\u00a0\u00bb0&Prime; sidebar=\u00a0\u00bbsidebar-1&Prime;][vc_column][vc_row_inner is_fullwidth_content=\u00a0\u00bbfalse\u00a0\u00bb][vc_column_inner][mk_fancy_title tag_name=\u00a0\u00bbh1&Prime; color=\u00a0\u00bb#ffffff\u00a0\u00bb size=\u00a0\u00bb42&Prime; force_font_size=\u00a0\u00bbtrue\u00a0\u00bb size_smallscreen=\u00a0\u00bb38&Prime; size_tablet=\u00a0\u00bb36&Prime; size_phone=\u00a0\u00bb32&Prime; font_weight=\u00a0\u00bb300&Prime; txt_transform=\u00a0\u00bbnone\u00a0\u00bb margin_bottom=\u00a0\u00bb0&Prime; font_family=\u00a0\u00bbnone\u00a0\u00bb align=\u00a0\u00bbcenter\u00a0\u00bb el_class=\u00a0\u00bbtitleWidth\u00a0\u00bb]Tarif FIV Espagne[\/mk_fancy_title][\/vc_column_inner][\/vc_row_inner][\/vc_column][\/mk_page_section][vc_row css=\u00a0\u00bb.vc_custom_1552901880887{margin-top: 40px !important;margin-right: 0px !important;margin-bottom: 60px !important;margin-left: 0px !important;}\u00a0\u00bb][vc_column width=\u00a0\u00bb1\/6&Prime;][\/vc_column][vc_column width=\u00a0\u00bb4\/6&Prime;][vc_column_text align=\u00a0\u00bbcenter\u00a0\u00bb css=\u00a0\u00bb.vc_custom_1552911275816{margin-bottom: 0px !important;}\u00a0\u00bb]Dans notre clinique, vous rencontrerez une \u00e9quipe de sp\u00e9cialistes avec une vaste exp\u00e9rience et un <strong>tarif raisonnable pour la f\u00e9condation in vitro en Espagn<\/strong>e. Nous nous occuperons de votre demande de mani\u00e8re personnalis\u00e9e et attentive. Nous savons qu\u2019il n\u2019est pas facile d\u2019avoir un enfant et c\u2019est pourquoi nous souhaitons \u00eatre l\u00e0 pour vous aider \u00e0 y arriver. Nous garantissons les meilleurs r\u00e9sultats avec moins de tentatives.<\/p>\n<p>Nous occupons une place de choix parmi les cliniques de <a title=\"FIV Barcelone prix\" href=\"https:\/\/fertilab.com\/fr\/\">f\u00e9condation in vitro de Barcelone \u00e0 un prix<\/a> \u00e9conomique pour plusieurs raisons. La personnalisation des soins m\u00e9dicaux \u00e9tant l\u2019une des raisons les plus importantes et parmi les plus appr\u00e9ci\u00e9es par nos patients. Bien diagnostiquer un patient en plus d\u2019un traitement personnalis\u00e9 sont deux \u00e9l\u00e9ments cl\u00e9s pour que le traitement soit un succ\u00e8s. Il est essentiel que les personnes qui viennent \u00e0 notre clinique se sentent dans un environnement confortable et entre les meilleures mains. Nous travaillons, dans ce sens, jour apr\u00e8s jour.<\/p>\n<p><img fetchpriority=\"high\" decoding=\"async\" class=\"aligncenter size-large wp-image-4172\" title=\"Tarif FIV Espagne\" src=\"https:\/\/fertilab.com\/wp-content\/uploads\/2019\/02\/video-fertilab-web_000-1024x578.jpg\" alt=\"tarif fiv espagne\" width=\"1024\" height=\"578\" srcset=\"https:\/\/fertilab.com\/wp-content\/uploads\/2019\/02\/video-fertilab-web_000-1024x578.jpg 1024w, https:\/\/fertilab.com\/wp-content\/uploads\/2019\/02\/video-fertilab-web_000-300x169.jpg 300w, https:\/\/fertilab.com\/wp-content\/uploads\/2019\/02\/video-fertilab-web_000-768x433.jpg 768w, https:\/\/fertilab.com\/wp-content\/uploads\/2019\/02\/video-fertilab-web_000.jpg 1450w\" sizes=\"(max-width: 1024px) 100vw, 1024px\" \/><\/p>\n<h2>Un tarif \u00e9conomique pour la f\u00e9condation in vitro en Espagne<\/h2>\n<p>Des personnes se rendent \u00e0 notre centre \u00e0 la recherche de <a title=\"Don d'ovocyte Belgique\" href=\"https:\/\/fertilab.com\/fr\/don-d-ovocyte-belgique\/\">dons d\u2019ovules en provenance de Belgique<\/a> et d\u2019autres pays, parce qu\u2019elles savent que nous avons un taux de r\u00e9ussite sup\u00e9rieur \u00e0 la moyenne nationale. Nous avons atteint 75\u00a0% de taux de grossesse avec transfert de blastocystes en une seule tentative.<\/p>\n<p>Pour la f\u00e9condation in vitro et autres sp\u00e9cialit\u00e9s, nous utilisons les derni\u00e8res technologies et les techniques les plus avanc\u00e9es dans le domaine de la reproduction assist\u00e9e. Nous mettons toute notre exp\u00e9rience professionnelle et notre technologie de pointe au service de chaque patient nous offrant sa confiance. Le fait que nous soyons pionniers dans l\u2019impl\u00e9mentation d\u2019Embryoscope+ \u00e0 Barcelone, le meilleur incubateur au monde, est un bon exemple de notre esprit constant d\u2019innovation. En plus du meilleur <strong>prix de f\u00e9condation in vitro en Espagne<\/strong>, nous disposons de notre propre banque de sperme et d\u2019ovules pour pouvoir contr\u00f4ler l\u2019ensemble du processus de traitement avec les donneurs et garantir toujours les meilleurs r\u00e9sultats. 9\u00a0patients sur 10 r\u00e9alisent leur r\u00eave chez Fertilab Barcelona.[\/vc_column_text][\/vc_column][vc_column width=\u00a0\u00bb1\/6&Prime;][\/vc_column][\/vc_row][mk_page_section vertical_align=\u00a0\u00bbcenter\u00a0\u00bb bg_image=\u00a0\u00bbhttps:\/\/fertilab.com\/wp-content\/uploads\/2018\/06\/img_banner_contacto.jpg\u00a0\u00bb bg_position=\u00a0\u00bbcenter center\u00a0\u00bb bg_repeat=\u00a0\u00bbno-repeat\u00a0\u00bb bg_stretch=\u00a0\u00bbtrue\u00a0\u00bb min_height=\u00a0\u00bb700&Prime; js_vertical_centered=\u00a0\u00bbtrue\u00a0\u00bb padding_top=\u00a0\u00bb100&Prime; padding_bottom=\u00a0\u00bb0&Prime; section_id=\u00a0\u00bbsection-form-contact\u00a0\u00bb el_class=\u00a0\u00bbintro-contacto\u00a0\u00bb sidebar=\u00a0\u00bbsidebar-1&Prime;][vc_column][vc_row_inner is_fullwidth_content=\u00a0\u00bbfalse\u00a0\u00bb][vc_column_inner width=\u00a0\u00bb3\/12&Prime;][mk_fancy_title color=\u00a0\u00bb#4fb6e1&Prime; size=\u00a0\u00bb18&Prime; font_weight=\u00a0\u00bbbold\u00a0\u00bb txt_transform=\u00a0\u00bbuppercase\u00a0\u00bb margin_bottom=\u00a0\u00bb0&Prime; font_family=\u00a0\u00bbnone\u00a0\u00bb]CLINIQUE[\/mk_fancy_title][vc_column_text el_class=\u00a0\u00bbcontact-adress\u00a0\u00bb css=\u00a0\u00bb.vc_custom_1733235160225{margin-bottom: 0px !important;}\u00a0\u00bb]Ronda General Mitre, 14<br \/>\n08017 Barcelona[\/vc_column_text][vc_column_text el_class=\u00a0\u00bbcontact-phone\u00a0\u00bb css=\u00a0\u00bb.vc_custom_1552902918010{margin-bottom: 0px !important;}\u00a0\u00bb](+34) <a href=\"tel:637033136\">637 033 136<\/a>[\/vc_column_text][vc_column_text el_class=\u00a0\u00bbcontact-mail\u00a0\u00bb css=\u00a0\u00bb.vc_custom_1552902926390{margin-bottom: 0px !important;}\u00a0\u00bb]<a href=\"mailto:info@fertilab.org\">info@fertilab.org<\/a>[\/vc_column_text][\/vc_column_inner][vc_column_inner width=\u00a0\u00bb3\/12&Prime;][mk_fancy_title color=\u00a0\u00bb#4fb6e1&Prime; size=\u00a0\u00bb18&Prime; font_weight=\u00a0\u00bbbold\u00a0\u00bb txt_transform=\u00a0\u00bbuppercase\u00a0\u00bb margin_bottom=\u00a0\u00bb0&Prime; font_family=\u00a0\u00bbnone\u00a0\u00bb]LABORATOIRE[\/mk_fancy_title][vc_column_text el_class=\u00a0\u00bbcontact-adress\u00a0\u00bb css=\u00a0\u00bb.vc_custom_1533804828793{margin-bottom: 0px !important;}\u00a0\u00bb]Via Augusta, 249 (entrance from Alt de Gironella. 58) 08017 Barcelona[\/vc_column_text][vc_column_text el_class=\u00a0\u00bbcontact-phone\u00a0\u00bb css=\u00a0\u00bb.vc_custom_1552902895850{margin-bottom: 0px !important;}\u00a0\u00bb](+34) <a href=\"tel:938874640\">93 887 46 40<\/a>[\/vc_column_text][vc_column_text el_class=\u00a0\u00bbcontact-mail\u00a0\u00bb css=\u00a0\u00bb.vc_custom_1552902903791{margin-bottom: 0px !important;}\u00a0\u00bb]<a href=\"mailto:info@fertilab.org\">info@fertilab.org<\/a>[\/vc_column_text][\/vc_column_inner][vc_column_inner el_class=\u00a0\u00bbcontact-form-layer\u00a0\u00bb width=\u00a0\u00bb6\/12&Prime;][mk_fancy_title color=\u00a0\u00bb#ffffff\u00a0\u00bb size=\u00a0\u00bb18&Prime; font_weight=\u00a0\u00bbbold\u00a0\u00bb txt_transform=\u00a0\u00bbuppercase\u00a0\u00bb margin_bottom=\u00a0\u00bb0&Prime; font_family=\u00a0\u00bbnone\u00a0\u00bb]DEMANDEZ UN RENDEZ-VOUS EN REMPLISSANT LE FORMULAIRE. NOUS VOUS CONTACTERONS D\u00c8S QUE POSSIBLE\u2026[\/mk_fancy_title][vc_raw_html css=\u00a0\u00bb\u00a0\u00bb]JTNDc2NyaXB0JTIwY2hhcnNldCUzRCUyMnV0Zi04JTIyJTIwdHlwZSUzRCUyMnRleHQlMkZqYXZhc2NyaXB0JTIyJTIwc3JjJTNEJTIyJTJGJTJGanMtZXUxLmhzZm9ybXMubmV0JTJGZm9ybXMlMkZlbWJlZCUyRnYyLmpzJTIyJTNFJTNDJTJGc2NyaXB0JTNFJTBBJTBBJTNDc2NyaXB0JTNFJTBBJTBBJTIwJTIwaGJzcHQuZm9ybXMuY3JlYXRlJTI4JTdCJTBBJTBBJTIwJTIwJTIwJTIwcG9ydGFsSWQlM0ElMjAlMjIyNTM1MjU2OSUyMiUyQyUwQSUwQSUyMCUyMCUyMCUyMGZvcm1JZCUzQSUyMCUyMjUxMzQ3OWQxLTZkZTAtNDQ1My1iNzZkLWY2OTBlYTg2ZTlkOCUyMiUwQSUwQSUyMCUyMCU3RCUyOSUzQiUwQSUwQSUzQyUyRnNjcmlwdCUzRQ==[\/vc_raw_html][\/vc_column_inner][\/vc_row_inner][\/vc_column][\/mk_page_section]\n<\/div>","protected":false},"excerpt":{"rendered":"<p>[mk_page_section vertical_align=\u00a0\u00bbcenter\u00a0\u00bb bg_image=\u00a0\u00bbhttps:\/\/fertilab.com\/wp-content\/uploads\/2018\/06\/fertilab-img-banner-embryoadoption.png\u00a0\u00bb bg_position=\u00a0\u00bbcenter center\u00a0\u00bb bg_repeat=\u00a0\u00bbno-repeat\u00a0\u00bb bg_stretch=\u00a0\u00bbtrue\u00a0\u00bb bg_gradient=\u00a0\u00bbvertical\u00a0\u00bb video_color_mask=\u00a0\u00bb#145da8&Prime; gr_end=\u00a0\u00bbrgba(20,93,168,0.25)\u00a0\u00bb top_shadow=\u00a0\u00bbtrue\u00a0\u00bb min_height=\u00a0\u00bb530&Prime; full_width=\u00a0\u00bbtrue\u00a0\u00bb padding_top=\u00a0\u00bb0&Prime; padding_bottom=\u00a0\u00bb0&Prime; sidebar=\u00a0\u00bbsidebar-1&Prime;][vc_column][vc_row_inner is_fullwidth_content=\u00a0\u00bbfalse\u00a0\u00bb][vc_column_inner][mk_fancy_title tag_name=\u00a0\u00bbh1&Prime; color=\u00a0\u00bb#ffffff\u00a0\u00bb size=\u00a0\u00bb42&Prime; force_font_size=\u00a0\u00bbtrue\u00a0\u00bb size_smallscreen=\u00a0\u00bb38&Prime; size_tablet=\u00a0\u00bb36&Prime; size_phone=\u00a0\u00bb32&Prime; font_weight=\u00a0\u00bb300&Prime; txt_transform=\u00a0\u00bbnone\u00a0\u00bb margin_bottom=\u00a0\u00bb0&Prime; font_family=\u00a0\u00bbnone\u00a0\u00bb align=\u00a0\u00bbcenter\u00a0\u00bb el_class=\u00a0\u00bbtitleWidth\u00a0\u00bb]Tarif FIV Espagne[\/mk_fancy_title][\/vc_column_inner][\/vc_row_inner][\/vc_column][\/mk_page_section][vc_row css=\u00a0\u00bb.vc_custom_1552901880887{margin-top: 40px !important;margin-right: 0px !important;margin-bottom: 60px !important;margin-left: 0px !important;}\u00a0\u00bb][vc_column width=\u00a0\u00bb1\/6&Prime;][\/vc_column][vc_column width=\u00a0\u00bb4\/6&Prime;][vc_column_text align=\u00a0\u00bbcenter\u00a0\u00bb css=\u00a0\u00bb.vc_custom_1552911275816{margin-bottom: 0px !important;}\u00a0\u00bb]Dans notre clinique, vous rencontrerez une \u00e9quipe de sp\u00e9cialistes [&hellip;]<\/p>\n","protected":false},"author":1,"featured_media":0,"parent":0,"menu_order":0,"comment_status":"closed","ping_status":"closed","template":"","meta":{"footnotes":""},"class_list":["post-8812","page","type-page","status-publish","hentry"],"yoast_head":"<!-- This site is optimized with the Yoast SEO plugin v27.4 - https:\/\/yoast.com\/product\/yoast-seo-wordpress\/ -->\n<title>Tarif raisonnable pour la f\u00e9condation in vitro Espagne FIV<\/title>\n<meta name=\"description\" content=\"Chez fertilav, nous avons une grande exp\u00e9rience en mati\u00e8re de f\u00e9condation in vitro en Espagne, \u00e0 un prix raisonnable. Entrez!\" \/>\n<meta name=\"robots\" content=\"index, follow, max-snippet:-1, max-image-preview:large, max-video-preview:-1\" \/>\n<link rel=\"canonical\" href=\"https:\/\/fertilab.com\/fr\/tarif-fiv-espagne\/\" \/>\n<meta property=\"og:locale\" content=\"fr_FR\" \/>\n<meta property=\"og:type\" content=\"article\" \/>\n<meta property=\"og:title\" content=\"Tarif raisonnable pour la f\u00e9condation in vitro Espagne FIV\" \/>\n<meta property=\"og:description\" content=\"Chez fertilav, nous avons une grande exp\u00e9rience en mati\u00e8re de f\u00e9condation in vitro en Espagne, \u00e0 un prix raisonnable. Entrez!\" \/>\n<meta property=\"og:url\" content=\"https:\/\/fertilab.com\/fr\/tarif-fiv-espagne\/\" \/>\n<meta property=\"og:site_name\" content=\"Fertilab Barcelona\" \/>\n<meta property=\"article:publisher\" content=\"https:\/\/www.facebook.com\/fertilabbarcelona\" \/>\n<meta property=\"article:modified_time\" content=\"2024-12-03T14:12:57+00:00\" \/>\n<meta property=\"og:image\" content=\"https:\/\/fertilab.com\/wp-content\/uploads\/2019\/02\/video-fertilab-web_000.jpg\" \/>\n\t<meta property=\"og:image:width\" content=\"1450\" \/>\n\t<meta property=\"og:image:height\" content=\"818\" \/>\n\t<meta property=\"og:image:type\" content=\"image\/jpeg\" \/>\n<meta name=\"twitter:card\" content=\"summary_large_image\" \/>\n<meta name=\"twitter:label1\" content=\"Dur\u00e9e de lecture estim\u00e9e\" \/>\n\t<meta name=\"twitter:data1\" content=\"3 minutes\" \/>\n<script type=\"application\/ld+json\" class=\"yoast-schema-graph\">{\"@context\":\"https:\\\/\\\/schema.org\",\"@graph\":[{\"@type\":\"WebPage\",\"@id\":\"https:\\\/\\\/fertilab.com\\\/fr\\\/tarif-fiv-espagne\\\/\",\"url\":\"https:\\\/\\\/fertilab.com\\\/fr\\\/tarif-fiv-espagne\\\/\",\"name\":\"Tarif raisonnable pour la f\u00e9condation in vitro Espagne FIV\",\"isPartOf\":{\"@id\":\"https:\\\/\\\/fertilab.com\\\/#website\"},\"primaryImageOfPage\":{\"@id\":\"https:\\\/\\\/fertilab.com\\\/fr\\\/tarif-fiv-espagne\\\/#primaryimage\"},\"image\":{\"@id\":\"https:\\\/\\\/fertilab.com\\\/fr\\\/tarif-fiv-espagne\\\/#primaryimage\"},\"thumbnailUrl\":\"https:\\\/\\\/fertilab.com\\\/wp-content\\\/uploads\\\/2019\\\/02\\\/video-fertilab-web_000-1024x578.jpg\",\"datePublished\":\"2019-03-18T11:23:55+00:00\",\"dateModified\":\"2024-12-03T14:12:57+00:00\",\"description\":\"Chez fertilav, nous avons une grande exp\u00e9rience en mati\u00e8re de f\u00e9condation in vitro en Espagne, \u00e0 un prix raisonnable. Entrez!\",\"breadcrumb\":{\"@id\":\"https:\\\/\\\/fertilab.com\\\/fr\\\/tarif-fiv-espagne\\\/#breadcrumb\"},\"inLanguage\":\"fr-FR\",\"potentialAction\":[{\"@type\":\"ReadAction\",\"target\":[\"https:\\\/\\\/fertilab.com\\\/fr\\\/tarif-fiv-espagne\\\/\"]}]},{\"@type\":\"ImageObject\",\"inLanguage\":\"fr-FR\",\"@id\":\"https:\\\/\\\/fertilab.com\\\/fr\\\/tarif-fiv-espagne\\\/#primaryimage\",\"url\":\"https:\\\/\\\/fertilab.com\\\/wp-content\\\/uploads\\\/2019\\\/02\\\/video-fertilab-web_000-1024x578.jpg\",\"contentUrl\":\"https:\\\/\\\/fertilab.com\\\/wp-content\\\/uploads\\\/2019\\\/02\\\/video-fertilab-web_000-1024x578.jpg\"},{\"@type\":\"BreadcrumbList\",\"@id\":\"https:\\\/\\\/fertilab.com\\\/fr\\\/tarif-fiv-espagne\\\/#breadcrumb\",\"itemListElement\":[{\"@type\":\"ListItem\",\"position\":1,\"name\":\"Home\",\"item\":\"https:\\\/\\\/fertilab.com\\\/fr\\\/\"},{\"@type\":\"ListItem\",\"position\":2,\"name\":\"Tarif FIV Espagne\"}]},{\"@type\":\"WebSite\",\"@id\":\"https:\\\/\\\/fertilab.com\\\/#website\",\"url\":\"https:\\\/\\\/fertilab.com\\\/\",\"name\":\"Fertilab Barcelona\",\"description\":\"Trabajamos para que pod\u00e1is sentir la emoci\u00f3n de ser padres\",\"publisher\":{\"@id\":\"https:\\\/\\\/fertilab.com\\\/#organization\"},\"potentialAction\":[{\"@type\":\"SearchAction\",\"target\":{\"@type\":\"EntryPoint\",\"urlTemplate\":\"https:\\\/\\\/fertilab.com\\\/?s={search_term_string}\"},\"query-input\":{\"@type\":\"PropertyValueSpecification\",\"valueRequired\":true,\"valueName\":\"search_term_string\"}}],\"inLanguage\":\"fr-FR\"},{\"@type\":\"Organization\",\"@id\":\"https:\\\/\\\/fertilab.com\\\/#organization\",\"name\":\"Fertilab Barcelona\",\"url\":\"https:\\\/\\\/fertilab.com\\\/\",\"logo\":{\"@type\":\"ImageObject\",\"inLanguage\":\"fr-FR\",\"@id\":\"https:\\\/\\\/fertilab.com\\\/#\\\/schema\\\/logo\\\/image\\\/\",\"url\":\"https:\\\/\\\/fertilab.com\\\/wp-content\\\/uploads\\\/2023\\\/10\\\/cropped-fertilab-logo-fav.png\",\"contentUrl\":\"https:\\\/\\\/fertilab.com\\\/wp-content\\\/uploads\\\/2023\\\/10\\\/cropped-fertilab-logo-fav.png\",\"width\":512,\"height\":512,\"caption\":\"Fertilab Barcelona\"},\"image\":{\"@id\":\"https:\\\/\\\/fertilab.com\\\/#\\\/schema\\\/logo\\\/image\\\/\"},\"sameAs\":[\"https:\\\/\\\/www.facebook.com\\\/fertilabbarcelona\",\"https:\\\/\\\/www.youtube.com\\\/user\\\/FertilabTV\"]}]}<\/script>\n<!-- \/ Yoast SEO plugin. -->","yoast_head_json":{"title":"Tarif raisonnable pour la f\u00e9condation in vitro Espagne FIV","description":"Chez fertilav, nous avons une grande exp\u00e9rience en mati\u00e8re de f\u00e9condation in vitro en Espagne, \u00e0 un prix raisonnable. Entrez!","robots":{"index":"index","follow":"follow","max-snippet":"max-snippet:-1","max-image-preview":"max-image-preview:large","max-video-preview":"max-video-preview:-1"},"canonical":"https:\/\/fertilab.com\/fr\/tarif-fiv-espagne\/","og_locale":"fr_FR","og_type":"article","og_title":"Tarif raisonnable pour la f\u00e9condation in vitro Espagne FIV","og_description":"Chez fertilav, nous avons une grande exp\u00e9rience en mati\u00e8re de f\u00e9condation in vitro en Espagne, \u00e0 un prix raisonnable. Entrez!","og_url":"https:\/\/fertilab.com\/fr\/tarif-fiv-espagne\/","og_site_name":"Fertilab Barcelona","article_publisher":"https:\/\/www.facebook.com\/fertilabbarcelona","article_modified_time":"2024-12-03T14:12:57+00:00","og_image":[{"width":1450,"height":818,"url":"https:\/\/fertilab.com\/wp-content\/uploads\/2019\/02\/video-fertilab-web_000.jpg","type":"image\/jpeg"}],"twitter_card":"summary_large_image","twitter_misc":{"Dur\u00e9e de lecture estim\u00e9e":"3 minutes"},"schema":{"@context":"https:\/\/schema.org","@graph":[{"@type":"WebPage","@id":"https:\/\/fertilab.com\/fr\/tarif-fiv-espagne\/","url":"https:\/\/fertilab.com\/fr\/tarif-fiv-espagne\/","name":"Tarif raisonnable pour la f\u00e9condation in vitro Espagne FIV","isPartOf":{"@id":"https:\/\/fertilab.com\/#website"},"primaryImageOfPage":{"@id":"https:\/\/fertilab.com\/fr\/tarif-fiv-espagne\/#primaryimage"},"image":{"@id":"https:\/\/fertilab.com\/fr\/tarif-fiv-espagne\/#primaryimage"},"thumbnailUrl":"https:\/\/fertilab.com\/wp-content\/uploads\/2019\/02\/video-fertilab-web_000-1024x578.jpg","datePublished":"2019-03-18T11:23:55+00:00","dateModified":"2024-12-03T14:12:57+00:00","description":"Chez fertilav, nous avons une grande exp\u00e9rience en mati\u00e8re de f\u00e9condation in vitro en Espagne, \u00e0 un prix raisonnable. Entrez!","breadcrumb":{"@id":"https:\/\/fertilab.com\/fr\/tarif-fiv-espagne\/#breadcrumb"},"inLanguage":"fr-FR","potentialAction":[{"@type":"ReadAction","target":["https:\/\/fertilab.com\/fr\/tarif-fiv-espagne\/"]}]},{"@type":"ImageObject","inLanguage":"fr-FR","@id":"https:\/\/fertilab.com\/fr\/tarif-fiv-espagne\/#primaryimage","url":"https:\/\/fertilab.com\/wp-content\/uploads\/2019\/02\/video-fertilab-web_000-1024x578.jpg","contentUrl":"https:\/\/fertilab.com\/wp-content\/uploads\/2019\/02\/video-fertilab-web_000-1024x578.jpg"},{"@type":"BreadcrumbList","@id":"https:\/\/fertilab.com\/fr\/tarif-fiv-espagne\/#breadcrumb","itemListElement":[{"@type":"ListItem","position":1,"name":"Home","item":"https:\/\/fertilab.com\/fr\/"},{"@type":"ListItem","position":2,"name":"Tarif FIV Espagne"}]},{"@type":"WebSite","@id":"https:\/\/fertilab.com\/#website","url":"https:\/\/fertilab.com\/","name":"Fertilab Barcelona","description":"Trabajamos para que pod\u00e1is sentir la emoci\u00f3n de ser padres","publisher":{"@id":"https:\/\/fertilab.com\/#organization"},"potentialAction":[{"@type":"SearchAction","target":{"@type":"EntryPoint","urlTemplate":"https:\/\/fertilab.com\/?s={search_term_string}"},"query-input":{"@type":"PropertyValueSpecification","valueRequired":true,"valueName":"search_term_string"}}],"inLanguage":"fr-FR"},{"@type":"Organization","@id":"https:\/\/fertilab.com\/#organization","name":"Fertilab Barcelona","url":"https:\/\/fertilab.com\/","logo":{"@type":"ImageObject","inLanguage":"fr-FR","@id":"https:\/\/fertilab.com\/#\/schema\/logo\/image\/","url":"https:\/\/fertilab.com\/wp-content\/uploads\/2023\/10\/cropped-fertilab-logo-fav.png","contentUrl":"https:\/\/fertilab.com\/wp-content\/uploads\/2023\/10\/cropped-fertilab-logo-fav.png","width":512,"height":512,"caption":"Fertilab Barcelona"},"image":{"@id":"https:\/\/fertilab.com\/#\/schema\/logo\/image\/"},"sameAs":["https:\/\/www.facebook.com\/fertilabbarcelona","https:\/\/www.youtube.com\/user\/FertilabTV"]}]}},"_links":{"self":[{"href":"https:\/\/fertilab.com\/fr\/wp-json\/wp\/v2\/pages\/8812","targetHints":{"allow":["GET"]}}],"collection":[{"href":"https:\/\/fertilab.com\/fr\/wp-json\/wp\/v2\/pages"}],"about":[{"href":"https:\/\/fertilab.com\/fr\/wp-json\/wp\/v2\/types\/page"}],"author":[{"embeddable":true,"href":"https:\/\/fertilab.com\/fr\/wp-json\/wp\/v2\/users\/1"}],"replies":[{"embeddable":true,"href":"https:\/\/fertilab.com\/fr\/wp-json\/wp\/v2\/comments?post=8812"}],"version-history":[{"count":0,"href":"https:\/\/fertilab.com\/fr\/wp-json\/wp\/v2\/pages\/8812\/revisions"}],"wp:attachment":[{"href":"https:\/\/fertilab.com\/fr\/wp-json\/wp\/v2\/media?parent=8812"}],"curies":[{"name":"wp","href":"https:\/\/api.w.org\/{rel}","templated":true}]}}